{"id":2383,"date":"2013-02-27T21:04:29","date_gmt":"2013-02-28T01:04:29","guid":{"rendered":"http:\/\/www.conservationcouncil.ca\/?page_id=2383"},"modified":"2020-12-02T13:51:43","modified_gmt":"2020-12-02T17:51:43","slug":"joignez-vous-a-ccnb-action","status":"publish","type":"page","link":"https:\/\/www.conservationcouncil.ca\/fr\/joignez-vous-a-ccnb-action\/","title":{"rendered":"Devenez membre du Conseil de conservation aujourd\u2019hui m\u00eame!"},"content":{"rendered":"<p>[vc_row][vc_column][vc_single_image image=\u00a0\u00bb159860&Prime; img_size=\u00a0\u00bbfull\u00a0\u00bb][\/vc_column][\/vc_row][vc_row][vc_column][vc_column_text]<strong>En devenant membre du Conseil de conservation, vous nous aidez \u00e0 amplifier notre appel \u00e0 la conservation environnementale du Nouveau-Brunswick.<\/strong> \u00c0 titre de membre, vous recevrez notre <a href=\"https:\/\/www.conservationcouncil.ca\/publications\/ecoalert-newsletter\/\">magazine \u00c9coAlerte<\/a> et demeurerez ainsi au courant d\u2019enjeux et d\u2019\u00e9v\u00e9nements qui affectent notre environnement et nos collectivit\u00e9s.<\/p>\n<p>Plus important encore : lorsque vous devenez membre du CCNB, vous vous joignez \u00e0 un groupe de personnes qui r\u00e9alisent un changement positif r\u00e9el au Nouveau-Brunswick. Comme nous sommes un organisme sans but lucratif enregistr\u00e9, nous comptons sur le soutien de nos membres pour demeurer la principale voix ind\u00e9pendante de la province afin de promouvoir des solutions pratiques aux probl\u00e8mes environnementaux du Nouveau-Brunswick.<\/p>\n<p>Au fil des ans, le Conseil de conservation a transform\u00e9 le soutien de ses membres en r\u00e9sultats tangibles capables d\u2019am\u00e9liorer la vie des N\u00e9o-Brunswickois. Voici quelques faits saillants : nous avons effectivement exhort\u00e9 \u00e0 l\u2019\u00e9tablissement du minist\u00e8re de l\u2019Environnement sous le gouvernement du premier ministre Richard Hatfield; nous avons plaid\u00e9 en faveur et particip\u00e9 \u00e0 l\u2019\u00e9laboration de la <em>Loi sur l&rsquo;assainissement de l&rsquo;eau<\/em> du N.-B.; nous sommes \u00e0 l\u2019origine du Plan d\u2019action pour le climat des premiers ministres de l&rsquo;Est du Canada et du gouverneur de la Nouvelle-Angleterre, qui est le premier plan de ce genre en Am\u00e9rique du Nord; nous avons pr\u00e9conis\u00e9, avec succ\u00e8s, le nettoyage de la rivi\u00e8re Saint-Jean et du port de la ville, et nous avons lanc\u00e9 le mouvement en faveur de la protection de l\u2019eau potable contre la pratique de la fracturation hydraulique. <a href=\"https:\/\/www.conservationcouncil.ca\/fr\/a-propos-de-nous\/realisations\/\">Pour en savoir davantage sur nos victoires, cliquez ici.<\/a><\/p>\n<p>C\u2019est gr\u00e2ce au soutien et \u00e0 la g\u00e9n\u00e9rosit\u00e9 de personnes comme vous que nous avons pu remporter toutes ces victoires.<\/p>\n<p>Nous offrons plusieurs niveaux d\u2019adh\u00e9sion adapt\u00e9s \u00e0 tous :[\/vc_column_text][vc_column_text]<strong>Pour payer en ligne par PayPal\/carte de cr\u00e9dit, <\/strong>s\u00e9lectionnez le type d\u2019adh\u00e9sion et cliquez sur le bouton ci-dessous. De cette fa\u00e7on, votre adh\u00e9sion se renouvellera automatiquement chaque ann\u00e9e \u00e0 la date anniversaire de votre adh\u00e9sion*. L\u2019adh\u00e9sion en ligne nous aide \u00e0 r\u00e9duire le travail administratif li\u00e9 au renouvellement des adh\u00e9sions et nous permet de demeurer en relation avec vous.[\/vc_column_text][\/vc_column][\/vc_row][vc_row][vc_column width=\u00a0\u00bb1\/2&Prime; css=\u00a0\u00bb.vc_custom_1512659002870{margin-top: -10px !important;}\u00a0\u00bb][vc_column_text]<\/p>\n<ul>\n<li>15 $ \u00c9tudiant ou personne sans emploi<\/li>\n<li>30 $ Adulte<\/li>\n<li>15 $ Nouveau-n\u00e9<\/li>\n<li>15 $ Enfant<\/li>\n<li>40 $ Famille<\/li>\n<li>55 $ Associ\u00e9 professionnel<\/li>\n<li>500 $ Membre \u00e0 vie<\/li>\n<\/ul>\n<p>[\/vc_column_text][\/vc_column][vc_column width=\u00a0\u00bb1\/2&Prime;][vc_column_text css=\u00a0\u00bb.vc_custom_1606148689168{margin-top: -55px !important;}\u00a0\u00bb]<\/p>\n<form action=\"https:\/\/www.paypal.com\/cgi-bin\/webscr\" method=\"post\" target=\"_top\"><input name=\"cmd\" type=\"hidden\" value=\"_s-xclick\" \/><br \/>\n<input name=\"hosted_button_id\" type=\"hidden\" value=\"6QCRL7PQNAYA8\" \/><\/p>\n<table>\n<tbody>\n<tr>\n<td><input name=\"on0\" type=\"hidden\" value=\"Devenez membre du Conseil\" \/>Devenez membre du Conseil<\/td>\n<\/tr>\n<tr>\n<td><select name=\"os0\"><option value=\"\u00c9tudiant ou personne sans emploi\">\u00c9tudiant ou personne sans emploi $15.00 CAD<\/option><option value=\"Adulte\">Adulte $30.00 CAD<\/option><option value=\"Nouveau-n\u00e9\">Nouveau-n\u00e9 $15.00 CAD<\/option><option value=\"Enfant\">Enfant $15.00 CAD<\/option><option value=\"Famille\">Famille $40.00 CAD<\/option><option value=\"Associ\u00e9 professionnel\">Associ\u00e9 professionnel $55.00 CAD<\/option><option value=\"Membre \u00e0 vie\">Membre \u00e0 vie $500.00 CAD<\/option><\/select><\/td>\n<\/tr>\n<tr>\n<td><input name=\"on1\" type=\"hidden\" value=\"Nouveau ou Renouvellement\" \/>Nouveau ou Renouvellement<\/td>\n<\/tr>\n<tr>\n<td><select name=\"os1\"><option value=\"Nouveau Membre\">Nouveau Membre<\/option><option value=\"Renouvellement\">Renouvellement<\/option><\/select><\/td>\n<\/tr>\n<\/tbody>\n<\/table>\n<p><input name=\"currency_code\" type=\"hidden\" value=\"CAD\" \/><br \/>\n<input alt=\"PayPal - The safer, easier way to pay online!\" name=\"submit\" src=\"https:\/\/www.paypalobjects.com\/en_US\/i\/btn\/btn_buynowCC_LG.gif\" type=\"image\" \/><br \/>\n<img decoding=\"async\" style=\"display: none !important;\" hidden=\"\" src=\"https:\/\/www.paypalobjects.com\/en_US\/i\/scr\/pixel.gif\" alt=\"\" width=\"1\" height=\"1\" border=\"0\" \/><\/p>\n<\/form>\n<p>[\/vc_column_text][\/vc_column][\/vc_row][vc_row][vc_column css=\u00a0\u00bb.vc_custom_1512659221877{margin-top: -30px !important;}\u00a0\u00bb][vc_column_text]<strong>Pour payer par ch\u00e8que ou carte de cr\u00e9dit, <\/strong>vous pouvez imprimer notre <a href=\"https:\/\/www.conservationcouncil.ca\/wp-content\/uploads\/2013\/02\/CCNB_Membership_Form_Bilingual.pdf\">Formulaire d\u2019adh\u00e9sion (bilingue)<\/a><a href=\"https:\/\/www.conservationcouncil.ca\/wp-content\/uploads\/2013\/02\/CCNB_Membership_Form_Bilingual1.pdf\">.<\/a> Vous pouvez faire votre ch\u00e8que au nom du \u00ab\u00a0Conseil de conservation du Nouveau-Brunswick\u00a0\u00bb ou du \u00ab\u00a0CCNB\u00a0\u00bb et l\u2019envoyer par la poste \u00e0 :<\/p>\n<p>Conseil de conservation du Nouveau-Brunswick<br \/>\n180, rue St. John<br \/>\nFredericton (N.-B.) E3B 4A9[\/vc_column_text][\/vc_column][\/vc_row]<\/p>\n","protected":false},"excerpt":{"rendered":"<p>[vc_row][vc_column][vc_single_image image=\u00a0\u00bb159860&Prime; img_size=\u00a0\u00bbfull\u00a0\u00bb][\/vc_column][\/vc_row][vc_row][vc_column][vc_column_text]En devenant membre du Conseil de conservation, vous nous aidez \u00e0 amplifier notre appel \u00e0 la conservation environnementale du Nouveau-Brunswick. \u00c0 titre de membre, vous recevrez notre magazine \u00c9coAlerte et demeurerez ainsi au courant d\u2019enjeux et d\u2019\u00e9v\u00e9nements qui affectent notre environnement et nos collectivit\u00e9s. Plus important encore : lorsque vous devenez membre du [&hellip;]<\/p>\n","protected":false},"author":9,"featured_media":159860,"parent":0,"menu_order":0,"comment_status":"closed","ping_status":"closed","template":"","meta":{"site-sidebar-layout":"no-sidebar","site-content-layout":"plain-container","ast-site-content-layout":"default","site-content-style":"default","site-sidebar-style":"default","ast-global-header-display":"","ast-banner-title-visibility":"","ast-main-header-display":"","ast-hfb-above-header-display":"","ast-hfb-below-header-display":"","ast-hfb-mobile-header-display":"","site-post-title":"disabled","ast-breadcrumbs-content":"","ast-featured-img":"disabled","footer-sml-layout":"","ast-disable-related-posts":"","theme-transparent-header-meta":"default","adv-header-id-meta":"","stick-header-meta":"default","header-above-stick-meta":"","header-main-stick-meta":"","header-below-stick-meta":"","astra-migrate-meta-layouts":"default","ast-page-background-enabled":"default","ast-page-background-meta":{"desktop":{"background-color":"","background-image":"","background-repeat":"repeat","background-position":"center center","background-size":"auto","background-attachment":"scroll","background-type":"","background-media":"","overlay-type":"","overlay-color":"","overlay-opacity":"","overlay-gradient":""},"tablet":{"background-color":"","background-image":"","background-repeat":"repeat","background-position":"center center","background-size":"auto","background-attachment":"scroll","background-type":"","background-media":"","overlay-type":"","overlay-color":"","overlay-opacity":"","overlay-gradient":""},"mobile":{"background-color":"","background-image":"","background-repeat":"repeat","background-position":"center center","background-size":"auto","background-attachment":"scroll","background-type":"","background-media":"","overlay-type":"","overlay-color":"","overlay-opacity":"","overlay-gradient":""}},"ast-content-background-meta":{"desktop":{"background-color":"var(--ast-global-color-5)","background-image":"","background-repeat":"repeat","background-position":"center center","background-size":"auto","background-attachment":"scroll","background-type":"","background-media":"","overlay-type":"","overlay-color":"","overlay-opacity":"","overlay-gradient":""},"tablet":{"background-color":"var(--ast-global-color-5)","background-image":"","background-repeat":"repeat","background-position":"center center","background-size":"auto","background-attachment":"scroll","background-type":"","background-media":"","overlay-type":"","overlay-color":"","overlay-opacity":"","overlay-gradient":""},"mobile":{"background-color":"var(--ast-global-color-5)","background-image":"","background-repeat":"repeat","background-position":"center center","background-size":"auto","background-attachment":"scroll","background-type":"","background-media":"","overlay-type":"","overlay-color":"","overlay-opacity":"","overlay-gradient":""}},"footnotes":""},"class_list":["post-2383","page","type-page","status-publish","has-post-thumbnail","hentry"],"_links":{"self":[{"href":"https:\/\/www.conservationcouncil.ca\/fr\/wp-json\/wp\/v2\/pages\/2383","targetHints":{"allow":["GET"]}}],"collection":[{"href":"https:\/\/www.conservationcouncil.ca\/fr\/wp-json\/wp\/v2\/pages"}],"about":[{"href":"https:\/\/www.conservationcouncil.ca\/fr\/wp-json\/wp\/v2\/types\/page"}],"author":[{"embeddable":true,"href":"https:\/\/www.conservationcouncil.ca\/fr\/wp-json\/wp\/v2\/users\/9"}],"replies":[{"embeddable":true,"href":"https:\/\/www.conservationcouncil.ca\/fr\/wp-json\/wp\/v2\/comments?post=2383"}],"version-history":[{"count":0,"href":"https:\/\/www.conservationcouncil.ca\/fr\/wp-json\/wp\/v2\/pages\/2383\/revisions"}],"wp:featuredmedia":[{"embeddable":true,"href":"https:\/\/www.conservationcouncil.ca\/fr\/wp-json\/wp\/v2\/media\/159860"}],"wp:attachment":[{"href":"https:\/\/www.conservationcouncil.ca\/fr\/wp-json\/wp\/v2\/media?parent=2383"}],"curies":[{"name":"wp","href":"https:\/\/api.w.org\/{rel}","templated":true}]}}