{"id":2263,"date":"2013-02-20T00:55:47","date_gmt":"2013-02-20T04:55:47","guid":{"rendered":"http:\/\/www.conservationcouncil.ca\/?page_id=2263"},"modified":"2015-01-14T13:58:50","modified_gmt":"2015-01-14T17:58:50","slug":"videos-2","status":"publish","type":"page","link":"https:\/\/www.conservationcouncil.ca\/fr\/videos-2\/","title":{"rendered":"Vid\u00e9os"},"content":{"rendered":"<p><a href=\"http:\/\/www.youtube.com\/watch?v=S4f_33afD0g&amp;list=UULVpFiZBeby8fq0b6FSQW2Q\">Moving Forward: un documentaire mettant en vedette l&rsquo;\u00e9nergie renouvelable au Nouveau-Brunswick, par Kevin Matthews<\/a><\/p>\n<p><iframe width=\"680\" height=\"383\" src=\"https:\/\/www.youtube.com\/embed\/S4f_33afD0g?list=UULVpFiZBeby8fq0b6FSQW2Q\" frameborder=\"0\" allowfullscreen><\/iframe><\/p>\n<p>Un mouvement vers les \u00e9nergies renouvelables a lieu au Nouveau-Brunswick. Suivez Raphael Shay pendant qu&rsquo;il visitera la province du Nouveau-Brunswick pour parler avec des gens qui b\u00e2tissent pour un avenir d&rsquo;\u00e9nergie renouvelable, qui exploite la puissance de l&rsquo;eau, le vent, le soleil, la biomasse et le biogaz. Caract\u00e9ristiques Joe Waugh, Efficacit\u00e9 NB; Charles Martin, Edmundston Hydro; Paul Cunningham, conception de syst\u00e8mes et de l&rsquo;\u00e9nergie; Leonard Larocque, Lam\u00e8que Vent coop\u00e9rative; Jason Juurlink, Centre Falls Brook; Roland Chiasson, Cape Jourimain; Ken Hardie, NB F\u00e9d\u00e9ration des propri\u00e9taires de bois\u00e9s; Esther Samson, Twin Rivers Paper; Jacques Laforge, le biogaz; et Marc MacLeod, la r\u00e9gion de Fundy Commission des d\u00e9chets solides.<\/p>\n<p>En voir plus: <a href=\"http:\/\/www.youtube.com\/user\/ccnbactiontv\">YouTube<\/a><\/p>\n","protected":false},"excerpt":{"rendered":"<p>Moving Forward: un documentaire mettant en vedette l&rsquo;\u00e9nergie renouvelable au Nouveau-Brunswick, par Kevin Matthews Un mouvement vers les \u00e9nergies renouvelables a lieu au Nouveau-Brunswick. Suivez Raphael Shay pendant qu&rsquo;il visitera la province du Nouveau-Brunswick pour parler avec des gens qui b\u00e2tissent pour un avenir d&rsquo;\u00e9nergie renouvelable, qui exploite la puissance de l&rsquo;eau, le vent, le [&hellip;]<\/p>\n","protected":false},"author":9,"featured_media":0,"parent":0,"menu_order":0,"comment_status":"closed","ping_status":"closed","template":"","meta":{"site-sidebar-layout":"default","site-content-layout":"","ast-site-content-layout":"default","site-content-style":"default","site-sidebar-style":"default","ast-global-header-display":"","ast-banner-title-visibility":"","ast-main-header-display":"","ast-hfb-above-header-display":"","ast-hfb-below-header-display":"","ast-hfb-mobile-header-display":"","site-post-title":"","ast-breadcrumbs-content":"","ast-featured-img":"","footer-sml-layout":"","ast-disable-related-posts":"","theme-transparent-header-meta":"","adv-header-id-meta":"","stick-header-meta":"","header-above-stick-meta":"","header-main-stick-meta":"","header-below-stick-meta":"","astra-migrate-meta-layouts":"default","ast-page-background-enabled":"default","ast-page-background-meta":{"desktop":{"background-color":"","background-image":"","background-repeat":"repeat","background-position":"center center","background-size":"auto","background-attachment":"scroll","background-type":"","background-media":"","overlay-type":"","overlay-color":"","overlay-opacity":"","overlay-gradient":""},"tablet":{"background-color":"","background-image":"","background-repeat":"repeat","background-position":"center center","background-size":"auto","background-attachment":"scroll","background-type":"","background-media":"","overlay-type":"","overlay-color":"","overlay-opacity":"","overlay-gradient":""},"mobile":{"background-color":"","background-image":"","background-repeat":"repeat","background-position":"center center","background-size":"auto","background-attachment":"scroll","background-type":"","background-media":"","overlay-type":"","overlay-color":"","overlay-opacity":"","overlay-gradient":""}},"ast-content-background-meta":{"desktop":{"background-color":"var(--ast-global-color-5)","background-image":"","background-repeat":"repeat","background-position":"center center","background-size":"auto","background-attachment":"scroll","background-type":"","background-media":"","overlay-type":"","overlay-color":"","overlay-opacity":"","overlay-gradient":""},"tablet":{"background-color":"var(--ast-global-color-5)","background-image":"","background-repeat":"repeat","background-position":"center center","background-size":"auto","background-attachment":"scroll","background-type":"","background-media":"","overlay-type":"","overlay-color":"","overlay-opacity":"","overlay-gradient":""},"mobile":{"background-color":"var(--ast-global-color-5)","background-image":"","background-repeat":"repeat","background-position":"center center","background-size":"auto","background-attachment":"scroll","background-type":"","background-media":"","overlay-type":"","overlay-color":"","overlay-opacity":"","overlay-gradient":""}},"footnotes":""},"class_list":["post-2263","page","type-page","status-publish","hentry"],"_links":{"self":[{"href":"https:\/\/www.conservationcouncil.ca\/fr\/wp-json\/wp\/v2\/pages\/2263","targetHints":{"allow":["GET"]}}],"collection":[{"href":"https:\/\/www.conservationcouncil.ca\/fr\/wp-json\/wp\/v2\/pages"}],"about":[{"href":"https:\/\/www.conservationcouncil.ca\/fr\/wp-json\/wp\/v2\/types\/page"}],"author":[{"embeddable":true,"href":"https:\/\/www.conservationcouncil.ca\/fr\/wp-json\/wp\/v2\/users\/9"}],"replies":[{"embeddable":true,"href":"https:\/\/www.conservationcouncil.ca\/fr\/wp-json\/wp\/v2\/comments?post=2263"}],"version-history":[{"count":0,"href":"https:\/\/www.conservationcouncil.ca\/fr\/wp-json\/wp\/v2\/pages\/2263\/revisions"}],"wp:attachment":[{"href":"https:\/\/www.conservationcouncil.ca\/fr\/wp-json\/wp\/v2\/media?parent=2263"}],"curies":[{"name":"wp","href":"https:\/\/api.w.org\/{rel}","templated":true}]}}