{"id":2259,"date":"2013-02-20T00:36:42","date_gmt":"2013-02-20T04:36:42","guid":{"rendered":"http:\/\/www.conservationcouncil.ca\/?page_id=2259"},"modified":"2015-01-12T14:37:05","modified_gmt":"2015-01-12T18:37:05","slug":"demantelement-de-point-lepreau","status":"publish","type":"page","link":"https:\/\/www.conservationcouncil.ca\/fr\/demantelement-de-point-lepreau\/","title":{"rendered":"D\u00e9mant\u00e8lement de Point Lepreau"},"content":{"rendered":"<p>La campagne pour d\u00e9nucl\u00e9ariser le Nouveau-Brunswick est soutenue par un groupe de\u00a0citoyens oppos\u00e9s \u00e0 l&rsquo;activit\u00e9 nucl\u00e9aire dans la province du Nouveau-Brunswick, y compris\u00a0l&rsquo;exploration et l&rsquo;exploitation mini\u00e8re d&rsquo;uranium et la production d&rsquo;\u00e9nergie nucl\u00e9aire.<\/p>\n<p>Les organisations suivantes ont appuy\u00e9 la Campagne pour d\u00e9nucl\u00e9ariser le\u00a0Nouveau-Brunswick:<\/p>\n<p>Bantry Bay Farm, St. Andrews, NB<br \/>\nCampagne pour la r\u00e9duction des pesticides, NB<br \/>\nAssociation du bassin versant de Canaan-Washademoak<br \/>\nCanadian Unitarians for Social Justice &#8211; Section NB<br \/>\nCCNB Action<br \/>\nFredericton Peace Coalition<br \/>\nInternational Institute of Concern for Public Health<br \/>\nLe collectif Knowledge is Power<br \/>\nMobilization &#8211; un groupe \u00e9tudiant\/communautaire de justice sociale \u00e0 Fredericton<br \/>\nPeople for a New Perspective on Energy \u2013 PANE<br \/>\nSentinelles Petitcodiac<br \/>\nSierra Club du Canada<br \/>\nSOS Eau Water Sankwan<\/p>\n<p>Pour plus d&rsquo;informations sur la campagne pour d\u00e9nucl\u00e9ariser le Nouveau-Brunswick, veuillez\u00a0communiquer avec notre section de Saint-Jean: sharon_e_murphy@hotmail.com<\/p>\n","protected":false},"excerpt":{"rendered":"<p>La campagne pour d\u00e9nucl\u00e9ariser le Nouveau-Brunswick est soutenue par un groupe de\u00a0citoyens oppos\u00e9s \u00e0 l&rsquo;activit\u00e9 nucl\u00e9aire dans la province du Nouveau-Brunswick, y compris\u00a0l&rsquo;exploration et l&rsquo;exploitation mini\u00e8re d&rsquo;uranium et la production d&rsquo;\u00e9nergie nucl\u00e9aire. Les organisations suivantes ont appuy\u00e9 la Campagne pour d\u00e9nucl\u00e9ariser le\u00a0Nouveau-Brunswick: Bantry Bay Farm, St. Andrews, NB Campagne pour la r\u00e9duction des pesticides, NB [&hellip;]<\/p>\n","protected":false},"author":9,"featured_media":0,"parent":0,"menu_order":0,"comment_status":"open","ping_status":"open","template":"","meta":{"site-sidebar-layout":"default","site-content-layout":"","ast-site-content-layout":"default","site-content-style":"default","site-sidebar-style":"default","ast-global-header-display":"","ast-banner-title-visibility":"","ast-main-header-display":"","ast-hfb-above-header-display":"","ast-hfb-below-header-display":"","ast-hfb-mobile-header-display":"","site-post-title":"","ast-breadcrumbs-content":"","ast-featured-img":"","footer-sml-layout":"","ast-disable-related-posts":"","theme-transparent-header-meta":"","adv-header-id-meta":"","stick-header-meta":"","header-above-stick-meta":"","header-main-stick-meta":"","header-below-stick-meta":"","astra-migrate-meta-layouts":"default","ast-page-background-enabled":"default","ast-page-background-meta":{"desktop":{"background-color":"","background-image":"","background-repeat":"repeat","background-position":"center center","background-size":"auto","background-attachment":"scroll","background-type":"","background-media":"","overlay-type":"","overlay-color":"","overlay-opacity":"","overlay-gradient":""},"tablet":{"background-color":"","background-image":"","background-repeat":"repeat","background-position":"center center","background-size":"auto","background-attachment":"scroll","background-type":"","background-media":"","overlay-type":"","overlay-color":"","overlay-opacity":"","overlay-gradient":""},"mobile":{"background-color":"","background-image":"","background-repeat":"repeat","background-position":"center center","background-size":"auto","background-attachment":"scroll","background-type":"","background-media":"","overlay-type":"","overlay-color":"","overlay-opacity":"","overlay-gradient":""}},"ast-content-background-meta":{"desktop":{"background-color":"var(--ast-global-color-5)","background-image":"","background-repeat":"repeat","background-position":"center center","background-size":"auto","background-attachment":"scroll","background-type":"","background-media":"","overlay-type":"","overlay-color":"","overlay-opacity":"","overlay-gradient":""},"tablet":{"background-color":"var(--ast-global-color-5)","background-image":"","background-repeat":"repeat","background-position":"center center","background-size":"auto","background-attachment":"scroll","background-type":"","background-media":"","overlay-type":"","overlay-color":"","overlay-opacity":"","overlay-gradient":""},"mobile":{"background-color":"var(--ast-global-color-5)","background-image":"","background-repeat":"repeat","background-position":"center center","background-size":"auto","background-attachment":"scroll","background-type":"","background-media":"","overlay-type":"","overlay-color":"","overlay-opacity":"","overlay-gradient":""}},"footnotes":""},"class_list":["post-2259","page","type-page","status-publish","hentry"],"_links":{"self":[{"href":"https:\/\/www.conservationcouncil.ca\/fr\/wp-json\/wp\/v2\/pages\/2259","targetHints":{"allow":["GET"]}}],"collection":[{"href":"https:\/\/www.conservationcouncil.ca\/fr\/wp-json\/wp\/v2\/pages"}],"about":[{"href":"https:\/\/www.conservationcouncil.ca\/fr\/wp-json\/wp\/v2\/types\/page"}],"author":[{"embeddable":true,"href":"https:\/\/www.conservationcouncil.ca\/fr\/wp-json\/wp\/v2\/users\/9"}],"replies":[{"embeddable":true,"href":"https:\/\/www.conservationcouncil.ca\/fr\/wp-json\/wp\/v2\/comments?post=2259"}],"version-history":[{"count":0,"href":"https:\/\/www.conservationcouncil.ca\/fr\/wp-json\/wp\/v2\/pages\/2259\/revisions"}],"wp:attachment":[{"href":"https:\/\/www.conservationcouncil.ca\/fr\/wp-json\/wp\/v2\/media?parent=2259"}],"curies":[{"name":"wp","href":"https:\/\/api.w.org\/{rel}","templated":true}]}}