{"id":2250,"date":"2013-02-20T00:01:50","date_gmt":"2013-02-20T04:01:50","guid":{"rendered":"http:\/\/www.conservationcouncil.ca\/?page_id=2250"},"modified":"2015-01-12T14:36:18","modified_gmt":"2015-01-12T18:36:18","slug":"de-chaleur-a-tormentine","status":"publish","type":"page","link":"https:\/\/www.conservationcouncil.ca\/fr\/nos-programmes\/conservation-marine\/de-chaleur-a-tormentine\/","title":{"rendered":"De Chaleur \u00e0 Tormentine"},"content":{"rendered":"<h1>De la baie des Chaleurs \u00e0 Cap Tormentine<\/h1>\n<p>Les c\u00f4tes nord et est du Nouveau-Brunswick s\u2019\u00e9tendent sur pr\u00e8s de 1 700 kilom\u00e8tres, \u00e0 partir de l\u2019embouchure de la rivi\u00e8re Restigouche \u00e0 la fronti\u00e8re du Qu\u00e9bec jusqu\u2019\u00e0 Baie-Verte \u00e0 la fronti\u00e8re de la Nouvelle-\u00c9cosse. Survoler cette zone en avion offre des sc\u00e8nes spectaculaires et permet d\u2019observer les caract\u00e9ristiques les plus importantes de cette zone maritime. La zone c\u00f4ti\u00e8re se caract\u00e9rise par des basses terres et des chapelets d\u2019\u00eeles-barri\u00e8res, de dunes et de r\u00e9cifs \u00e0 partir de Cap Tormentine jusqu\u2019\u00e0 la baie des Chaleurs, et comprend des sables, beaucoup de sables.<\/p>\n<p>Les sables, une des principales caract\u00e9ristiques des c\u00f4tes nord et est du Nouveau-Brunswick, influencent la nature m\u00eame de ces zones de la m\u00eame mani\u00e8re que les grandes mar\u00e9es le font pour la baie de Fundy. Le d\u00e9placement des sables, comme le rythme dynamique et puissant des mar\u00e9es, influence la g\u00e9ographie c\u00f4ti\u00e8re, sculpte les habitats et favorise certaines esp\u00e8ces plut\u00f4t que d\u2019autres. Quand des obstacles sont pos\u00e9s au mouvement naturel des mar\u00e9es, cela peut avoir un impact \u00e9cologique d\u00e9sastreux. Il en est de m\u00eame quand on alt\u00e8re le mouvement naturel des sables.<\/p>\n<p>Au cours des 100 derni\u00e8res ann\u00e9es, il n\u2019y a pas que les sables qui se sont d\u00e9plac\u00e9s sur les c\u00f4tes nord et est du Nouveau-Brunswick. L\u2019\u00e9cologie et l\u2019\u00e9conomie ont \u00e9galement beaucoup chang\u00e9. Il est tentant de dire que ces modifications sont naturelles, et sont caus\u00e9es par des changements de technologies ou de climat, la progression de l\u2019\u00e9conomie, les fluctuations du march\u00e9 ou des populations animales, ou encore la mont\u00e9e de la globalisation. C\u2019est peut-\u00eatre le cas pour certaines industries ou certains \u00e9cosyst\u00e8mes, mais il n\u2019y a rien de naturel au sujet de la contamination et destruction croissantes et syst\u00e9matiques des populations de poissons sauvages et de leurs habitats c\u00f4tiers.<\/p>\n<p>Les exploitations mini\u00e8res, les usines de p\u00e2tes et papiers et d\u2019autres industries ont contamin\u00e9 les rivi\u00e8res, les estuaires et les baies. Des marais salants ont \u00e9t\u00e9 d\u00e9truits pour faire place \u00e0 des am\u00e9nagements immobiliers tels que maisons, chalets ou entreprises.\u00a0 Des zones \u00e9cologiques fragiles ont \u00e9t\u00e9 sacrifi\u00e9es au profit de terrains de golf. Des chenaux, des canaux et des baies ont \u00e9t\u00e9 dragu\u00e9s afin d\u2019am\u00e9nager des ports de plaisance et des centres de services maritimes. En 2007, un groupe de travail sur l\u2019autosuffisance a recommand\u00e9 \u00e0 la province de lancer un vaste programme d\u2019expansion de l&rsquo;aquaculture de crustac\u00e9s, principalement d&rsquo;hu\u00eetres, dans les baies et les estuaires des c\u00f4tes nord et est de la province.<\/p>\n<p>Depuis plus de 10 ans, des citoyens et des organisations communautaires cherchent \u00e0 sensibiliser la population au sujet de la contamination et probl\u00e8mes c\u00f4tiers, et de la surveillance et restauration des habitats. Trop souvent, ces groupes sont impuissants et ne peuvent agir si les lois sont inad\u00e9quates ou quand les autorit\u00e9s ne font pas respecter les lois en vigueur, ou encore lorsque aucune loi n&rsquo;existe pour prot\u00e9ger certains de ces habitats.<\/p>\n<p>En 1998, le Conseil de conservation a marqu\u00e9 l\u2019ann\u00e9e internationale des oc\u00e9ans en amor\u00e7ant une \u00e9tude exhaustive des d\u00e9fis auxquels sont confront\u00e9s les \u00e9cosyst\u00e8mes c\u00f4tiers du nord et de l\u2019est du Nouveau-Brunswick. L\u2019\u00e9tude a permis la publication d\u2019un rapport de 144 pages intitul\u00e9 : <i>Shifting Sands: State of the Coast in Northern and Eastern New Brunswick. <\/i>Depuis la parution de ce document, le Conseil de conservation a publi\u00e9 plusieurs autres rapports et a formul\u00e9 des recommandations afin de renverser les tendances actuelles et de restaurer les \u00e9cosyst\u00e8mes c\u00f4tiers du nord et de l\u2019est de la province.<\/p>\n<p>Un d\u00e9veloppement contagieux continue de balayer nos r\u00e9gions c\u00f4ti\u00e8res et de menacer, \u00e0 la fois, les syst\u00e8mes \u00e9conomique et \u00e9cologique. Nos ressources c\u00f4ti\u00e8res pourront-elles r\u00e9sister aux pressions qu&rsquo;elles subissent? Pour le moment, il est impossible de r\u00e9pondre \u00e0 cette question. Toutefois, les sympt\u00f4mes nous indiquent que le \u00ab patient \u00bb est tr\u00e8s malade. Une chose est certaine, il n\u2019existe pas de syst\u00e8me artificiel pour maintenir\u00a0 ce \u00ab patient \u00bb en vie, et il n&rsquo;y a pas non plus de technologies capables de remplacer les fonctions accomplies par les marais salants, les herbiers de zost\u00e8res, les dunes, les estuaires soumis \u00e0 l&rsquo;influence des mar\u00e9es, les bancs d\u2019hu\u00eetres, les plages et les \u00eeles-barri\u00e8res. C\u2019est \u00e0 nous d\u2019agir rapidement si nous voulons permettre au \u00ab patient \u00bb de r\u00e9cup\u00e9rer.<\/p>\n","protected":false},"excerpt":{"rendered":"<p>De la baie des Chaleurs \u00e0 Cap Tormentine Les c\u00f4tes nord et est du Nouveau-Brunswick s\u2019\u00e9tendent sur pr\u00e8s de 1 700 kilom\u00e8tres, \u00e0 partir de l\u2019embouchure de la rivi\u00e8re Restigouche \u00e0 la fronti\u00e8re du Qu\u00e9bec jusqu\u2019\u00e0 Baie-Verte \u00e0 la fronti\u00e8re de la Nouvelle-\u00c9cosse. Survoler cette zone en avion offre des sc\u00e8nes spectaculaires et permet d\u2019observer [&hellip;]<\/p>\n","protected":false},"author":9,"featured_media":0,"parent":2249,"menu_order":0,"comment_status":"closed","ping_status":"closed","template":"","meta":{"site-sidebar-layout":"default","site-content-layout":"default","ast-site-content-layout":"default","site-content-style":"default","site-sidebar-style":"default","ast-global-header-display":"","ast-banner-title-visibility":"","ast-main-header-display":"","ast-hfb-above-header-display":"","ast-hfb-below-header-display":"","ast-hfb-mobile-header-display":"","site-post-title":"","ast-breadcrumbs-content":"","ast-featured-img":"","footer-sml-layout":"","ast-disable-related-posts":"","theme-transparent-header-meta":"default","adv-header-id-meta":"","stick-header-meta":"","header-above-stick-meta":"","header-main-stick-meta":"","header-below-stick-meta":"","astra-migrate-meta-layouts":"default","ast-page-background-enabled":"default","ast-page-background-meta":{"desktop":{"background-color":"","background-image":"","background-repeat":"repeat","background-position":"center center","background-size":"auto","background-attachment":"scroll","background-type":"","background-media":"","overlay-type":"","overlay-color":"","overlay-opacity":"","overlay-gradient":""},"tablet":{"background-color":"","background-image":"","background-repeat":"repeat","background-position":"center center","background-size":"auto","background-attachment":"scroll","background-type":"","background-media":"","overlay-type":"","overlay-color":"","overlay-opacity":"","overlay-gradient":""},"mobile":{"background-color":"","background-image":"","background-repeat":"repeat","background-position":"center center","background-size":"auto","background-attachment":"scroll","background-type":"","background-media":"","overlay-type":"","overlay-color":"","overlay-opacity":"","overlay-gradient":""}},"ast-content-background-meta":{"desktop":{"background-color":"var(--ast-global-color-5)","background-image":"","background-repeat":"repeat","background-position":"center center","background-size":"auto","background-attachment":"scroll","background-type":"","background-media":"","overlay-type":"","overlay-color":"","overlay-opacity":"","overlay-gradient":""},"tablet":{"background-color":"var(--ast-global-color-5)","background-image":"","background-repeat":"repeat","background-position":"center center","background-size":"auto","background-attachment":"scroll","background-type":"","background-media":"","overlay-type":"","overlay-color":"","overlay-opacity":"","overlay-gradient":""},"mobile":{"background-color":"var(--ast-global-color-5)","background-image":"","background-repeat":"repeat","background-position":"center center","background-size":"auto","background-attachment":"scroll","background-type":"","background-media":"","overlay-type":"","overlay-color":"","overlay-opacity":"","overlay-gradient":""}},"footnotes":""},"class_list":["post-2250","page","type-page","status-publish","hentry"],"_links":{"self":[{"href":"https:\/\/www.conservationcouncil.ca\/fr\/wp-json\/wp\/v2\/pages\/2250","targetHints":{"allow":["GET"]}}],"collection":[{"href":"https:\/\/www.conservationcouncil.ca\/fr\/wp-json\/wp\/v2\/pages"}],"about":[{"href":"https:\/\/www.conservationcouncil.ca\/fr\/wp-json\/wp\/v2\/types\/page"}],"author":[{"embeddable":true,"href":"https:\/\/www.conservationcouncil.ca\/fr\/wp-json\/wp\/v2\/users\/9"}],"replies":[{"embeddable":true,"href":"https:\/\/www.conservationcouncil.ca\/fr\/wp-json\/wp\/v2\/comments?post=2250"}],"version-history":[{"count":0,"href":"https:\/\/www.conservationcouncil.ca\/fr\/wp-json\/wp\/v2\/pages\/2250\/revisions"}],"up":[{"embeddable":true,"href":"https:\/\/www.conservationcouncil.ca\/fr\/wp-json\/wp\/v2\/pages\/2249"}],"wp:attachment":[{"href":"https:\/\/www.conservationcouncil.ca\/fr\/wp-json\/wp\/v2\/media?parent=2250"}],"curies":[{"name":"wp","href":"https:\/\/api.w.org\/{rel}","templated":true}]}}