{"id":2249,"date":"2013-02-17T19:34:02","date_gmt":"2013-02-17T23:34:02","guid":{"rendered":"http:\/\/www.conservationcouncil.ca\/?page_id=2249"},"modified":"2021-08-06T12:12:57","modified_gmt":"2021-08-06T15:12:57","slug":"conservation-marine","status":"publish","type":"page","link":"https:\/\/www.conservationcouncil.ca\/fr\/nos-programmes\/conservation-marine\/","title":{"rendered":"Conservation des aires marines"},"content":{"rendered":"<p>[vc_row][vc_column][vc_column_text]<\/p>\n<p style=\"text-align: center;\"><iframe src=\"https:\/\/www.youtube.com\/embed\/-g2Xe7uYx34\" width=\"700\" height=\"400\" frameborder=\"0\" allowfullscreen=\"allowfullscreen\"><\/iframe><\/p>\n<p>[\/vc_column_text][vc_column_text]<span lang=\"FR-CA\">Depuis la cr\u00e9ation de son Programme de conservation des aires marines, en 1990, le Conseil de conservation du Nouveau-Brunswick (CCNB) fait figure de chef de file du maintien de la sant\u00e9 des \u00e9cosyst\u00e8mes de la baie de Fundy et des milieux marins qui longent les c\u00f4tes du Nouveau?Brunswick, jusqu\u2019au Golf du Maine.<\/span><\/p>\n<p><span lang=\"FR-CA\">Le CCNB a \u00e9t\u00e9 le premier \u00e0 sensibiliser \u00e0 grande \u00e9chelle les citoyens, d\u2019autres organisations environnementales et des institutions gouvernementales aux menaces de la pollution et aux autres d\u00e9fis auxquels sont confront\u00e9s les habitats marins de la r\u00e9gion; gr\u00e2ce aux initiatives continues et cibl\u00e9es entreprises au cours des 25 derni\u00e8res ann\u00e9es dans le cadre de son Programme de conservation des aires marines, il a jou\u00e9 un r\u00f4le crucial dans l\u2019\u00e9laboration de solutions et de syst\u00e8mes de contr\u00f4le de niveau sup\u00e9rieur de la pollution.<\/span>[\/vc_column_text][\/vc_column][\/vc_row][vc_row][vc_column][vc_text_separator title=\u00a0\u00bbBALEINES, EAU ET LA BAIE DE FUNDY\u00a0\u00bb][vc_single_image image=\u00a0\u00bb137144&Prime; img_size=\u00a0\u00bb700 x350&Prime; alignment=\u00a0\u00bbcenter\u00a0\u00bb style=\u00a0\u00bbvc_box_rounded\u00a0\u00bb][\/vc_column][\/vc_row][vc_row][vc_column][vc_column_text]<span lang=\"FR-CA\">Le Programme de conservation des aires marines est n\u00e9 d\u2019une profonde appr\u00e9ciation des merveilles de la baie de Fundy, et d\u2019une pr\u00e9occupation croissante face aux r\u00e9percussions de l\u2019activit\u00e9 industrielle sur son \u00e9cosyst\u00e8me.<\/span><\/p>\n<p><span lang=\"FR-CA\">\u00c0 la fronti\u00e8re du Nouveau-Brunswick, de la Nouvelle-\u00c9cosse et de l\u2019\u00c9tat du Maine, la baie de Fundy est le moteur des collectivit\u00e9s c\u00f4ti\u00e8res des deux c\u00f4t\u00e9s de la fronti\u00e8re : elle est \u00e0 l\u2019origine de milliers d\u2019emplois dans les domaines des p\u00eaches et du tourisme, et constitue un panier alimentaire vital pour le Golf du Maine.<\/span><\/p>\n<p><span lang=\"FR-CA\">Caract\u00e9ris\u00e9e par les plus hautes mar\u00e9es du monde, des marais salants \u00e0 perte de vue et de riches zones de remont\u00e9e, la baie abrite une foule de dauphins, de marsouins, de poissons et de phoques, et se pare de vastes \u00e9tendues de zones c\u00f4ti\u00e8res non d\u00e9velopp\u00e9es qui accueillent chaque ann\u00e9e plus d\u2019un million d\u2019oiseaux de rivage migrateurs et soutiennent certains des plus grands r\u00e9cifs \u00e0 modioles du monde ainsi que jusqu\u2019\u00e0 12 esp\u00e8ces de baleines, dont des baleines noires de l\u2019Atlantique nord, l\u2019une des esp\u00e8ces les plus menac\u00e9es de la plan\u00e8te.<\/span><\/p>\n<p><span lang=\"FR-CA\">Il n\u2019en reste pas moins que, durant des d\u00e9cennies, ce milieu vital a \u00e9t\u00e9 priv\u00e9 de la protection n\u00e9cessaire \u00e0 la pr\u00e9servation de sa sant\u00e9\u00a0: des sources de pollution encerclaient ses c\u00f4tes, le d\u00e9veloppement industriel et la multiplication des coupe-mar\u00e9es ont provoqu\u00e9 une grave disparition de l\u2019habitat ainsi qu\u2019une crise des p\u00eaches qui a affect\u00e9 de nombreuses collectivit\u00e9s d\u00e9pendantes du syst\u00e8me de la baie de Fundy et du Golf du Maine.<\/span><\/p>\n<p><span lang=\"FR-CA\">Dans le cadre de son Programme de conservation des aires marines, le CCNB a rem\u00e9di\u00e9 \u00e0 ces probl\u00e8mes en effectuant des recherches rigoureuses, en tissant des relations porteuses avec des groupes cl\u00e9s, tels que des associations de p\u00eacheurs et de p\u00eacheries, des organismes et des minist\u00e8res gouvernementaux, des collectivit\u00e9s c\u00f4ti\u00e8res et des fondations ax\u00e9es sur la pr\u00e9servation et la restauration des habitats naturels ainsi qu\u2019en affectant le personnel n\u00e9cessaire pour obtenir des r\u00e9sultats\u00a0\u00e0 long terme.<\/span>[\/vc_column_text][\/vc_column][\/vc_row][vc_row][vc_column][vc_text_separator title=\u00a0\u00bbLE NETTOYAGE D\u2019UN SYST\u00c8ME VITAL\u00a0\u00bb css=\u00a0\u00bb.vc_custom_1561993994208{margin-bottom: px !important;}\u00a0\u00bb][\/vc_column][\/vc_row][vc_row][vc_column width=\u00a0\u00bb4\/6&Prime;][vc_single_image image=\u00a0\u00bb141294&Prime; img_size=\u00a0\u00bbfull\u00a0\u00bb alignment=\u00a0\u00bbcenter\u00a0\u00bb style=\u00a0\u00bbvc_box_rounded\u00a0\u00bb][vc_column_text css=\u00a0\u00bb.vc_custom_1561994026614{margin-top: -20px !important;}\u00a0\u00bb]<span lang=\"FR-CA\">L\u2019un des volets les plus couronn\u00e9s de succ\u00e8s et les plus anciens du Programme de conservation des aires marines est celui qui touche la d\u00e9pollution de la baie de Fundy.<\/span><\/p>\n<p><span lang=\"FR-CA\">En 1994, le CCNB a publi\u00e9 <i>Turning The Tide<\/i>, un important rapport qui concluait la premi\u00e8re analyse globale de la sant\u00e9 de l\u2019\u00e9cosyst\u00e8me de la baie en signalant les principales sources de pollution et en informant avec fermet\u00e9 les d\u00e9cideurs, les p\u00eacheurs et les citoyens du probl\u00e8me.<\/span><\/p>\n<p><span lang=\"FR-CA\">Au fil des ans, et avec la pression constante du Programme de conservation des aires marines, les sources de pollution ont \u00e9t\u00e9 trait\u00e9es et ne sont plus actives aujourd\u2019hui. L\u2019une des initiatives les plus vastes et les plus importantes concernait le nettoyage des \u00e9gouts du port de Saint John, une campagne de plusieurs d\u00e9cennies chapeaut\u00e9e par le CCNB.<\/span><\/p>\n<p><span lang=\"FR-CA\">Membre de la Waterkeeper Alliance, la sentinelle de la baie de Fundy a \u00e9t\u00e9 incluse au programme en 2003 pour r\u00e9aliser des recherche sur l\u2019eau et contr\u00f4ler la baie de Fundy, \u00e9liminer d\u2019importants d\u00e9chets de l\u2019eau et des rives et travailler avec des membres de la collectivit\u00e9 et des groupes de p\u00eacheries en vue de promouvoir la sant\u00e9 du milieu marin.<\/span>[\/vc_column_text][\/vc_column][vc_column width=\u00a0\u00bb2\/6&Prime;][vc_cta h2=\u00a0\u00bbLa plage de Parlee\u00a0\u00bb h2_font_container=\u00a0\u00bbfont_size:20|color:%231e73be\u00a0\u00bb h2_use_theme_fonts=\u00a0\u00bbyes\u00a0\u00bb txt_align=\u00a0\u00bbcenter\u00a0\u00bb style=\u00a0\u00bboutline\u00a0\u00bb color=\u00a0\u00bbsky\u00a0\u00bb use_custom_fonts_h2=\u00a0\u00bbtrue\u00a0\u00bb css=\u00a0\u00bb.vc_custom_1561996659782{margin-bottom: 20px !important;padding-right: 8px !important;padding-left: 7px !important;}\u00a0\u00bb]<\/p>\n<p style=\"text-align: center;\"><a href=\"http:\/\/www.conservationcouncil.ca\/conservation-councils-lois-corbett-featured-in-canadian-press-story-on-parlee-beach\/\" target=\"_blank\" rel=\"noopener noreferrer\">Lois Corbett sur la plage de Parlee<\/a><\/p>\n<p style=\"text-align: center;\"><a href=\"http:\/\/www.conservationcouncil.ca\/dont-stop-at-just-one-beach-corbett-on-northumberland-strait-coastal-protections\/\" target=\"_blank\" rel=\"noopener noreferrer\">Ne vous arr\u00eatez pas \u00e0 une seule plage : Lois Corbett au sujet de la protection des c\u00f4tes du d\u00e9troit de Northumberland<\/a><\/p>\n<p style=\"text-align: center;\"><a href=\"http:\/\/www.conservationcouncil.ca\/another-important-step-but-not-yet-a-solution-conservation-councils-lois-corbett-on-parlee-beach-infrastructure-investments\/\" target=\"_blank\" rel=\"noopener noreferrer\">Une autre \u00e9tape importante, mais pas encore de solution : Lois Corbett au sujet des investissements dans l\u2019infrastructure de la plage de Parlee<\/a><\/p>\n<p style=\"text-align: center;\"><a href=\"http:\/\/www.conservationcouncil.ca\/conservation-council-welcomes-investments-to-protect-health-of-people-and-ecosystem-at-parlee-beach\/\" target=\"_blank\" rel=\"noopener noreferrer\">Le Conseil de conservation accueille \u00e0 bras ouverts les investissements consentis pour prot\u00e9ger la sant\u00e9 des gens et de l\u2019\u00e9cosyst\u00e8me de la plage de Parlee<\/a><\/p>\n<p style=\"text-align: center;\"><a href=\"https:\/\/www.conservationcouncil.ca\/fr\/nouvelles-regles-de-production-des-rapports-sur-la-qualite-de-leau-de-la-plage-de-parlee-conseil-de-conservation-du-nouveau%e2%80%91brunswick\/\" target=\"_blank\" rel=\"noopener noreferrer\">Nouvelles r\u00e8gles de production des rapports sur la qualit\u00e9 de l\u2019eau de la plage de Parlee \u2014 Conseil de conservation du Nouveau Brunswick<\/a><\/p>\n<p>[\/vc_cta][\/vc_column][\/vc_row][vc_row][vc_column css=\u00a0\u00bb.vc_custom_1511201249579{margin-bottom: -40px !important;}\u00a0\u00bb][vc_text_separator title=\u00a0\u00bbDES P\u00caCHERIES DURABLES POUR DES COLLECTIVIT\u00c9S DURABLES\u00a0\u00bb][vc_empty_space][\/vc_column][\/vc_row][vc_row][vc_column width=\u00a0\u00bb2\/3&Prime;][vc_single_image image=\u00a0\u00bb137618&Prime; img_size=\u00a0\u00bb700 X 400&Prime; alignment=\u00a0\u00bbcenter\u00a0\u00bb style=\u00a0\u00bbvc_box_rounded\u00a0\u00bb][vc_column_text]Gr\u00e2ce \u00e0 ces solides relations, les responsables du Programme de conservation des aires marines ont \u00e9t\u00e9 en mesure de jouer un r\u00f4le de premier plan dans le suivi de la sant\u00e9 des ressources halieutiques et de travailler avec des parties prenantes pour d\u00e9terminer des m\u00e9thodes responsables de gestion des ressources marines.<\/p>\n<p>Lorsqu\u2019une crise des p\u00eaches s\u2019est sold\u00e9e par le moratoire de la morue du Nord de 1992, le CCNB a expliqu\u00e9 aux collectivit\u00e9s les causes de cette crise et propos\u00e9 des mod\u00e8les de gestion diff\u00e9rents dans un document intitul\u00e9\u00a0 <em>Beyond Crisis In The Fisheries: A Proposal for Community-based Ecological Fisheries Management<\/em>. (Au-del\u00e0 de crise : proposition pour une gestion \u00e9cologique des p\u00eaches communautaires).[\/vc_column_text][\/vc_column][vc_column width=\u00a0\u00bb1\/3&Prime; css=\u00a0\u00bb.vc_custom_1496344426754{margin-top: 30px !important;}\u00a0\u00bb][vc_cta h2=\u00a0\u00bbLes aires marines prot\u00e9g\u00e9es (AMP)\u00a0\u00bb h2_font_container=\u00a0\u00bbfont_size:20|color:%231e73be\u00a0\u00bb h2_use_theme_fonts=\u00a0\u00bbyes\u00a0\u00bb txt_align=\u00a0\u00bbcenter\u00a0\u00bb style=\u00a0\u00bboutline\u00a0\u00bb color=\u00a0\u00bbsky\u00a0\u00bb use_custom_fonts_h2=\u00a0\u00bbtrue\u00a0\u00bb css=\u00a0\u00bb.vc_custom_1561996499425{margin-top: -30px !important;padding-right: 7px !important;padding-left: 7px !important;}\u00a0\u00bb]<a href=\"https:\/\/www.conservationcouncil.ca\/en\/join-the-conservation-council-for-the-2019-musquash-paddle\/\" target=\"_blank\" rel=\"noopener noreferrer\">Inscrivez-vous \u00e0 la R\u00e9gate sur la Musquash du 13 juillet 2019<\/a><\/p>\n<p><a href=\"http:\/\/www.dfo-mpo.gc.ca\/oceans\/mpa-zpm\/index-eng.html\" target=\"_blank\" rel=\"noopener noreferrer\">Les AMP et leurs r\u00e8glements<\/a>[\/vc_cta][vc_cta h2=\u00a0\u00bbLes bassins hydrographiques\u00a0\u00bb h2_font_container=\u00a0\u00bbfont_size:20|color:%231e73be\u00a0\u00bb h2_use_theme_fonts=\u00a0\u00bbyes\u00a0\u00bb txt_align=\u00a0\u00bbcenter\u00a0\u00bb style=\u00a0\u00bboutline\u00a0\u00bb color=\u00a0\u00bbsky\u00a0\u00bb use_custom_fonts_h2=\u00a0\u00bbtrue\u00a0\u00bb css=\u00a0\u00bb.vc_custom_1561996571450{margin-top: -20px !important;margin-bottom: 40px !important;padding-right: 7px !important;padding-left: 7px !important;}\u00a0\u00bb]<a href=\"https:\/\/www.conservationcouncil.ca\/fr\/nos-programmes\/conservation-marine\/disparition-des-marais-salants\/\" target=\"_blank\" rel=\"noopener noreferrer\">Que signifie la disparition des marais salants?<\/a><\/p>\n<p><a href=\"http:\/\/www.conservationcouncil.ca\/whats-happening-in-our-estuaries-a-piece-of-the-puzzle\/\" target=\"_blank\" rel=\"noopener noreferrer\">Qu\u2019en est-il de nos estuaires?<\/a>[\/vc_cta][\/vc_column][\/vc_row][vc_row][vc_column css=\u00a0\u00bb.vc_custom_1511201352219{margin-top: 20px !important;}\u00a0\u00bb][vc_column_text css=\u00a0\u00bb.vc_custom_1561994202270{margin-top: -25px !important;}\u00a0\u00bb]<span lang=\"FR-CA\">Ce travail n\u2019est qu\u2019un seul exemple de la fonction de m\u00e9diateur du CCNB, qui a fait en sorte que le milieu scientifique et les associations de p\u00eacheurs du Nouveau?Brunswick, de la Nouvelle?\u00c9cosse et du Maine collaborent dans le cadre du concept de la cr\u00e9ation de p\u00eacheries durables pour des collectivit\u00e9s durables.<\/span><\/p>\n<p><span lang=\"FR-CA\">Lorsque des piscicultures ont envahi la baie de Fundy par centaines dans les ann\u00e9es 1980, le CCNB a \u00e9t\u00e9 la premi\u00e8re organisation de la r\u00e9gion \u00e0 pr\u00e9coniser des pratiques aquacoles durables et, pointant du doigt la crise qui paralysait les eaux de la Norv\u00e8ge \u00e0 ce moment-l\u00e0, a averti les parties concern\u00e9es de ce qui arriverait si l\u2019industrie continuait ses activit\u00e9s sans r\u00e8glement pertinent dans la baie.<\/span><\/p>\n<p><span lang=\"FR-CA\">Au fil des ans, le personnel du programme a acquis une expertise scientifique pratique de cette industrie et publi\u00e9 deux grands rapports sur les probl\u00e8mes li\u00e9s \u00e0 l\u2019aquaculture dans les eaux c\u00f4ti\u00e8res du Nouveau-Brunswick, ainsi que sur les solutions potentielles, et continue de contr\u00f4ler les pratiques actuelles et de promouvoir des solutions de rechange responsables.<\/span>[\/vc_column_text][\/vc_column][\/vc_row][vc_row][vc_column][vc_text_separator title=\u00a0\u00bbRESTAURER L\u2019HABITAT\u00a0\u00bb css=\u00a0\u00bb.vc_custom_1561994225694{margin-bottom: -10px !important;}\u00a0\u00bb][vc_empty_space][\/vc_column][\/vc_row][vc_row][vc_column width=\u00a0\u00bb1\/2&Prime;][vc_single_image image=\u00a0\u00bb141766&Prime; img_size=\u00a0\u00bb550 X 640&Prime; alignment=\u00a0\u00bbcenter\u00a0\u00bb style=\u00a0\u00bbvc_box_rounded\u00a0\u00bb][\/vc_column][vc_column width=\u00a0\u00bb1\/2&Prime;][vc_column_text css=\u00a0\u00bb.vc_custom_1561994250025{margin-top: -5px !important;}\u00a0\u00bb]<span lang=\"FR-CA\">Une autre contribution fondamentale du Programme de conservation des aires marines a \u00e9t\u00e9 l\u2019\u00e9valuation de la disparition d\u2019habitats essentiels et l\u2019\u00e9tablissement de possibilit\u00e9s de restaurer ces aires vitales sur le plan \u00e9cologique dans la baie de Fundy et le long de la c\u00f4te est du Nouveau-Brunswick.<\/span><\/p>\n<p><span lang=\"FR-CA\">Les r\u00e9sultats des recherches du CCNB concernant les coupe-mar\u00e9es ont suscit\u00e9 plusieurs projets de restauration de rivi\u00e8res dans la province; \u00e0 cet \u00e9gard, certaines initiatives du Programme de conservation des aires marines ont r\u00e9cemment \u00e9t\u00e9 couronn\u00e9es du succ\u00e8s \u00e0 la rivi\u00e8re Petitcodiac, sans oublier le retour des gaspareaux dans la rivi\u00e8re St. Croix.<\/span>[\/vc_column_text][\/vc_column][\/vc_row][vc_row][vc_column css=\u00a0\u00bb.vc_custom_1496344865849{margin-top: -15px !important;}\u00a0\u00bb][vc_column_text]<span lang=\"FR-CA\">Au milieu des ann\u00e9es 1990, le CCNB a collabor\u00e9 avec deux fondations am\u00e9ricaines \u00e0 la r\u00e9alisation d\u2019un important projet visant \u00e0 \u00e9valuer et \u00e0 restaurer le Golf du Maine canadien. Ce projet a donn\u00e9 lieu au lancement de la campagne d\u2019une d\u00e9cennie visant \u00e0 faire en sorte que l\u2019estuaire de la baie de Fundy le moins pr\u00e9serv\u00e9 sur le plan \u00e9cologique soit d\u00e9sign\u00e9 aire marine prot\u00e9g\u00e9e; cette initiative, qui a n\u00e9cessit\u00e9 la collaboration d\u2019associations de p\u00eacheurs r\u00e9gionales et de minist\u00e8res gouvernementaux, a \u00e9t\u00e9 approuv\u00e9e en 2006.<\/span><\/p>\n<p><span lang=\"FR-CA\">Depuis, la sentinelle de la baie de Fundy a organis\u00e9 chaque ann\u00e9e un excursion en canot ouverte au public sur l\u2019estuaire de la Musquash pour donner \u00e0 de nouveaux visiteurs l\u2019occasion de rendre hommage \u00e0 la richesse de la vie de nos marais salants et de se rendre r\u00e9ellement compte de la n\u00e9cessit\u00e9 de les prot\u00e9ger.<\/span>[\/vc_column_text][vc_text_separator title=\u00a0\u00bbUN AVENIR \u00c0 \u00c9CRIRE\u00a0\u00bb][vc_column_text]<span lang=\"FR-CA\">Ce ne sont l\u00e0 que quelques campagnes et projets entrepris \u00e0 ce jour dans le cadre du Programme de conservation des aires marines du CCNB. Il y aurait de nombreuses autres histoires \u00e0 relater et il y en aura encore bien d\u2019autres. <\/span><\/p>\n<p><span lang=\"FR-CA\">Comme la fondatrice du programme, Janice Harvey, le dit : \u00ab\u00a0Les victoires arrivent apr\u00e8s 10 ans. Elles prennent souvent du temps, et il faut en entretenir les r\u00e9sultats. D\u2019o\u00f9 l\u2019avantage d\u2019avoir une organisation de longue date comme le Conseil de conservation, qui se d\u00e9marque par sa continuit\u00e9 et son uniformit\u00e9 et poss\u00e8de la pers\u00e9v\u00e9rance n\u00e9cessaire pour mener \u00e0 bien ses projets jusqu\u2019au bout.\u00a0\u00bb<\/span>[\/vc_column_text][\/vc_column][\/vc_row][vc_row][vc_column][vc_column_text]<\/p>\n<p style=\"text-align: center;\"><iframe src=\"https:\/\/www.youtube.com\/embed\/UoQiP2EQOI4\" width=\"700\" height=\"500\" frameborder=\"0\" allowfullscreen=\"allowfullscreen\"><span style=\"display: inline-block; width: 0px; overflow: hidden; line-height: 0;\" data-mce-type=\"bookmark\" class=\"mce_SELRES_start\">?<\/span><\/iframe><\/p>\n<p>[\/vc_column_text][\/vc_column][\/vc_row]<\/p>\n","protected":false},"excerpt":{"rendered":"<p>[vc_row][vc_column][vc_column_text] [\/vc_column_text][vc_column_text]Depuis la cr\u00e9ation de son Programme de conservation des aires marines, en 1990, le Conseil de conservation du Nouveau-Brunswick (CCNB) fait figure de chef de file du maintien de la sant\u00e9 des \u00e9cosyst\u00e8mes de la baie de Fundy et des milieux marins qui longent les c\u00f4tes du Nouveau?Brunswick, jusqu\u2019au Golf du Maine. Le CCNB [&hellip;]<\/p>\n","protected":false},"author":9,"featured_media":3421,"parent":2214,"menu_order":0,"comment_status":"closed","ping_status":"closed","template":"","meta":{"site-sidebar-layout":"no-sidebar","site-content-layout":"plain-container","ast-site-content-layout":"default","site-content-style":"default","site-sidebar-style":"default","ast-global-header-display":"","ast-banner-title-visibility":"","ast-main-header-display":"","ast-hfb-above-header-display":"","ast-hfb-below-header-display":"","ast-hfb-mobile-header-display":"","site-post-title":"disabled","ast-breadcrumbs-content":"","ast-featured-img":"disabled","footer-sml-layout":"","ast-disable-related-posts":"","theme-transparent-header-meta":"default","adv-header-id-meta":"","stick-header-meta":"default","header-above-stick-meta":"","header-main-stick-meta":"","header-below-stick-meta":"","astra-migrate-meta-layouts":"default","ast-page-background-enabled":"default","ast-page-background-meta":{"desktop":{"background-color":"","background-image":"","background-repeat":"repeat","background-position":"center center","background-size":"auto","background-attachment":"scroll","background-type":"","background-media":"","overlay-type":"","overlay-color":"","overlay-opacity":"","overlay-gradient":""},"tablet":{"background-color":"","background-image":"","background-repeat":"repeat","background-position":"center center","background-size":"auto","background-attachment":"scroll","background-type":"","background-media":"","overlay-type":"","overlay-color":"","overlay-opacity":"","overlay-gradient":""},"mobile":{"background-color":"","background-image":"","background-repeat":"repeat","background-position":"center center","background-size":"auto","background-attachment":"scroll","background-type":"","background-media":"","overlay-type":"","overlay-color":"","overlay-opacity":"","overlay-gradient":""}},"ast-content-background-meta":{"desktop":{"background-color":"var(--ast-global-color-5)","background-image":"","background-repeat":"repeat","background-position":"center center","background-size":"auto","background-attachment":"scroll","background-type":"","background-media":"","overlay-type":"","overlay-color":"","overlay-opacity":"","overlay-gradient":""},"tablet":{"background-color":"var(--ast-global-color-5)","background-image":"","background-repeat":"repeat","background-position":"center center","background-size":"auto","background-attachment":"scroll","background-type":"","background-media":"","overlay-type":"","overlay-color":"","overlay-opacity":"","overlay-gradient":""},"mobile":{"background-color":"var(--ast-global-color-5)","background-image":"","background-repeat":"repeat","background-position":"center center","background-size":"auto","background-attachment":"scroll","background-type":"","background-media":"","overlay-type":"","overlay-color":"","overlay-opacity":"","overlay-gradient":""}},"footnotes":""},"class_list":["post-2249","page","type-page","status-publish","has-post-thumbnail","hentry"],"_links":{"self":[{"href":"https:\/\/www.conservationcouncil.ca\/fr\/wp-json\/wp\/v2\/pages\/2249","targetHints":{"allow":["GET"]}}],"collection":[{"href":"https:\/\/www.conservationcouncil.ca\/fr\/wp-json\/wp\/v2\/pages"}],"about":[{"href":"https:\/\/www.conservationcouncil.ca\/fr\/wp-json\/wp\/v2\/types\/page"}],"author":[{"embeddable":true,"href":"https:\/\/www.conservationcouncil.ca\/fr\/wp-json\/wp\/v2\/users\/9"}],"replies":[{"embeddable":true,"href":"https:\/\/www.conservationcouncil.ca\/fr\/wp-json\/wp\/v2\/comments?post=2249"}],"version-history":[{"count":0,"href":"https:\/\/www.conservationcouncil.ca\/fr\/wp-json\/wp\/v2\/pages\/2249\/revisions"}],"up":[{"embeddable":true,"href":"https:\/\/www.conservationcouncil.ca\/fr\/wp-json\/wp\/v2\/pages\/2214"}],"wp:featuredmedia":[{"embeddable":true,"href":"https:\/\/www.conservationcouncil.ca\/fr\/wp-json\/wp\/v2\/media\/3421"}],"wp:attachment":[{"href":"https:\/\/www.conservationcouncil.ca\/fr\/wp-json\/wp\/v2\/media?parent=2249"}],"curies":[{"name":"wp","href":"https:\/\/api.w.org\/{rel}","templated":true}]}}