{"id":2242,"date":"2013-02-19T23:59:26","date_gmt":"2013-02-20T03:59:26","guid":{"rendered":"http:\/\/www.conservationcouncil.ca\/?page_id=2242"},"modified":"2021-08-27T13:18:04","modified_gmt":"2021-08-27T16:18:04","slug":"aire-marine-protegee-de-musquash-2","status":"publish","type":"page","link":"https:\/\/www.conservationcouncil.ca\/fr\/aire-marine-protegee-de-musquash-2\/","title":{"rendered":"Aire marine prot\u00e9g\u00e9e de Musquash"},"content":{"rendered":"<p>[vc_row][vc_column][vc_column_text]<\/p>\n<p style=\"text-align: center;\"><iframe src=\"https:\/\/www.youtube.com\/embed\/UoQiP2EQOI4\" width=\"700\" height=\"400\" frameborder=\"0\" allowfullscreen=\"allowfullscreen\"><span style=\"display: inline-block; width: 0px; overflow: hidden; line-height: 0;\" data-mce-type=\"bookmark\" class=\"mce_SELRES_start\">?<\/span><\/iframe><\/p>\n<p><strong>\u00c0 propos de la Musquash<\/strong><\/p>\n<p>En 1997, le Conseil de conservation du Nouveau-Brunswick (CCNB) s\u2019est joint \u00e0 deux de ses partenaires du Golf du Maine des \u00c9.-U., l\u2019Island Institute et la Conservation Law Foundation, pour entreprendre le projet de restauration des estuaires du Golf du Maine sous les auspices de Restore America\u2019s Estuaries, une initiative de l\u2019organisme am\u00e9ricain The Pew Charitable Trusts. Son travail initial consistait \u00e0 \u00e9valuer l\u2019habitat d\u2019importants estuaires du Golf du Maine. Lors de son \u00e9valuation de l\u2019habitat des 12 estuaires canadiens du Golf du Maine (Disparition de l\u2019habitat, 1998) le CCNB a d\u00e9couvert que tous les estuaires de la baie de Fundy avaient \u00e9t\u00e9 consid\u00e9rablement modifi\u00e9s et que leur fonction \u00e9cologique s\u2019\u00e9tait d\u00e9t\u00e9rior\u00e9e, \u00e0 l\u2019exception d\u2019un seul. Situ\u00e9 \u00e0 20\u00a0kilom\u00e8tres \u00e0 l\u2019Ouest de Saint John, la ville industrialis\u00e9e la plus grande et la plus pollu\u00e9e du Nouveau-Brunswick, l\u2019estuaire de la Musquash se d\u00e9marquait par son degr\u00e9 de pr\u00e9servation et sa relative virginit\u00e9.<\/p>\n<p style=\"text-align: center;\"><a href=\"https:\/\/www.conservationcouncil.ca\/fr\/nos-programmes\/conservation-marine\/\"><strong>Pour en savoir davantage sur nos 50\u00a0ann\u00e9es de protection et de promotion de nos magnifiques aires marines, cliquez ici<\/strong><\/a><\/p>\n<figure id=\"attachment_6876\" aria-describedby=\"caption-attachment-6876\" style=\"width: 600px\" class=\"wp-caption aligncenter\"><img fetchpriority=\"high\" decoding=\"async\" class=\"wp-image-6876\" src=\"http:\/\/www.conservationcouncil.ca\/wp-content\/uploads\/2015\/11\/bay-of-fundy-aerials-3555.jpg\" alt=\"Salt Marsh, Musquash Estuary Marine Protected Area, New Brunswick. Nick Hawkins \/ Conservation Council of New Brunswick \" width=\"600\" height=\"400\" srcset=\"https:\/\/www.conservationcouncil.ca\/wp-content\/uploads\/2015\/11\/bay-of-fundy-aerials-3555.jpg 1024w, https:\/\/www.conservationcouncil.ca\/wp-content\/uploads\/2015\/11\/bay-of-fundy-aerials-3555-600x400.jpg 600w, https:\/\/www.conservationcouncil.ca\/wp-content\/uploads\/2015\/11\/bay-of-fundy-aerials-3555-300x200.jpg 300w\" sizes=\"(max-width: 600px) 100vw, 600px\" \/><figcaption id=\"caption-attachment-6876\" class=\"wp-caption-text\"><em>Marais salant, aire marine prot\u00e9g\u00e9e de l\u2019estuaire du Maine, Nouveau-Brunswick. Nick Hawkins \/ Conseil de conservation du Nouveau-Brunswick<\/em><\/figcaption><\/figure>\n<p>Au fil des ans, le travail entrepris par le CCNB et des organisations de p\u00eacheurs a permis d\u2019\u00e9viter le d\u00e9veloppement industriel de l\u2019estuaire, bien que celui-ci rel\u00e8ve de la comp\u00e9tence de la Soci\u00e9t\u00e9 du port de Saint John. Un terminal de gaz naturel liqu\u00e9fi\u00e9 (GNL) et un port houiller sont deux propositions qui n\u2019ont, par exemple, jamais vu le jour. Aujourd\u2019hui, la Musquash conserve la majorit\u00e9 de ses caract\u00e9ristiques physiques et \u00e9cologiques originales : il n\u2019y a aucune industrie le long de ses rives (si ce n\u2019est une centrale thermique sur un terrain adjacent) et le d\u00e9veloppement r\u00e9sidentiel y est minime.<\/p>\n<p style=\"text-align: center;\"><iframe src=\"https:\/\/www.youtube.com\/embed\/NWHZozIoI9I\" width=\"700\" height=\"400\" frameborder=\"0\" allowfullscreen=\"allowfullscreen\"><span style=\"display: inline-block; width: 0px; overflow: hidden; line-height: 0;\" data-mce-type=\"bookmark\" class=\"mce_SELRES_start\">?<\/span><\/iframe><\/p>\n<p>C\u2019est pourquoi il y a peu de sources de contamination de l\u2019estuaire; il serait possible d\u2019\u00e9liminer facilement celles qui existent, malgr\u00e9 les polluants atmosph\u00e9riques. Face aux pi\u00e8tres r\u00e9sultats de l\u2019\u00e9valuation de l\u2019habitat de l\u2019estuaire, et en raison du r\u00f4le essentiel des estuaires dans la productivit\u00e9 et la sant\u00e9 marines, le CCNB a lanc\u00e9 une campagne en 1998 pour faire en sorte que l\u2019estuaire de la Musquash soit prot\u00e9g\u00e9 en permanence du d\u00e9veloppement et de la d\u00e9t\u00e9rioration en \u00e9tant d\u00e9sign\u00e9 zone de protection marine (ZPM) en vertu de la <em>Loi sur les oc\u00e9ans<\/em> f\u00e9d\u00e9rale administr\u00e9e par le minist\u00e8re des P\u00eaches et des Oc\u00e9ans. L\u2019estuaire de la Musquash a \u00e9t\u00e9 officiellement d\u00e9sign\u00e9 aire marine prot\u00e9g\u00e9e en 2006.<\/p>\n<p><strong>R\u00e9gate annuelle sur la Musquash<\/strong><\/p>\n<figure id=\"attachment_143013\" aria-describedby=\"caption-attachment-143013\" style=\"width: 600px\" class=\"wp-caption aligncenter\"><img decoding=\"async\" class=\"wp-image-143013\" src=\"https:\/\/www.conservationcouncil.ca\/wp-content\/uploads\/2019\/06\/Liannes-Pics.-Musquash-Paddle-6-300x145.jpg\" alt=\"\" width=\"600\" height=\"289\" srcset=\"https:\/\/www.conservationcouncil.ca\/wp-content\/uploads\/2019\/06\/Liannes-Pics.-Musquash-Paddle-6-300x145.jpg 300w, https:\/\/www.conservationcouncil.ca\/wp-content\/uploads\/2019\/06\/Liannes-Pics.-Musquash-Paddle-6-768x371.jpg 768w, https:\/\/www.conservationcouncil.ca\/wp-content\/uploads\/2019\/06\/Liannes-Pics.-Musquash-Paddle-6-995x480.jpg 995w, https:\/\/www.conservationcouncil.ca\/wp-content\/uploads\/2019\/06\/Liannes-Pics.-Musquash-Paddle-6-600x289.jpg 600w, https:\/\/www.conservationcouncil.ca\/wp-content\/uploads\/2019\/06\/Liannes-Pics.-Musquash-Paddle-6.jpg 2048w\" sizes=\"(max-width: 600px) 100vw, 600px\" \/><figcaption id=\"caption-attachment-143013\" class=\"wp-caption-text\"><em>Pagayge lors de la superbe R\u00e9gate sur la Musquash<\/em><\/figcaption><\/figure>\n<p style=\"text-align: center;\"><a href=\"https:\/\/www.conservationcouncil.ca\/fr\/joignez-vous-au-conseil-de-conservation-pour-la-regate-sur-la-musquash-de-2019\/\"><strong>Inscrivez-vous \u00e0 la R\u00e9gate sur la Musquash du 13\u00a0juillet 2019 aujourd\u2019hui m\u00eame!<\/strong><\/a><\/p>\n<p><span lang=\"FR-CA\">Chaque ann\u00e9e, la sentinelle de la baie de Fundy organise la R\u00e9gate sur la Musquash, o\u00f9 vous?m\u00eame et votre famille \u00eates invit\u00e9s \u00e0 venir profiter de l\u2019estuaire en personne. C\u2019est l\u2019occasion unique d\u2019admirer la faune sauvage et les fabuleux paysages de l\u2019estuaire dans le confort de votre canot ou de votre kayak. Vous pouvez utiliser votre propre embarcation ou en louer une au point de d\u00e9part! Et ne manquez pas le barbecue en fin de journ\u00e9e, ni le coucher de soleil sur la plage noire. Pour obtenir davantage d\u2019information sur cet \u00e9v\u00e9nement, veuillez consulter Matt Abbott, par t\u00e9l\u00e9phone, au 506-529-8838, ou par courriel, \u00e0 : marine@conservationcouncil.ca.<\/span><\/p>\n<p><strong><span lang=\"FR-CA\">Randonn\u00e9e \u00e0 la Musquash<\/span><\/strong><\/p>\n<p><span lang=\"FR-CA\">Vous voulez explorer la Musquash \u00e0 pieds? C\u2019est justement \u00e0 cela que servent les nouveaux sentiers qui longent la Musquash, et qui vous emm\u00e8neront dans les for\u00eats c\u00f4ti\u00e8res moussues aux \u00e9poustouflantes vues sur l\u2019estuaire, les plages de galets, les vasi\u00e8res et les marais salants vierges de la Musquash. Prenez votre b\u00e2ton de marche et pr\u00e9parez-vous \u00e0 une aventure surr\u00e9aliste!<\/span>[\/vc_column_text][\/vc_column][\/vc_row]<\/p>\n","protected":false},"excerpt":{"rendered":"<p>[vc_row][vc_column][vc_column_text] ? \u00c0 propos de la Musquash En 1997, le Conseil de conservation du Nouveau-Brunswick (CCNB) s\u2019est joint \u00e0 deux de ses partenaires du Golf du Maine des \u00c9.-U., l\u2019Island Institute et la Conservation Law Foundation, pour entreprendre le projet de restauration des estuaires du Golf du Maine sous les auspices de Restore America\u2019s Estuaries, [&hellip;]<\/p>\n","protected":false},"author":9,"featured_media":0,"parent":0,"menu_order":0,"comment_status":"closed","ping_status":"closed","template":"","meta":{"site-sidebar-layout":"default","site-content-layout":"default","ast-site-content-layout":"default","site-content-style":"default","site-sidebar-style":"default","ast-global-header-display":"","ast-banner-title-visibility":"","ast-main-header-display":"","ast-hfb-above-header-display":"","ast-hfb-below-header-display":"","ast-hfb-mobile-header-display":"","site-post-title":"","ast-breadcrumbs-content":"","ast-featured-img":"","footer-sml-layout":"","ast-disable-related-posts":"","theme-transparent-header-meta":"default","adv-header-id-meta":"","stick-header-meta":"default","header-above-stick-meta":"","header-main-stick-meta":"","header-below-stick-meta":"","astra-migrate-meta-layouts":"default","ast-page-background-enabled":"default","ast-page-background-meta":{"desktop":{"background-color":"","background-image":"","background-repeat":"repeat","background-position":"center center","background-size":"auto","background-attachment":"scroll","background-type":"","background-media":"","overlay-type":"","overlay-color":"","overlay-opacity":"","overlay-gradient":""},"tablet":{"background-color":"","background-image":"","background-repeat":"repeat","background-position":"center center","background-size":"auto","background-attachment":"scroll","background-type":"","background-media":"","overlay-type":"","overlay-color":"","overlay-opacity":"","overlay-gradient":""},"mobile":{"background-color":"","background-image":"","background-repeat":"repeat","background-position":"center center","background-size":"auto","background-attachment":"scroll","background-type":"","background-media":"","overlay-type":"","overlay-color":"","overlay-opacity":"","overlay-gradient":""}},"ast-content-background-meta":{"desktop":{"background-color":"var(--ast-global-color-5)","background-image":"","background-repeat":"repeat","background-position":"center center","background-size":"auto","background-attachment":"scroll","background-type":"","background-media":"","overlay-type":"","overlay-color":"","overlay-opacity":"","overlay-gradient":""},"tablet":{"background-color":"var(--ast-global-color-5)","background-image":"","background-repeat":"repeat","background-position":"center center","background-size":"auto","background-attachment":"scroll","background-type":"","background-media":"","overlay-type":"","overlay-color":"","overlay-opacity":"","overlay-gradient":""},"mobile":{"background-color":"var(--ast-global-color-5)","background-image":"","background-repeat":"repeat","background-position":"center center","background-size":"auto","background-attachment":"scroll","background-type":"","background-media":"","overlay-type":"","overlay-color":"","overlay-opacity":"","overlay-gradient":""}},"footnotes":""},"class_list":["post-2242","page","type-page","status-publish","hentry"],"_links":{"self":[{"href":"https:\/\/www.conservationcouncil.ca\/fr\/wp-json\/wp\/v2\/pages\/2242","targetHints":{"allow":["GET"]}}],"collection":[{"href":"https:\/\/www.conservationcouncil.ca\/fr\/wp-json\/wp\/v2\/pages"}],"about":[{"href":"https:\/\/www.conservationcouncil.ca\/fr\/wp-json\/wp\/v2\/types\/page"}],"author":[{"embeddable":true,"href":"https:\/\/www.conservationcouncil.ca\/fr\/wp-json\/wp\/v2\/users\/9"}],"replies":[{"embeddable":true,"href":"https:\/\/www.conservationcouncil.ca\/fr\/wp-json\/wp\/v2\/comments?post=2242"}],"version-history":[{"count":0,"href":"https:\/\/www.conservationcouncil.ca\/fr\/wp-json\/wp\/v2\/pages\/2242\/revisions"}],"wp:attachment":[{"href":"https:\/\/www.conservationcouncil.ca\/fr\/wp-json\/wp\/v2\/media?parent=2242"}],"curies":[{"name":"wp","href":"https:\/\/api.w.org\/{rel}","templated":true}]}}