{"id":2240,"date":"2013-02-17T19:33:01","date_gmt":"2013-02-17T23:33:01","guid":{"rendered":"http:\/\/www.conservationcouncil.ca\/?page_id=2240"},"modified":"2017-01-06T13:23:06","modified_gmt":"2017-01-06T17:23:06","slug":"sentinelle-de-la-baie-de-fundy","status":"publish","type":"page","link":"https:\/\/www.conservationcouncil.ca\/fr\/nos-programmes\/sentinelle-de-la-baie-de-fundy\/","title":{"rendered":"Sentinelle de la baie de Fundy"},"content":{"rendered":"<p><a href=\"http:\/\/www.conservationcouncil.ca\/wp-content\/uploads\/2013\/02\/FundyBaykeeper_boat2.jpg\"><img fetchpriority=\"high\" decoding=\"async\" class=\"alignnone size-large wp-image-1031\" src=\"http:\/\/www.conservationcouncil.ca\/wp-content\/uploads\/2013\/02\/FundyBaykeeper_boat2-640x430.jpg\" alt=\"FundyBaykeeper_boat\" width=\"640\" height=\"430\" srcset=\"https:\/\/www.conservationcouncil.ca\/wp-content\/uploads\/2013\/02\/FundyBaykeeper_boat2-640x430.jpg 640w, https:\/\/www.conservationcouncil.ca\/wp-content\/uploads\/2013\/02\/FundyBaykeeper_boat2-600x404.jpg 600w, https:\/\/www.conservationcouncil.ca\/wp-content\/uploads\/2013\/02\/FundyBaykeeper_boat2-300x201.jpg 300w, https:\/\/www.conservationcouncil.ca\/wp-content\/uploads\/2013\/02\/FundyBaykeeper_boat2.jpg 722w\" sizes=\"(max-width: 640px) 100vw, 640px\" \/><\/a><\/p>\n<p>La sentinelle de la baie de Fundy travaille avec le Conseil de conservation \u00e0 la d\u00e9fense du droit de la population de vivre \u00e0 proximit\u00e9 d\u2019une baie de Fundy saine. Ce droit fait partie inh\u00e9rente des lois con\u00e7ues pour prot\u00e9ger l\u2019environnement marin et les esp\u00e8ces qui y vivent. Trop souvent, cependant, ces lois ne sont pas appliqu\u00e9es. \u00c0 la fois enqu\u00eateur, scientifique, d\u00e9fenseur et \u00e9ducateur, la sentinelle de la baie de Fundy s\u2019assure prioritairement que les lois environnementales sont mises en application comme les citoyens s\u2019attendent qu\u2019elles le soient.<\/p>\n<p><strong>Le bateau<\/strong><\/p>\n<p>La sentinelles de la baie de Fundy utilise un bateau bien identifi\u00e9 pour patrouiller le long des c\u00f4tes de la baie de Fundy, d\u2019Alma \u00e0 St.Stephen. Le but est de rep\u00e9rer et d\u2019enqu\u00eater sur les menaces environnementales et d\u2019agir pour les faire dispara\u00eetre. Le bateau (sentinelle de la baie\u00a0de Fundy) est un bateau \u00e0 moteur hors-bord Fibreglas Seabreeze de 19 pieds, construit \u00e0 Terre-Neuve en 1995. Il est \u00e9quip\u00e9 d&rsquo;un moteur \u00e0 4 temps hautement efficace de 50 CV.<\/p>\n<p>La ligne directe (appelez le 506 321-0429)<\/p>\n<p>La sentinelle de la baie de Fundy conserve une \u00ab ligne directe \u00bb afin que les citoyens puissent signaler toute pollution ou autre incident qui menace la baie de Fundy et ses esp\u00e8ces. La sentinelle enqu\u00eate sur ces rapports et relancent les autorit\u00e9s si n\u00e9cessaire. Les personnes qui rapportent un probl\u00e8me peuvent demeurer anonymes si elles le d\u00e9sirent.<\/p>\n<p><strong>Mise en application citoyenne<\/strong><\/p>\n<p>La sentinelle de la baie de Fundy conna\u00eet les lois qui visent \u00e0 prot\u00e9ger la baie de Fundy ainsi que les autorit\u00e9s charg\u00e9es d&rsquo;appliquer ces lois. Lorsque des violations sont mises \u00e0 jour, la sentinelle de la baie fait directement intervenir ces agents pour s\u2019assurer que les lois soient appliqu\u00e9es pour le public et pour la baie. Si les autorit\u00e9s n\u2019agissent pas, la sentinelle peut avoir recourt \u00e0 la justice pour s\u2019assurer que les lois adopt\u00e9es par notre Assembl\u00e9e et Parlement\u00a0soient respect\u00e9es.<br \/>\nL\u2019intendance<\/p>\n<p>Le gardien de la baie de Fundy sensibilise les citoyens au sujet la baie de Fundy afin que chacun puisse contribuer \u00e0 la d\u00e9fense de la baie ainsi qu&rsquo;\u00e0 la protection de ses ressources.<\/p>\n<p><strong>La Waterkeeper Alliance<\/strong><\/p>\n<p>Pour en savoir plus sur les diff\u00e9rents Waterkeepers \u00e0 travers le monde et comment en devenir un visitez le site internet de la Waterkeeper Alliance!<\/p>\n","protected":false},"excerpt":{"rendered":"<p>La sentinelle de la baie de Fundy travaille avec le Conseil de conservation \u00e0 la d\u00e9fense du droit de la population de vivre \u00e0 proximit\u00e9 d\u2019une baie de Fundy saine. Ce droit fait partie inh\u00e9rente des lois con\u00e7ues pour prot\u00e9ger l\u2019environnement marin et les esp\u00e8ces qui y vivent. Trop souvent, cependant, ces lois ne sont [&hellip;]<\/p>\n","protected":false},"author":9,"featured_media":1031,"parent":2214,"menu_order":0,"comment_status":"closed","ping_status":"closed","template":"","meta":{"site-sidebar-layout":"default","site-content-layout":"default","ast-site-content-layout":"default","site-content-style":"default","site-sidebar-style":"default","ast-global-header-display":"","ast-banner-title-visibility":"","ast-main-header-display":"","ast-hfb-above-header-display":"","ast-hfb-below-header-display":"","ast-hfb-mobile-header-display":"","site-post-title":"","ast-breadcrumbs-content":"","ast-featured-img":"","footer-sml-layout":"","ast-disable-related-posts":"","theme-transparent-header-meta":"default","adv-header-id-meta":"","stick-header-meta":"","header-above-stick-meta":"","header-main-stick-meta":"","header-below-stick-meta":"","astra-migrate-meta-layouts":"default","ast-page-background-enabled":"default","ast-page-background-meta":{"desktop":{"background-color":"","background-image":"","background-repeat":"repeat","background-position":"center center","background-size":"auto","background-attachment":"scroll","background-type":"","background-media":"","overlay-type":"","overlay-color":"","overlay-opacity":"","overlay-gradient":""},"tablet":{"background-color":"","background-image":"","background-repeat":"repeat","background-position":"center center","background-size":"auto","background-attachment":"scroll","background-type":"","background-media":"","overlay-type":"","overlay-color":"","overlay-opacity":"","overlay-gradient":""},"mobile":{"background-color":"","background-image":"","background-repeat":"repeat","background-position":"center center","background-size":"auto","background-attachment":"scroll","background-type":"","background-media":"","overlay-type":"","overlay-color":"","overlay-opacity":"","overlay-gradient":""}},"ast-content-background-meta":{"desktop":{"background-color":"var(--ast-global-color-5)","background-image":"","background-repeat":"repeat","background-position":"center center","background-size":"auto","background-attachment":"scroll","background-type":"","background-media":"","overlay-type":"","overlay-color":"","overlay-opacity":"","overlay-gradient":""},"tablet":{"background-color":"var(--ast-global-color-5)","background-image":"","background-repeat":"repeat","background-position":"center center","background-size":"auto","background-attachment":"scroll","background-type":"","background-media":"","overlay-type":"","overlay-color":"","overlay-opacity":"","overlay-gradient":""},"mobile":{"background-color":"var(--ast-global-color-5)","background-image":"","background-repeat":"repeat","background-position":"center center","background-size":"auto","background-attachment":"scroll","background-type":"","background-media":"","overlay-type":"","overlay-color":"","overlay-opacity":"","overlay-gradient":""}},"footnotes":""},"class_list":["post-2240","page","type-page","status-publish","has-post-thumbnail","hentry"],"_links":{"self":[{"href":"https:\/\/www.conservationcouncil.ca\/fr\/wp-json\/wp\/v2\/pages\/2240","targetHints":{"allow":["GET"]}}],"collection":[{"href":"https:\/\/www.conservationcouncil.ca\/fr\/wp-json\/wp\/v2\/pages"}],"about":[{"href":"https:\/\/www.conservationcouncil.ca\/fr\/wp-json\/wp\/v2\/types\/page"}],"author":[{"embeddable":true,"href":"https:\/\/www.conservationcouncil.ca\/fr\/wp-json\/wp\/v2\/users\/9"}],"replies":[{"embeddable":true,"href":"https:\/\/www.conservationcouncil.ca\/fr\/wp-json\/wp\/v2\/comments?post=2240"}],"version-history":[{"count":0,"href":"https:\/\/www.conservationcouncil.ca\/fr\/wp-json\/wp\/v2\/pages\/2240\/revisions"}],"up":[{"embeddable":true,"href":"https:\/\/www.conservationcouncil.ca\/fr\/wp-json\/wp\/v2\/pages\/2214"}],"wp:featuredmedia":[{"embeddable":true,"href":"https:\/\/www.conservationcouncil.ca\/fr\/wp-json\/wp\/v2\/media\/1031"}],"wp:attachment":[{"href":"https:\/\/www.conservationcouncil.ca\/fr\/wp-json\/wp\/v2\/media?parent=2240"}],"curies":[{"name":"wp","href":"https:\/\/api.w.org\/{rel}","templated":true}]}}