{"id":2238,"date":"2013-02-19T23:51:56","date_gmt":"2013-02-20T03:51:56","guid":{"rendered":"http:\/\/www.conservationcouncil.ca\/?page_id=2238"},"modified":"2015-01-12T14:36:18","modified_gmt":"2015-01-12T18:36:18","slug":"cartographie-de-lacces-au-fleuve-saint-jean","status":"publish","type":"page","link":"https:\/\/www.conservationcouncil.ca\/fr\/nos-programmes\/protection-de-leau-douce\/cartographie-de-lacces-au-fleuve-saint-jean\/","title":{"rendered":"Cartographie de l&rsquo;acc\u00e8s au fleuve Saint-Jean"},"content":{"rendered":"<p><a href=\"http:\/\/www.ibsltd.ca\/pub\/conservation_council\/wp-content\/uploads\/2013\/02\/SJR-above-Mactaquac.jpg\"><img fetchpriority=\"high\" decoding=\"async\" class=\"alignnone  wp-image-1061\" alt=\"SJR above Mactaquac\" src=\"http:\/\/www.ibsltd.ca\/pub\/conservation_council\/wp-content\/uploads\/2013\/02\/SJR-above-Mactaquac.jpg\" width=\"680\" height=\"400\" \/><\/a><\/p>\n<p>Le Conseil de conservation ravive l&rsquo;int\u00e9r\u00eat qui a \u00e9t\u00e9 port\u00e9 au fleuve Saint-Jean il y a 40 ans. A cette \u00e9poque, dans les ann\u00e9es 60, une grave pollution du fleuve avait \u00e9t\u00e9 \u00e0 l&rsquo;origine de la formation de notre organisation. Depuis lors, de nombreux progr\u00e8s ont \u00e9t\u00e9 accomplis en termes de nettoyage et, \u00a0bien qu&rsquo;il reste du travail, la situation actuelle est bien meilleure. Nous avons lanc\u00e9 ce projet en 2011 et, avec le Canadian Rivers Institute et WWF-Canada, nous avons co-organis\u00e9 la visite de huit communaut\u00e9s (lien vers le rapport) avec afin de discuter des probl\u00e8mes locaux et des mesures prioritaires \u00e0 prendre.<\/p>\n<figure style=\"width: 300px\" class=\"wp-caption alignright\"><a href=\"http:\/\/www.ibsltd.ca\/pub\/conservation_council\/wp-content\/uploads\/2013\/02\/Freshwater_Paddling.jpg\"><img decoding=\"async\" alt=\"The St. John River offers great paddling for both beginners and adventure seekers like Amy who, with her partner, Dave, traveled the entire length while on a recent North American paddling expedition.\" src=\"http:\/\/www.ibsltd.ca\/pub\/conservation_council\/wp-content\/uploads\/2013\/02\/Freshwater_Paddling-300x225.jpg\" width=\"300\" height=\"225\" \/><\/a><figcaption class=\"wp-caption-text\"><br \/>Le fleuve Saint-Jean offre d&rsquo;excellentes possibilit\u00e9s de pagayage que \u00e7a soit pour les d\u00e9butants ou encore les aventuriers confirm\u00e9s comme Amy et son partenaire Dave, qui ont, lors d&rsquo;une r\u00e9cente exp\u00e9dition nord-am\u00e9ricaine, pagay\u00e9 tout le long du fleuve.<\/figcaption><\/figure>\n<p>Une des choses qui a \u00e9t\u00e9 \u00e9nonc\u00e9e haut et fort est ce besoin de raviver la passion des gens pour le fleuve. Nous lui avons tourn\u00e9 le dos, pour ainsi dire, car nous n&rsquo;avons plus besoin des eaux pour nous nourrir ou transporter. Afin que l&rsquo;\u00e9tat de sant\u00e9 du fleuve Saint-Jean devienne une priorit\u00e9 pour les gouvernements et autres organismes de d\u00e9cision, la demande doit venir du public. Pour revendiquer un fleuve en bonne sant\u00e9, les gens doivent l&rsquo;appr\u00e9cier tel quel, et nous avons le sentiment que connaitre et s&rsquo;aventurer sur le fleuve constitue l&rsquo;\u00e9tape \u00e0 franchir pour r\u00e9tablir notre lien avec lui et ainsi favoriser ce sentiment d&rsquo;appartenance et sens de l&rsquo;intendance.<\/p>\n<p>Donc, avant toute chose, nous devons mettre les gens \u00e0 l&rsquo;eau!<\/p>\n<p>Nous sommes au stade pr\u00e9liminaire de d\u00e9veloppement \u00a0d&rsquo;un service de cartographie en ligne du fleuve Saint-Jean. Ce service renseignera les points d&rsquo;acc\u00e8s public, les campings ainsi que les lieux d&rsquo;int\u00e9r\u00eat \u00e9cologique, g\u00e9ologique ou encore les lieux qui poss\u00e8dent un int\u00e9r\u00eat pour l&rsquo;\u00e9conomie locale. Nous esp\u00e9rons \u00e9tendre l&rsquo;information disponible au fur et \u00e0 mesure pour devenir la source principale d&rsquo;informations en termes de possibilit\u00e9s r\u00e9cr\u00e9atives, du d\u00e9butant \u00e0 l&rsquo;aventurier.<\/p>\n<p>Pour plus d&rsquo;informations sur ce projet, veuillez contacter Stephanie Merill, Directeur de programme: wateratconservationcouncil.ca; 506.458.8748.<\/p>\n<p>&nbsp;<\/p>\n<p>&nbsp;<\/p>\n<p>&nbsp;<\/p>\n","protected":false},"excerpt":{"rendered":"<p>Le Conseil de conservation ravive l&rsquo;int\u00e9r\u00eat qui a \u00e9t\u00e9 port\u00e9 au fleuve Saint-Jean il y a 40 ans. A cette \u00e9poque, dans les ann\u00e9es 60, une grave pollution du fleuve avait \u00e9t\u00e9 \u00e0 l&rsquo;origine de la formation de notre organisation. Depuis lors, de nombreux progr\u00e8s ont \u00e9t\u00e9 accomplis en termes de nettoyage et, \u00a0bien qu&rsquo;il [&hellip;]<\/p>\n","protected":false},"author":9,"featured_media":0,"parent":2235,"menu_order":0,"comment_status":"closed","ping_status":"closed","template":"","meta":{"site-sidebar-layout":"default","site-content-layout":"","ast-site-content-layout":"default","site-content-style":"default","site-sidebar-style":"default","ast-global-header-display":"","ast-banner-title-visibility":"","ast-main-header-display":"","ast-hfb-above-header-display":"","ast-hfb-below-header-display":"","ast-hfb-mobile-header-display":"","site-post-title":"","ast-breadcrumbs-content":"","ast-featured-img":"","footer-sml-layout":"","ast-disable-related-posts":"","theme-transparent-header-meta":"","adv-header-id-meta":"","stick-header-meta":"","header-above-stick-meta":"","header-main-stick-meta":"","header-below-stick-meta":"","astra-migrate-meta-layouts":"default","ast-page-background-enabled":"default","ast-page-background-meta":{"desktop":{"background-color":"","background-image":"","background-repeat":"repeat","background-position":"center center","background-size":"auto","background-attachment":"scroll","background-type":"","background-media":"","overlay-type":"","overlay-color":"","overlay-opacity":"","overlay-gradient":""},"tablet":{"background-color":"","background-image":"","background-repeat":"repeat","background-position":"center center","background-size":"auto","background-attachment":"scroll","background-type":"","background-media":"","overlay-type":"","overlay-color":"","overlay-opacity":"","overlay-gradient":""},"mobile":{"background-color":"","background-image":"","background-repeat":"repeat","background-position":"center center","background-size":"auto","background-attachment":"scroll","background-type":"","background-media":"","overlay-type":"","overlay-color":"","overlay-opacity":"","overlay-gradient":""}},"ast-content-background-meta":{"desktop":{"background-color":"var(--ast-global-color-5)","background-image":"","background-repeat":"repeat","background-position":"center center","background-size":"auto","background-attachment":"scroll","background-type":"","background-media":"","overlay-type":"","overlay-color":"","overlay-opacity":"","overlay-gradient":""},"tablet":{"background-color":"var(--ast-global-color-5)","background-image":"","background-repeat":"repeat","background-position":"center center","background-size":"auto","background-attachment":"scroll","background-type":"","background-media":"","overlay-type":"","overlay-color":"","overlay-opacity":"","overlay-gradient":""},"mobile":{"background-color":"var(--ast-global-color-5)","background-image":"","background-repeat":"repeat","background-position":"center center","background-size":"auto","background-attachment":"scroll","background-type":"","background-media":"","overlay-type":"","overlay-color":"","overlay-opacity":"","overlay-gradient":""}},"footnotes":""},"class_list":["post-2238","page","type-page","status-publish","hentry"],"_links":{"self":[{"href":"https:\/\/www.conservationcouncil.ca\/fr\/wp-json\/wp\/v2\/pages\/2238","targetHints":{"allow":["GET"]}}],"collection":[{"href":"https:\/\/www.conservationcouncil.ca\/fr\/wp-json\/wp\/v2\/pages"}],"about":[{"href":"https:\/\/www.conservationcouncil.ca\/fr\/wp-json\/wp\/v2\/types\/page"}],"author":[{"embeddable":true,"href":"https:\/\/www.conservationcouncil.ca\/fr\/wp-json\/wp\/v2\/users\/9"}],"replies":[{"embeddable":true,"href":"https:\/\/www.conservationcouncil.ca\/fr\/wp-json\/wp\/v2\/comments?post=2238"}],"version-history":[{"count":0,"href":"https:\/\/www.conservationcouncil.ca\/fr\/wp-json\/wp\/v2\/pages\/2238\/revisions"}],"up":[{"embeddable":true,"href":"https:\/\/www.conservationcouncil.ca\/fr\/wp-json\/wp\/v2\/pages\/2235"}],"wp:attachment":[{"href":"https:\/\/www.conservationcouncil.ca\/fr\/wp-json\/wp\/v2\/media?parent=2238"}],"curies":[{"name":"wp","href":"https:\/\/api.w.org\/{rel}","templated":true}]}}