{"id":2237,"date":"2013-02-27T20:49:21","date_gmt":"2015-01-12T18:36:18","guid":{"rendered":"http:\/\/www.conservationcouncil.ca\/?page_id=2237"},"modified":"2015-01-14T13:43:41","modified_gmt":"2015-01-14T17:43:41","slug":"bibliotheque-ressource-a-propos-du-gaz-de-schiste","status":"publish","type":"page","link":"https:\/\/www.conservationcouncil.ca\/fr\/shale-gas-alert\/bibliotheque-ressource-a-propos-du-gaz-de-schiste\/","title":{"rendered":"Biblioth\u00e8que ressource \u00e0 propos du gaz de schiste"},"content":{"rendered":"<p>La suivante est disponible seulement dans la langue(s) originale(s) de la ressource. <\/p>\n<p>Mise \u00e0 jour: 12 D\u00e9cembre 2014<\/p>\n<p><strong>Nouveau Brunswick<\/strong><\/p>\n<p>Government of New Brunswick. (2011-). <a href=\"http:\/\/www2.gnb.ca\/content\/gnb\/en\/corporate\/promo\/natural_gas_from_shale.html\">Natural Gas from Shale<\/a>.<\/p>\n<p>New Brunswick Department of Energy &amp; Mines. (2013-.) <a href=\"http:\/\/www.gnb.ca\/0078\/minerals\/ONG_Introduction-e.aspx#Legislation\"> Oil and Natural Gas Legislation<\/a>.<\/p>\n<p>Canada. House of Commons Standing Committee on Natural Resources. (2011, February 1). <a href=\" http:\/\/www.parl.gc.ca\/HousePublications\/Publication.aspx?DocId=4918403&amp;Language=E&amp;Mode=1&amp;Parl=40&amp;Ses=3\">Testimony on Unconventional Gas in Canada<\/a>, proceedings with Dr. Ingraffea, Cornell University and Bruce Northrup, NB Minister of Natural Resources.<\/p>\n<p>New Brunswick Anti-Shale Gas Alliance. <a href=\"http:\/\/protectalbertcounty.wordpress.com\/about-fracking\/fracking-fact-sheets\/\"><em>The Citizen&rsquo;s guide to shale gas<\/em><\/a>. An information package of over a dozen 2-page summaries of issues of concern to New Brunswickers. Also available <a href=\"https:\/\/www.dropbox.com\/sh\/w6bu3pfa5iz5i0b\/y5ViKa_WnU\">here.<\/a><\/p>\n<p>_______________________________<\/p>\n<p>Voici quelques-unes des derni\u00e8res \u00e9tudes sur le gaz de schiste, regroup\u00e9es sous les impacts et les questions d&rsquo;int\u00e9r\u00eat:<\/p>\n<p><strong> <a href=\"http:\/\/www.conservationcouncil.ca\/our-programs\/freshwater-protection\/shale-gas-alert\/shale-gas-resource-library\/shale-gas-resource-library-water\/\" title=\"Shale Gas Resource Library: Water\">Eau<\/a><br \/>\n<a href=\"http:\/\/www.conservationcouncil.ca\/our-programs\/freshwater-protection\/shale-gas-alert\/shale-gas-resource-library\/shale-gas-resource-library-health\/\" title=\"Shale Gas Resource Library: Health\">Sant\u00e9<\/a><br \/>\n<a href=\"http:\/\/www.conservationcouncil.ca\/our-programs\/freshwater-protection\/shale-gas-alert\/shale-gas-resource-library\/shale-gas-resource-library-air-pollution-climate-change\/\" title=\"Shale Gas Resource Library: Air Pollution &#038; Climate Change\">L&rsquo;aire&nbsp;&amp; changement climatique<\/a><br \/>\n<a href=\"http:\/\/www.conservationcouncil.ca\/our-programs\/freshwater-protection\/shale-gas-alert\/shale-gas-resource-library\/shale-gas-resource-library-rural-industrialization-social-upheaval-boombust\/\" title=\"Shale Gas Resource Library: Rural Industrialization &#038; Social Upheaval &#038; Boom\/Bust\">Industrialisation rurale et les bouleversements sociaux<\/a><br \/>\n<a href=\"http:\/\/www.conservationcouncil.ca\/our-programs\/freshwater-protection\/shale-gas-alert\/shale-gas-resource-library\/shale-gas-resource-library-economics\/\" title=\"Shale Gas Resource Library: Economics\"> \u00e9conomique <\/a><br \/>\n<a href=\"http:\/\/www.conservationcouncil.ca\/our-programs\/freshwater-protection\/shale-gas-alert\/shale-gas-resource-library\/shale-gas-resource-library-fracking-fluids\/\" title=\"Shale Gas Resource Library: Fracking Fluids\">Fluides de fracturation<\/a><br \/>\n<a href=\"http:\/\/www.conservationcouncil.ca\/our-programs\/freshwater-protection\/shale-gas-alert\/shale-gas-resource-library\/shale-gas-resource-library-earthquakes\/\" title=\"Shale Gas Resource Library: Earthquakes\">Tremblements de terre<\/a><br \/>\n<a href=\"http:\/\/www.conservationcouncil.ca\/our-programs\/freshwater-protection\/shale-gas-alert\/shale-gas-resource-library\/shale-gas-resource-library-shale-gas-violations\/\" title=\"Shale Gas Resource Library: Shale Gas Violations\">Violations du gaz shiste<\/a><\/strong><\/p>\n","protected":false},"excerpt":{"rendered":"<p>La suivante est disponible seulement dans la langue(s) originale(s) de la ressource. Mise \u00e0 jour: 12 D\u00e9cembre 2014 Nouveau Brunswick Government of New Brunswick. (2011-). Natural Gas from Shale. New Brunswick Department of Energy &amp; Mines. (2013-.) Oil and Natural Gas Legislation. Canada. House of Commons Standing Committee on Natural Resources. (2011, February 1). Testimony [&hellip;]<\/p>\n","protected":false},"author":9,"featured_media":0,"parent":2236,"menu_order":0,"comment_status":"closed","ping_status":"closed","template":"","meta":{"site-sidebar-layout":"default","site-content-layout":"","ast-site-content-layout":"default","site-content-style":"default","site-sidebar-style":"default","ast-global-header-display":"","ast-banner-title-visibility":"","ast-main-header-display":"","ast-hfb-above-header-display":"","ast-hfb-below-header-display":"","ast-hfb-mobile-header-display":"","site-post-title":"","ast-breadcrumbs-content":"","ast-featured-img":"","footer-sml-layout":"","ast-disable-related-posts":"","theme-transparent-header-meta":"","adv-header-id-meta":"","stick-header-meta":"","header-above-stick-meta":"","header-main-stick-meta":"","header-below-stick-meta":"","astra-migrate-meta-layouts":"default","ast-page-background-enabled":"default","ast-page-background-meta":{"desktop":{"background-color":"","background-image":"","background-repeat":"repeat","background-position":"center center","background-size":"auto","background-attachment":"scroll","background-type":"","background-media":"","overlay-type":"","overlay-color":"","overlay-opacity":"","overlay-gradient":""},"tablet":{"background-color":"","background-image":"","background-repeat":"repeat","background-position":"center center","background-size":"auto","background-attachment":"scroll","background-type":"","background-media":"","overlay-type":"","overlay-color":"","overlay-opacity":"","overlay-gradient":""},"mobile":{"background-color":"","background-image":"","background-repeat":"repeat","background-position":"center center","background-size":"auto","background-attachment":"scroll","background-type":"","background-media":"","overlay-type":"","overlay-color":"","overlay-opacity":"","overlay-gradient":""}},"ast-content-background-meta":{"desktop":{"background-color":"var(--ast-global-color-5)","background-image":"","background-repeat":"repeat","background-position":"center center","background-size":"auto","background-attachment":"scroll","background-type":"","background-media":"","overlay-type":"","overlay-color":"","overlay-opacity":"","overlay-gradient":""},"tablet":{"background-color":"var(--ast-global-color-5)","background-image":"","background-repeat":"repeat","background-position":"center center","background-size":"auto","background-attachment":"scroll","background-type":"","background-media":"","overlay-type":"","overlay-color":"","overlay-opacity":"","overlay-gradient":""},"mobile":{"background-color":"var(--ast-global-color-5)","background-image":"","background-repeat":"repeat","background-position":"center center","background-size":"auto","background-attachment":"scroll","background-type":"","background-media":"","overlay-type":"","overlay-color":"","overlay-opacity":"","overlay-gradient":""}},"footnotes":""},"class_list":["post-2237","page","type-page","status-publish","hentry"],"_links":{"self":[{"href":"https:\/\/www.conservationcouncil.ca\/fr\/wp-json\/wp\/v2\/pages\/2237","targetHints":{"allow":["GET"]}}],"collection":[{"href":"https:\/\/www.conservationcouncil.ca\/fr\/wp-json\/wp\/v2\/pages"}],"about":[{"href":"https:\/\/www.conservationcouncil.ca\/fr\/wp-json\/wp\/v2\/types\/page"}],"author":[{"embeddable":true,"href":"https:\/\/www.conservationcouncil.ca\/fr\/wp-json\/wp\/v2\/users\/9"}],"replies":[{"embeddable":true,"href":"https:\/\/www.conservationcouncil.ca\/fr\/wp-json\/wp\/v2\/comments?post=2237"}],"version-history":[{"count":0,"href":"https:\/\/www.conservationcouncil.ca\/fr\/wp-json\/wp\/v2\/pages\/2237\/revisions"}],"up":[{"embeddable":true,"href":"https:\/\/www.conservationcouncil.ca\/fr\/wp-json\/wp\/v2\/pages\/2236"}],"wp:attachment":[{"href":"https:\/\/www.conservationcouncil.ca\/fr\/wp-json\/wp\/v2\/media?parent=2237"}],"curies":[{"name":"wp","href":"https:\/\/api.w.org\/{rel}","templated":true}]}}