{"id":2236,"date":"2013-02-19T23:52:31","date_gmt":"2013-02-20T03:52:31","guid":{"rendered":"http:\/\/www.conservationcouncil.ca\/?page_id=2236"},"modified":"2015-01-16T13:47:07","modified_gmt":"2015-01-16T17:47:07","slug":"shale-gas-alert","status":"publish","type":"page","link":"https:\/\/www.conservationcouncil.ca\/fr\/shale-gas-alert\/","title":{"rendered":"Gaz de Shiste"},"content":{"rendered":"<p><strong>Succ\u00e8s!<\/strong> Aujourd&rsquo;hui, le gouvernement du Nouveau-Brunswick a adopt\u00e9 une l\u00e9gislation pour un moratoire sur la fracturation hydraulique pour le gaz de schiste.<\/p>\n<p>CCNB <a href=\"http:\/\/www.conservationcouncil.ca\/fr\/ccnb-felicite-le-premier-ministre-gallant-pour-son-leadership-sur-le-moratoire-sur-la-fracturation-hydraulique-2\/\">f\u00e9licite le premier ministre Gallant<\/a> pour son leadership sur le moratoire sur la fracturation hydraulique.<\/p>\n<p><a title=\"Sign the thank you message!\" href=\"http:\/\/connect.conservationcouncil.ca\/page\/speakout\/thank-you-premier\"><img fetchpriority=\"high\" decoding=\"async\" class=\"wp-image-4218 aligncenter\" src=\"http:\/\/www.conservationcouncil.ca\/wp-content\/uploads\/2014\/12\/thankgallantimage1-640x264.jpg\" alt=\"thankgallantimage\" width=\"596\" height=\"246\" \/><\/a><\/p>\n<p>Remercions le gouvernement Gallant de subventionner, par ce moratoire, l&rsquo;eau potable, l&rsquo;air respirable et des communaut\u00e9s saines. Commencez l&rsquo;envoi de votre message de remerciement en cliquant sur l&rsquo;image ci-dessus!<\/p>\n<p>&nbsp;<\/p>\n<p><a href=\"http:\/\/www.conservationcouncil.ca\/wp-content\/uploads\/2013\/02\/ShaleGas_banner1.jpeg\"><img decoding=\"async\" class=\"alignleft size-medium wp-image-1013\" src=\"http:\/\/www.conservationcouncil.ca\/wp-content\/uploads\/2013\/02\/ShaleGas_banner1-300x199.jpeg\" alt=\"Shale Gas Protest Banner\" width=\"300\" height=\"199\" srcset=\"https:\/\/www.conservationcouncil.ca\/wp-content\/uploads\/2013\/02\/ShaleGas_banner1-300x200.jpeg 300w, https:\/\/www.conservationcouncil.ca\/wp-content\/uploads\/2013\/02\/ShaleGas_banner1-600x400.jpeg 600w, https:\/\/www.conservationcouncil.ca\/wp-content\/uploads\/2013\/02\/ShaleGas_banner1-640x426.jpeg 640w, https:\/\/www.conservationcouncil.ca\/wp-content\/uploads\/2013\/02\/ShaleGas_banner1.jpeg 680w\" sizes=\"(max-width: 300px) 100vw, 300px\" \/><\/a>Le forage et la fracturation hydraulique pour l&rsquo;extraction du gaz de schiste figurent parmi les questions les plus d\u00e9battues de l&rsquo;histoire r\u00e9cente du Nouveau-Brunswick. C&rsquo;est en 2010 que les N\u00e9o-Brunswickois ont pris connaissance de la fracturation hydraulique du gaz de schiste, lorsque le minist\u00e8re des Ressources naturelles a attribu\u00e9 1M de terres, priv\u00e9es et publiques, \u00e0 SWN Ressources Canada pour l&rsquo;exploitation p\u00e9troli\u00e8re et gazi\u00e8re. Huit autres compagnies avaient d\u00e9j\u00e0 des licences ou baux pour l&rsquo;exploitation \u00e0 travers la province.<\/p>\n<figure id=\"attachment_981\" aria-describedby=\"caption-attachment-981\" style=\"width: 300px\" class=\"wp-caption alignright\"><a href=\"http:\/\/www.conservationcouncil.ca\/wp-content\/uploads\/2013\/02\/ShaleGas_ONGmapviewer.jpg\" target=\"_blank\"><img decoding=\"async\" class=\" wp-image-981 \" src=\"http:\/\/www.conservationcouncil.ca\/wp-content\/uploads\/2013\/02\/ShaleGas_ONGmapviewer.jpg\" alt=\"The current New Brunswick oil and gas rights holder map. Click to zoom onto an area of specific interest. Source: Service New Brunswick.\" width=\"300\" height=\"169\" srcset=\"https:\/\/www.conservationcouncil.ca\/wp-content\/uploads\/2013\/02\/ShaleGas_ONGmapviewer.jpg 1024w, https:\/\/www.conservationcouncil.ca\/wp-content\/uploads\/2013\/02\/ShaleGas_ONGmapviewer-600x339.jpg 600w, https:\/\/www.conservationcouncil.ca\/wp-content\/uploads\/2013\/02\/ShaleGas_ONGmapviewer-300x169.jpg 300w, https:\/\/www.conservationcouncil.ca\/wp-content\/uploads\/2013\/02\/ShaleGas_ONGmapviewer-640x361.jpg 640w\" sizes=\"(max-width: 300px) 100vw, 300px\" \/><\/a><figcaption id=\"caption-attachment-981\" class=\"wp-caption-text\">La carte actuelle des titulaires des droits d&rsquo;exploitation du p\u00e9trole et du gaz au Nouveau-Brunswick. Source: Service Nouveau Brunswick.<\/figcaption><\/figure>\n<p>La surface totale qui se trouve sous licences de recherche et baux pour l&rsquo;exploitation et la production de gaz dans la province traversent plus que 100 communaut\u00e9s \u2013 municipalit\u00e9s, communaut\u00e9s rurales et secteurs non constitu\u00e9s en municipalit\u00e9. Savez-vous si votre propri\u00e9t\u00e9 fonci\u00e8re ou votre communaut\u00e9 sera ou non touch\u00e9e par l&rsquo;industrie du p\u00e9troli\u00e8re et gazi\u00e8re? Vous pouvez consulter la carte ci-dessus afin d&rsquo;identifier les activit\u00e9s p\u00e9troli\u00e8res et gazi\u00e8res proches de chez vous.<\/p>\n<p>La campagne du CCNB \u201cAlerte au gaz de schiste\u201d a pour objectif de tenir les N\u00e9o-Brunswickois au courant des derniers d\u00e9veloppements, de leur fournir les derniers renseignements et informations scientifiques, mais aussi de rassembler les gens et les communaut\u00e9s afin de favoriser l&rsquo;apprentissage collectif et le partage des exp\u00e9riences.<\/p>\n<p><strong><a href=\"http:\/\/www.conservationcouncil.ca\/fr\/nos-programmes\/protection-de-leau-douce\/shale-gas-alert\/bibliotheque-ressource-a-propos-du-gaz-de-schiste\/\" title=\"Biblioth\u00e8que ressource \u00e0 propos du gaz de schiste\">Biblioth\u00e8que ressource \u00e0 propos du gaz de schiste<\/a><\/strong><\/p>\n<p>Il semblerait qu&rsquo;une nouvelle \u00e9tude sur l&rsquo;impact du gaz de schiste est publi\u00e9e chaque semaine. Visitez notre biblioth\u00e8que afin d&rsquo;obtenir les derni\u00e8res informations traitant des inqui\u00e9tudes quant \u00e0 la contamination de l&rsquo;eau, la gestion de l&rsquo;eau, la qualit\u00e9 de l&rsquo;air, la sant\u00e9 humaine, le changement climatique, les cons\u00e9quences sociales ou \u00e9conomiques et plus encore.<\/p>\n<p><strong>CCNB peut vous soutenir, vous et votre communaut\u00e9!<\/strong><\/p>\n<ul>\n<li>T\u00e9l\u00e9chargez le r\u00e9sum\u00e9 ex\u00e9cutif de notre rapport pr\u00e9liminaire \u00e0 propos du gaz de schiste [2010]<\/li>\n<li><a title=\"Contact Us\" href=\"http:\/\/www.conservationcouncil.ca\/fr\/a-propos-de-nous\/contactez-nous\/\">Nous<\/a> pouvons vous aider \u00e0 organiser des pr\u00e9sentations qui traitent de l&rsquo;impact environnemental et communautaire du d\u00e9veloppement du gaz de schiste et qui sont destin\u00e9es au conseil municipal, \u00e0 des groupes communautaires ou au grand public.<\/li>\n<li>Nous pouvons vous ajouter \u00e0 <a title=\"Sign-up for Updates from CCNB!\" href=\"http:\/\/connect.conservationcouncil.ca\/page\/signup\/\">une liste de diffusion<\/a> qui est utilis\u00e9e pour partager des articles de presse r\u00e9cents, des rapports pertinents ou encore des \u00e9v\u00e9nements communautaires.<\/li>\n<li><a title=\"Contact Us\" href=\"http:\/\/www.conservationcouncil.ca\/fr\/a-propos-de-nous\/contactez-nous\/\">Nous<\/a> pouvons vous mettre en contact avec une communaut\u00e9 locale active dans votre r\u00e9gion<\/li>\n<li>Sur notre page <a href=\"https:\/\/www.facebook.com\/ccnbshalegas\">Facebook d\u00e9di\u00e9e au gaz de schiste<\/a>, vous pouvez suivre les activit\u00e9s et recevoir rapidement les mises \u00e0 jour des recherches dans le domaine ; vous pouvez \u00e9galement visionner des pr\u00e9sentations donn\u00e9es par des conf\u00e9rienciers invit\u00e9s sur <a title=\"CCNB on YouTube\" href=\"http:\/\/www.youtube.com\/channel\/UCM0oV3s8OInL5N7cxYDlVVg\" target=\"_blank\">YouTube<\/a>\n<\/li>\n<\/ul>\n<p><a href=\"http:\/\/www.facebook.com\/ccnbshalegas\"><img loading=\"lazy\" decoding=\"async\" class=\"alignnone size-full wp-image-792\" src=\"http:\/\/www.conservationcouncil.ca\/wp-content\/uploads\/2013\/02\/facebook_32.png\" alt=\"facebook_32\" width=\"38\" height=\"32\" \/><\/a><a href=\"http:\/\/www.youtube.com\/channel\/UCM0oV3s8OInL5N7cxYDlVVg\"><img loading=\"lazy\" decoding=\"async\" class=\"alignnone size-full wp-image-789\" src=\"http:\/\/www.conservationcouncil.ca\/wp-content\/uploads\/2013\/02\/youtube_32.png\" alt=\"youtube_32\" width=\"38\" height=\"32\" \/><\/a><\/p>\n","protected":false},"excerpt":{"rendered":"<p>Succ\u00e8s! Aujourd&rsquo;hui, le gouvernement du Nouveau-Brunswick a adopt\u00e9 une l\u00e9gislation pour un moratoire sur la fracturation hydraulique pour le gaz de schiste. CCNB f\u00e9licite le premier ministre Gallant pour son leadership sur le moratoire sur la fracturation hydraulique. Remercions le gouvernement Gallant de subventionner, par ce moratoire, l&rsquo;eau potable, l&rsquo;air respirable et des communaut\u00e9s saines. [&hellip;]<\/p>\n","protected":false},"author":9,"featured_media":0,"parent":0,"menu_order":0,"comment_status":"closed","ping_status":"closed","template":"","meta":{"site-sidebar-layout":"default","site-content-layout":"default","ast-site-content-layout":"default","site-content-style":"default","site-sidebar-style":"default","ast-global-header-display":"","ast-banner-title-visibility":"","ast-main-header-display":"","ast-hfb-above-header-display":"","ast-hfb-below-header-display":"","ast-hfb-mobile-header-display":"","site-post-title":"","ast-breadcrumbs-content":"","ast-featured-img":"","footer-sml-layout":"","ast-disable-related-posts":"","theme-transparent-header-meta":"default","adv-header-id-meta":"","stick-header-meta":"","header-above-stick-meta":"","header-main-stick-meta":"","header-below-stick-meta":"","astra-migrate-meta-layouts":"default","ast-page-background-enabled":"default","ast-page-background-meta":{"desktop":{"background-color":"","background-image":"","background-repeat":"repeat","background-position":"center center","background-size":"auto","background-attachment":"scroll","background-type":"","background-media":"","overlay-type":"","overlay-color":"","overlay-opacity":"","overlay-gradient":""},"tablet":{"background-color":"","background-image":"","background-repeat":"repeat","background-position":"center center","background-size":"auto","background-attachment":"scroll","background-type":"","background-media":"","overlay-type":"","overlay-color":"","overlay-opacity":"","overlay-gradient":""},"mobile":{"background-color":"","background-image":"","background-repeat":"repeat","background-position":"center center","background-size":"auto","background-attachment":"scroll","background-type":"","background-media":"","overlay-type":"","overlay-color":"","overlay-opacity":"","overlay-gradient":""}},"ast-content-background-meta":{"desktop":{"background-color":"var(--ast-global-color-5)","background-image":"","background-repeat":"repeat","background-position":"center center","background-size":"auto","background-attachment":"scroll","background-type":"","background-media":"","overlay-type":"","overlay-color":"","overlay-opacity":"","overlay-gradient":""},"tablet":{"background-color":"var(--ast-global-color-5)","background-image":"","background-repeat":"repeat","background-position":"center center","background-size":"auto","background-attachment":"scroll","background-type":"","background-media":"","overlay-type":"","overlay-color":"","overlay-opacity":"","overlay-gradient":""},"mobile":{"background-color":"var(--ast-global-color-5)","background-image":"","background-repeat":"repeat","background-position":"center center","background-size":"auto","background-attachment":"scroll","background-type":"","background-media":"","overlay-type":"","overlay-color":"","overlay-opacity":"","overlay-gradient":""}},"footnotes":""},"class_list":["post-2236","page","type-page","status-publish","hentry"],"_links":{"self":[{"href":"https:\/\/www.conservationcouncil.ca\/fr\/wp-json\/wp\/v2\/pages\/2236","targetHints":{"allow":["GET"]}}],"collection":[{"href":"https:\/\/www.conservationcouncil.ca\/fr\/wp-json\/wp\/v2\/pages"}],"about":[{"href":"https:\/\/www.conservationcouncil.ca\/fr\/wp-json\/wp\/v2\/types\/page"}],"author":[{"embeddable":true,"href":"https:\/\/www.conservationcouncil.ca\/fr\/wp-json\/wp\/v2\/users\/9"}],"replies":[{"embeddable":true,"href":"https:\/\/www.conservationcouncil.ca\/fr\/wp-json\/wp\/v2\/comments?post=2236"}],"version-history":[{"count":0,"href":"https:\/\/www.conservationcouncil.ca\/fr\/wp-json\/wp\/v2\/pages\/2236\/revisions"}],"wp:attachment":[{"href":"https:\/\/www.conservationcouncil.ca\/fr\/wp-json\/wp\/v2\/media?parent=2236"}],"curies":[{"name":"wp","href":"https:\/\/api.w.org\/{rel}","templated":true}]}}