{"id":2235,"date":"2013-02-17T19:32:17","date_gmt":"2013-02-17T23:32:17","guid":{"rendered":"http:\/\/www.conservationcouncil.ca\/?page_id=2235"},"modified":"2017-01-06T13:22:13","modified_gmt":"2017-01-06T17:22:13","slug":"protection-de-leau-douce","status":"publish","type":"page","link":"https:\/\/www.conservationcouncil.ca\/fr\/nos-programmes\/protection-de-leau-douce\/","title":{"rendered":"Protection de l&rsquo;eau douce"},"content":{"rendered":"<p><a style=\"font-size: 13px; line-height: 19px;\" href=\"http:\/\/www.conservationcouncil.ca\/wp-content\/uploads\/2013\/02\/Freshwater_NashwaakclassA.jpg\"><img fetchpriority=\"high\" decoding=\"async\" class=\"alignnone size-large wp-image-950\" src=\"http:\/\/www.conservationcouncil.ca\/wp-content\/uploads\/2013\/02\/Freshwater_NashwaakclassA-640x361.jpg\" alt=\"Freshwater_NashwaakclassA\" width=\"640\" height=\"361\" srcset=\"https:\/\/www.conservationcouncil.ca\/wp-content\/uploads\/2013\/02\/Freshwater_NashwaakclassA-640x361.jpg 640w, https:\/\/www.conservationcouncil.ca\/wp-content\/uploads\/2013\/02\/Freshwater_NashwaakclassA-600x339.jpg 600w, https:\/\/www.conservationcouncil.ca\/wp-content\/uploads\/2013\/02\/Freshwater_NashwaakclassA-300x169.jpg 300w, https:\/\/www.conservationcouncil.ca\/wp-content\/uploads\/2013\/02\/Freshwater_NashwaakclassA.jpg 1005w\" sizes=\"(max-width: 640px) 100vw, 640px\" \/><\/a><\/p>\n<p>L&rsquo;eau est \u00e0 la base notre vie quotidienne, elle s&rsquo;\u00e9coule de fa\u00e7on dominante dans notre culture,\u00a0notre \u00e9conomie et notre environnement. Sa protection n&rsquo;a jamais \u00e9t\u00e9 aussi importante\u00a0qu&rsquo;aujourd&rsquo;hui. On peut dire que le changement climatique s&rsquo;est et continuera \u00e0 se manifester \u00e0\u00a0travers l&rsquo;eau. Au Nouveau-Brunswick, cela signifie soit trop d&rsquo;eau qu&rsquo;on ne sait pas g\u00e9rer, soit\u00a0trop peu d&rsquo;eau dans les moments o\u00f9 nous en avons d\u00e9sesp\u00e9r\u00e9ment besoin.<\/p>\n<p>Malgr\u00e9 cela, la province du Nouveau-Brunswick ne dispose pas encore d&rsquo;une strat\u00e9gie globale\u00a0pour g\u00e9rer nos ressources d&rsquo;eau douce.<\/p>\n<p>C&rsquo;est pourquoi, au lancement de notre programme de protection de l&rsquo;eau douce en 2010,\u00a0\u00abl&rsquo;eau\u00bb est devenue une priorit\u00e9 du Conseil de Conservation.<\/p>\n<p><strong>\u00c0 propos du programme<\/strong><\/p>\n<p>Le programme de protection de l&rsquo;eau douce du CCNB a \u00e9t\u00e9 d\u00e9velopp\u00e9 dans le but de jouer un\u00a0r\u00f4le cl\u00e9 dans l&rsquo;\u00e9laboration de nos politiques de l&rsquo;eau face \u00e0 la demande croissante de la soci\u00e9t\u00e9.\u00a0Le but de notre programme d&rsquo;eau douce est de plaider pour la gestion globale de nos bassins\u00a0versants et ressources en eau, impliquant la protection des fonctions \u00e9cologiques essentielles\u00a0et une importante mobilisation citoyenne importante dans ce processus de gestion.<\/p>\n<p>Depuis le lancement du programme, nous avons \u00e9t\u00e9 tr\u00e8s actifs dans le d\u00e9bat public \u00e0 propos\u00a0de la politique de l&rsquo;eau:<br \/>\n\u2022 Nous avons \u00e9t\u00e9 au c\u0153ur du d\u00e9bat public sur le gaz de schiste, soulevant des\u00a0inqui\u00e9tudes sur la soif d&rsquo;eau douce de l&rsquo;industrie, sur la production de vastes volumes d&rsquo;eaux\u00a0us\u00e9es toxiques produits, et sur la menace pour notre eau potable, les rivi\u00e8res, les lacs et les\u00a0ruisseaux.<\/p>\n<p>\u2022 Nous avons plaid\u00e9 en faveur de la protection des zones humides et avons d\u00e9fendu la\u00a0politique de conservation des terres humides du Nouveau-Brunswick, tout en faisant face \u00e0 la\u00a0d\u00e9r\u00e9glementation politique.<\/p>\n<p>\u2022 Nous avons travaill\u00e9 en \u00e9troite collaboration avec les associations des bassins versants\u00a0pour d\u00e9fendre le programme de classification des eaux. Il s&rsquo;agit d&rsquo;un programme d\u00e9velopp\u00e9\u00a0par la province et les groupes de bassins versants pour \u00e9laborer des normes ex\u00e9cutoires pour\u00a0la qualit\u00e9 de l&rsquo;eau, et ce pour un grand nombre de rivi\u00e8res de la province.<\/p>\n<p>\u2022 Avec les collectivit\u00e9s, nous avons assur\u00e9 la d\u00e9fense des eaux \u00e0 travers toute la province\u00a0dans le cadre des enjeux locaux telles que l&rsquo;industrie mini\u00e8re, foresti\u00e8re et les carri\u00e8res.<\/p>\n<p>\u2022 Nous avons redonn\u00e9 la priorit\u00e9 \u00e0 l&rsquo;engagement des communaut\u00e9s pour l&rsquo;\u00e9tat de sant\u00e9\u00a0du fleuve Saint-Jean. Pour ce faire, nous avons rendu visite \u00e0 huit communaut\u00e9s dans le but\u00a0d&rsquo;identifier les enjeux et les priorit\u00e9s pour l&rsquo;action locale.<\/p>\n<p>Tourn\u00e9 vers l&rsquo;avenir, notre programme de protection de l&rsquo;eau douce esp\u00e8re mettre l&rsquo;accent sur\u00a0l&rsquo;adaptation au changement climatique et l&rsquo;att\u00e9nuation de ses effets.<\/p>\n<p>&nbsp;<\/p>\n<p>Pour plus d&rsquo;informations sur le programme de protection de l&rsquo;eau douce, veuillez contacter\u00a0St\u00e9phanie Merrill, directeur du programme, au 506.458.8747 ou via courriel \u00e0 water [at]conservationcouncil [dot] ca.<\/p>\n","protected":false},"excerpt":{"rendered":"<p>L&rsquo;eau est \u00e0 la base notre vie quotidienne, elle s&rsquo;\u00e9coule de fa\u00e7on dominante dans notre culture,\u00a0notre \u00e9conomie et notre environnement. Sa protection n&rsquo;a jamais \u00e9t\u00e9 aussi importante\u00a0qu&rsquo;aujourd&rsquo;hui. On peut dire que le changement climatique s&rsquo;est et continuera \u00e0 se manifester \u00e0\u00a0travers l&rsquo;eau. Au Nouveau-Brunswick, cela signifie soit trop d&rsquo;eau qu&rsquo;on ne sait pas g\u00e9rer, soit\u00a0trop [&hellip;]<\/p>\n","protected":false},"author":9,"featured_media":950,"parent":2214,"menu_order":0,"comment_status":"closed","ping_status":"closed","template":"","meta":{"site-sidebar-layout":"default","site-content-layout":"default","ast-site-content-layout":"default","site-content-style":"default","site-sidebar-style":"default","ast-global-header-display":"","ast-banner-title-visibility":"","ast-main-header-display":"","ast-hfb-above-header-display":"","ast-hfb-below-header-display":"","ast-hfb-mobile-header-display":"","site-post-title":"","ast-breadcrumbs-content":"","ast-featured-img":"","footer-sml-layout":"","ast-disable-related-posts":"","theme-transparent-header-meta":"default","adv-header-id-meta":"","stick-header-meta":"","header-above-stick-meta":"","header-main-stick-meta":"","header-below-stick-meta":"","astra-migrate-meta-layouts":"default","ast-page-background-enabled":"default","ast-page-background-meta":{"desktop":{"background-color":"","background-image":"","background-repeat":"repeat","background-position":"center center","background-size":"auto","background-attachment":"scroll","background-type":"","background-media":"","overlay-type":"","overlay-color":"","overlay-opacity":"","overlay-gradient":""},"tablet":{"background-color":"","background-image":"","background-repeat":"repeat","background-position":"center center","background-size":"auto","background-attachment":"scroll","background-type":"","background-media":"","overlay-type":"","overlay-color":"","overlay-opacity":"","overlay-gradient":""},"mobile":{"background-color":"","background-image":"","background-repeat":"repeat","background-position":"center center","background-size":"auto","background-attachment":"scroll","background-type":"","background-media":"","overlay-type":"","overlay-color":"","overlay-opacity":"","overlay-gradient":""}},"ast-content-background-meta":{"desktop":{"background-color":"var(--ast-global-color-5)","background-image":"","background-repeat":"repeat","background-position":"center center","background-size":"auto","background-attachment":"scroll","background-type":"","background-media":"","overlay-type":"","overlay-color":"","overlay-opacity":"","overlay-gradient":""},"tablet":{"background-color":"var(--ast-global-color-5)","background-image":"","background-repeat":"repeat","background-position":"center center","background-size":"auto","background-attachment":"scroll","background-type":"","background-media":"","overlay-type":"","overlay-color":"","overlay-opacity":"","overlay-gradient":""},"mobile":{"background-color":"var(--ast-global-color-5)","background-image":"","background-repeat":"repeat","background-position":"center center","background-size":"auto","background-attachment":"scroll","background-type":"","background-media":"","overlay-type":"","overlay-color":"","overlay-opacity":"","overlay-gradient":""}},"footnotes":""},"class_list":["post-2235","page","type-page","status-publish","has-post-thumbnail","hentry"],"_links":{"self":[{"href":"https:\/\/www.conservationcouncil.ca\/fr\/wp-json\/wp\/v2\/pages\/2235","targetHints":{"allow":["GET"]}}],"collection":[{"href":"https:\/\/www.conservationcouncil.ca\/fr\/wp-json\/wp\/v2\/pages"}],"about":[{"href":"https:\/\/www.conservationcouncil.ca\/fr\/wp-json\/wp\/v2\/types\/page"}],"author":[{"embeddable":true,"href":"https:\/\/www.conservationcouncil.ca\/fr\/wp-json\/wp\/v2\/users\/9"}],"replies":[{"embeddable":true,"href":"https:\/\/www.conservationcouncil.ca\/fr\/wp-json\/wp\/v2\/comments?post=2235"}],"version-history":[{"count":0,"href":"https:\/\/www.conservationcouncil.ca\/fr\/wp-json\/wp\/v2\/pages\/2235\/revisions"}],"up":[{"embeddable":true,"href":"https:\/\/www.conservationcouncil.ca\/fr\/wp-json\/wp\/v2\/pages\/2214"}],"wp:featuredmedia":[{"embeddable":true,"href":"https:\/\/www.conservationcouncil.ca\/fr\/wp-json\/wp\/v2\/media\/950"}],"wp:attachment":[{"href":"https:\/\/www.conservationcouncil.ca\/fr\/wp-json\/wp\/v2\/media?parent=2235"}],"curies":[{"name":"wp","href":"https:\/\/api.w.org\/{rel}","templated":true}]}}