{"id":2234,"date":"2013-02-19T23:54:57","date_gmt":"2013-02-20T03:54:57","guid":{"rendered":"http:\/\/www.conservationcouncil.ca\/?page_id=2234"},"modified":"2015-01-12T14:35:04","modified_gmt":"2015-01-12T18:35:04","slug":"bassins-hydrographiques-forestiers","status":"publish","type":"page","link":"https:\/\/www.conservationcouncil.ca\/fr\/nos-programmes\/conservation-des-forets\/bassins-hydrographiques-forestiers\/","title":{"rendered":"Bassins hydrographiques forestiers"},"content":{"rendered":"<p><a href=\"http:\/\/www.conservationcouncil.ca\/wp-content\/uploads\/2013\/02\/Freshwater_watershed.jpg\"><img fetchpriority=\"high\" decoding=\"async\" class=\"alignnone size-full wp-image-1064\" alt=\"Freshwater_watershed\" src=\"http:\/\/www.conservationcouncil.ca\/wp-content\/uploads\/2013\/02\/Freshwater_watershed.jpg\" width=\"600\" height=\"403\" srcset=\"https:\/\/www.conservationcouncil.ca\/wp-content\/uploads\/2013\/02\/Freshwater_watershed.jpg 600w, https:\/\/www.conservationcouncil.ca\/wp-content\/uploads\/2013\/02\/Freshwater_watershed-300x201.jpg 300w\" sizes=\"(max-width: 600px) 100vw, 600px\" \/><\/a><\/p>\n<p>La source de plusieurs bassins versants de la province se situe dans les for\u00eats publiques loin des\u00a0zones d&rsquo;habitation et de d\u00e9veloppement. C\u2019est ainsi que les menaces principales pour la sant\u00e9 des\u00a0bassins versants proviennent de la gestion des for\u00eats, de l\u2019ampleur des coupes \u00e0 blanc et de la\u00a0r\u00e9colte de la biomasse jusqu\u2019au remplacement d\u2019\u00e9cosyst\u00e8mes complexes par de simples plantations\u00a0priv\u00e9es de mat\u00e9riaux ligneux grossiers et d\u2019autres particularit\u00e9s structurelles cruciales dans la\u00a0ma\u00eetrise de l\u2019\u00e9coulement des eaux.<\/p>\n<p>Il existe donc un besoin urgent de d\u00e9velopper des politiques de gestion foresti\u00e8re afin de restaurer et\u00a0prot\u00e9ger les bassins versants de la province, et ce en poursuivant des objectifs hydrologiques,\u00a0\u00e9cologiques et socio-\u00e9conomiques. Selon le gouvernement du Nouveau-Brunswick,\u00a0l\u2019approvisionnement en eau d\u2019environ 40 % de la population de la province provient des eaux de\u00a0surface des bassins versants. Malgr\u00e9 le fait que la for\u00eat acadienne du Nouveau-Brunswick joue un\u00a0r\u00f4le majeur dans la protection des ressources en eau douce, le r\u00e9gime actuel de gestion de la for\u00eat ne\u00a0contient aucun autre objectif de gestion des bassins versants que celui du maintien de petites zones\u00a0tampons riveraines entre les coupes \u00e0 blanc et les cours d\u2019eau.<\/p>\n<p>La disparition du couvert forestier suite aux coupes \u00e0 blanc et \u00e0 la transformation de la for\u00eat en\u00a0plantations ont d\u00e9grad\u00e9 la diversit\u00e9 biologique des \u00e9cosyst\u00e8mes d&rsquo;eau douce qui sont indispensables\u00a0\u00e0 la vie. Durant les 20 derni\u00e8res ann\u00e9es, pr\u00e8s de 40 % des terres publiques du Nouveau-Brunswick\u00a0ont \u00e9t\u00e9 coup\u00e9es \u00e0 blanc, avec 10 % des terres scarifi\u00e9es et pulv\u00e9ris\u00e9es pour en faire des plantations\u00a0d\u2019une ou de plusieurs esp\u00e8ces. La planification du type, de la grandeur et de la localisation des\u00a0coupes n\u2019a pas tenu compte de la protection des sources d\u2019eau douce. Bien que des zones tampons\u00a0soient exig\u00e9es le long des cours d\u2019eau, des rivi\u00e8res et des milieux humides, des coupes sont tout de\u00a0m\u00eame permises dans ces zones, qui sont alors sujettes \u00e0 de fortes pressions de r\u00e9colte.<\/p>\n<p>La responsabilit\u00e9 de la gestion des bassins versants revient au minist\u00e8re de l\u2019Environnement, tout\u00a0comme la gestion des modifications aux cours d\u2019eau et des sources ponctuelles et non ponctuelles\u00a0de pollution. De son c\u00f4t\u00e9, le minist\u00e8re des Ressources naturelles d\u00e9tient la responsabilit\u00e9 de la\u00a0gestion des for\u00eats sur les terres publiques, y inclus la gestion des bassins versants. Cette approche\u00a0fragment\u00e9e de la gestion des bassins versants a contribu\u00e9 aux probl\u00e8mes actuels. Toutefois, faisant\u00a0suite aux travaux des groupes des bassins versants et aux programmes du minist\u00e8re de\u00a0l\u2019Environnement, des progr\u00e8s en gestion sont r\u00e9alis\u00e9s en aval des bassins versants. Cependant, il\u00a0demeure encore une zone obscure au minist\u00e8re des Ressources naturelles, ainsi que dans les\u00a0objectifs que les plans de gestion foresti\u00e8re doivent r\u00e9aliser.<\/p>\n<p>Nos solutions<\/p>\n<p>Le Nouveau-Brunswick a besoin d\u2019une strat\u00e9gie provinciale de l\u2019eau. Une telle strat\u00e9gie devrait\u00a0comprendre une approche int\u00e9gr\u00e9e de la gestion durable de l\u2019eau et d\u00e9crire des strat\u00e9gies et des\u00a0actions sp\u00e9cifiques afin d&rsquo;aborder les enjeux actuels et futurs de l\u2019eau dans la province.\u00a0Une composante essentielle d\u2019une telle strat\u00e9gie provinciale est la reconnaissance du r\u00f4le que des\u00a0for\u00eats en sant\u00e9 jouent dans la protection de l\u2019eau douce. Les bassins versants devraient \u00eatre les\u00a0unit\u00e9s de gestion utilis\u00e9es sur les terres de la Couronne et des limites devraient \u00eatre introduites sur la\u00a0surface foresti\u00e8re qui peut \u00eatre exploit\u00e9e \u00e0 l\u2019int\u00e9rieur d\u2019un bassin versant durant une p\u00e9riode donn\u00e9e.\u00a0Cette approche faciliterait la transition vers une gestion int\u00e9gr\u00e9e des bassins versants dans le cadre\u00a0d\u2019une strat\u00e9gie provinciale de l\u2019eau.<\/p>\n<p>Plus concr\u00e8tement, il faut enti\u00e8rement cartographier et prot\u00e9ger les ruisselets \u00e9ph\u00e9m\u00e8res et\u00a0intermittents qui sont situ\u00e9s \u00e0 la source des rivi\u00e8res principales du Nouveau-Brunswick. Partout o\u00f9\u00a0c\u2019est possible, des zones tampons le long des rivi\u00e8res et des lacs doivent s\u2019\u00e9tendre au-del\u00e0 de leur\u00a0plaine d\u2019inondation, pour que les sols et la v\u00e9g\u00e9tation de celles-ci demeurent non d\u00e9t\u00e9rior\u00e9s. Les\u00a0zones tampons des rivi\u00e8res et des lacs devraient inclure une zone o\u00f9 l&rsquo;exploitation est interdite. Il est\u00a0aussi crucial, sp\u00e9cialement sur les pentes abruptes, que les zones tampons soient mesur\u00e9es \u00e0 partir\u00a0du sommet de la pente plut\u00f4t qu\u2019\u00e0 partir de la rive des cours d\u2019eau.<\/p>\n<p>Les mares temporaires doivent aussi \u00eatre prot\u00e9g\u00e9es. Les mares temporaires sont surtout situ\u00e9es dans\u00a0les for\u00eats et sont utilis\u00e9es presque exclusivement par certaines esp\u00e8ces d\u2019amphibiens et d\u2019insectes\u00a0pour leur reproduction et d\u2019autres activit\u00e9s. Le Nouveau-Brunswick tra\u00eene derri\u00e8re d\u2019autres autorit\u00e9s\u00a0(comme l\u2019\u00c9tat du Maine par exemple) dans le domaine de la protection des mares temporaires. Le\u00a0Nouveau-Brunswick doit suivre d\u2019autres comp\u00e9tences et d\u00e9velopper un programme qui identifie,\u00a0cartographie et prot\u00e8ge ses mares temporaires.<\/p>\n<p>Pour voir le plan d&rsquo;action au complet de protection pour les bassins versants, cliquez ici.\u00a0Pour voir le rapport du CCNB sur les bassins versants en p\u00e9ril au Nouveau-Brunswick, cliquez ici.<\/p>\n<p>Les cartes des bassins versants qui sont recouverts principalements par la for\u00eat publique (les terres\u00a0de la Couronne) sont aussi disponibles pour le t\u00e9l\u00e9chargement:<\/p>\n<p>rivi\u00e8re Digdeduash<br \/>\nrivi\u00e8re Jemseg<br \/>\nrivi\u00e8re Kouchibouguacis<br \/>\nrivi\u00e8re Lepreau<br \/>\nrivi\u00e8re Magaguadavic<br \/>\nrivi\u00e8re Nashwaak<br \/>\nrivi\u00e8re Nepisguit<br \/>\nrivi\u00e8re New<br \/>\nrivi\u00e8re Nord-ouest Miramichi<br \/>\nrivi\u00e8re Restigouche<br \/>\nrivi\u00e8re Sud-ouest Miramichi<br \/>\nrivi\u00e8re Tabusintac<br \/>\nrivi\u00e8re Washademoak<\/p>\n","protected":false},"excerpt":{"rendered":"<p>La source de plusieurs bassins versants de la province se situe dans les for\u00eats publiques loin des\u00a0zones d&rsquo;habitation et de d\u00e9veloppement. C\u2019est ainsi que les menaces principales pour la sant\u00e9 des\u00a0bassins versants proviennent de la gestion des for\u00eats, de l\u2019ampleur des coupes \u00e0 blanc et de la\u00a0r\u00e9colte de la biomasse jusqu\u2019au remplacement d\u2019\u00e9cosyst\u00e8mes complexes par [&hellip;]<\/p>\n","protected":false},"author":9,"featured_media":0,"parent":2229,"menu_order":0,"comment_status":"closed","ping_status":"closed","template":"","meta":{"site-sidebar-layout":"default","site-content-layout":"default","ast-site-content-layout":"default","site-content-style":"default","site-sidebar-style":"default","ast-global-header-display":"","ast-banner-title-visibility":"","ast-main-header-display":"","ast-hfb-above-header-display":"","ast-hfb-below-header-display":"","ast-hfb-mobile-header-display":"","site-post-title":"","ast-breadcrumbs-content":"","ast-featured-img":"","footer-sml-layout":"","ast-disable-related-posts":"","theme-transparent-header-meta":"default","adv-header-id-meta":"","stick-header-meta":"","header-above-stick-meta":"","header-main-stick-meta":"","header-below-stick-meta":"","astra-migrate-meta-layouts":"default","ast-page-background-enabled":"default","ast-page-background-meta":{"desktop":{"background-color":"","background-image":"","background-repeat":"repeat","background-position":"center center","background-size":"auto","background-attachment":"scroll","background-type":"","background-media":"","overlay-type":"","overlay-color":"","overlay-opacity":"","overlay-gradient":""},"tablet":{"background-color":"","background-image":"","background-repeat":"repeat","background-position":"center center","background-size":"auto","background-attachment":"scroll","background-type":"","background-media":"","overlay-type":"","overlay-color":"","overlay-opacity":"","overlay-gradient":""},"mobile":{"background-color":"","background-image":"","background-repeat":"repeat","background-position":"center center","background-size":"auto","background-attachment":"scroll","background-type":"","background-media":"","overlay-type":"","overlay-color":"","overlay-opacity":"","overlay-gradient":""}},"ast-content-background-meta":{"desktop":{"background-color":"var(--ast-global-color-5)","background-image":"","background-repeat":"repeat","background-position":"center center","background-size":"auto","background-attachment":"scroll","background-type":"","background-media":"","overlay-type":"","overlay-color":"","overlay-opacity":"","overlay-gradient":""},"tablet":{"background-color":"var(--ast-global-color-5)","background-image":"","background-repeat":"repeat","background-position":"center center","background-size":"auto","background-attachment":"scroll","background-type":"","background-media":"","overlay-type":"","overlay-color":"","overlay-opacity":"","overlay-gradient":""},"mobile":{"background-color":"var(--ast-global-color-5)","background-image":"","background-repeat":"repeat","background-position":"center center","background-size":"auto","background-attachment":"scroll","background-type":"","background-media":"","overlay-type":"","overlay-color":"","overlay-opacity":"","overlay-gradient":""}},"footnotes":""},"class_list":["post-2234","page","type-page","status-publish","hentry"],"_links":{"self":[{"href":"https:\/\/www.conservationcouncil.ca\/fr\/wp-json\/wp\/v2\/pages\/2234","targetHints":{"allow":["GET"]}}],"collection":[{"href":"https:\/\/www.conservationcouncil.ca\/fr\/wp-json\/wp\/v2\/pages"}],"about":[{"href":"https:\/\/www.conservationcouncil.ca\/fr\/wp-json\/wp\/v2\/types\/page"}],"author":[{"embeddable":true,"href":"https:\/\/www.conservationcouncil.ca\/fr\/wp-json\/wp\/v2\/users\/9"}],"replies":[{"embeddable":true,"href":"https:\/\/www.conservationcouncil.ca\/fr\/wp-json\/wp\/v2\/comments?post=2234"}],"version-history":[{"count":0,"href":"https:\/\/www.conservationcouncil.ca\/fr\/wp-json\/wp\/v2\/pages\/2234\/revisions"}],"up":[{"embeddable":true,"href":"https:\/\/www.conservationcouncil.ca\/fr\/wp-json\/wp\/v2\/pages\/2229"}],"wp:attachment":[{"href":"https:\/\/www.conservationcouncil.ca\/fr\/wp-json\/wp\/v2\/media?parent=2234"}],"curies":[{"name":"wp","href":"https:\/\/api.w.org\/{rel}","templated":true}]}}