{"id":2230,"date":"2013-02-19T23:53:38","date_gmt":"2013-02-20T03:53:38","guid":{"rendered":"http:\/\/www.conservationcouncil.ca\/?page_id=2230"},"modified":"2015-04-27T14:31:42","modified_gmt":"2015-04-27T17:31:42","slug":"interdisons-les-herbicides","status":"publish","type":"page","link":"https:\/\/www.conservationcouncil.ca\/fr\/nos-programmes\/conservation-des-forets\/interdisons-les-herbicides\/","title":{"rendered":"Interdisons les herbicides"},"content":{"rendered":"<p><a href=\"http:\/\/www.ibsltd.ca\/pub\/conservation_council\/wp-content\/uploads\/2013\/02\/foresticide_316.jpg\"><img fetchpriority=\"high\" decoding=\"async\" src=\"http:\/\/www.ibsltd.ca\/pub\/conservation_council\/wp-content\/uploads\/2013\/02\/foresticide_316-300x300.jpg\" alt=\"foresticide_316\" width=\"300\" height=\"300\" \/><\/a><\/p>\n<p><b>Interdisons les herbicides<\/b><\/p>\n<p>Au cours des ann\u00e9es, les vieux peuplements d\u2019\u00e9pinettes et de sapins, les magnifiques \u00e9rables et les cr\u00eates de bouleaux ont \u00e9t\u00e9 coup\u00e9s \u00e0 blanc, pulv\u00e9ris\u00e9s d&rsquo;herbicides et remplac\u00e9s par des plantations d\u2019arbres. Le nombre d&rsquo;\u00e9rables \u00e0 sucre, de ch\u00eanes rouges, bouleaux jaunes et h\u00eatres n&rsquo;a cess\u00e9 de d\u00e9cliner dans nos for\u00eats. Nous sommes en train d&rsquo;exterminer nos for\u00eats diversifi\u00e9es. Les herbicides tuent les feuillus, les sous-bois et les gramin\u00e9es et d\u00e9truisent ainsi les sources de nourriture et les habitats de plusieurs esp\u00e8ces vivant dans la for\u00eat.<\/p>\n<p>&nbsp;<\/p>\n<p>L&rsquo;herbicide le plus utilis\u00e9, le glyphosate, est actuellement soumis \u00e0 l&rsquo;examen \u00e0 Sant\u00e9 Canada. Cette \u00e9tude a \u00e9t\u00e9 initi\u00e9e \u00e0 la suite d&rsquo;un nombre de plus en plus important d&rsquo;<a href=\"http:\/\/www.ibsltd.ca\/pub\/conservation_council\/wp-content\/uploads\/2013\/02\/glyp.pdf\">\u00e9tudes scientifiques qui montrent les effets toxiques des glyphosates et de ses adjuvants associ\u00e9s<\/a> \u00e0 l&rsquo;\u00e9gard de nombreuses esp\u00e8ces incluant les humains. C&rsquo;est pourquoi le CCNB estime qu&rsquo;il faudrait appliquer le principe de pr\u00e9caution dans ce domaine. Les r\u00e9sultats de l&rsquo;\u00e9tude sont attendus pour 2014.<\/p>\n<p>Un grand nombre de N\u00e9o-Brunswickois sont \u00e9galement choqu\u00e9s d&rsquo;apprendre que nous payons pour pr\u00e9paration m\u00e9canique du terrain, la plantation et l&rsquo;\u00e9pandage de nos terres publiques. Selon les chiffres de Ressources naturelles Canada, le co\u00fbt de ces pratiques peut d\u00e9passer 1000 $\/ha.<\/p>\n<p>A raison de 1000 $ par hectare, les N\u00e9o-Brunswickois vont devoir d\u00e9bourser plus de 600 millions de dollars envers l&rsquo;industrie des p\u00e2tes et papiers dans les 50 prochaines ann\u00e9es afin de convertir de vastes \u00e9tendues de for\u00eats naturelles en plantantions artificielles et les pulv\u00e9riser d&rsquo;herbicides, et ce si l&rsquo;objectif de convertir 28% de notre for\u00eat en plantations est maintenu.<\/p>\n<p>Le Nouveau-Brunswick est le seul \u00e0 payer pour l&rsquo;\u00e9pandage de produits chimiques sur ses for\u00eats publiques. La Nouvelle-\u00c9cosse a annonc\u00e9 r\u00e9cemment qu&rsquo;elle ne financerait plus la pulv\u00e9risation d\u2019herbicides sur ses for\u00eats. En septembre dernier, l\u2019\u00ce.-P.-\u00c9 a d\u00e9clar\u00e9 qu&rsquo;elle vise \u00e0 ce que toutes les for\u00eats publiques par le Forest Stewardship Council (FSC), ce qui implique l&rsquo;interdiction des herbicides. Le Qu\u00e9bec a interdit la pulv\u00e9risation d\u2019herbicides sur toutes ses for\u00eats publiques en 2001.<\/p>\n<p>Le Nouveau-Brunswick pulv\u00e9rise des herbicides sur ses for\u00eats depuis 1970, au moment o\u00f9 les entreprises de p\u00e2tes et papiers furent autoris\u00e9es \u00e0 couper les for\u00eats naturelles \u00e0 blanc pour les remplacer par des plantations. Les pulv\u00e9risations ont lieu un ou deux ans apr\u00e8s la plantation. Les herbicides sont pulv\u00e9ris\u00e9s \u00e0 une ou deux reprises pour empoisonner les feuillus et les sous-bois qui entrent en comp\u00e9tition\u00a0 en termes d&rsquo;espace et de nutriments avec le bois d&rsquo;oeuvre plant\u00e9. La pulv\u00e9risation a lieu en ao\u00fbt et en septembre de chaque ann\u00e9e et dure environ 40 jours.<\/p>\n<p>En 2011, 4000 N\u00e9o-Brunswickois ont sign\u00e9 une p\u00e9tition pour dire non \u00e0 la pulv\u00e9risation de nos for\u00eats. Cette p\u00e9tition \u00e9tait la troisi\u00e8me p\u00e9tition contre l&rsquo;\u00e9pandage d&rsquo;herbicides pr\u00e9sent\u00e9e \u00e0 l&rsquo;Assembl\u00e9e l\u00e9gislative dans la derni\u00e8re d\u00e9cennie.<\/p>\n","protected":false},"excerpt":{"rendered":"<p>Interdisons les herbicides Au cours des ann\u00e9es, les vieux peuplements d\u2019\u00e9pinettes et de sapins, les magnifiques \u00e9rables et les cr\u00eates de bouleaux ont \u00e9t\u00e9 coup\u00e9s \u00e0 blanc, pulv\u00e9ris\u00e9s d&rsquo;herbicides et remplac\u00e9s par des plantations d\u2019arbres. Le nombre d&rsquo;\u00e9rables \u00e0 sucre, de ch\u00eanes rouges, bouleaux jaunes et h\u00eatres n&rsquo;a cess\u00e9 de d\u00e9cliner dans nos for\u00eats. Nous [&hellip;]<\/p>\n","protected":false},"author":9,"featured_media":0,"parent":2229,"menu_order":0,"comment_status":"closed","ping_status":"closed","template":"","meta":{"site-sidebar-layout":"default","site-content-layout":"","ast-site-content-layout":"default","site-content-style":"default","site-sidebar-style":"default","ast-global-header-display":"","ast-banner-title-visibility":"","ast-main-header-display":"","ast-hfb-above-header-display":"","ast-hfb-below-header-display":"","ast-hfb-mobile-header-display":"","site-post-title":"","ast-breadcrumbs-content":"","ast-featured-img":"","footer-sml-layout":"","ast-disable-related-posts":"","theme-transparent-header-meta":"","adv-header-id-meta":"","stick-header-meta":"","header-above-stick-meta":"","header-main-stick-meta":"","header-below-stick-meta":"","astra-migrate-meta-layouts":"default","ast-page-background-enabled":"default","ast-page-background-meta":{"desktop":{"background-color":"","background-image":"","background-repeat":"repeat","background-position":"center center","background-size":"auto","background-attachment":"scroll","background-type":"","background-media":"","overlay-type":"","overlay-color":"","overlay-opacity":"","overlay-gradient":""},"tablet":{"background-color":"","background-image":"","background-repeat":"repeat","background-position":"center center","background-size":"auto","background-attachment":"scroll","background-type":"","background-media":"","overlay-type":"","overlay-color":"","overlay-opacity":"","overlay-gradient":""},"mobile":{"background-color":"","background-image":"","background-repeat":"repeat","background-position":"center center","background-size":"auto","background-attachment":"scroll","background-type":"","background-media":"","overlay-type":"","overlay-color":"","overlay-opacity":"","overlay-gradient":""}},"ast-content-background-meta":{"desktop":{"background-color":"var(--ast-global-color-5)","background-image":"","background-repeat":"repeat","background-position":"center center","background-size":"auto","background-attachment":"scroll","background-type":"","background-media":"","overlay-type":"","overlay-color":"","overlay-opacity":"","overlay-gradient":""},"tablet":{"background-color":"var(--ast-global-color-5)","background-image":"","background-repeat":"repeat","background-position":"center center","background-size":"auto","background-attachment":"scroll","background-type":"","background-media":"","overlay-type":"","overlay-color":"","overlay-opacity":"","overlay-gradient":""},"mobile":{"background-color":"var(--ast-global-color-5)","background-image":"","background-repeat":"repeat","background-position":"center center","background-size":"auto","background-attachment":"scroll","background-type":"","background-media":"","overlay-type":"","overlay-color":"","overlay-opacity":"","overlay-gradient":""}},"footnotes":""},"class_list":["post-2230","page","type-page","status-publish","hentry"],"_links":{"self":[{"href":"https:\/\/www.conservationcouncil.ca\/fr\/wp-json\/wp\/v2\/pages\/2230","targetHints":{"allow":["GET"]}}],"collection":[{"href":"https:\/\/www.conservationcouncil.ca\/fr\/wp-json\/wp\/v2\/pages"}],"about":[{"href":"https:\/\/www.conservationcouncil.ca\/fr\/wp-json\/wp\/v2\/types\/page"}],"author":[{"embeddable":true,"href":"https:\/\/www.conservationcouncil.ca\/fr\/wp-json\/wp\/v2\/users\/9"}],"replies":[{"embeddable":true,"href":"https:\/\/www.conservationcouncil.ca\/fr\/wp-json\/wp\/v2\/comments?post=2230"}],"version-history":[{"count":0,"href":"https:\/\/www.conservationcouncil.ca\/fr\/wp-json\/wp\/v2\/pages\/2230\/revisions"}],"up":[{"embeddable":true,"href":"https:\/\/www.conservationcouncil.ca\/fr\/wp-json\/wp\/v2\/pages\/2229"}],"wp:attachment":[{"href":"https:\/\/www.conservationcouncil.ca\/fr\/wp-json\/wp\/v2\/media?parent=2230"}],"curies":[{"name":"wp","href":"https:\/\/api.w.org\/{rel}","templated":true}]}}