{"id":2229,"date":"2013-02-17T19:32:39","date_gmt":"2013-02-17T23:32:39","guid":{"rendered":"http:\/\/www.conservationcouncil.ca\/?page_id=2229"},"modified":"2015-04-27T14:28:26","modified_gmt":"2015-04-27T17:28:26","slug":"conservation-des-forets","status":"publish","type":"page","link":"https:\/\/www.conservationcouncil.ca\/fr\/nos-programmes\/conservation-des-forets\/","title":{"rendered":"Conservation des for\u00eats"},"content":{"rendered":"<p><img fetchpriority=\"high\" decoding=\"async\" class=\"alignnone size-full wp-image-454\" src=\"http:\/\/www.ibsltd.ca\/pub\/conservation_council\/wp-content\/uploads\/2013\/02\/forest.jpg\" alt=\"forest\" width=\"680\" height=\"400\" srcset=\"https:\/\/www.conservationcouncil.ca\/wp-content\/uploads\/2013\/02\/forest.jpg 680w, https:\/\/www.conservationcouncil.ca\/wp-content\/uploads\/2013\/02\/forest-600x353.jpg 600w, https:\/\/www.conservationcouncil.ca\/wp-content\/uploads\/2013\/02\/forest-300x176.jpg 300w\" sizes=\"(max-width: 680px) 100vw, 680px\" \/><\/p>\n<p>La for\u00eat acadienne a \u00e9t\u00e9 r\u00e9pertori\u00e9e comme une des six for\u00eats menac\u00e9es de l&rsquo;Am\u00e9rique du Nord. Le Nouveau-Brunswick comprend une grande partie de la for\u00eat acadienne. Afin de maintenir cette r\u00e9gion foresti\u00e8re unique, il est important de s&rsquo;assurer que la for\u00eat est g\u00e9r\u00e9e correctement. Commencez par d\u00e9couvrir la for\u00eat acadienne, d\u00e9couvrez pourquoi elle est menac\u00e9e et agissez pour nous aider \u00e0 pr\u00e9server ce pr\u00e9cieux cadeau.<\/p>\n<p>La gestion de la for\u00eat doit d&rsquo;abord et surtout assurer un habitat satisfaisant pour la faune, mais aussi tenir compte de la protection des ruisseaux et rivi\u00e8res, des impacts du changement climatique et de la diversit\u00e9 de la for\u00eat en termes d&rsquo;\u00e2ge et d&rsquo;esp\u00e8ces.<\/p>\n<p>Le 2014 plan de for\u00eat publique pr\u00e9voit de r\u00e9duire au moins de moiti\u00e9 les espaces d\u00e9di\u00e9s \u00e0 la faune sauvage, et ce afin de permettre \u00e0 l&rsquo;industrie de continuer les coupes au niveau actuel.<\/p>\n<p>Le plan aussi\u00a0pr\u00e9voit l&rsquo;extension massive de la pulv\u00e9risation d&rsquo;herbicides sur notre for\u00eat publique, et ce aux co\u00fbts du public. Cela fait suite \u00e0 la d\u00e9cision qui autorise le triplement de la surface des plantations de conif\u00e8res dans les aires de for\u00eat \u00e0 croissance naturelle. Avec pr\u00e8s de 90% de sa surface foresti\u00e8re sous propri\u00e9t\u00e9 publique, la province du Qu\u00e9bec a \u00e9cout\u00e9 les pr\u00e9occupations du public et a ainsi banni la pulv\u00e9risation d&rsquo;herbicides dans ses for\u00eats publiques en 2001.<\/p>\n<p>&nbsp;<\/p>\n","protected":false},"excerpt":{"rendered":"<p>La for\u00eat acadienne a \u00e9t\u00e9 r\u00e9pertori\u00e9e comme une des six for\u00eats menac\u00e9es de l&rsquo;Am\u00e9rique du Nord. Le Nouveau-Brunswick comprend une grande partie de la for\u00eat acadienne. Afin de maintenir cette r\u00e9gion foresti\u00e8re unique, il est important de s&rsquo;assurer que la for\u00eat est g\u00e9r\u00e9e correctement. Commencez par d\u00e9couvrir la for\u00eat acadienne, d\u00e9couvrez pourquoi elle est menac\u00e9e [&hellip;]<\/p>\n","protected":false},"author":9,"featured_media":454,"parent":2214,"menu_order":0,"comment_status":"closed","ping_status":"closed","template":"","meta":{"site-sidebar-layout":"default","site-content-layout":"default","ast-site-content-layout":"default","site-content-style":"default","site-sidebar-style":"default","ast-global-header-display":"","ast-banner-title-visibility":"","ast-main-header-display":"","ast-hfb-above-header-display":"","ast-hfb-below-header-display":"","ast-hfb-mobile-header-display":"","site-post-title":"","ast-breadcrumbs-content":"","ast-featured-img":"","footer-sml-layout":"","ast-disable-related-posts":"","theme-transparent-header-meta":"default","adv-header-id-meta":"","stick-header-meta":"","header-above-stick-meta":"","header-main-stick-meta":"","header-below-stick-meta":"","astra-migrate-meta-layouts":"default","ast-page-background-enabled":"default","ast-page-background-meta":{"desktop":{"background-color":"","background-image":"","background-repeat":"repeat","background-position":"center center","background-size":"auto","background-attachment":"scroll","background-type":"","background-media":"","overlay-type":"","overlay-color":"","overlay-opacity":"","overlay-gradient":""},"tablet":{"background-color":"","background-image":"","background-repeat":"repeat","background-position":"center center","background-size":"auto","background-attachment":"scroll","background-type":"","background-media":"","overlay-type":"","overlay-color":"","overlay-opacity":"","overlay-gradient":""},"mobile":{"background-color":"","background-image":"","background-repeat":"repeat","background-position":"center center","background-size":"auto","background-attachment":"scroll","background-type":"","background-media":"","overlay-type":"","overlay-color":"","overlay-opacity":"","overlay-gradient":""}},"ast-content-background-meta":{"desktop":{"background-color":"var(--ast-global-color-5)","background-image":"","background-repeat":"repeat","background-position":"center center","background-size":"auto","background-attachment":"scroll","background-type":"","background-media":"","overlay-type":"","overlay-color":"","overlay-opacity":"","overlay-gradient":""},"tablet":{"background-color":"var(--ast-global-color-5)","background-image":"","background-repeat":"repeat","background-position":"center center","background-size":"auto","background-attachment":"scroll","background-type":"","background-media":"","overlay-type":"","overlay-color":"","overlay-opacity":"","overlay-gradient":""},"mobile":{"background-color":"var(--ast-global-color-5)","background-image":"","background-repeat":"repeat","background-position":"center center","background-size":"auto","background-attachment":"scroll","background-type":"","background-media":"","overlay-type":"","overlay-color":"","overlay-opacity":"","overlay-gradient":""}},"footnotes":""},"class_list":["post-2229","page","type-page","status-publish","has-post-thumbnail","hentry"],"_links":{"self":[{"href":"https:\/\/www.conservationcouncil.ca\/fr\/wp-json\/wp\/v2\/pages\/2229","targetHints":{"allow":["GET"]}}],"collection":[{"href":"https:\/\/www.conservationcouncil.ca\/fr\/wp-json\/wp\/v2\/pages"}],"about":[{"href":"https:\/\/www.conservationcouncil.ca\/fr\/wp-json\/wp\/v2\/types\/page"}],"author":[{"embeddable":true,"href":"https:\/\/www.conservationcouncil.ca\/fr\/wp-json\/wp\/v2\/users\/9"}],"replies":[{"embeddable":true,"href":"https:\/\/www.conservationcouncil.ca\/fr\/wp-json\/wp\/v2\/comments?post=2229"}],"version-history":[{"count":0,"href":"https:\/\/www.conservationcouncil.ca\/fr\/wp-json\/wp\/v2\/pages\/2229\/revisions"}],"up":[{"embeddable":true,"href":"https:\/\/www.conservationcouncil.ca\/fr\/wp-json\/wp\/v2\/pages\/2214"}],"wp:featuredmedia":[{"embeddable":true,"href":"https:\/\/www.conservationcouncil.ca\/fr\/wp-json\/wp\/v2\/media\/454"}],"wp:attachment":[{"href":"https:\/\/www.conservationcouncil.ca\/fr\/wp-json\/wp\/v2\/media?parent=2229"}],"curies":[{"name":"wp","href":"https:\/\/api.w.org\/{rel}","templated":true}]}}