{"id":2228,"date":"2013-02-17T19:34:28","date_gmt":"2013-02-17T23:34:28","guid":{"rendered":"http:\/\/www.conservationcouncil.ca\/?page_id=2228"},"modified":"2017-01-06T13:07:43","modified_gmt":"2017-01-06T17:07:43","slug":"tous-les-enfants-dehors","status":"publish","type":"page","link":"https:\/\/www.conservationcouncil.ca\/fr\/nos-programmes\/communaute\/tous-les-enfants-dehors\/","title":{"rendered":"Tous les enfants dehors\u00a0!"},"content":{"rendered":"<p><img fetchpriority=\"high\" decoding=\"async\" class=\"size-full wp-image-11887 aligncenter\" src=\"http:\/\/www.conservationcouncil.ca\/wp-content\/uploads\/2013\/02\/NoChildLeftInside_banner-1.jpg\" alt=\"\" width=\"2048\" height=\"1536\" srcset=\"https:\/\/www.conservationcouncil.ca\/wp-content\/uploads\/2013\/02\/NoChildLeftInside_banner-1.jpg 1024w, https:\/\/www.conservationcouncil.ca\/wp-content\/uploads\/2013\/02\/NoChildLeftInside_banner-1-600x450.jpg 600w, https:\/\/www.conservationcouncil.ca\/wp-content\/uploads\/2013\/02\/NoChildLeftInside_banner-1-300x225.jpg 300w, https:\/\/www.conservationcouncil.ca\/wp-content\/uploads\/2013\/02\/NoChildLeftInside_banner-1-768x576.jpg 768w, https:\/\/www.conservationcouncil.ca\/wp-content\/uploads\/2013\/02\/NoChildLeftInside_banner-1-640x480.jpg 640w\" sizes=\"(max-width: 2048px) 100vw, 2048px\" \/><\/p>\n<p>[su_button url=\u00a0\u00bbhttp:\/\/www.learningoutsidefr.ca\/\u00a0\u00bb target=\u00a0\u00bbblank\u00a0\u00bb style=\u00a0\u00bbflat\u00a0\u00bb background=\u00a0\u00bb#0e87c5&Prime; size=\u00a0\u00bb5&Prime; icon=\u00a0\u00bbicon: users\u00a0\u00bb]Aller \u00e0 learningoutside.ca[\/su_button]<\/p>\n<p>&nbsp;<\/p>\n<p>Notre projet \u201cTous dehors pour apprendre\u201d aide les enfants du Nouveau-Brunswick \u00e0 se reconnecter avec la nature gr\u00e2ce au d\u00e9veloppement de moyens cr\u00e9atifs d&rsquo;int\u00e9grer la nature \u00e0 l&rsquo;enseignement de toutes les mati\u00e8res, et ce en cr\u00e9ant des espaces d&rsquo;apprentissage \u00e0 l&rsquo;exterieur et en fournissant des ressources et des opportunit\u00e9s de d\u00e9veloppement professionnel.<br \/>\nNous sommes convaincus que tous les enfants m\u00e9ritent d\u2019avoir l\u2019opportunit\u00e9 d\u2019apprendre en explorant la nature. Notre approche unique consiste \u00e0 int\u00e9grer la nature dans l\u2019exp\u00e9rience scolaire des enfants du Nouveau-Brunswick, et ce en int\u00e9grant l\u2019utilisation des salles de classes en plein air et les espaces naturels dans le programme scolaire existant.<br \/>\nNous facilitons cela en fournissant aux enseignants des opportunit\u00e9s de d\u00e9veloppement professionnel et des ressources, ainsi qu\u2019en encourageant le d\u00e9veloppement de salles de classe en plein air et d\u2019espaces verts dans ou pr\u00e8s des cours d\u2019\u00e9cole.<br \/>\nL\u2019id\u00e9e de cr\u00e9er ce projet r\u00e9sulte de la prise de conscience que les enfants d\u2019aujourd\u2019hui ont moins d\u2019opportunit\u00e9s d\u2019explorer et apprendre dans le monde naturel que les g\u00e9n\u00e9rations pr\u00e9c\u00e9dentes.<br \/>\nPour en savoir plus \u00e0 propos des projets passionnants organis\u00e9s dans les \u00e9coles de toute la province, et pour savoir ce que vous pouvez r\u00e9aliser dans votre \u00e9cole et comment le r\u00e9aliser, consultez notre site internet et contactez-nous \u00e0 info@conservationcouncil.ca.<\/p>\n","protected":false},"excerpt":{"rendered":"<p>[su_button url=\u00a0\u00bbhttp:\/\/www.learningoutsidefr.ca\/\u00a0\u00bb target=\u00a0\u00bbblank\u00a0\u00bb style=\u00a0\u00bbflat\u00a0\u00bb background=\u00a0\u00bb#0e87c5&Prime; size=\u00a0\u00bb5&Prime; icon=\u00a0\u00bbicon: users\u00a0\u00bb]Aller \u00e0 learningoutside.ca[\/su_button] &nbsp; Notre projet \u201cTous dehors pour apprendre\u201d aide les enfants du Nouveau-Brunswick \u00e0 se reconnecter avec la nature gr\u00e2ce au d\u00e9veloppement de moyens cr\u00e9atifs d&rsquo;int\u00e9grer la nature \u00e0 l&rsquo;enseignement de toutes les mati\u00e8res, et ce en cr\u00e9ant des espaces d&rsquo;apprentissage \u00e0 l&rsquo;exterieur et en fournissant [&hellip;]<\/p>\n","protected":false},"author":9,"featured_media":0,"parent":2223,"menu_order":0,"comment_status":"closed","ping_status":"closed","template":"","meta":{"site-sidebar-layout":"default","site-content-layout":"","ast-site-content-layout":"default","site-content-style":"default","site-sidebar-style":"default","ast-global-header-display":"","ast-banner-title-visibility":"","ast-main-header-display":"","ast-hfb-above-header-display":"","ast-hfb-below-header-display":"","ast-hfb-mobile-header-display":"","site-post-title":"","ast-breadcrumbs-content":"","ast-featured-img":"","footer-sml-layout":"","ast-disable-related-posts":"","theme-transparent-header-meta":"","adv-header-id-meta":"","stick-header-meta":"","header-above-stick-meta":"","header-main-stick-meta":"","header-below-stick-meta":"","astra-migrate-meta-layouts":"default","ast-page-background-enabled":"default","ast-page-background-meta":{"desktop":{"background-color":"","background-image":"","background-repeat":"repeat","background-position":"center center","background-size":"auto","background-attachment":"scroll","background-type":"","background-media":"","overlay-type":"","overlay-color":"","overlay-opacity":"","overlay-gradient":""},"tablet":{"background-color":"","background-image":"","background-repeat":"repeat","background-position":"center center","background-size":"auto","background-attachment":"scroll","background-type":"","background-media":"","overlay-type":"","overlay-color":"","overlay-opacity":"","overlay-gradient":""},"mobile":{"background-color":"","background-image":"","background-repeat":"repeat","background-position":"center center","background-size":"auto","background-attachment":"scroll","background-type":"","background-media":"","overlay-type":"","overlay-color":"","overlay-opacity":"","overlay-gradient":""}},"ast-content-background-meta":{"desktop":{"background-color":"var(--ast-global-color-5)","background-image":"","background-repeat":"repeat","background-position":"center center","background-size":"auto","background-attachment":"scroll","background-type":"","background-media":"","overlay-type":"","overlay-color":"","overlay-opacity":"","overlay-gradient":""},"tablet":{"background-color":"var(--ast-global-color-5)","background-image":"","background-repeat":"repeat","background-position":"center center","background-size":"auto","background-attachment":"scroll","background-type":"","background-media":"","overlay-type":"","overlay-color":"","overlay-opacity":"","overlay-gradient":""},"mobile":{"background-color":"var(--ast-global-color-5)","background-image":"","background-repeat":"repeat","background-position":"center center","background-size":"auto","background-attachment":"scroll","background-type":"","background-media":"","overlay-type":"","overlay-color":"","overlay-opacity":"","overlay-gradient":""}},"footnotes":""},"class_list":["post-2228","page","type-page","status-publish","hentry"],"_links":{"self":[{"href":"https:\/\/www.conservationcouncil.ca\/fr\/wp-json\/wp\/v2\/pages\/2228","targetHints":{"allow":["GET"]}}],"collection":[{"href":"https:\/\/www.conservationcouncil.ca\/fr\/wp-json\/wp\/v2\/pages"}],"about":[{"href":"https:\/\/www.conservationcouncil.ca\/fr\/wp-json\/wp\/v2\/types\/page"}],"author":[{"embeddable":true,"href":"https:\/\/www.conservationcouncil.ca\/fr\/wp-json\/wp\/v2\/users\/9"}],"replies":[{"embeddable":true,"href":"https:\/\/www.conservationcouncil.ca\/fr\/wp-json\/wp\/v2\/comments?post=2228"}],"version-history":[{"count":0,"href":"https:\/\/www.conservationcouncil.ca\/fr\/wp-json\/wp\/v2\/pages\/2228\/revisions"}],"up":[{"embeddable":true,"href":"https:\/\/www.conservationcouncil.ca\/fr\/wp-json\/wp\/v2\/pages\/2223"}],"wp:attachment":[{"href":"https:\/\/www.conservationcouncil.ca\/fr\/wp-json\/wp\/v2\/media?parent=2228"}],"curies":[{"name":"wp","href":"https:\/\/api.w.org\/{rel}","templated":true}]}}