{"id":2224,"date":"2013-02-20T00:27:00","date_gmt":"2013-02-20T04:27:00","guid":{"rendered":"http:\/\/www.conservationcouncil.ca\/?page_id=2224"},"modified":"2017-03-10T14:58:17","modified_gmt":"2017-03-10T18:58:17","slug":"manger-local-nb","status":"publish","type":"page","link":"https:\/\/www.conservationcouncil.ca\/fr\/nos-programmes\/communaute\/manger-local-nb\/","title":{"rendered":"Manger local NB"},"content":{"rendered":"<p>\u00e0 l&rsquo;heure pour la saison des r\u00e9coltes, l&rsquo;am\u00e9lioration de notre nouveau r\u00e9pertoire en ligne est maintenant disponible! Ce est un site autonome, alors allez visite <a title=\"Buy Local NB\" href=\"http:\/\/www.buylocalnb.ca\/fr\">http:\/\/www.buylocalnb.ca\/fr<\/a>!<\/p>\n<figure id=\"attachment_3440\" aria-describedby=\"caption-attachment-3440\" style=\"width: 640px\" class=\"wp-caption alignright\"><img fetchpriority=\"high\" decoding=\"async\" class=\" wp-image-3440 \" src=\"http:\/\/www.conservationcouncil.ca\/wp-content\/uploads\/2013\/02\/Website-Capture-640x296.png\" alt=\"Buy Local NB Website\" width=\"640\" height=\"296\" srcset=\"https:\/\/www.conservationcouncil.ca\/wp-content\/uploads\/2013\/02\/Website-Capture-640x296.png 640w, https:\/\/www.conservationcouncil.ca\/wp-content\/uploads\/2013\/02\/Website-Capture-600x278.png 600w, https:\/\/www.conservationcouncil.ca\/wp-content\/uploads\/2013\/02\/Website-Capture-300x138.png 300w, https:\/\/www.conservationcouncil.ca\/wp-content\/uploads\/2013\/02\/Website-Capture.png 1345w\" sizes=\"(max-width: 640px) 100vw, 640px\" \/><figcaption id=\"caption-attachment-3440\" class=\"wp-caption-text\">Manger local NB<\/figcaption><\/figure>\n<p>Ce projet a \u00e9t\u00e9 rendu possible gr\u00e2ce au soutien financier g\u00e9n\u00e9reux du minist\u00e8re de l&rsquo;Agriculture, des P\u00eaches et de l&rsquo;Aquaculture, la Fondation communautaire du Grand Saint John, Agence de promotion \u00e9conomique du Canada atlantique (APECA) et contributions priv\u00e9e.<\/p>\n<p>Nous avons maintenant la capacit\u00e9 de fournir aux r\u00e9sidents de &#8211; et les visiteurs \u00e0 &#8211; Nouveau-Brunswick, un outil dynamique pour promouvoir les produits locaux et d&rsquo;encourager l&rsquo;achat local. Ginger Designs \u00e0 Fredericton a cr\u00e9\u00e9 une nouvelle base de donn\u00e9es consultable et fonctionnelle des producteurs alimentaires locaux et les entreprises (photo ci-dessus). Avec l&rsquo;aide de beaucoup de nos coll\u00e8gues et des partenaires comme l&rsquo;Alliance agricole, National Farmers Union NB, Le R\u00e9seau d&rsquo;action de la s\u00e9curit\u00e9 alimentaire et d&rsquo;autres, <a title=\"Buy Local NB\" href=\"http:\/\/www.buylocalnb.ca\/fr\"> buylocalnb.ca\/fr<\/a> est l&rsquo;endroit o\u00f9 aller pour r\u00e9pondre \u00e0 votre fermier, trouver des aliments locaux, et les d\u00e9taillants qui vendent des produits cultiv\u00e9s et faites localement.<\/p>\n<p><img decoding=\"async\" src=\"http:\/\/www.conservationcouncil.ca\/wp-content\/uploads\/2013\/02\/bumper-sticker-banner-copy.png\" alt=\"Buy Local NB Bumper Stickers\" width=\"900\" height=\"300\" \/><\/p>\n<p>Aidez le Conseil de conservation du Nouveau-Brunswick \u00e0 financer le projet Manger local NB et montrez votre amour de l&rsquo;achat local! Pour un don minimum de 5 $ (frais de port inclus), vous recevrez le nouvellement con\u00e7u Manger local NB autocollant pour afficher fi\u00e8rement. Fait d&rsquo;haute qualit\u00e9 tous mat\u00e9riaux de la m\u00e9t\u00e9o, les autocollants sont endurants et peuvent \u00eatre utilis\u00e9s dans une gamme d&rsquo;applications. Placez-les sur votre voiture ou sur votre lieu de travail &#8211; c&rsquo;est \u00e0 vous!<\/p>\n<p>L&rsquo;objectif de cr\u00e9er et de distribuer ces autocollants est pour aider \u00e0 diffuser le message de l&rsquo;achat local au Nouveau-Brunswick. Pour un autocollant en anglais, cliquez sur le bouton Make a donation. Pour un autocollant de langue fran\u00e7aise, cliquez juste un don. Merci!<\/p>\n<form action=\"https:\/\/www.paypal.com\/cgi-bin\/webscr\" method=\"post\" target=\"_top\"><input alt=\"PayPal - The safer, easier way to pay online!\" name=\"submit\" src=\"https:\/\/www.paypalobjects.com\/en_US\/i\/btn\/btn_donateCC_LG.gif\" type=\"image\" \/><br \/>\n<img decoding=\"async\" src=\"https:\/\/www.paypalobjects.com\/en_US\/i\/scr\/pixel.gif\" alt=\"\" width=\"0\" height=\"0\" border=\"0\" \/><\/form>\n<form action=\"https:\/\/www.paypal.com\/cgi-bin\/webscr\" method=\"post\" target=\"_top\"><input alt=\"PayPal - la solution de paiement en ligne la plus simple et la plus s\u00e9curis\u00e9e !\" name=\"submit\" src=\"https:\/\/www.paypalobjects.com\/fr_CA\/i\/btn\/btn_donateCC_LG.gif\" type=\"image\" \/><br \/>\n<img loading=\"lazy\" decoding=\"async\" src=\"https:\/\/www.paypalobjects.com\/en_US\/i\/scr\/pixel.gif\" alt=\"\" width=\"1\" height=\"1\" border=\"0\" \/><\/form>\n<p>&nbsp;<\/p>\n<p>Vous cherchez \u00e0 faire un don et ramasser votre autocollant de voiture en char et en os? Cliquez sur le bouton \u00abOrder Here\u00ab ci-dessous et nous vous contacterons lorsque votre commande est pr\u00eate!<\/p>\n<p><a href=\"http:\/\/connect.conservationcouncil.ca\/page\/s\/buy-local-nb-bumper-sticker-order-form\"><img loading=\"lazy\" decoding=\"async\" src=\"http:\/\/www.conservationcouncil.ca\/wp-content\/uploads\/2013\/02\/ORDER-HERE-BUTTON-copy-3.png\" alt=\"ORDER HERE BUTTON copy 3\" width=\"100\" height=\"60\" \/><\/a><\/p>\n","protected":false},"excerpt":{"rendered":"<p>\u00e0 l&rsquo;heure pour la saison des r\u00e9coltes, l&rsquo;am\u00e9lioration de notre nouveau r\u00e9pertoire en ligne est maintenant disponible! Ce est un site autonome, alors allez visite http:\/\/www.buylocalnb.ca\/fr! Ce projet a \u00e9t\u00e9 rendu possible gr\u00e2ce au soutien financier g\u00e9n\u00e9reux du minist\u00e8re de l&rsquo;Agriculture, des P\u00eaches et de l&rsquo;Aquaculture, la Fondation communautaire du Grand Saint John, Agence de [&hellip;]<\/p>\n","protected":false},"author":9,"featured_media":12633,"parent":2223,"menu_order":0,"comment_status":"closed","ping_status":"closed","template":"","meta":{"site-sidebar-layout":"no-sidebar","site-content-layout":"plain-container","ast-site-content-layout":"default","site-content-style":"default","site-sidebar-style":"default","ast-global-header-display":"","ast-banner-title-visibility":"","ast-main-header-display":"","ast-hfb-above-header-display":"","ast-hfb-below-header-display":"","ast-hfb-mobile-header-display":"","site-post-title":"disabled","ast-breadcrumbs-content":"","ast-featured-img":"disabled","footer-sml-layout":"","ast-disable-related-posts":"","theme-transparent-header-meta":"default","adv-header-id-meta":"","stick-header-meta":"","header-above-stick-meta":"","header-main-stick-meta":"","header-below-stick-meta":"","astra-migrate-meta-layouts":"default","ast-page-background-enabled":"default","ast-page-background-meta":{"desktop":{"background-color":"","background-image":"","background-repeat":"repeat","background-position":"center center","background-size":"auto","background-attachment":"scroll","background-type":"","background-media":"","overlay-type":"","overlay-color":"","overlay-opacity":"","overlay-gradient":""},"tablet":{"background-color":"","background-image":"","background-repeat":"repeat","background-position":"center center","background-size":"auto","background-attachment":"scroll","background-type":"","background-media":"","overlay-type":"","overlay-color":"","overlay-opacity":"","overlay-gradient":""},"mobile":{"background-color":"","background-image":"","background-repeat":"repeat","background-position":"center center","background-size":"auto","background-attachment":"scroll","background-type":"","background-media":"","overlay-type":"","overlay-color":"","overlay-opacity":"","overlay-gradient":""}},"ast-content-background-meta":{"desktop":{"background-color":"var(--ast-global-color-5)","background-image":"","background-repeat":"repeat","background-position":"center center","background-size":"auto","background-attachment":"scroll","background-type":"","background-media":"","overlay-type":"","overlay-color":"","overlay-opacity":"","overlay-gradient":""},"tablet":{"background-color":"var(--ast-global-color-5)","background-image":"","background-repeat":"repeat","background-position":"center center","background-size":"auto","background-attachment":"scroll","background-type":"","background-media":"","overlay-type":"","overlay-color":"","overlay-opacity":"","overlay-gradient":""},"mobile":{"background-color":"var(--ast-global-color-5)","background-image":"","background-repeat":"repeat","background-position":"center center","background-size":"auto","background-attachment":"scroll","background-type":"","background-media":"","overlay-type":"","overlay-color":"","overlay-opacity":"","overlay-gradient":""}},"footnotes":""},"class_list":["post-2224","page","type-page","status-publish","has-post-thumbnail","hentry"],"_links":{"self":[{"href":"https:\/\/www.conservationcouncil.ca\/fr\/wp-json\/wp\/v2\/pages\/2224","targetHints":{"allow":["GET"]}}],"collection":[{"href":"https:\/\/www.conservationcouncil.ca\/fr\/wp-json\/wp\/v2\/pages"}],"about":[{"href":"https:\/\/www.conservationcouncil.ca\/fr\/wp-json\/wp\/v2\/types\/page"}],"author":[{"embeddable":true,"href":"https:\/\/www.conservationcouncil.ca\/fr\/wp-json\/wp\/v2\/users\/9"}],"replies":[{"embeddable":true,"href":"https:\/\/www.conservationcouncil.ca\/fr\/wp-json\/wp\/v2\/comments?post=2224"}],"version-history":[{"count":0,"href":"https:\/\/www.conservationcouncil.ca\/fr\/wp-json\/wp\/v2\/pages\/2224\/revisions"}],"up":[{"embeddable":true,"href":"https:\/\/www.conservationcouncil.ca\/fr\/wp-json\/wp\/v2\/pages\/2223"}],"wp:featuredmedia":[{"embeddable":true,"href":"https:\/\/www.conservationcouncil.ca\/fr\/wp-json\/wp\/v2\/media\/12633"}],"wp:attachment":[{"href":"https:\/\/www.conservationcouncil.ca\/fr\/wp-json\/wp\/v2\/media?parent=2224"}],"curies":[{"name":"wp","href":"https:\/\/api.w.org\/{rel}","templated":true}]}}