{"id":2223,"date":"2013-02-17T19:33:20","date_gmt":"2013-02-17T23:33:20","guid":{"rendered":"http:\/\/www.conservationcouncil.ca\/?page_id=2223"},"modified":"2017-01-06T13:13:23","modified_gmt":"2017-01-06T17:13:23","slug":"communaute","status":"publish","type":"page","link":"https:\/\/www.conservationcouncil.ca\/fr\/nos-programmes\/communaute\/","title":{"rendered":"Communaut\u00e9"},"content":{"rendered":"<p><img fetchpriority=\"high\" decoding=\"async\" class=\"alignleft size-full wp-image-7937\" src=\"http:\/\/www.conservationcouncil.ca\/wp-content\/uploads\/2013\/02\/children-looking-at-you.jpg\" alt=\"\" width=\"1500\" height=\"1000\" srcset=\"https:\/\/www.conservationcouncil.ca\/wp-content\/uploads\/2013\/02\/children-looking-at-you.jpg 1024w, https:\/\/www.conservationcouncil.ca\/wp-content\/uploads\/2013\/02\/children-looking-at-you-600x400.jpg 600w, https:\/\/www.conservationcouncil.ca\/wp-content\/uploads\/2013\/02\/children-looking-at-you-300x200.jpg 300w, https:\/\/www.conservationcouncil.ca\/wp-content\/uploads\/2013\/02\/children-looking-at-you-768x512.jpg 768w\" sizes=\"(max-width: 1500px) 100vw, 1500px\" \/><\/p>\n<p>CCNB est un groupe d&rsquo;action des citoyens qui cr\u00e9ent la conscience des probl\u00e8mes environnementaux et pr\u00e9conise des solutions \u00e0 travers la recherche, l&rsquo;\u00e9ducation et les interventions environnementales.<\/p>\n<p>Nous participons \u00e0 plusieurs initiatives communautaires, coalitions et mouvements pour l&rsquo;environnement:<\/p>\n<p>[su_button url=\u00a0\u00bb<a href=\"http:\/\/www.conservationcouncil.ca\/fr\/nos-programmes\/communaute\/tous-les-enfants-dehors\/\">http:\/\/www.conservationcouncil.ca\/our-programs\/community\/no-child-left-inside\/<\/a>\u00a0\u00bb style=\u00a0\u00bbflat\u00a0\u00bb background=\u00a0\u00bb#0e87c5&Prime; size=\u00a0\u00bb6&Prime;]Tous les enfants dehors ![\/su_button]<\/p>\n<p>[su_button url=\u00a0\u00bb<a href=\"http:\/\/www.conservationcouncil.ca\/fr\/nos-programmes\/communaute\/manger-local-nb\/\">http:\/\/www.conservationcouncil.ca\/our-programs\/community\/buy-local-nb\/<\/a>\u00a0\u00bb style=\u00a0\u00bbflat\u00a0\u00bb background=\u00a0\u00bb#084a05&Prime; size=\u00a0\u00bb5&Prime;]Manger Locale NB[\/su_button]<\/p>\n<p>[su_button url=\u00a0\u00bbhttp:\/\/renouvelablenb.ca\/fr\/\u00a0\u00bb style=\u00a0\u00bbflat\u00a0\u00bb background=\u00a0\u00bb#F1C40F\u00a0\u00bb size=\u00a0\u00bb5&Prime;]Renouvelable NB[\/su_button]<\/p>\n<p>&nbsp;<\/p>\n","protected":false},"excerpt":{"rendered":"<p>CCNB est un groupe d&rsquo;action des citoyens qui cr\u00e9ent la conscience des probl\u00e8mes environnementaux et pr\u00e9conise des solutions \u00e0 travers la recherche, l&rsquo;\u00e9ducation et les interventions environnementales. Nous participons \u00e0 plusieurs initiatives communautaires, coalitions et mouvements pour l&rsquo;environnement: [su_button url=\u00a0\u00bbhttp:\/\/www.conservationcouncil.ca\/our-programs\/community\/no-child-left-inside\/\u00a0\u00bb style=\u00a0\u00bbflat\u00a0\u00bb background=\u00a0\u00bb#0e87c5&Prime; size=\u00a0\u00bb6&Prime;]Tous les enfants dehors ![\/su_button] [su_button url=\u00a0\u00bbhttp:\/\/www.conservationcouncil.ca\/our-programs\/community\/buy-local-nb\/\u00a0\u00bb style=\u00a0\u00bbflat\u00a0\u00bb background=\u00a0\u00bb#084a05&Prime; size=\u00a0\u00bb5&Prime;]Manger Locale NB[\/su_button] [su_button [&hellip;]<\/p>\n","protected":false},"author":9,"featured_media":1042,"parent":2214,"menu_order":0,"comment_status":"closed","ping_status":"closed","template":"","meta":{"site-sidebar-layout":"default","site-content-layout":"","ast-site-content-layout":"default","site-content-style":"default","site-sidebar-style":"default","ast-global-header-display":"","ast-banner-title-visibility":"","ast-main-header-display":"","ast-hfb-above-header-display":"","ast-hfb-below-header-display":"","ast-hfb-mobile-header-display":"","site-post-title":"","ast-breadcrumbs-content":"","ast-featured-img":"","footer-sml-layout":"","ast-disable-related-posts":"","theme-transparent-header-meta":"","adv-header-id-meta":"","stick-header-meta":"","header-above-stick-meta":"","header-main-stick-meta":"","header-below-stick-meta":"","astra-migrate-meta-layouts":"default","ast-page-background-enabled":"default","ast-page-background-meta":{"desktop":{"background-color":"","background-image":"","background-repeat":"repeat","background-position":"center center","background-size":"auto","background-attachment":"scroll","background-type":"","background-media":"","overlay-type":"","overlay-color":"","overlay-opacity":"","overlay-gradient":""},"tablet":{"background-color":"","background-image":"","background-repeat":"repeat","background-position":"center center","background-size":"auto","background-attachment":"scroll","background-type":"","background-media":"","overlay-type":"","overlay-color":"","overlay-opacity":"","overlay-gradient":""},"mobile":{"background-color":"","background-image":"","background-repeat":"repeat","background-position":"center center","background-size":"auto","background-attachment":"scroll","background-type":"","background-media":"","overlay-type":"","overlay-color":"","overlay-opacity":"","overlay-gradient":""}},"ast-content-background-meta":{"desktop":{"background-color":"var(--ast-global-color-5)","background-image":"","background-repeat":"repeat","background-position":"center center","background-size":"auto","background-attachment":"scroll","background-type":"","background-media":"","overlay-type":"","overlay-color":"","overlay-opacity":"","overlay-gradient":""},"tablet":{"background-color":"var(--ast-global-color-5)","background-image":"","background-repeat":"repeat","background-position":"center center","background-size":"auto","background-attachment":"scroll","background-type":"","background-media":"","overlay-type":"","overlay-color":"","overlay-opacity":"","overlay-gradient":""},"mobile":{"background-color":"var(--ast-global-color-5)","background-image":"","background-repeat":"repeat","background-position":"center center","background-size":"auto","background-attachment":"scroll","background-type":"","background-media":"","overlay-type":"","overlay-color":"","overlay-opacity":"","overlay-gradient":""}},"footnotes":""},"class_list":["post-2223","page","type-page","status-publish","has-post-thumbnail","hentry"],"_links":{"self":[{"href":"https:\/\/www.conservationcouncil.ca\/fr\/wp-json\/wp\/v2\/pages\/2223","targetHints":{"allow":["GET"]}}],"collection":[{"href":"https:\/\/www.conservationcouncil.ca\/fr\/wp-json\/wp\/v2\/pages"}],"about":[{"href":"https:\/\/www.conservationcouncil.ca\/fr\/wp-json\/wp\/v2\/types\/page"}],"author":[{"embeddable":true,"href":"https:\/\/www.conservationcouncil.ca\/fr\/wp-json\/wp\/v2\/users\/9"}],"replies":[{"embeddable":true,"href":"https:\/\/www.conservationcouncil.ca\/fr\/wp-json\/wp\/v2\/comments?post=2223"}],"version-history":[{"count":0,"href":"https:\/\/www.conservationcouncil.ca\/fr\/wp-json\/wp\/v2\/pages\/2223\/revisions"}],"up":[{"embeddable":true,"href":"https:\/\/www.conservationcouncil.ca\/fr\/wp-json\/wp\/v2\/pages\/2214"}],"wp:featuredmedia":[{"embeddable":true,"href":"https:\/\/www.conservationcouncil.ca\/fr\/wp-json\/wp\/v2\/media\/1042"}],"wp:attachment":[{"href":"https:\/\/www.conservationcouncil.ca\/fr\/wp-json\/wp\/v2\/media?parent=2223"}],"curies":[{"name":"wp","href":"https:\/\/api.w.org\/{rel}","templated":true}]}}