{"id":2220,"date":"2013-02-20T00:22:55","date_gmt":"2013-02-20T04:22:55","guid":{"rendered":"http:\/\/www.conservationcouncil.ca\/?page_id=2220"},"modified":"2015-01-12T14:35:03","modified_gmt":"2015-01-12T18:35:03","slug":"efficacite-energetique","status":"publish","type":"page","link":"https:\/\/www.conservationcouncil.ca\/fr\/nos-programmes\/climat-et-energie\/efficacite-energetique\/","title":{"rendered":"Efficacit\u00e9 \u00e9nerg\u00e9tique"},"content":{"rendered":"<p>Notre province se vante parfois de poss\u00e9der certaines des plus belles et anciennes maisons du pays.\u00a0Cet h\u00e9ritage implique in\u00e9vitablement un co\u00fbt \u00e9nerg\u00e9rique caus\u00e9 par toutes les inefficacit\u00e9s\u00a0inh\u00e9rentes \u00e0 ces magnifiques anciennes structures. Malgr\u00e9 notre climat rigoureux, nous avons\u00a0encore des \u00e9difices qui sont totalement inad\u00e9quats en ce qui concerne leur isolation et leur\u00a0\u00e9tanch\u00e9it\u00e9, ce qui les rend \u00e0 la fois inefficace et incomfortables. Et pour comble, durant les ann\u00e9es\u00a060 et 70, une campagne m\u00e9diatique prosp\u00e8re a convaincu les propri\u00e9taires d\u2019abandonner le\u00a0chauffage au bois (alors une source de pollution de l\u2019air en particules \u2013 les po\u00ebles \u00e0 bois actuels ont\u00a0depuis lors \u00e9t\u00e9 grandement am\u00e9lior\u00e9s \u00e0 cet \u00e9gard) pour adopter l\u2019\u00e9lectricit\u00e9.<\/p>\n<p>Aujourd\u2019hui environ 60 % des maisons du Nouveau-Brunswick sont chauff\u00e9es \u00e0 l\u2019\u00e9lectricit\u00e9. Or les\u00a0syst\u00e8mes de chauffage \u00e9lectrique sont ridiculement inefficaces: seulement 30 % de l\u2019\u00e9nergie\u00a0potentielle du charbon ou de l\u2019huile consomm\u00e9e par les centrales \u00e9lectriques parvient \u00e0 nos\u00a0chauffages \u00e9lectriques.<\/p>\n<p>Et maintenant\u2026la bonne nouvelle: le gouvernement veut vous donner de l\u2019argent pour am\u00e9liorer\u00a0l\u2019efficacit\u00e9 \u00e9nerg\u00e9tique de votre maison! En effet, des subventions s\u2019\u00e9levant jusqu\u2019\u00e0 2000 $ (20 %\u00a0du co\u00fbt des am\u00e9liorations de l\u2019efficacit\u00e9 \u00e9nerg\u00e9tique) ou un pr\u00eat sans int\u00e9r\u00eat jusqu\u2019\u00e0 10 000 sont\u00a0disponibles par l\u2019entremise d\u2019\u00c9fficacit\u00e9 Nouveau-Brunswick. De plus, le gouvernement f\u00e9d\u00e9ral\u00a0offre des subventions pour d\u2019autres am\u00e9liorations sp\u00e9cifiques comme les am\u00e9liorations aux fen\u00eatres,\u00a0aux chaudi\u00e8res et \u00e0 l\u2019\u00e9tanch\u00e9it\u00e9. Si vous \u00eates consid\u00e9r\u00e9s comme m\u00e9nage \u00e0 bas revenu, vous pouvez\u00a0recevoir une subvention s\u2019\u00e9levant jusqu\u2019\u00e0 4 500 $. En somme, de l\u2019argent re\u00e7u gratuitement pour\u00a0r\u00e9duire vos frais de chauffage et sauver la plan\u00e8te! Commencez d\u00e8s aujourd\u2019hui. Pour en savor plus,visitez Le tout efficace.ca.<\/p>\n","protected":false},"excerpt":{"rendered":"<p>Notre province se vante parfois de poss\u00e9der certaines des plus belles et anciennes maisons du pays.\u00a0Cet h\u00e9ritage implique in\u00e9vitablement un co\u00fbt \u00e9nerg\u00e9rique caus\u00e9 par toutes les inefficacit\u00e9s\u00a0inh\u00e9rentes \u00e0 ces magnifiques anciennes structures. Malgr\u00e9 notre climat rigoureux, nous avons\u00a0encore des \u00e9difices qui sont totalement inad\u00e9quats en ce qui concerne leur isolation et leur\u00a0\u00e9tanch\u00e9it\u00e9, ce qui les [&hellip;]<\/p>\n","protected":false},"author":9,"featured_media":0,"parent":2215,"menu_order":0,"comment_status":"closed","ping_status":"closed","template":"","meta":{"site-sidebar-layout":"default","site-content-layout":"","ast-site-content-layout":"default","site-content-style":"default","site-sidebar-style":"default","ast-global-header-display":"","ast-banner-title-visibility":"","ast-main-header-display":"","ast-hfb-above-header-display":"","ast-hfb-below-header-display":"","ast-hfb-mobile-header-display":"","site-post-title":"","ast-breadcrumbs-content":"","ast-featured-img":"","footer-sml-layout":"","ast-disable-related-posts":"","theme-transparent-header-meta":"","adv-header-id-meta":"","stick-header-meta":"","header-above-stick-meta":"","header-main-stick-meta":"","header-below-stick-meta":"","astra-migrate-meta-layouts":"default","ast-page-background-enabled":"default","ast-page-background-meta":{"desktop":{"background-color":"","background-image":"","background-repeat":"repeat","background-position":"center center","background-size":"auto","background-attachment":"scroll","background-type":"","background-media":"","overlay-type":"","overlay-color":"","overlay-opacity":"","overlay-gradient":""},"tablet":{"background-color":"","background-image":"","background-repeat":"repeat","background-position":"center center","background-size":"auto","background-attachment":"scroll","background-type":"","background-media":"","overlay-type":"","overlay-color":"","overlay-opacity":"","overlay-gradient":""},"mobile":{"background-color":"","background-image":"","background-repeat":"repeat","background-position":"center center","background-size":"auto","background-attachment":"scroll","background-type":"","background-media":"","overlay-type":"","overlay-color":"","overlay-opacity":"","overlay-gradient":""}},"ast-content-background-meta":{"desktop":{"background-color":"var(--ast-global-color-5)","background-image":"","background-repeat":"repeat","background-position":"center center","background-size":"auto","background-attachment":"scroll","background-type":"","background-media":"","overlay-type":"","overlay-color":"","overlay-opacity":"","overlay-gradient":""},"tablet":{"background-color":"var(--ast-global-color-5)","background-image":"","background-repeat":"repeat","background-position":"center center","background-size":"auto","background-attachment":"scroll","background-type":"","background-media":"","overlay-type":"","overlay-color":"","overlay-opacity":"","overlay-gradient":""},"mobile":{"background-color":"var(--ast-global-color-5)","background-image":"","background-repeat":"repeat","background-position":"center center","background-size":"auto","background-attachment":"scroll","background-type":"","background-media":"","overlay-type":"","overlay-color":"","overlay-opacity":"","overlay-gradient":""}},"footnotes":""},"class_list":["post-2220","page","type-page","status-publish","hentry"],"_links":{"self":[{"href":"https:\/\/www.conservationcouncil.ca\/fr\/wp-json\/wp\/v2\/pages\/2220","targetHints":{"allow":["GET"]}}],"collection":[{"href":"https:\/\/www.conservationcouncil.ca\/fr\/wp-json\/wp\/v2\/pages"}],"about":[{"href":"https:\/\/www.conservationcouncil.ca\/fr\/wp-json\/wp\/v2\/types\/page"}],"author":[{"embeddable":true,"href":"https:\/\/www.conservationcouncil.ca\/fr\/wp-json\/wp\/v2\/users\/9"}],"replies":[{"embeddable":true,"href":"https:\/\/www.conservationcouncil.ca\/fr\/wp-json\/wp\/v2\/comments?post=2220"}],"version-history":[{"count":0,"href":"https:\/\/www.conservationcouncil.ca\/fr\/wp-json\/wp\/v2\/pages\/2220\/revisions"}],"up":[{"embeddable":true,"href":"https:\/\/www.conservationcouncil.ca\/fr\/wp-json\/wp\/v2\/pages\/2215"}],"wp:attachment":[{"href":"https:\/\/www.conservationcouncil.ca\/fr\/wp-json\/wp\/v2\/media?parent=2220"}],"curies":[{"name":"wp","href":"https:\/\/api.w.org\/{rel}","templated":true}]}}