{"id":2219,"date":"2013-02-20T00:22:14","date_gmt":"2013-02-20T04:22:14","guid":{"rendered":"http:\/\/www.conservationcouncil.ca\/?page_id=2219"},"modified":"2015-01-12T14:35:04","modified_gmt":"2015-01-12T18:35:04","slug":"un-avenir-energetique-autosuffisant","status":"publish","type":"page","link":"https:\/\/www.conservationcouncil.ca\/fr\/nos-programmes\/climat-et-energie\/un-avenir-energetique-autosuffisant\/","title":{"rendered":"Un avenir \u00e9nerg\u00e9tique autosuffisant"},"content":{"rendered":"<p>Chaque ann\u00e9e, \u00c9nergie NB d\u00e9pense plus de 500 millions de dollars de commissions d\u00e9bours\u00e9s par ses clients afin d\u2019importer des carburants fossiles pour notre syst\u00e8me \u00e9nerg\u00e9tique. Les march\u00e9s p\u00e9troliers mondiaux sont extr\u00eamement volatiles et \u00c9nergie NB sera oblig\u00e9 de payer des sommes de plus en plus importantes chaque ann\u00e9e \u00e0 cause de cette d\u00e9pendance. \u00c0 mesure que nos \u00e9conomies locales et provinciales perdent leurs rares fonds, il ne nous reste que les dangereuses \u00e9missions. Il est \u00e9vident que l\u2019approche \u00e0 grande \u00e9chelle men\u00e9e par \u00c9nergie NB pour la g\u00e9n\u00e9ration et distribution \u00e9lectriques nous a conduits dans la mauvaise direction. Le Nouveau-Brunswick poss\u00e8de le troisi\u00e8me plus haut taux d\u2019\u00e9mission de gaz \u00e0 effet de serre par personne au Canada. Notre triste performance est caus\u00e9e principalement par notre lourde d\u00e9pendance envers les combustibles fossiles ainsi que par notre persistante utilisation de l\u2019\u00e9lectricit\u00e9 pour chauffer nos r\u00e9sidences et notre eau. \u00c9nergie NB r\u00e9serve 1 300 MW de sa capacit\u00e9 totale de 3 770 MW simplement pour le chauffage \u00e9lectrique, ce qui est extr\u00eamement inefficace.<br \/>\nLe Conseil de conservation du Nouveau-Brunswick offre une alternative : un avenir \u00e9nerg\u00e9tique<br \/>\nautosuffisant. L\u2019autosuffisance \u00e9nerg\u00e9tique est fond\u00e9e sur des efforts communautaires et non pas sur<br \/>\ndes m\u00e9gaprojets. En encourageant une gestion communautaire de l&rsquo;\u00e9nergie, nous pouvons:<br \/>\n\u2022 r\u00e9duire nos \u00e9missions<br \/>\n\u2022 accro\u00eetre notre efficacit\u00e9 \u00e9nerg\u00e9tique<br \/>\n\u2022 cr\u00e9er des milliers d\u2019emplois verts<br \/>\n\u2022 soutenir les \u00e9conomies locales<br \/>\n\u2022 cr\u00e9er des march\u00e9s domestiques durables et \u00e9quitables pour nos ressources autochtones<br \/>\n\u2022 mettre fin \u00e0 notre d\u00e9pendance envers les march\u00e9s \u00e9nerg\u00e9tiques internationaux volatiles<br \/>\nLe Nouveau-Brunswick est riche en ressources naturelles et offre de nombreuses possibilit\u00e9s<br \/>\nd\u2019approvisionnement \u00e9nerg\u00e9tique local. Notre province poss\u00e8de:<br \/>\n\u2022 un profil \u00e9olien et solaire comp\u00e9titif<br \/>\n\u2022 d\u2019abondantes sources de fibres de bois et de sources de bio-\u00e9nergie<br \/>\n\u2022 des mar\u00e9es parmi les plus hautes au monde<br \/>\n\u2022 de l\u2019\u00e9nergie g\u00e9othermique accessible<br \/>\nIl existe des solutions technologiques pour utiliser toutes ces ressources. Ces solutions sont disponibles \u00e0 toutes les \u00e9chelles, depuis les r\u00e9sidences individuelles jusqu\u2019aux h\u00f4pitaux, en passant par les campus universitaires, les parcs industriels et les communaut\u00e9s. Avant qu\u2019\u00c9nergie NB ne nous \u00e9gare encore plus avec ses m\u00e9gaprojets d\u00e9pendants envers l&rsquo;\u00e9tranger, il est vital de consid\u00e9rer des solutions alternatives. L\u2019autosuffisance \u00e9nerg\u00e9tique est une alternative fond\u00e9e sur la<br \/>\nresponsabilit\u00e9 environnementale, la s\u00e9curit\u00e9 \u00e9nerg\u00e9tique et le d\u00e9veloppement \u00e9conomique. En somme, il s&rsquo;agit d&rsquo;une option dont tous les N\u00e9o-Brunswickois peuvent b\u00e9n\u00e9ficier.<\/p>\n<p>T\u00e9l\u00e9chargez notre feuille de route pour un avenir \u00e9nerg\u00e9tique autosuffisant<\/p>\n","protected":false},"excerpt":{"rendered":"<p>Chaque ann\u00e9e, \u00c9nergie NB d\u00e9pense plus de 500 millions de dollars de commissions d\u00e9bours\u00e9s par ses clients afin d\u2019importer des carburants fossiles pour notre syst\u00e8me \u00e9nerg\u00e9tique. Les march\u00e9s p\u00e9troliers mondiaux sont extr\u00eamement volatiles et \u00c9nergie NB sera oblig\u00e9 de payer des sommes de plus en plus importantes chaque ann\u00e9e \u00e0 cause de cette d\u00e9pendance. \u00c0 [&hellip;]<\/p>\n","protected":false},"author":9,"featured_media":0,"parent":2215,"menu_order":0,"comment_status":"closed","ping_status":"closed","template":"elementor_header_footer","meta":{"site-sidebar-layout":"default","site-content-layout":"","ast-site-content-layout":"default","site-content-style":"default","site-sidebar-style":"default","ast-global-header-display":"","ast-banner-title-visibility":"","ast-main-header-display":"","ast-hfb-above-header-display":"","ast-hfb-below-header-display":"","ast-hfb-mobile-header-display":"","site-post-title":"","ast-breadcrumbs-content":"","ast-featured-img":"","footer-sml-layout":"","ast-disable-related-posts":"","theme-transparent-header-meta":"","adv-header-id-meta":"","stick-header-meta":"","header-above-stick-meta":"","header-main-stick-meta":"","header-below-stick-meta":"","astra-migrate-meta-layouts":"default","ast-page-background-enabled":"default","ast-page-background-meta":{"desktop":{"background-color":"","background-image":"","background-repeat":"repeat","background-position":"center center","background-size":"auto","background-attachment":"scroll","background-type":"","background-media":"","overlay-type":"","overlay-color":"","overlay-opacity":"","overlay-gradient":""},"tablet":{"background-color":"","background-image":"","background-repeat":"repeat","background-position":"center center","background-size":"auto","background-attachment":"scroll","background-type":"","background-media":"","overlay-type":"","overlay-color":"","overlay-opacity":"","overlay-gradient":""},"mobile":{"background-color":"","background-image":"","background-repeat":"repeat","background-position":"center center","background-size":"auto","background-attachment":"scroll","background-type":"","background-media":"","overlay-type":"","overlay-color":"","overlay-opacity":"","overlay-gradient":""}},"ast-content-background-meta":{"desktop":{"background-color":"var(--ast-global-color-5)","background-image":"","background-repeat":"repeat","background-position":"center center","background-size":"auto","background-attachment":"scroll","background-type":"","background-media":"","overlay-type":"","overlay-color":"","overlay-opacity":"","overlay-gradient":""},"tablet":{"background-color":"var(--ast-global-color-5)","background-image":"","background-repeat":"repeat","background-position":"center center","background-size":"auto","background-attachment":"scroll","background-type":"","background-media":"","overlay-type":"","overlay-color":"","overlay-opacity":"","overlay-gradient":""},"mobile":{"background-color":"var(--ast-global-color-5)","background-image":"","background-repeat":"repeat","background-position":"center center","background-size":"auto","background-attachment":"scroll","background-type":"","background-media":"","overlay-type":"","overlay-color":"","overlay-opacity":"","overlay-gradient":""}},"footnotes":""},"class_list":["post-2219","page","type-page","status-publish","hentry"],"_links":{"self":[{"href":"https:\/\/www.conservationcouncil.ca\/fr\/wp-json\/wp\/v2\/pages\/2219","targetHints":{"allow":["GET"]}}],"collection":[{"href":"https:\/\/www.conservationcouncil.ca\/fr\/wp-json\/wp\/v2\/pages"}],"about":[{"href":"https:\/\/www.conservationcouncil.ca\/fr\/wp-json\/wp\/v2\/types\/page"}],"author":[{"embeddable":true,"href":"https:\/\/www.conservationcouncil.ca\/fr\/wp-json\/wp\/v2\/users\/9"}],"replies":[{"embeddable":true,"href":"https:\/\/www.conservationcouncil.ca\/fr\/wp-json\/wp\/v2\/comments?post=2219"}],"version-history":[{"count":0,"href":"https:\/\/www.conservationcouncil.ca\/fr\/wp-json\/wp\/v2\/pages\/2219\/revisions"}],"up":[{"embeddable":true,"href":"https:\/\/www.conservationcouncil.ca\/fr\/wp-json\/wp\/v2\/pages\/2215"}],"wp:attachment":[{"href":"https:\/\/www.conservationcouncil.ca\/fr\/wp-json\/wp\/v2\/media?parent=2219"}],"curies":[{"name":"wp","href":"https:\/\/api.w.org\/{rel}","templated":true}]}}