{"id":2218,"date":"2013-02-20T00:21:32","date_gmt":"2013-02-20T04:21:32","guid":{"rendered":"http:\/\/www.conservationcouncil.ca\/?page_id=2218"},"modified":"2015-01-12T14:35:04","modified_gmt":"2015-01-12T18:35:04","slug":"reduction-des-gaz-a-effet-de-serre-au-nouveau-brunswick","status":"publish","type":"page","link":"https:\/\/www.conservationcouncil.ca\/fr\/nos-programmes\/climat-et-energie\/reduction-des-gaz-a-effet-de-serre-au-nouveau-brunswick\/","title":{"rendered":"R\u00e9duction des gaz \u00e0 effet de serre au Nouveau-Brunswick"},"content":{"rendered":"<p>Devant l&rsquo;inaction du f\u00e9d\u00e9ral, le gouvernement provincial du Nouveau-Brunswick a mis en oeuvre son propre plan d\u2019action sur les changements climatiques 2007-2012. Cette initiative a trouv\u00e9 son origine dans le plan d&rsquo;action r\u00e9gional sur les changements climatiques adopt\u00e9 par les cinq premiers ministres de l&rsquo;Est du Canada et les six gouverneurs am\u00e9ricains de la Nouvelle-Angletterre. Le plan du Nouveau-Brunswick vise \u00e0 la r\u00e9duction des \u00e9missions de gaz \u00e0 effet de serre (GES) de la province aux niveaux \u00e9mis en 1990 d\u2019ici 2012 et une r\u00e9duction additionnelle de 10 % en dessous des niveaux de 1990 d\u2019ici 2020, ainsi qu\u2019un objectif \u00e0 long terme de r\u00e9duire par 75 % les \u00e9missions de GES.\u00a0 Actuellement, 91 % des \u00e9missions de GES au Nouveau-Brunswick proviennent des centrales \u00e9lectriques, du secteur des transports et des activit\u00e9s industrielles.\u00a0 Le plan d\u2019action sur les changements climatiques du Nouveau-Brunswick est fond\u00e9 sur :<\/p>\n<ol>\n<li>L\u2019efficacit\u00e9 \u00e9nerg\u00e9tique<\/li>\n<li>Les opportunit\u00e9s d\u2019utilisation des \u00e9nergies propres et renouvelables<\/li>\n<li>La r\u00e9duction des \u00e9missions provenant du secteur des transports<\/li>\n<li>L&rsquo;am\u00e9lioration de la gestion des d\u00e9chets<\/li>\n<li>La r\u00e9duction des \u00e9missions industrielles<\/li>\n<li>La r\u00e9duction des \u00e9missions de GES provenant des activit\u00e9s gouvernementales<\/li>\n<\/ol>\n<p>Ce plan vise \u00e0 r\u00e9duire les \u00e9missions de GES par 5,5 Mt (million de tonnes) de CO2 par ann\u00e9e d\u2019ici 2012 et jette les fondements vise ne r\u00e9duction additionnelle de 10 % en dessous des niveaux de 1990 d\u2019ici 2020. Si l&rsquo;on se base sur les tendances actuelles, le Nouveau-Brunswick devrait pouvoir atteindre son objectif 2012. Malheureusement, la science nous dit \u00e0 pr\u00e9sent qu&rsquo;il faudrait r\u00e9duire davantage les \u00e9missions d&rsquo;ici 2020 afin d&rsquo;\u00e9viter les pires effets des changements climatiques.<\/p>\n<p>Afin de jouer notre r\u00f4le pour arr\u00eater la croissance globale des \u00e9missions, le Canada doit r\u00e9duire ses \u00e9missions de GES d&rsquo;au moins 25\u00a0% au dessous des niveaux de 1990 d&rsquo;ici 2020. Cet objectif est r\u00e9aliste et peut \u00eatre atteint via une transition graduelle vers un style de vie et technologies qui utilisent peu d&rsquo;\u00e9nergie et g\u00e9n\u00e8rent ainsi peu d&rsquo;\u00e9missions.<\/p>\n","protected":false},"excerpt":{"rendered":"<p>Devant l&rsquo;inaction du f\u00e9d\u00e9ral, le gouvernement provincial du Nouveau-Brunswick a mis en oeuvre son propre plan d\u2019action sur les changements climatiques 2007-2012. Cette initiative a trouv\u00e9 son origine dans le plan d&rsquo;action r\u00e9gional sur les changements climatiques adopt\u00e9 par les cinq premiers ministres de l&rsquo;Est du Canada et les six gouverneurs am\u00e9ricains de la Nouvelle-Angletterre. [&hellip;]<\/p>\n","protected":false},"author":9,"featured_media":0,"parent":2215,"menu_order":0,"comment_status":"open","ping_status":"open","template":"","meta":{"site-sidebar-layout":"default","site-content-layout":"","ast-site-content-layout":"default","site-content-style":"default","site-sidebar-style":"default","ast-global-header-display":"","ast-banner-title-visibility":"","ast-main-header-display":"","ast-hfb-above-header-display":"","ast-hfb-below-header-display":"","ast-hfb-mobile-header-display":"","site-post-title":"","ast-breadcrumbs-content":"","ast-featured-img":"","footer-sml-layout":"","ast-disable-related-posts":"","theme-transparent-header-meta":"","adv-header-id-meta":"","stick-header-meta":"","header-above-stick-meta":"","header-main-stick-meta":"","header-below-stick-meta":"","astra-migrate-meta-layouts":"default","ast-page-background-enabled":"default","ast-page-background-meta":{"desktop":{"background-color":"","background-image":"","background-repeat":"repeat","background-position":"center center","background-size":"auto","background-attachment":"scroll","background-type":"","background-media":"","overlay-type":"","overlay-color":"","overlay-opacity":"","overlay-gradient":""},"tablet":{"background-color":"","background-image":"","background-repeat":"repeat","background-position":"center center","background-size":"auto","background-attachment":"scroll","background-type":"","background-media":"","overlay-type":"","overlay-color":"","overlay-opacity":"","overlay-gradient":""},"mobile":{"background-color":"","background-image":"","background-repeat":"repeat","background-position":"center center","background-size":"auto","background-attachment":"scroll","background-type":"","background-media":"","overlay-type":"","overlay-color":"","overlay-opacity":"","overlay-gradient":""}},"ast-content-background-meta":{"desktop":{"background-color":"var(--ast-global-color-5)","background-image":"","background-repeat":"repeat","background-position":"center center","background-size":"auto","background-attachment":"scroll","background-type":"","background-media":"","overlay-type":"","overlay-color":"","overlay-opacity":"","overlay-gradient":""},"tablet":{"background-color":"var(--ast-global-color-5)","background-image":"","background-repeat":"repeat","background-position":"center center","background-size":"auto","background-attachment":"scroll","background-type":"","background-media":"","overlay-type":"","overlay-color":"","overlay-opacity":"","overlay-gradient":""},"mobile":{"background-color":"var(--ast-global-color-5)","background-image":"","background-repeat":"repeat","background-position":"center center","background-size":"auto","background-attachment":"scroll","background-type":"","background-media":"","overlay-type":"","overlay-color":"","overlay-opacity":"","overlay-gradient":""}},"footnotes":""},"class_list":["post-2218","page","type-page","status-publish","hentry"],"_links":{"self":[{"href":"https:\/\/www.conservationcouncil.ca\/fr\/wp-json\/wp\/v2\/pages\/2218","targetHints":{"allow":["GET"]}}],"collection":[{"href":"https:\/\/www.conservationcouncil.ca\/fr\/wp-json\/wp\/v2\/pages"}],"about":[{"href":"https:\/\/www.conservationcouncil.ca\/fr\/wp-json\/wp\/v2\/types\/page"}],"author":[{"embeddable":true,"href":"https:\/\/www.conservationcouncil.ca\/fr\/wp-json\/wp\/v2\/users\/9"}],"replies":[{"embeddable":true,"href":"https:\/\/www.conservationcouncil.ca\/fr\/wp-json\/wp\/v2\/comments?post=2218"}],"version-history":[{"count":0,"href":"https:\/\/www.conservationcouncil.ca\/fr\/wp-json\/wp\/v2\/pages\/2218\/revisions"}],"up":[{"embeddable":true,"href":"https:\/\/www.conservationcouncil.ca\/fr\/wp-json\/wp\/v2\/pages\/2215"}],"wp:attachment":[{"href":"https:\/\/www.conservationcouncil.ca\/fr\/wp-json\/wp\/v2\/media?parent=2218"}],"curies":[{"name":"wp","href":"https:\/\/api.w.org\/{rel}","templated":true}]}}