{"id":2214,"date":"2013-02-20T00:59:32","date_gmt":"2013-02-20T04:59:32","guid":{"rendered":"http:\/\/www.conservationcouncil.ca\/?page_id=2214"},"modified":"2015-01-13T14:23:07","modified_gmt":"2015-01-13T18:23:07","slug":"nos-programmes","status":"publish","type":"page","link":"https:\/\/www.conservationcouncil.ca\/fr\/nos-programmes\/","title":{"rendered":"Nos programmes"},"content":{"rendered":"<p><a href=\"http:\/\/www.conservationcouncil.ca\/wp-content\/uploads\/2013\/02\/BillC45-1.jpg\"><img fetchpriority=\"high\" decoding=\"async\" class=\"size-medium wp-image-1185 alignleft\" style=\"margin: 10px;\" alt=\"BillC45-1\" src=\"http:\/\/www.conservationcouncil.ca\/wp-content\/uploads\/2013\/02\/BillC45-1-275x300.jpg\" width=\"275\" height=\"300\" \/><\/a> CCNB vise \u00e0 fournir des informations, des conseils strat\u00e9giques et un soutien pour les individus et les communaut\u00e9s confront\u00e9es \u00e0 des d\u00e9fis environnementaux. Il ne manque pas de questions qui doivent \u00eatre r\u00e9pondus. Nous nous luttons de donner des moyens aux individus et aux groupes d&rsquo;am\u00e9liorer leur collectivit\u00e9.<\/p>\n<p>Le Nouveau-Brunswick est actuellement confront\u00e9 de nombreux probl\u00e8mes qui menace l&rsquo;air, la terre, l&rsquo;eau et l&rsquo;int\u00e9grit\u00e9 de la communaut\u00e9. La premi\u00e8re \u00e9tape \u00e0 faire une diff\u00e9rence est la connaissance &#8211; on sait que savoir, c&rsquo;est pouvoir! Pour en savoir plus, veuillez voir les sous-menus o\u00f9 se trouvent des informations sur nos programmes individuels.<\/p>\n<p>&nbsp;<\/p>\n<p>Si vous souhaitez soutenir nos activit\u00e9s, s&rsquo;il vous pla\u00eet <a href=\"http:\/\/www.conservationcouncil.ca\/fr\/a-propos-de-nous\/faites-un-don\/\" title=\"4 fa\u00e7ons de faire la diff\u00e9rence\">faire un don \u00e0 CCNB<\/a><\/p>\n","protected":false},"excerpt":{"rendered":"<p>CCNB vise \u00e0 fournir des informations, des conseils strat\u00e9giques et un soutien pour les individus et les communaut\u00e9s confront\u00e9es \u00e0 des d\u00e9fis environnementaux. Il ne manque pas de questions qui doivent \u00eatre r\u00e9pondus. Nous nous luttons de donner des moyens aux individus et aux groupes d&rsquo;am\u00e9liorer leur collectivit\u00e9. Le Nouveau-Brunswick est actuellement confront\u00e9 de nombreux [&hellip;]<\/p>\n","protected":false},"author":9,"featured_media":0,"parent":0,"menu_order":0,"comment_status":"closed","ping_status":"closed","template":"","meta":{"site-sidebar-layout":"default","site-content-layout":"","ast-site-content-layout":"default","site-content-style":"default","site-sidebar-style":"default","ast-global-header-display":"","ast-banner-title-visibility":"","ast-main-header-display":"","ast-hfb-above-header-display":"","ast-hfb-below-header-display":"","ast-hfb-mobile-header-display":"","site-post-title":"","ast-breadcrumbs-content":"","ast-featured-img":"","footer-sml-layout":"","ast-disable-related-posts":"","theme-transparent-header-meta":"","adv-header-id-meta":"","stick-header-meta":"","header-above-stick-meta":"","header-main-stick-meta":"","header-below-stick-meta":"","astra-migrate-meta-layouts":"default","ast-page-background-enabled":"default","ast-page-background-meta":{"desktop":{"background-color":"","background-image":"","background-repeat":"repeat","background-position":"center center","background-size":"auto","background-attachment":"scroll","background-type":"","background-media":"","overlay-type":"","overlay-color":"","overlay-opacity":"","overlay-gradient":""},"tablet":{"background-color":"","background-image":"","background-repeat":"repeat","background-position":"center center","background-size":"auto","background-attachment":"scroll","background-type":"","background-media":"","overlay-type":"","overlay-color":"","overlay-opacity":"","overlay-gradient":""},"mobile":{"background-color":"","background-image":"","background-repeat":"repeat","background-position":"center center","background-size":"auto","background-attachment":"scroll","background-type":"","background-media":"","overlay-type":"","overlay-color":"","overlay-opacity":"","overlay-gradient":""}},"ast-content-background-meta":{"desktop":{"background-color":"var(--ast-global-color-5)","background-image":"","background-repeat":"repeat","background-position":"center center","background-size":"auto","background-attachment":"scroll","background-type":"","background-media":"","overlay-type":"","overlay-color":"","overlay-opacity":"","overlay-gradient":""},"tablet":{"background-color":"var(--ast-global-color-5)","background-image":"","background-repeat":"repeat","background-position":"center center","background-size":"auto","background-attachment":"scroll","background-type":"","background-media":"","overlay-type":"","overlay-color":"","overlay-opacity":"","overlay-gradient":""},"mobile":{"background-color":"var(--ast-global-color-5)","background-image":"","background-repeat":"repeat","background-position":"center center","background-size":"auto","background-attachment":"scroll","background-type":"","background-media":"","overlay-type":"","overlay-color":"","overlay-opacity":"","overlay-gradient":""}},"footnotes":""},"class_list":["post-2214","page","type-page","status-publish","hentry"],"_links":{"self":[{"href":"https:\/\/www.conservationcouncil.ca\/fr\/wp-json\/wp\/v2\/pages\/2214","targetHints":{"allow":["GET"]}}],"collection":[{"href":"https:\/\/www.conservationcouncil.ca\/fr\/wp-json\/wp\/v2\/pages"}],"about":[{"href":"https:\/\/www.conservationcouncil.ca\/fr\/wp-json\/wp\/v2\/types\/page"}],"author":[{"embeddable":true,"href":"https:\/\/www.conservationcouncil.ca\/fr\/wp-json\/wp\/v2\/users\/9"}],"replies":[{"embeddable":true,"href":"https:\/\/www.conservationcouncil.ca\/fr\/wp-json\/wp\/v2\/comments?post=2214"}],"version-history":[{"count":0,"href":"https:\/\/www.conservationcouncil.ca\/fr\/wp-json\/wp\/v2\/pages\/2214\/revisions"}],"wp:attachment":[{"href":"https:\/\/www.conservationcouncil.ca\/fr\/wp-json\/wp\/v2\/media?parent=2214"}],"curies":[{"name":"wp","href":"https:\/\/api.w.org\/{rel}","templated":true}]}}