{"id":2211,"date":"2013-02-17T19:30:01","date_gmt":"2015-01-12T18:30:14","guid":{"rendered":"http:\/\/www.conservationcouncil.ca\/?page_id=2211"},"modified":"2015-01-14T10:09:22","modified_gmt":"2015-01-14T14:09:22","slug":"devenez-benevole","status":"publish","type":"page","link":"https:\/\/www.conservationcouncil.ca\/fr\/a-propos-de-nous\/devenez-benevole\/","title":{"rendered":"Devenez b\u00e9n\u00e9vole"},"content":{"rendered":"<p>CCNB Action offre de multiples opportunit\u00e9s de b\u00e9n\u00e9volat! Les t\u00e2ches vont du remplissage d&rsquo;enveloppes pour les demandes de financement \u00e0 la sensibilisation \u00e0 des stands de march\u00e9, en passant par la mise en service de vos talents de recherche au service de l&rsquo;am\u00e9lioration des politiques en mati\u00e8re d&rsquo;environnement dans notre province.<\/p>\n<p><strong>Vous avez des comp\u00e9tences?<\/strong><br \/>\nAvez-vous des comp\u00e9tences, des talents ou de l&rsquo;exp\u00e9rience que vous aimeriez mettre \u00e0 notre service?<\/p>\n<p>CCNB compte sur les b\u00e9n\u00e9voles comp\u00e9tents en mati\u00e8re de photographie, vid\u00e9o et conception graphique pour promouvoir notre travail.<\/p>\n<p>Nos b\u00e9n\u00e9voles qui ont des talents de jardinage, menuiserie et m\u00e9canique assurent la maintenance de nos bureaux, bateaux et \u00e9quipement.<\/p>\n<p>Les musiciens, com\u00e9diens et autres artistes sont sur sc\u00e8ne lors de nos nombreux \u00e9v\u00e9nements \u00e9ducationnels et de collecte de fonds.<\/p>\n<p>Les juristes et comptables nous rendent des services essentiels pour la protection de l&rsquo;environnement.<\/p>\n<p>Les traducteurs s&rsquo;assurent que nos ressources soient disponibles en anglais et en fran\u00e7ais.<\/p>\n<p>Faites-nous savoir si vous avez un talent que vous aimeriez mettre en oeuvre en faveur de l&rsquo;environnement en contactant <a href=\"emailto:info@conservationcouncil.ca\">info@conservationcouncil.ca<\/a><\/p>\n<p>&nbsp;<\/p>\n","protected":false},"excerpt":{"rendered":"<p>CCNB Action offre de multiples opportunit\u00e9s de b\u00e9n\u00e9volat! Les t\u00e2ches vont du remplissage d&rsquo;enveloppes pour les demandes de financement \u00e0 la sensibilisation \u00e0 des stands de march\u00e9, en passant par la mise en service de vos talents de recherche au service de l&rsquo;am\u00e9lioration des politiques en mati\u00e8re d&rsquo;environnement dans notre province. Vous avez des comp\u00e9tences? [&hellip;]<\/p>\n","protected":false},"author":9,"featured_media":0,"parent":2196,"menu_order":0,"comment_status":"closed","ping_status":"closed","template":"","meta":{"site-sidebar-layout":"default","site-content-layout":"","ast-site-content-layout":"default","site-content-style":"default","site-sidebar-style":"default","ast-global-header-display":"","ast-banner-title-visibility":"","ast-main-header-display":"","ast-hfb-above-header-display":"","ast-hfb-below-header-display":"","ast-hfb-mobile-header-display":"","site-post-title":"","ast-breadcrumbs-content":"","ast-featured-img":"","footer-sml-layout":"","ast-disable-related-posts":"","theme-transparent-header-meta":"","adv-header-id-meta":"","stick-header-meta":"","header-above-stick-meta":"","header-main-stick-meta":"","header-below-stick-meta":"","astra-migrate-meta-layouts":"default","ast-page-background-enabled":"default","ast-page-background-meta":{"desktop":{"background-color":"","background-image":"","background-repeat":"repeat","background-position":"center center","background-size":"auto","background-attachment":"scroll","background-type":"","background-media":"","overlay-type":"","overlay-color":"","overlay-opacity":"","overlay-gradient":""},"tablet":{"background-color":"","background-image":"","background-repeat":"repeat","background-position":"center center","background-size":"auto","background-attachment":"scroll","background-type":"","background-media":"","overlay-type":"","overlay-color":"","overlay-opacity":"","overlay-gradient":""},"mobile":{"background-color":"","background-image":"","background-repeat":"repeat","background-position":"center center","background-size":"auto","background-attachment":"scroll","background-type":"","background-media":"","overlay-type":"","overlay-color":"","overlay-opacity":"","overlay-gradient":""}},"ast-content-background-meta":{"desktop":{"background-color":"var(--ast-global-color-5)","background-image":"","background-repeat":"repeat","background-position":"center center","background-size":"auto","background-attachment":"scroll","background-type":"","background-media":"","overlay-type":"","overlay-color":"","overlay-opacity":"","overlay-gradient":""},"tablet":{"background-color":"var(--ast-global-color-5)","background-image":"","background-repeat":"repeat","background-position":"center center","background-size":"auto","background-attachment":"scroll","background-type":"","background-media":"","overlay-type":"","overlay-color":"","overlay-opacity":"","overlay-gradient":""},"mobile":{"background-color":"var(--ast-global-color-5)","background-image":"","background-repeat":"repeat","background-position":"center center","background-size":"auto","background-attachment":"scroll","background-type":"","background-media":"","overlay-type":"","overlay-color":"","overlay-opacity":"","overlay-gradient":""}},"footnotes":""},"class_list":["post-2211","page","type-page","status-publish","hentry"],"_links":{"self":[{"href":"https:\/\/www.conservationcouncil.ca\/fr\/wp-json\/wp\/v2\/pages\/2211","targetHints":{"allow":["GET"]}}],"collection":[{"href":"https:\/\/www.conservationcouncil.ca\/fr\/wp-json\/wp\/v2\/pages"}],"about":[{"href":"https:\/\/www.conservationcouncil.ca\/fr\/wp-json\/wp\/v2\/types\/page"}],"author":[{"embeddable":true,"href":"https:\/\/www.conservationcouncil.ca\/fr\/wp-json\/wp\/v2\/users\/9"}],"replies":[{"embeddable":true,"href":"https:\/\/www.conservationcouncil.ca\/fr\/wp-json\/wp\/v2\/comments?post=2211"}],"version-history":[{"count":0,"href":"https:\/\/www.conservationcouncil.ca\/fr\/wp-json\/wp\/v2\/pages\/2211\/revisions"}],"up":[{"embeddable":true,"href":"https:\/\/www.conservationcouncil.ca\/fr\/wp-json\/wp\/v2\/pages\/2196"}],"wp:attachment":[{"href":"https:\/\/www.conservationcouncil.ca\/fr\/wp-json\/wp\/v2\/media?parent=2211"}],"curies":[{"name":"wp","href":"https:\/\/api.w.org\/{rel}","templated":true}]}}