{"id":2207,"date":"2013-05-27T10:39:29","date_gmt":"2013-05-27T13:39:29","guid":{"rendered":"http:\/\/www.conservationcouncil.ca\/?page_id=2207"},"modified":"2015-01-12T14:35:43","modified_gmt":"2015-01-12T18:35:43","slug":"vision-et-mission","status":"publish","type":"page","link":"https:\/\/www.conservationcouncil.ca\/fr\/a-propos-de-nous\/vision-et-mission\/","title":{"rendered":"Vision et mission"},"content":{"rendered":"<p>Le Conseil de conservation du Nouveau-Brunswick a \u00e9t\u00e9 au premier plan des actions environnementales au Nouveau-Brunswick depuis 1969.<br \/>\n<strong>Notre vision<\/strong><br \/>\nLe Conseil de conservation du Nouveau-Brunswick croit que l\u2019avenir de toutes formes de vie d\u00e9pend de l\u2019\u00e9quilibre entre les activit\u00e9s humaines et les limites \u00e9cologiques.<br \/>\n<strong>Notre mission<\/strong><br \/>\nLe Conseil de conservation du Nouveau-Brunswick est un groupe d&rsquo;action citoyenne qui sensibilise le public aux probl\u00e8mes environnementaux et qui milite en faveur de solutions par l\u2019entremise de d\u2019\u00e9ducation, recherches et d\u2019interventions.<br \/>\n<strong>Notre histoire<\/strong><br \/>\nC\u2019est le scientifique des sols Kenneth Langmaid qui, lors de l\u2019assembl\u00e9e g\u00e9n\u00e9rale annuelle de janvier 1969 de l\u2019Institut d\u2019agrologie du Nouveau-Brunswick, a propos\u00e9 pour la premi\u00e8re fois l\u2019id\u00e9e\u00a0de cr\u00e9ation d&rsquo;une organisation environnementale provinciale au Nouveau-Brunswick. A l&rsquo;aide d&rsquo;une\u00a0subvention de 50 dollars de l\u2019Institut, Kenneth s\u2019est entour\u00e9 d\u2019un groupe de scientifiques, d\u2019\u00e9crivains et de journalistes pour fonder le Conseil de conservation du Nouveau-Brunswick neuf mois plus tard, \u00e0 savoir le 18 octobre 1969. Kenneth Langmaid fut alors nomm\u00e9 pr\u00e9sident fondateur\u00a0du CCNB. Les directeurs \u00e0 titre provisoire \u00e9taient \u00e0 l&rsquo;origine Robert Strang, Gerald Shaw et Austin Squires.<\/p>\n<p>En 1979, le Conseil de conservation a embauch\u00e9 sa premi\u00e8re directrice g\u00e9n\u00e9rale, Dana Silk. Janice Harvey lui a succ\u00e9d\u00e9 en 1983. Puis, en 1985, David Coon s\u2019est joint \u00e0 Janice \u00e0 titre de directeur des\u00a0politiques. Cinq ann\u00e9es plus tard, en 1990, l\u2019organisation a tellement grandi qu\u2019elle est organis\u00e9e en programmes, en commen\u00e7ant par le programme de conservation marine. Le programme de l\u2019agriculture durable et celui de la sant\u00e9 environnementale ont \u00e9t\u00e9 ajout\u00e9s au milieu des ann\u00e9es 90. Ceux-ci furent ensuite suivis par la mise en place du programme de conservation des for\u00eats, Action climat, Vigilance Sant\u00e9 et plus r\u00e9cemment des programmes Achetez local, Protection de l&rsquo;eau douce et Tous les enfants dehors.<\/p>\n<p>Apr\u00e8s 33 ans de service, David Coon a quitt\u00e9 le Conseil de conservation du Nouveau-Brunswick pour se consacrer \u00e0 d&rsquo;autres passions personnelles. C\u00e9line Delacroix a rejoint notre \u00e9quipe et m\u00e8ne notre organisation \u00e0 une des \u00e9poques les plus difficiles pour les organisations environnementales au Canada. Mais elle est pr\u00eate \u00e0 relever le d\u00e9fi!<\/p>\n<p><strong>Nos r\u00e9alisations<\/strong><\/p>\n<p>\u2022 la mise en place d\u2019un minist\u00e8re de l\u2019Environnement au Nouveau-Brunswick par le premier ministre Richard Hatfield<br \/>\n\u2022 le nettoyage du fleuve Saint-Jean<br \/>\n\u2022 la promulgation de la loi sur la qualit\u00e9 de l\u2019eau qui garantit la salubrit\u00e9 de l\u2019eau potable;<br \/>\n\u2022 la r\u00e9glementation environnementale de l\u2019aquaculture du saumon;<br \/>\n\u2022 la mise en place de la zone de protection marine de la Musquash en vertu de la loi sur les oc\u00e9ans;<br \/>\n\u2022 la mise en place du Plan d\u2019action sur les changements climatiques par les premiers ministres de l\u2019Est du Canada et du gouverneur de la Nouvelle-Angleterre;<br \/>\n\u2022 la d\u00e9couverte et le nettoyage de la contamination de la fonderie de plomb \u00e0 Belledune et de la contamination par les produits de pr\u00e9servation du bois \u00e0 Newcastle;<br \/>\n\u2022 l\u2019exigence l\u00e9gale que 10 % de l\u2019\u00e9lectricit\u00e9 produite par \u00c9nergie NB provienne de sources renouvelables;<br \/>\n\u2022 l\u2019\u00e9tablissement du premier projet d\u2019une communaut\u00e9 soutenue par l\u2019agriculture (CSA) \u00e0 Keswick Ridge, Nouveau-Brunswick;<\/p>\n<p>\u2022 l\u2019\u00e9tablissement du premier club de fermiers du Nouveau-Brunswick pour la conservation;<br \/>\n\u2022 la cr\u00e9ation de l\u2019agence pour l\u2019efficacit\u00e9 \u00e9nerg\u00e9tique du Nouveau-Brunswick<br \/>\n\u2022 la campagne pour arr\u00eater la construction d&rsquo;une seconde centre nucl\u00e9aire \u00e0 Point Lepreau, l&rsquo;arr\u00eat du programme de pulv\u00e9risation contre la tordeuse du bourgeon d&rsquo;\u00e9pinette, et l&rsquo;\u00e9tablissement de zones sauvages prot\u00e9g\u00e9es aux lacs Kennedy et montagnes Christmas.<\/p>\n<p>Les programmes du Conseil de conservation du Nouveau-Brunswick pour la protection de notre\u00a0eau, terre et air sont dirig\u00e9s par une petite \u00e9quipe d\u00e9vou\u00e9e. Nous d\u00e9pendons de nos membres pour\u00a0assurer l\u2019ind\u00e9pendance dont nous avons besoin pour prendre la parole en faveur de l\u2019environnement\u00a0et de nos communaut\u00e9s.<\/p>\n<p>Rejoignez-nous et soyez partie prenante de la solution!<\/p>\n","protected":false},"excerpt":{"rendered":"<p>Le Conseil de conservation du Nouveau-Brunswick a \u00e9t\u00e9 au premier plan des actions environnementales au Nouveau-Brunswick depuis 1969. Notre vision Le Conseil de conservation du Nouveau-Brunswick croit que l\u2019avenir de toutes formes de vie d\u00e9pend de l\u2019\u00e9quilibre entre les activit\u00e9s humaines et les limites \u00e9cologiques. Notre mission Le Conseil de conservation du Nouveau-Brunswick est un [&hellip;]<\/p>\n","protected":false},"author":9,"featured_media":0,"parent":2196,"menu_order":1,"comment_status":"open","ping_status":"open","template":"","meta":{"site-sidebar-layout":"default","site-content-layout":"","ast-site-content-layout":"default","site-content-style":"default","site-sidebar-style":"default","ast-global-header-display":"","ast-banner-title-visibility":"","ast-main-header-display":"","ast-hfb-above-header-display":"","ast-hfb-below-header-display":"","ast-hfb-mobile-header-display":"","site-post-title":"","ast-breadcrumbs-content":"","ast-featured-img":"","footer-sml-layout":"","ast-disable-related-posts":"","theme-transparent-header-meta":"","adv-header-id-meta":"","stick-header-meta":"","header-above-stick-meta":"","header-main-stick-meta":"","header-below-stick-meta":"","astra-migrate-meta-layouts":"default","ast-page-background-enabled":"default","ast-page-background-meta":{"desktop":{"background-color":"","background-image":"","background-repeat":"repeat","background-position":"center center","background-size":"auto","background-attachment":"scroll","background-type":"","background-media":"","overlay-type":"","overlay-color":"","overlay-opacity":"","overlay-gradient":""},"tablet":{"background-color":"","background-image":"","background-repeat":"repeat","background-position":"center center","background-size":"auto","background-attachment":"scroll","background-type":"","background-media":"","overlay-type":"","overlay-color":"","overlay-opacity":"","overlay-gradient":""},"mobile":{"background-color":"","background-image":"","background-repeat":"repeat","background-position":"center center","background-size":"auto","background-attachment":"scroll","background-type":"","background-media":"","overlay-type":"","overlay-color":"","overlay-opacity":"","overlay-gradient":""}},"ast-content-background-meta":{"desktop":{"background-color":"var(--ast-global-color-5)","background-image":"","background-repeat":"repeat","background-position":"center center","background-size":"auto","background-attachment":"scroll","background-type":"","background-media":"","overlay-type":"","overlay-color":"","overlay-opacity":"","overlay-gradient":""},"tablet":{"background-color":"var(--ast-global-color-5)","background-image":"","background-repeat":"repeat","background-position":"center center","background-size":"auto","background-attachment":"scroll","background-type":"","background-media":"","overlay-type":"","overlay-color":"","overlay-opacity":"","overlay-gradient":""},"mobile":{"background-color":"var(--ast-global-color-5)","background-image":"","background-repeat":"repeat","background-position":"center center","background-size":"auto","background-attachment":"scroll","background-type":"","background-media":"","overlay-type":"","overlay-color":"","overlay-opacity":"","overlay-gradient":""}},"footnotes":""},"class_list":["post-2207","page","type-page","status-publish","hentry"],"_links":{"self":[{"href":"https:\/\/www.conservationcouncil.ca\/fr\/wp-json\/wp\/v2\/pages\/2207","targetHints":{"allow":["GET"]}}],"collection":[{"href":"https:\/\/www.conservationcouncil.ca\/fr\/wp-json\/wp\/v2\/pages"}],"about":[{"href":"https:\/\/www.conservationcouncil.ca\/fr\/wp-json\/wp\/v2\/types\/page"}],"author":[{"embeddable":true,"href":"https:\/\/www.conservationcouncil.ca\/fr\/wp-json\/wp\/v2\/users\/9"}],"replies":[{"embeddable":true,"href":"https:\/\/www.conservationcouncil.ca\/fr\/wp-json\/wp\/v2\/comments?post=2207"}],"version-history":[{"count":0,"href":"https:\/\/www.conservationcouncil.ca\/fr\/wp-json\/wp\/v2\/pages\/2207\/revisions"}],"up":[{"embeddable":true,"href":"https:\/\/www.conservationcouncil.ca\/fr\/wp-json\/wp\/v2\/pages\/2196"}],"wp:attachment":[{"href":"https:\/\/www.conservationcouncil.ca\/fr\/wp-json\/wp\/v2\/media?parent=2207"}],"curies":[{"name":"wp","href":"https:\/\/api.w.org\/{rel}","templated":true}]}}