{"id":2206,"date":"2013-02-17T19:27:39","date_gmt":"2013-02-17T23:27:39","guid":{"rendered":"http:\/\/www.conservationcouncil.ca\/?page_id=2206"},"modified":"2020-01-17T15:16:29","modified_gmt":"2020-01-17T19:16:29","slug":"personnel","status":"publish","type":"page","link":"https:\/\/www.conservationcouncil.ca\/fr\/a-propos-de-nous\/personnel\/","title":{"rendered":"Personnel"},"content":{"rendered":"<figure id=\"attachment_153919\" aria-describedby=\"caption-attachment-153919\" style=\"width: 150px\" class=\"wp-caption alignleft\"><a href=\"mailto:lois.corbett@conservationcouncil.ca\"><img decoding=\"async\" class=\"wp-image-153919 size-thumbnail\" src=\"https:\/\/www.conservationcouncil.ca\/wp-content\/uploads\/2013\/02\/Lois_Corbett-150x150.jpg\" alt=\"\" width=\"150\" height=\"150\" srcset=\"https:\/\/www.conservationcouncil.ca\/wp-content\/uploads\/2013\/02\/Lois_Corbett-150x150.jpg 150w, https:\/\/www.conservationcouncil.ca\/wp-content\/uploads\/2013\/02\/Lois_Corbett-300x300.jpg 300w, https:\/\/www.conservationcouncil.ca\/wp-content\/uploads\/2013\/02\/Lois_Corbett-100x100.jpg 100w\" sizes=\"(max-width: 150px) 100vw, 150px\" \/><\/a><figcaption id=\"caption-attachment-153919\" class=\"wp-caption-text\"><a href=\"mailto:lois.corbett@conservationcouncil.ca\">Lois Corbett &#8211; Executive Director<\/a><\/figcaption><\/figure>\n<p><strong>Lois Corbett<\/strong> est r\u00e9cemment rentr\u00e9 en N-B, apr\u00e8s 30 ans de travail sur la politique environnementale d\u2019ailleurs, pour se joindre \u00e0 CCNB tant que directeur ex\u00e9cutif. Lois \u00e9tait la conseill\u00e8re principale en politiques \u00e0 trois ministres de l\u2019Environnement de l\u2019Ontario depuis 2003, avant d\u2019\u00e9tablir son propre cabinet de conseil. Auparavant, elle \u00e9tait la directrice ex\u00e9cutive de l\u2019Alliance environnementale de Toronto, o\u00f9 elle a aid\u00e9 le conseil municipal de Toronto en adopter son plan d\u2019action progressive contre le nuage de pollution, interdire l\u2019utilisation des pesticides cosm\u00e9tiques, \u00e9laborer son plan d\u2019action sur les changements climatiques et de son plan de r\u00e9acheminement des d\u00e9chets, ainsi que des modifications \u00e0 son r\u00e8glement administratif sur l\u2019utilisation de l\u2019\u00e9gout et le processus de permis de construire. \u00e0 Toronto Environmental Alliance, Lois a \u00e9galement d\u00e9velopp\u00e9, avec succ\u00e8s, la campagne qui a provoqu\u00e9 les partis provinciaux de s\u2019engagent \u00e0 \u00e9liminer progressivement l\u2019\u00e9lectricit\u00e9 au charbon en Ontario.<\/p>\n<p>Son premier emploi dans le mouvement environnemental \u00e9tait au Conseil de conservation du Nouveau-Brunswick en 1981, o\u00f9 elle a travaill\u00e9 comme stagiaire durant l\u2019\u00e9t\u00e9. Elle a obtenu un baccalaur\u00e9at en arts de l\u2019Universit\u00e9 Saint-Thomas, \u00e0 Fredericton, N-B.<\/p>\n<figure id=\"attachment_142255\" aria-describedby=\"caption-attachment-142255\" style=\"width: 150px\" class=\"wp-caption alignleft\"><img decoding=\"async\" class=\"wp-image-142255 size-thumbnail\" src=\"https:\/\/www.conservationcouncil.ca\/wp-content\/uploads\/2019\/05\/STEPHANIE-150x150.jpg\" alt=\"\" width=\"150\" height=\"150\" srcset=\"https:\/\/www.conservationcouncil.ca\/wp-content\/uploads\/2019\/05\/STEPHANIE-150x150.jpg 150w, https:\/\/www.conservationcouncil.ca\/wp-content\/uploads\/2019\/05\/STEPHANIE-300x300.jpg 300w, https:\/\/www.conservationcouncil.ca\/wp-content\/uploads\/2019\/05\/STEPHANIE-480x480.jpg 480w, https:\/\/www.conservationcouncil.ca\/wp-content\/uploads\/2019\/05\/STEPHANIE-100x100.jpg 100w, https:\/\/www.conservationcouncil.ca\/wp-content\/uploads\/2019\/05\/STEPHANIE.jpg 570w\" sizes=\"(max-width: 150px) 100vw, 150px\" \/><figcaption id=\"caption-attachment-142255\" class=\"wp-caption-text\"><a href=\"mailto:info@conservationcouncil.ca\">Stephanie Phillips<\/a><\/figcaption><\/figure>\n<p><strong>Stephanie Phillips<\/strong>: <em>\u00e0 venir<\/em><\/p>\n<p>&nbsp;<\/p>\n<p>&nbsp;<\/p>\n<p>&nbsp;<\/p>\n<p>&nbsp;<\/p>\n<figure id=\"attachment_139757\" aria-describedby=\"caption-attachment-139757\" style=\"width: 150px\" class=\"wp-caption alignleft\"><img decoding=\"async\" class=\"wp-image-139757 size-thumbnail\" src=\"https:\/\/www.conservationcouncil.ca\/wp-content\/uploads\/2018\/08\/matt-on-boat-600x450-150x150.jpg\" alt=\"\" width=\"150\" height=\"150\" srcset=\"https:\/\/www.conservationcouncil.ca\/wp-content\/uploads\/2018\/08\/matt-on-boat-600x450-150x150.jpg 150w, https:\/\/www.conservationcouncil.ca\/wp-content\/uploads\/2018\/08\/matt-on-boat-600x450-300x300.jpg 300w, https:\/\/www.conservationcouncil.ca\/wp-content\/uploads\/2018\/08\/matt-on-boat-600x450-100x100.jpg 100w\" sizes=\"(max-width: 150px) 100vw, 150px\" \/><figcaption id=\"caption-attachment-139757\" class=\"wp-caption-text\"><a href=\"mailto:marine@conservationcouncil.ca\">Matt Abbott<\/a><\/figcaption><\/figure>\n<p><strong>Matt Abbott<\/strong> est la Sentinelle de la Baie de Fundy et le directeur de la conservation marine. Il travaille au bureau de conservation marine du CCNB \u00e0 St. Andrews et \u00e0 bord du navire de patrouille, le \u00ab\u00a0Fundy Baykeeper\u00a0\u00bb.<\/p>\n<p>&nbsp;<\/p>\n<p>&nbsp;<\/p>\n<p>&nbsp;<\/p>\n<figure id=\"attachment_139976\" aria-describedby=\"caption-attachment-139976\" style=\"width: 150px\" class=\"wp-caption alignleft\"><img loading=\"lazy\" decoding=\"async\" class=\"wp-image-139976 size-thumbnail\" src=\"https:\/\/www.conservationcouncil.ca\/wp-content\/uploads\/2017\/05\/Jon-Signature-Profile-150x150.jpg\" alt=\"\" width=\"150\" height=\"150\" srcset=\"https:\/\/www.conservationcouncil.ca\/wp-content\/uploads\/2017\/05\/Jon-Signature-Profile-150x150.jpg 150w, https:\/\/www.conservationcouncil.ca\/wp-content\/uploads\/2017\/05\/Jon-Signature-Profile-300x300.jpg 300w, https:\/\/www.conservationcouncil.ca\/wp-content\/uploads\/2017\/05\/Jon-Signature-Profile-100x100.jpg 100w\" sizes=\"(max-width: 150px) 100vw, 150px\" \/><figcaption id=\"caption-attachment-139976\" class=\"wp-caption-text\"><a href=\"mailto:jon.macneill@conservationcouncil.ca\">Jon MacNeill<\/a><\/figcaption><\/figure>\n<p><strong>Jon MacNeill<\/strong> est devenu membre du CCNB comme notre agent des communications apr\u00e8s avoir travaill\u00e9 comme journaliste au Nouveau-Brunswick depuis presque une d\u00e9cennie. Ses articles ont \u00e9t\u00e9 publi\u00e9s dans d\u2019autres publications canadiennes comme le Telegraph-Journal, Toronto Star, et la Gazette de Montr\u00e9al. R\u00e9cemment, il a \u00e9crit pour [HERE] Magazine \u00e0 Fredericton, o\u00f9 il s\u2019est efforc\u00e9 de sensibiliser le public au justice environnementale, les questions sociales et du travail de la province.<\/p>\n<p>Il a h\u00e2te de jouer un r\u00f4le engag\u00e9 pour assurer la durabilit\u00e9 de l\u2019\u00e9conomie et les syst\u00e8mes \u00e9cologiques de la province gr\u00e2ce \u00e0 son travail avec le Conseil de conservation du Nouveau-Brunswick. Jon habite au long de la route Springhill \u00e0 Fredericton avec sa fille de six ans, Lainey.<\/p>\n<figure id=\"attachment_140539\" aria-describedby=\"caption-attachment-140539\" style=\"width: 150px\" class=\"wp-caption alignleft\"><img loading=\"lazy\" decoding=\"async\" class=\"wp-image-140539 size-thumbnail\" src=\"https:\/\/www.conservationcouncil.ca\/wp-content\/uploads\/2018\/11\/COREYR-150x150.jpg\" alt=\"\" width=\"150\" height=\"150\" srcset=\"https:\/\/www.conservationcouncil.ca\/wp-content\/uploads\/2018\/11\/COREYR-150x150.jpg 150w, https:\/\/www.conservationcouncil.ca\/wp-content\/uploads\/2018\/11\/COREYR-300x300.jpg 300w, https:\/\/www.conservationcouncil.ca\/wp-content\/uploads\/2018\/11\/COREYR-480x480.jpg 480w, https:\/\/www.conservationcouncil.ca\/wp-content\/uploads\/2018\/11\/COREYR-100x100.jpg 100w, https:\/\/www.conservationcouncil.ca\/wp-content\/uploads\/2018\/11\/COREYR.jpg 570w\" sizes=\"(max-width: 150px) 100vw, 150px\" \/><figcaption id=\"caption-attachment-140539\" class=\"wp-caption-text\"><a href=\"mailto:corey.robichaud@conservationcouncil.ca\">Corey Robichaud<\/a><\/figcaption><\/figure>\n<p><strong>Corey Robichaud<\/strong>: <em>\u00e0 venir<\/em><\/p>\n<p>&nbsp;<\/p>\n<p>&nbsp;<\/p>\n<p>&nbsp;<\/p>\n<p>&nbsp;<\/p>\n<figure id=\"attachment_153894\" aria-describedby=\"caption-attachment-153894\" style=\"width: 150px\" class=\"wp-caption alignleft\"><img loading=\"lazy\" decoding=\"async\" class=\"wp-image-153894 size-thumbnail\" src=\"https:\/\/www.conservationcouncil.ca\/wp-content\/uploads\/2013\/02\/Nadine-photo-150x150.jpg\" alt=\"\" width=\"150\" height=\"150\" srcset=\"https:\/\/www.conservationcouncil.ca\/wp-content\/uploads\/2013\/02\/Nadine-photo-150x150.jpg 150w, https:\/\/www.conservationcouncil.ca\/wp-content\/uploads\/2013\/02\/Nadine-photo-300x300.jpg 300w, https:\/\/www.conservationcouncil.ca\/wp-content\/uploads\/2013\/02\/Nadine-photo-100x100.jpg 100w\" sizes=\"(max-width: 150px) 100vw, 150px\" \/><figcaption id=\"caption-attachment-153894\" class=\"wp-caption-text\"><a href=\"mailto:nadine@conservationcouncil.ca\">Nadine Ives<\/a><\/figcaption><\/figure>\n<p><strong>Nadine Ives<\/strong> est notre directrice du projet Tous les enfants dehors! Elle travaille pour amener nos enfants \u00e0 l\u2019ext\u00e9rieur, en prise avec la nature et en soutenant les enseignants dans la prestation de programmes existants \u00e0 l\u2019ext\u00e9rieur des murs de la classe en utilisant la nature comme un outil de r\u00e9f\u00e9rence et de l\u2019enseignement. Elle aide \u00e9galement \u00e0 d\u00e9velopper des espaces ext\u00e9rieurs et des espaces naturels sur ou pr\u00e8s de l\u2019\u00e9cole. Elle est membre de l\u2019Alliance d\u2019\u00e9ducation au d\u00e9veloppement durable du Nouveau-Brunswick, l\u2019effort de collaboration sur la sant\u00e9 environnementale des enfants et de la collaboration de la biodiversit\u00e9 d\u2019N-B.<\/p>\n<p>Elle est \u00e9galement membre du conseil de l\u2019Enfant et de l\u2019Alliance de la nature du Canada. La partage de son amour et l\u2019appr\u00e9ciation pour le monde naturel a toujours \u00e9t\u00e9 une partie de tout ce que Nadine fait.<\/p>\n<figure id=\"attachment_142251\" aria-describedby=\"caption-attachment-142251\" style=\"width: 150px\" class=\"wp-caption alignleft\"><img loading=\"lazy\" decoding=\"async\" class=\"wp-image-142251 size-thumbnail\" src=\"https:\/\/www.conservationcouncil.ca\/wp-content\/uploads\/2019\/05\/Nadine-Headshot-2-150x150.jpeg\" alt=\"\" width=\"150\" height=\"150\" srcset=\"https:\/\/www.conservationcouncil.ca\/wp-content\/uploads\/2019\/05\/Nadine-Headshot-2-150x150.jpeg 150w, https:\/\/www.conservationcouncil.ca\/wp-content\/uploads\/2019\/05\/Nadine-Headshot-2.jpeg 200w, https:\/\/www.conservationcouncil.ca\/wp-content\/uploads\/2019\/05\/Nadine-Headshot-2-100x100.jpeg 100w\" sizes=\"(max-width: 150px) 100vw, 150px\" \/><figcaption id=\"caption-attachment-142251\" class=\"wp-caption-text\"><a href=\"mailto:jonna@conservationcouncil.ca\"><span class=\"m_-556984599542876024s2\">Jonna Karhunen<\/span><\/a><\/figcaption><\/figure>\n<p><strong>Jonna Karhunen<\/strong> est la coordonnatrice de notre projet\u00a0<em>Tous dehors pour apprendre<\/em>. Elle a \u00e9tudi\u00e9 la gestion de la faune, la biologie halieutique et les sciences environnementales, et a obtenu sa ma\u00eetrise en sciences \u00e0 l\u2019Universit\u00e9 d\u2019Helsinki, en Finlande.\u00a0Jonna\u00a0a mis son amour de la nature et de l\u2019\u00e9ducation \u00e0 profit en travaillant dans des \u00e9coles et en publiant bon nombre d\u2019articles sur la nature dans des magazines et des ouvrages finlandais. Gr\u00e2ce au projet\u00a0<em>Tous dehors pour apprendre<\/em>, elle peut, d\u2019une part, appuyer des enseignants et les encourager \u00e0 emmener leurs \u00e9tudiants \u00e0 l\u2019ext\u00e9rieur et, d\u2019autre part, inspirer des enfants et se laisser inspirer par eux lorsqu\u2019ils explorent la\u00a0nature et y apprennent.<\/p>\n","protected":false},"excerpt":{"rendered":"<p>Lois Corbett est r\u00e9cemment rentr\u00e9 en N-B, apr\u00e8s 30 ans de travail sur la politique environnementale d\u2019ailleurs, pour se joindre \u00e0 CCNB tant que directeur ex\u00e9cutif. Lois \u00e9tait la conseill\u00e8re principale en politiques \u00e0 trois ministres de l\u2019Environnement de l\u2019Ontario depuis 2003, avant d\u2019\u00e9tablir son propre cabinet de conseil. Auparavant, elle \u00e9tait la directrice ex\u00e9cutive [&hellip;]<\/p>\n","protected":false},"author":9,"featured_media":0,"parent":2196,"menu_order":0,"comment_status":"closed","ping_status":"closed","template":"elementor_canvas","meta":{"site-sidebar-layout":"default","site-content-layout":"default","ast-site-content-layout":"default","site-content-style":"default","site-sidebar-style":"default","ast-global-header-display":"","ast-banner-title-visibility":"","ast-main-header-display":"","ast-hfb-above-header-display":"","ast-hfb-below-header-display":"","ast-hfb-mobile-header-display":"","site-post-title":"","ast-breadcrumbs-content":"","ast-featured-img":"","footer-sml-layout":"","ast-disable-related-posts":"","theme-transparent-header-meta":"default","adv-header-id-meta":"","stick-header-meta":"default","header-above-stick-meta":"","header-main-stick-meta":"","header-below-stick-meta":"","astra-migrate-meta-layouts":"default","ast-page-background-enabled":"default","ast-page-background-meta":{"desktop":{"background-color":"","background-image":"","background-repeat":"repeat","background-position":"center center","background-size":"auto","background-attachment":"scroll","background-type":"","background-media":"","overlay-type":"","overlay-color":"","overlay-opacity":"","overlay-gradient":""},"tablet":{"background-color":"","background-image":"","background-repeat":"repeat","background-position":"center center","background-size":"auto","background-attachment":"scroll","background-type":"","background-media":"","overlay-type":"","overlay-color":"","overlay-opacity":"","overlay-gradient":""},"mobile":{"background-color":"","background-image":"","background-repeat":"repeat","background-position":"center center","background-size":"auto","background-attachment":"scroll","background-type":"","background-media":"","overlay-type":"","overlay-color":"","overlay-opacity":"","overlay-gradient":""}},"ast-content-background-meta":{"desktop":{"background-color":"var(--ast-global-color-5)","background-image":"","background-repeat":"repeat","background-position":"center center","background-size":"auto","background-attachment":"scroll","background-type":"","background-media":"","overlay-type":"","overlay-color":"","overlay-opacity":"","overlay-gradient":""},"tablet":{"background-color":"var(--ast-global-color-5)","background-image":"","background-repeat":"repeat","background-position":"center center","background-size":"auto","background-attachment":"scroll","background-type":"","background-media":"","overlay-type":"","overlay-color":"","overlay-opacity":"","overlay-gradient":""},"mobile":{"background-color":"var(--ast-global-color-5)","background-image":"","background-repeat":"repeat","background-position":"center center","background-size":"auto","background-attachment":"scroll","background-type":"","background-media":"","overlay-type":"","overlay-color":"","overlay-opacity":"","overlay-gradient":""}},"footnotes":""},"class_list":["post-2206","page","type-page","status-publish","hentry"],"_links":{"self":[{"href":"https:\/\/www.conservationcouncil.ca\/fr\/wp-json\/wp\/v2\/pages\/2206","targetHints":{"allow":["GET"]}}],"collection":[{"href":"https:\/\/www.conservationcouncil.ca\/fr\/wp-json\/wp\/v2\/pages"}],"about":[{"href":"https:\/\/www.conservationcouncil.ca\/fr\/wp-json\/wp\/v2\/types\/page"}],"author":[{"embeddable":true,"href":"https:\/\/www.conservationcouncil.ca\/fr\/wp-json\/wp\/v2\/users\/9"}],"replies":[{"embeddable":true,"href":"https:\/\/www.conservationcouncil.ca\/fr\/wp-json\/wp\/v2\/comments?post=2206"}],"version-history":[{"count":0,"href":"https:\/\/www.conservationcouncil.ca\/fr\/wp-json\/wp\/v2\/pages\/2206\/revisions"}],"up":[{"embeddable":true,"href":"https:\/\/www.conservationcouncil.ca\/fr\/wp-json\/wp\/v2\/pages\/2196"}],"wp:attachment":[{"href":"https:\/\/www.conservationcouncil.ca\/fr\/wp-json\/wp\/v2\/media?parent=2206"}],"curies":[{"name":"wp","href":"https:\/\/api.w.org\/{rel}","templated":true}]}}