{"id":2205,"date":"2013-02-17T19:27:01","date_gmt":"2013-02-17T23:27:01","guid":{"rendered":"http:\/\/www.conservationcouncil.ca\/?page_id=2205"},"modified":"2015-01-12T16:09:30","modified_gmt":"2015-01-12T20:09:30","slug":"realisations","status":"publish","type":"page","link":"https:\/\/www.conservationcouncil.ca\/fr\/a-propos-de-nous\/realisations\/","title":{"rendered":"R\u00e9alisations"},"content":{"rendered":"<p><strong>Nos r\u00e9alisations<\/strong><\/p>\n<p>\u2022 la mise en place d\u2019un minist\u00e8re de l\u2019Environnement au Nouveau-Brunswick par le premier ministre Richard Hatfield<br \/>\n\u2022 le nettoyage du fleuve Saint-Jean<br \/>\n\u2022 la promulgation de la loi sur la qualit\u00e9 de l\u2019eau qui garantit la salubrit\u00e9 de l\u2019eau potable;<br \/>\n\u2022 la r\u00e9glementation environnementale de l\u2019aquaculture du saumon;<br \/>\n\u2022 la mise en place de la zone de protection marine de la Musquash en vertu de la loi sur les oc\u00e9ans;<br \/>\n\u2022 la mise en place du Plan d\u2019action sur les changements climatiques par les premiers ministres de l\u2019Est du Canada et du gouverneur de la Nouvelle-Angleterre;<br \/>\n\u2022 la d\u00e9couverte et le nettoyage de la contamination de la fonderie de plomb \u00e0 Belledune et de la contamination par les produits de pr\u00e9servation du bois \u00e0 Newcastle;<br \/>\n\u2022 l\u2019exigence l\u00e9gale que 10 % de l\u2019\u00e9lectricit\u00e9 produite par \u00c9nergie NB provienne de sources renouvelables;<br \/>\n\u2022 l\u2019\u00e9tablissement du premier projet d\u2019une communaut\u00e9 soutenue par l\u2019agriculture (CSA) \u00e0 Keswick Ridge, Nouveau-Brunswick;<\/p>\n<p>\u2022 l\u2019\u00e9tablissement du premier club de fermiers du Nouveau-Brunswick pour la conservation;<br \/>\n\u2022 la cr\u00e9ation de l\u2019agence pour l\u2019efficacit\u00e9 \u00e9nerg\u00e9tique du Nouveau-Brunswick<br \/>\n\u2022 la campagne pour arr\u00eater la construction d&rsquo;une seconde centre nucl\u00e9aire \u00e0 Point Lepreau, l&rsquo;arr\u00eat du programme de pulv\u00e9risation contre la tordeuse du bourgeon d&rsquo;\u00e9pinette, et l&rsquo;\u00e9tablissement de zones sauvages prot\u00e9g\u00e9es aux lacs Kennedy et montagnes Christmas.<\/p>\n<p>Les programmes du Conseil de conservation du Nouveau-Brunswick pour la protection de notre eau, terre et air sont dirig\u00e9s par une petite \u00e9quipe d\u00e9vou\u00e9e. Nous d\u00e9pendons de nos membres pour assurer l\u2019ind\u00e9pendance dont nous avons besoin pour prendre la parole en faveur de l\u2019environnement et de nos communaut\u00e9s.<\/p>\n<p><a href=\"http:\/\/www.conservationcouncil.ca\/fr\/a-propos-de-nous\/faites-un-don\/\" title=\"Faites un don\">Rejoignez-nous<\/a> et soyez partie prenante de la solution!<\/p>\n","protected":false},"excerpt":{"rendered":"<p>Nos r\u00e9alisations \u2022 la mise en place d\u2019un minist\u00e8re de l\u2019Environnement au Nouveau-Brunswick par le premier ministre Richard Hatfield \u2022 le nettoyage du fleuve Saint-Jean \u2022 la promulgation de la loi sur la qualit\u00e9 de l\u2019eau qui garantit la salubrit\u00e9 de l\u2019eau potable; \u2022 la r\u00e9glementation environnementale de l\u2019aquaculture du saumon; \u2022 la mise en [&hellip;]<\/p>\n","protected":false},"author":9,"featured_media":0,"parent":2196,"menu_order":0,"comment_status":"closed","ping_status":"closed","template":"","meta":{"site-sidebar-layout":"default","site-content-layout":"default","ast-site-content-layout":"default","site-content-style":"default","site-sidebar-style":"default","ast-global-header-display":"","ast-banner-title-visibility":"","ast-main-header-display":"","ast-hfb-above-header-display":"","ast-hfb-below-header-display":"","ast-hfb-mobile-header-display":"","site-post-title":"","ast-breadcrumbs-content":"","ast-featured-img":"","footer-sml-layout":"","ast-disable-related-posts":"","theme-transparent-header-meta":"default","adv-header-id-meta":"","stick-header-meta":"","header-above-stick-meta":"","header-main-stick-meta":"","header-below-stick-meta":"","astra-migrate-meta-layouts":"default","ast-page-background-enabled":"default","ast-page-background-meta":{"desktop":{"background-color":"","background-image":"","background-repeat":"repeat","background-position":"center center","background-size":"auto","background-attachment":"scroll","background-type":"","background-media":"","overlay-type":"","overlay-color":"","overlay-opacity":"","overlay-gradient":""},"tablet":{"background-color":"","background-image":"","background-repeat":"repeat","background-position":"center center","background-size":"auto","background-attachment":"scroll","background-type":"","background-media":"","overlay-type":"","overlay-color":"","overlay-opacity":"","overlay-gradient":""},"mobile":{"background-color":"","background-image":"","background-repeat":"repeat","background-position":"center center","background-size":"auto","background-attachment":"scroll","background-type":"","background-media":"","overlay-type":"","overlay-color":"","overlay-opacity":"","overlay-gradient":""}},"ast-content-background-meta":{"desktop":{"background-color":"var(--ast-global-color-5)","background-image":"","background-repeat":"repeat","background-position":"center center","background-size":"auto","background-attachment":"scroll","background-type":"","background-media":"","overlay-type":"","overlay-color":"","overlay-opacity":"","overlay-gradient":""},"tablet":{"background-color":"var(--ast-global-color-5)","background-image":"","background-repeat":"repeat","background-position":"center center","background-size":"auto","background-attachment":"scroll","background-type":"","background-media":"","overlay-type":"","overlay-color":"","overlay-opacity":"","overlay-gradient":""},"mobile":{"background-color":"var(--ast-global-color-5)","background-image":"","background-repeat":"repeat","background-position":"center center","background-size":"auto","background-attachment":"scroll","background-type":"","background-media":"","overlay-type":"","overlay-color":"","overlay-opacity":"","overlay-gradient":""}},"footnotes":""},"class_list":["post-2205","page","type-page","status-publish","hentry"],"_links":{"self":[{"href":"https:\/\/www.conservationcouncil.ca\/fr\/wp-json\/wp\/v2\/pages\/2205","targetHints":{"allow":["GET"]}}],"collection":[{"href":"https:\/\/www.conservationcouncil.ca\/fr\/wp-json\/wp\/v2\/pages"}],"about":[{"href":"https:\/\/www.conservationcouncil.ca\/fr\/wp-json\/wp\/v2\/types\/page"}],"author":[{"embeddable":true,"href":"https:\/\/www.conservationcouncil.ca\/fr\/wp-json\/wp\/v2\/users\/9"}],"replies":[{"embeddable":true,"href":"https:\/\/www.conservationcouncil.ca\/fr\/wp-json\/wp\/v2\/comments?post=2205"}],"version-history":[{"count":0,"href":"https:\/\/www.conservationcouncil.ca\/fr\/wp-json\/wp\/v2\/pages\/2205\/revisions"}],"up":[{"embeddable":true,"href":"https:\/\/www.conservationcouncil.ca\/fr\/wp-json\/wp\/v2\/pages\/2196"}],"wp:attachment":[{"href":"https:\/\/www.conservationcouncil.ca\/fr\/wp-json\/wp\/v2\/media?parent=2205"}],"curies":[{"name":"wp","href":"https:\/\/api.w.org\/{rel}","templated":true}]}}