{"id":2203,"date":"2013-02-17T19:30:39","date_gmt":"2013-02-17T23:30:39","guid":{"rendered":"http:\/\/www.conservationcouncil.ca\/?page_id=2203"},"modified":"2019-02-05T13:16:58","modified_gmt":"2019-02-05T17:16:58","slug":"faites-un-don","status":"publish","type":"page","link":"https:\/\/www.conservationcouncil.ca\/fr\/a-propos-de-nous\/faites-un-don\/","title":{"rendered":"Faites un don"},"content":{"rendered":"<h1><img fetchpriority=\"high\" decoding=\"async\" class=\"aligncenter wp-image-140888 size-full\" src=\"https:\/\/www.conservationcouncil.ca\/wp-content\/uploads\/2019\/02\/French-Donation-Crop.jpg\" alt=\"\" width=\"782\" height=\"383\" srcset=\"https:\/\/www.conservationcouncil.ca\/wp-content\/uploads\/2019\/02\/French-Donation-Crop.jpg 782w, https:\/\/www.conservationcouncil.ca\/wp-content\/uploads\/2019\/02\/French-Donation-Crop-300x147.jpg 300w, https:\/\/www.conservationcouncil.ca\/wp-content\/uploads\/2019\/02\/French-Donation-Crop-768x376.jpg 768w, https:\/\/www.conservationcouncil.ca\/wp-content\/uploads\/2019\/02\/French-Donation-Crop-600x294.jpg 600w\" sizes=\"(max-width: 782px) 100vw, 782px\" \/>Fa\u00e7ons de faire la diff\u00e9rence<\/h1>\n<p><strong>1. Donnez au Conseil de Conservation du Nouveau-Brunswick<\/strong><\/p>\n<p>Avec le Conseil de Conservation du Nouveau-Brunswick, j&rsquo;aimerais contribuer au soutien de l&rsquo;\u00e9ducation et des projets de sensibilisation. En tant que donateur canadien au Conseil de Conservation, je recevrai un re\u00e7u d&rsquo;imp\u00f4ts pour don de bienfaisance. Num\u00e9ro d&rsquo;enregistrement # 118879841R0001.<\/p>\n<p>Le Conseil de Conservation du Nouveau-Brunswick est un organisme de bienfaisance enregistr\u00e9 qui r\u00e9alise des projets d&rsquo;\u00e9ducation et de sensibilisation dans le but de r\u00e9soudre des probl\u00e8mes environnementaux. Les donateurs au Conseil de Conservation recevront un re\u00e7u d&rsquo;imp\u00f4ts pour don de bienfaisance.<\/p>\n<p>Pour plus d&rsquo;informations, contactez-nous au:<br \/>\n(506) 458-8747 ou courriel: info@conservationcouncil.ca<\/p>\n<p>Faites un don au Conseil de conservation du Nouveau-Brunswick en ligne via <a href=\"http:\/\/www.canadahelps.org\/CharityProfilePage.aspx?charityID=s16901\">canadahelps.org<\/a>.<\/p>\n<hr \/>\n<p><strong>2. Donner au CCNB Action par courrier<\/strong><input name=\"hosted_button_id\" type=\"hidden\" value=\"Y3L4UYU5VL5N4\" \/><\/p>\n<form action=\"https:\/\/www.paypal.com\/cgi-bin\/webscr\" method=\"post\" target=\"_top\">Vous pouvez envoyer un ch\u00e8que ou mandat \u00e0 l&rsquo;ordre de \u00abCCNB Action\u00bb \u00e0:<\/p>\n<p>180 St. John Street<br \/>\nFredericton, Nouveau-Brunswick<br \/>\nE3B 4A9<\/p>\n<hr \/>\n<p><strong>3. D&rsquo;autres fa\u00e7ons de donner<\/strong><\/p>\n<p>Faites un don comm\u00e9moratif en l&rsquo;honneur d&rsquo;un \u00eatre cher disparu<br \/>\nLaissez une impression durable avec un don planifi\u00e9<br \/>\nRejoignez le Group of Forty (dons annuels de plus de 250 $)<br \/>\nOffrez un cadeau pour un environnement sain \u2013 Offrez une adh\u00e9sion \u00e0 CCNB Action<\/p>\n<p>Contactez-nous \u00e0 info@conservationcouncil.ca pour plus d&rsquo;informations sur les dons comm\u00e9moratifs, les dons planifi\u00e9s et le Group of Forty.<\/p>\n<\/form>\n","protected":false},"excerpt":{"rendered":"<p>Fa\u00e7ons de faire la diff\u00e9rence 1. Donnez au Conseil de Conservation du Nouveau-Brunswick Avec le Conseil de Conservation du Nouveau-Brunswick, j&rsquo;aimerais contribuer au soutien de l&rsquo;\u00e9ducation et des projets de sensibilisation. En tant que donateur canadien au Conseil de Conservation, je recevrai un re\u00e7u d&rsquo;imp\u00f4ts pour don de bienfaisance. Num\u00e9ro d&rsquo;enregistrement # 118879841R0001. Le Conseil [&hellip;]<\/p>\n","protected":false},"author":9,"featured_media":139511,"parent":2196,"menu_order":0,"comment_status":"closed","ping_status":"closed","template":"","meta":{"site-sidebar-layout":"default","site-content-layout":"default","ast-site-content-layout":"default","site-content-style":"default","site-sidebar-style":"default","ast-global-header-display":"","ast-banner-title-visibility":"","ast-main-header-display":"","ast-hfb-above-header-display":"","ast-hfb-below-header-display":"","ast-hfb-mobile-header-display":"","site-post-title":"","ast-breadcrumbs-content":"","ast-featured-img":"","footer-sml-layout":"","ast-disable-related-posts":"","theme-transparent-header-meta":"default","adv-header-id-meta":"","stick-header-meta":"","header-above-stick-meta":"","header-main-stick-meta":"","header-below-stick-meta":"","astra-migrate-meta-layouts":"default","ast-page-background-enabled":"default","ast-page-background-meta":{"desktop":{"background-color":"","background-image":"","background-repeat":"repeat","background-position":"center center","background-size":"auto","background-attachment":"scroll","background-type":"","background-media":"","overlay-type":"","overlay-color":"","overlay-opacity":"","overlay-gradient":""},"tablet":{"background-color":"","background-image":"","background-repeat":"repeat","background-position":"center center","background-size":"auto","background-attachment":"scroll","background-type":"","background-media":"","overlay-type":"","overlay-color":"","overlay-opacity":"","overlay-gradient":""},"mobile":{"background-color":"","background-image":"","background-repeat":"repeat","background-position":"center center","background-size":"auto","background-attachment":"scroll","background-type":"","background-media":"","overlay-type":"","overlay-color":"","overlay-opacity":"","overlay-gradient":""}},"ast-content-background-meta":{"desktop":{"background-color":"var(--ast-global-color-5)","background-image":"","background-repeat":"repeat","background-position":"center center","background-size":"auto","background-attachment":"scroll","background-type":"","background-media":"","overlay-type":"","overlay-color":"","overlay-opacity":"","overlay-gradient":""},"tablet":{"background-color":"var(--ast-global-color-5)","background-image":"","background-repeat":"repeat","background-position":"center center","background-size":"auto","background-attachment":"scroll","background-type":"","background-media":"","overlay-type":"","overlay-color":"","overlay-opacity":"","overlay-gradient":""},"mobile":{"background-color":"var(--ast-global-color-5)","background-image":"","background-repeat":"repeat","background-position":"center center","background-size":"auto","background-attachment":"scroll","background-type":"","background-media":"","overlay-type":"","overlay-color":"","overlay-opacity":"","overlay-gradient":""}},"footnotes":""},"class_list":["post-2203","page","type-page","status-publish","has-post-thumbnail","hentry"],"_links":{"self":[{"href":"https:\/\/www.conservationcouncil.ca\/fr\/wp-json\/wp\/v2\/pages\/2203","targetHints":{"allow":["GET"]}}],"collection":[{"href":"https:\/\/www.conservationcouncil.ca\/fr\/wp-json\/wp\/v2\/pages"}],"about":[{"href":"https:\/\/www.conservationcouncil.ca\/fr\/wp-json\/wp\/v2\/types\/page"}],"author":[{"embeddable":true,"href":"https:\/\/www.conservationcouncil.ca\/fr\/wp-json\/wp\/v2\/users\/9"}],"replies":[{"embeddable":true,"href":"https:\/\/www.conservationcouncil.ca\/fr\/wp-json\/wp\/v2\/comments?post=2203"}],"version-history":[{"count":0,"href":"https:\/\/www.conservationcouncil.ca\/fr\/wp-json\/wp\/v2\/pages\/2203\/revisions"}],"up":[{"embeddable":true,"href":"https:\/\/www.conservationcouncil.ca\/fr\/wp-json\/wp\/v2\/pages\/2196"}],"wp:featuredmedia":[{"embeddable":true,"href":"https:\/\/www.conservationcouncil.ca\/fr\/wp-json\/wp\/v2\/media\/139511"}],"wp:attachment":[{"href":"https:\/\/www.conservationcouncil.ca\/fr\/wp-json\/wp\/v2\/media?parent=2203"}],"curies":[{"name":"wp","href":"https:\/\/api.w.org\/{rel}","templated":true}]}}