{"id":176144,"date":"2021-02-08T14:34:56","date_gmt":"2021-02-08T18:34:56","guid":{"rendered":"https:\/\/www.conservationcouncil.ca\/tous-dehors-pour-apprendre\/"},"modified":"2023-04-20T10:42:25","modified_gmt":"2023-04-20T13:42:25","slug":"tous-dehors-pour-apprendre","status":"publish","type":"page","link":"https:\/\/www.conservationcouncil.ca\/fr\/tous-dehors-pour-apprendre\/","title":{"rendered":"Tous dehors pour apprendre"},"content":{"rendered":"\t\t<div data-elementor-type=\"wp-page\" data-elementor-id=\"176144\" class=\"elementor elementor-176144 elementor-164935\" data-elementor-post-type=\"page\">\n\t\t\t\t\t\t<section class=\"elementor-section elementor-top-section elementor-element elementor-element-43032290 elementor-section-content-middle elementor-section-boxed elementor-section-height-default elementor-section-height-default\" data-id=\"43032290\" data-element_type=\"section\" data-settings=\"{&quot;background_background&quot;:&quot;classic&quot;}\">\n\t\t\t\t\t\t\t<div class=\"elementor-background-overlay\"><\/div>\n\t\t\t\t\t\t\t<div class=\"elementor-container elementor-column-gap-no\">\n\t\t\t\t\t<div class=\"elementor-column elementor-col-100 elementor-top-column elementor-element elementor-element-468a72c9\" data-id=\"468a72c9\" data-element_type=\"column\">\n\t\t\t<div class=\"elementor-widget-wrap elementor-element-populated\">\n\t\t\t\t\t\t<div class=\"elementor-element elementor-element-3ce8f3d5 elementor-widget elementor-widget-heading\" data-id=\"3ce8f3d5\" data-element_type=\"widget\" data-widget_type=\"heading.default\">\n\t\t\t\t<div class=\"elementor-widget-container\">\n\t\t\t\t\t<h1 class=\"elementor-heading-title elementor-size-default\">Tous dehors pour apprendre<\/h1>\t\t\t\t<\/div>\n\t\t\t\t<\/div>\n\t\t\t\t\t<\/div>\n\t\t<\/div>\n\t\t\t\t\t<\/div>\n\t\t<\/section>\n\t\t\t\t<section class=\"elementor-section elementor-top-section elementor-element elementor-element-48d3a123 elementor-section-boxed elementor-section-height-default elementor-section-height-default\" data-id=\"48d3a123\" data-element_type=\"section\" data-settings=\"{&quot;background_background&quot;:&quot;classic&quot;}\">\n\t\t\t\t\t\t<div class=\"elementor-container elementor-column-gap-default\">\n\t\t\t\t\t<div class=\"elementor-column elementor-col-100 elementor-top-column elementor-element elementor-element-377de674\" data-id=\"377de674\" data-element_type=\"column\">\n\t\t\t<div class=\"elementor-widget-wrap elementor-element-populated\">\n\t\t\t\t\t\t<div class=\"elementor-element elementor-element-34d672be elementor-widget elementor-widget-spacer\" data-id=\"34d672be\" data-element_type=\"widget\" data-widget_type=\"spacer.default\">\n\t\t\t\t<div class=\"elementor-widget-container\">\n\t\t\t\t\t\t\t<div class=\"elementor-spacer\">\n\t\t\t<div class=\"elementor-spacer-inner\"><\/div>\n\t\t<\/div>\n\t\t\t\t\t\t<\/div>\n\t\t\t\t<\/div>\n\t\t\t\t<div class=\"elementor-element elementor-element-3e8fe87c elementor-widget elementor-widget-heading\" data-id=\"3e8fe87c\" data-element_type=\"widget\" data-widget_type=\"heading.default\">\n\t\t\t\t<div class=\"elementor-widget-container\">\n\t\t\t\t\t<h2 class=\"elementor-heading-title elementor-size-default\">Nous aidons les enfants \u00e0 apprendre hors des salles de classe.<\/h2>\t\t\t\t<\/div>\n\t\t\t\t<\/div>\n\t\t\t\t<div class=\"elementor-element elementor-element-51c9591d elementor-widget elementor-widget-text-editor\" data-id=\"51c9591d\" data-element_type=\"widget\" data-widget_type=\"text-editor.default\">\n\t\t\t\t<div class=\"elementor-widget-container\">\n\t\t\t\t\t\t\t\t\t<p>Vous y trouverez des id\u00e9es, des ressources et de l\u2019information p\u00e9dagogiques.<\/p>\n\t\t\t\t\t\t\t\t<\/div>\n\t\t\t\t<\/div>\n\t\t\t\t\t<\/div>\n\t\t<\/div>\n\t\t\t\t\t<\/div>\n\t\t<\/section>\n\t\t\t\t<section class=\"elementor-section elementor-top-section elementor-element elementor-element-65ee697 elementor-reverse-tablet elementor-reverse-mobile elementor-section-boxed elementor-section-height-default elementor-section-height-default\" data-id=\"65ee697\" data-element_type=\"section\">\n\t\t\t\t\t\t<div class=\"elementor-container elementor-column-gap-wider\">\n\t\t\t\t\t<div class=\"elementor-column elementor-col-50 elementor-top-column elementor-element elementor-element-754526a\" data-id=\"754526a\" data-element_type=\"column\">\n\t\t\t<div class=\"elementor-widget-wrap elementor-element-populated\">\n\t\t\t\t\t\t<div class=\"elementor-element elementor-element-76fd3f0 elementor-widget elementor-widget-text-editor\" data-id=\"76fd3f0\" data-element_type=\"widget\" data-widget_type=\"text-editor.default\">\n\t\t\t\t<div class=\"elementor-widget-container\">\n\t\t\t\t\t\t\t\t\t<strong>Le projet\u00a0<em>Tous dehors pour apprendre<\/em>\u00a0du Conseil de conservation encourage les enfants du Nouveau?Brunswick \u00e0 renouer avec la nature en aidant les enseignants \u00e0 emmener leurs \u00e9l\u00e8ves \u00e0 l\u2019ext\u00e9rieur pour int\u00e9grer la nature dans l\u2019enseignement de toutes les mati\u00e8res.<\/strong>\r\n\r\nNous sommes d\u2019avis que les enfants ont le droit d\u2019apprendre en explorant la nature. Notre approche unique consiste \u00e0 int\u00e9grer la nature \u00e0 la scolarit\u00e9 des enfants du Nouveau-Brunswick en incluant l\u2019utilisation des salles de classes en plein air et les espaces naturels dans les programmes p\u00e9dagogiques existants.\r\n\r\nNous facilitons cette approche en donnant aux enseignants des ressources et des possibilit\u00e9s p\u00e9dagogiques pratiques, ainsi qu\u2019en encourageant le d\u00e9veloppement de salles de classe en plein air et d\u2019espaces verts \u00e0 l\u2019int\u00e9rieur ou \u00e0 proximit\u00e9 des coures d\u2019\u00e9cole.\t\t\t\t\t\t\t\t<\/div>\n\t\t\t\t<\/div>\n\t\t\t\t\t<\/div>\n\t\t<\/div>\n\t\t\t\t<div class=\"elementor-column elementor-col-50 elementor-top-column elementor-element elementor-element-0ca5ae1\" data-id=\"0ca5ae1\" data-element_type=\"column\">\n\t\t\t<div class=\"elementor-widget-wrap elementor-element-populated\">\n\t\t\t\t\t\t<div class=\"elementor-element elementor-element-0549dbf elementor-widget elementor-widget-image\" data-id=\"0549dbf\" data-element_type=\"widget\" data-settings=\"{&quot;_animation&quot;:&quot;none&quot;}\" data-widget_type=\"image.default\">\n\t\t\t\t<div class=\"elementor-widget-container\">\n\t\t\t\t\t\t\t\t\t\t\t\t\t\t\t\t<a href=\"https:\/\/www.learningoutside.ca\/fr\/\" target=\"_blank\">\n\t\t\t\t\t\t\t<img fetchpriority=\"high\" decoding=\"async\" width=\"703\" height=\"480\" src=\"https:\/\/www.conservationcouncil.ca\/wp-content\/uploads\/2021\/02\/Learning-outside-703x480.png\" class=\"elementor-animation-pulse attachment-large size-large wp-image-164963\" alt=\"\" srcset=\"https:\/\/www.conservationcouncil.ca\/wp-content\/uploads\/2021\/02\/Learning-outside-703x480.png 703w, https:\/\/www.conservationcouncil.ca\/wp-content\/uploads\/2021\/02\/Learning-outside-300x205.png 300w, https:\/\/www.conservationcouncil.ca\/wp-content\/uploads\/2021\/02\/Learning-outside-768x524.png 768w, https:\/\/www.conservationcouncil.ca\/wp-content\/uploads\/2021\/02\/Learning-outside-600x410.png 600w, https:\/\/www.conservationcouncil.ca\/wp-content\/uploads\/2021\/02\/Learning-outside.png 1200w\" sizes=\"(max-width: 703px) 100vw, 703px\" \/>\t\t\t\t\t\t\t\t<\/a>\n\t\t\t\t\t\t\t\t\t\t\t\t\t\t\t<\/div>\n\t\t\t\t<\/div>\n\t\t\t\t<div class=\"elementor-element elementor-element-d8c1c6c elementor-widget elementor-widget-text-editor\" data-id=\"d8c1c6c\" data-element_type=\"widget\" data-widget_type=\"text-editor.default\">\n\t\t\t\t<div class=\"elementor-widget-container\">\n\t\t\t\t\t\t\t\t\t<p>Pour en savoir plus sur les passionnants projets organis\u00e9s dans les \u00e9coles de toute la province ainsi que sur ce que vous pouvez r\u00e9aliser dans votre \u00e9cole et comment le r\u00e9aliser, consultez notre <strong><a href=\"https:\/\/www.learningoutside.ca\/fr\/\">site Internet<\/a><\/strong>.<\/p>\n\t\t\t\t\t\t\t\t<\/div>\n\t\t\t\t<\/div>\n\t\t\t\t\t<\/div>\n\t\t<\/div>\n\t\t\t\t\t<\/div>\n\t\t<\/section>\n\t\t\t\t<section class=\"elementor-section elementor-top-section elementor-element elementor-element-e55e688 elementor-section-boxed elementor-section-height-default elementor-section-height-default\" data-id=\"e55e688\" data-element_type=\"section\" data-settings=\"{&quot;background_background&quot;:&quot;gradient&quot;}\">\n\t\t\t\t\t\t<div class=\"elementor-container elementor-column-gap-default\">\n\t\t\t\t\t<div class=\"elementor-column elementor-col-100 elementor-top-column elementor-element elementor-element-1a26d75\" data-id=\"1a26d75\" data-element_type=\"column\">\n\t\t\t<div class=\"elementor-widget-wrap elementor-element-populated\">\n\t\t\t\t\t\t<div class=\"elementor-element elementor-element-b3ff289 elementor-widget elementor-widget-video\" data-id=\"b3ff289\" data-element_type=\"widget\" data-settings=\"{&quot;youtube_url&quot;:&quot;https:\\\/\\\/youtu.be\\\/1-K5mD_2pfo&quot;,&quot;video_type&quot;:&quot;youtube&quot;,&quot;controls&quot;:&quot;yes&quot;}\" data-widget_type=\"video.default\">\n\t\t\t\t<div class=\"elementor-widget-container\">\n\t\t\t\t\t\t\t<div class=\"elementor-wrapper elementor-open-inline\">\n\t\t\t<div class=\"elementor-video\"><\/div>\t\t<\/div>\n\t\t\t\t\t\t<\/div>\n\t\t\t\t<\/div>\n\t\t\t\t<div class=\"elementor-element elementor-element-ad6a994 elementor-widget elementor-widget-heading\" data-id=\"ad6a994\" data-element_type=\"widget\" data-widget_type=\"heading.default\">\n\t\t\t\t<div class=\"elementor-widget-container\">\n\t\t\t\t\t<h2 class=\"elementor-heading-title elementor-size-default\">Nous joindre<\/h2>\t\t\t\t<\/div>\n\t\t\t\t<\/div>\n\t\t\t\t\t<\/div>\n\t\t<\/div>\n\t\t\t\t\t<\/div>\n\t\t<\/section>\n\t\t\t\t<section class=\"elementor-section elementor-top-section elementor-element elementor-element-62592f2 elementor-section-boxed elementor-section-height-default elementor-section-height-default\" data-id=\"62592f2\" data-element_type=\"section\" data-settings=\"{&quot;background_background&quot;:&quot;classic&quot;}\">\n\t\t\t\t\t\t<div class=\"elementor-container elementor-column-gap-default\">\n\t\t\t\t\t<div class=\"elementor-column elementor-col-100 elementor-top-column elementor-element elementor-element-e10e175\" data-id=\"e10e175\" data-element_type=\"column\">\n\t\t\t<div class=\"elementor-widget-wrap elementor-element-populated\">\n\t\t\t\t\t\t<div class=\"elementor-element elementor-element-1e610b8 elementor-widget-divider--view-line elementor-widget elementor-widget-divider\" data-id=\"1e610b8\" data-element_type=\"widget\" data-widget_type=\"divider.default\">\n\t\t\t\t<div class=\"elementor-widget-container\">\n\t\t\t\t\t\t\t<div class=\"elementor-divider\">\n\t\t\t<span class=\"elementor-divider-separator\">\n\t\t\t\t\t\t<\/span>\n\t\t<\/div>\n\t\t\t\t\t\t<\/div>\n\t\t\t\t<\/div>\n\t\t\t\t<section class=\"elementor-section elementor-inner-section elementor-element elementor-element-409ef25 elementor-section-content-top elementor-reverse-tablet elementor-reverse-mobile elementor-section-boxed elementor-section-height-default elementor-section-height-default\" data-id=\"409ef25\" data-element_type=\"section\">\n\t\t\t\t\t\t<div class=\"elementor-container elementor-column-gap-wider\">\n\t\t\t\t\t<div class=\"elementor-column elementor-col-50 elementor-inner-column elementor-element elementor-element-70e11a3\" data-id=\"70e11a3\" data-element_type=\"column\">\n\t\t\t<div class=\"elementor-widget-wrap elementor-element-populated\">\n\t\t\t\t\t\t<div class=\"elementor-element elementor-element-35c85c0 elementor-widget elementor-widget-heading\" data-id=\"35c85c0\" data-element_type=\"widget\" data-widget_type=\"heading.default\">\n\t\t\t\t<div class=\"elementor-widget-container\">\n\t\t\t\t\t<h2 class=\"elementor-heading-title elementor-size-default\">Nous joindre<\/h2>\t\t\t\t<\/div>\n\t\t\t\t<\/div>\n\t\t\t\t<div class=\"elementor-element elementor-element-4739500 elementor-widget elementor-widget-text-editor\" data-id=\"4739500\" data-element_type=\"widget\" data-widget_type=\"text-editor.default\">\n\t\t\t\t<div class=\"elementor-widget-container\">\n\t\t\t\t\t\t\t\t\t<p>Nous cr\u00e9ons des activit\u00e9s en plein air conviviales en lien avec les programmes scolaires qui incluent \u00e9galement des esp\u00e8ces, des habitats et des \u00e9v\u00e9nements saisonniers. Nous adorons offrir ces activit\u00e9s lors de nos visites dans les \u00e9coles, mais nous encourageons aussi les enseignants \u00e0 faire le saut et \u00e0 dispenser leur propre plan de cours en plein air.<\/p>\n\t\t\t\t\t\t\t\t<\/div>\n\t\t\t\t<\/div>\n\t\t\t\t<div class=\"elementor-element elementor-element-3e6b4fd elementor-align-center elementor-widget elementor-widget-button\" data-id=\"3e6b4fd\" data-element_type=\"widget\" data-widget_type=\"button.default\">\n\t\t\t\t<div class=\"elementor-widget-container\">\n\t\t\t\t\t\t\t\t\t<div class=\"elementor-button-wrapper\">\n\t\t\t\t\t<a class=\"elementor-button elementor-button-link elementor-size-sm elementor-animation-pulse\" href=\"mailto:Nadine@conservationcouncil.ca\" target=\"_blank\">\n\t\t\t\t\t\t<span class=\"elementor-button-content-wrapper\">\n\t\t\t\t\t\t\t\t\t<span class=\"elementor-button-text\">Contact Us<\/span>\n\t\t\t\t\t<\/span>\n\t\t\t\t\t<\/a>\n\t\t\t\t<\/div>\n\t\t\t\t\t\t\t\t<\/div>\n\t\t\t\t<\/div>\n\t\t\t\t\t<\/div>\n\t\t<\/div>\n\t\t\t\t<div class=\"elementor-column elementor-col-50 elementor-inner-column elementor-element elementor-element-775c9e0\" data-id=\"775c9e0\" data-element_type=\"column\">\n\t\t\t<div class=\"elementor-widget-wrap elementor-element-populated\">\n\t\t\t\t\t\t<div class=\"elementor-element elementor-element-2dfa923 elementor-widget elementor-widget-image\" data-id=\"2dfa923\" data-element_type=\"widget\" data-widget_type=\"image.default\">\n\t\t\t\t<div class=\"elementor-widget-container\">\n\t\t\t\t\t\t\t\t\t\t\t\t\t\t\t<img decoding=\"async\" width=\"640\" height=\"480\" src=\"https:\/\/www.conservationcouncil.ca\/wp-content\/uploads\/2021\/02\/krs-ccnb9-message-centre1-640x480.jpg\" class=\"attachment-large size-large wp-image-164952\" alt=\"\" srcset=\"https:\/\/www.conservationcouncil.ca\/wp-content\/uploads\/2021\/02\/krs-ccnb9-message-centre1-640x480.jpg 640w, https:\/\/www.conservationcouncil.ca\/wp-content\/uploads\/2021\/02\/krs-ccnb9-message-centre1-300x225.jpg 300w, https:\/\/www.conservationcouncil.ca\/wp-content\/uploads\/2021\/02\/krs-ccnb9-message-centre1-600x450.jpg 600w, https:\/\/www.conservationcouncil.ca\/wp-content\/uploads\/2021\/02\/krs-ccnb9-message-centre1.jpg 643w\" sizes=\"(max-width: 640px) 100vw, 640px\" \/>\t\t\t\t\t\t\t\t\t\t\t\t\t\t\t<\/div>\n\t\t\t\t<\/div>\n\t\t\t\t\t<\/div>\n\t\t<\/div>\n\t\t\t\t\t<\/div>\n\t\t<\/section>\n\t\t\t\t<div class=\"elementor-element elementor-element-3e3c510 elementor-widget-divider--view-line elementor-widget elementor-widget-divider\" data-id=\"3e3c510\" data-element_type=\"widget\" data-widget_type=\"divider.default\">\n\t\t\t\t<div class=\"elementor-widget-container\">\n\t\t\t\t\t\t\t<div class=\"elementor-divider\">\n\t\t\t<span class=\"elementor-divider-separator\">\n\t\t\t\t\t\t<\/span>\n\t\t<\/div>\n\t\t\t\t\t\t<\/div>\n\t\t\t\t<\/div>\n\t\t\t\t\t<\/div>\n\t\t<\/div>\n\t\t\t\t\t<\/div>\n\t\t<\/section>\n\t\t\t\t<\/div>\n\t\t","protected":false},"excerpt":{"rendered":"<p>Tous dehors pour apprendre Nous aidons les enfants \u00e0 apprendre hors des salles de classe. Vous y trouverez des id\u00e9es, des ressources et de l\u2019information p\u00e9dagogiques. Le projet\u00a0Tous dehors pour apprendre\u00a0du Conseil de conservation encourage les enfants du Nouveau?Brunswick \u00e0 renouer avec la nature en aidant les enseignants \u00e0 emmener leurs \u00e9l\u00e8ves \u00e0 l\u2019ext\u00e9rieur pour [&hellip;]<\/p>\n","protected":false},"author":42,"featured_media":0,"parent":0,"menu_order":0,"comment_status":"closed","ping_status":"closed","template":"elementor_header_footer","meta":{"site-sidebar-layout":"no-sidebar","site-content-layout":"page-builder","ast-site-content-layout":"default","site-content-style":"default","site-sidebar-style":"default","ast-global-header-display":"","ast-banner-title-visibility":"","ast-main-header-display":"","ast-hfb-above-header-display":"","ast-hfb-below-header-display":"","ast-hfb-mobile-header-display":"","site-post-title":"disabled","ast-breadcrumbs-content":"","ast-featured-img":"disabled","footer-sml-layout":"","ast-disable-related-posts":"","theme-transparent-header-meta":"default","adv-header-id-meta":"","stick-header-meta":"default","header-above-stick-meta":"","header-main-stick-meta":"","header-below-stick-meta":"","astra-migrate-meta-layouts":"default","ast-page-background-enabled":"default","ast-page-background-meta":{"desktop":{"background-color":"","background-image":"","background-repeat":"repeat","background-position":"center center","background-size":"auto","background-attachment":"scroll","background-type":"","background-media":"","overlay-type":"","overlay-color":"","overlay-opacity":"","overlay-gradient":""},"tablet":{"background-color":"","background-image":"","background-repeat":"repeat","background-position":"center center","background-size":"auto","background-attachment":"scroll","background-type":"","background-media":"","overlay-type":"","overlay-color":"","overlay-opacity":"","overlay-gradient":""},"mobile":{"background-color":"","background-image":"","background-repeat":"repeat","background-position":"center center","background-size":"auto","background-attachment":"scroll","background-type":"","background-media":"","overlay-type":"","overlay-color":"","overlay-opacity":"","overlay-gradient":""}},"ast-content-background-meta":{"desktop":{"background-color":"var(--ast-global-color-5)","background-image":"","background-repeat":"repeat","background-position":"center center","background-size":"auto","background-attachment":"scroll","background-type":"","background-media":"","overlay-type":"","overlay-color":"","overlay-opacity":"","overlay-gradient":""},"tablet":{"background-color":"var(--ast-global-color-5)","background-image":"","background-repeat":"repeat","background-position":"center center","background-size":"auto","background-attachment":"scroll","background-type":"","background-media":"","overlay-type":"","overlay-color":"","overlay-opacity":"","overlay-gradient":""},"mobile":{"background-color":"var(--ast-global-color-5)","background-image":"","background-repeat":"repeat","background-position":"center center","background-size":"auto","background-attachment":"scroll","background-type":"","background-media":"","overlay-type":"","overlay-color":"","overlay-opacity":"","overlay-gradient":""}},"footnotes":""},"class_list":["post-176144","page","type-page","status-publish","hentry"],"_links":{"self":[{"href":"https:\/\/www.conservationcouncil.ca\/fr\/wp-json\/wp\/v2\/pages\/176144","targetHints":{"allow":["GET"]}}],"collection":[{"href":"https:\/\/www.conservationcouncil.ca\/fr\/wp-json\/wp\/v2\/pages"}],"about":[{"href":"https:\/\/www.conservationcouncil.ca\/fr\/wp-json\/wp\/v2\/types\/page"}],"author":[{"embeddable":true,"href":"https:\/\/www.conservationcouncil.ca\/fr\/wp-json\/wp\/v2\/users\/42"}],"replies":[{"embeddable":true,"href":"https:\/\/www.conservationcouncil.ca\/fr\/wp-json\/wp\/v2\/comments?post=176144"}],"version-history":[{"count":1,"href":"https:\/\/www.conservationcouncil.ca\/fr\/wp-json\/wp\/v2\/pages\/176144\/revisions"}],"predecessor-version":[{"id":193823,"href":"https:\/\/www.conservationcouncil.ca\/fr\/wp-json\/wp\/v2\/pages\/176144\/revisions\/193823"}],"wp:attachment":[{"href":"https:\/\/www.conservationcouncil.ca\/fr\/wp-json\/wp\/v2\/media?parent=176144"}],"curies":[{"name":"wp","href":"https:\/\/api.w.org\/{rel}","templated":true}]}}