{"id":176137,"date":"2021-02-08T15:20:27","date_gmt":"2021-02-08T19:20:27","guid":{"rendered":"https:\/\/www.conservationcouncil.ca\/acheter-local\/"},"modified":"2021-08-30T14:27:52","modified_gmt":"2021-08-30T17:27:52","slug":"acheter-local","status":"publish","type":"page","link":"https:\/\/www.conservationcouncil.ca\/fr\/acheter-local\/","title":{"rendered":"Acheter local"},"content":{"rendered":"\t\t<div data-elementor-type=\"wp-page\" data-elementor-id=\"176137\" class=\"elementor elementor-176137 elementor-165004\" data-elementor-post-type=\"page\">\n\t\t\t\t\t\t<section class=\"elementor-section elementor-top-section elementor-element elementor-element-43032290 elementor-section-content-middle elementor-section-boxed elementor-section-height-default elementor-section-height-default\" data-id=\"43032290\" data-element_type=\"section\" data-settings=\"{&quot;background_background&quot;:&quot;classic&quot;}\">\n\t\t\t\t\t\t\t<div class=\"elementor-background-overlay\"><\/div>\n\t\t\t\t\t\t\t<div class=\"elementor-container elementor-column-gap-no\">\n\t\t\t\t\t<div class=\"elementor-column elementor-col-100 elementor-top-column elementor-element elementor-element-468a72c9\" data-id=\"468a72c9\" data-element_type=\"column\">\n\t\t\t<div class=\"elementor-widget-wrap elementor-element-populated\">\n\t\t\t\t\t\t<div class=\"elementor-element elementor-element-3ce8f3d5 elementor-widget elementor-widget-heading\" data-id=\"3ce8f3d5\" data-element_type=\"widget\" data-widget_type=\"heading.default\">\n\t\t\t\t<div class=\"elementor-widget-container\">\n\t\t\t\t\t<h1 class=\"elementor-heading-title elementor-size-default\"> Acheter local<\/h1>\t\t\t\t<\/div>\n\t\t\t\t<\/div>\n\t\t\t\t\t<\/div>\n\t\t<\/div>\n\t\t\t\t\t<\/div>\n\t\t<\/section>\n\t\t\t\t<section class=\"elementor-section elementor-top-section elementor-element elementor-element-48d3a123 elementor-section-boxed elementor-section-height-default elementor-section-height-default\" data-id=\"48d3a123\" data-element_type=\"section\" data-settings=\"{&quot;background_background&quot;:&quot;classic&quot;}\">\n\t\t\t\t\t\t<div class=\"elementor-container elementor-column-gap-default\">\n\t\t\t\t\t<div class=\"elementor-column elementor-col-100 elementor-top-column elementor-element elementor-element-377de674\" data-id=\"377de674\" data-element_type=\"column\">\n\t\t\t<div class=\"elementor-widget-wrap elementor-element-populated\">\n\t\t\t\t\t\t<div class=\"elementor-element elementor-element-34d672be elementor-widget elementor-widget-spacer\" data-id=\"34d672be\" data-element_type=\"widget\" data-widget_type=\"spacer.default\">\n\t\t\t\t<div class=\"elementor-widget-container\">\n\t\t\t\t\t\t\t<div class=\"elementor-spacer\">\n\t\t\t<div class=\"elementor-spacer-inner\"><\/div>\n\t\t<\/div>\n\t\t\t\t\t\t<\/div>\n\t\t\t\t<\/div>\n\t\t\t\t<div class=\"elementor-element elementor-element-3e8fe87c elementor-widget elementor-widget-heading\" data-id=\"3e8fe87c\" data-element_type=\"widget\" data-widget_type=\"heading.default\">\n\t\t\t\t<div class=\"elementor-widget-container\">\n\t\t\t\t\t<h2 class=\"elementor-heading-title elementor-size-default\">Achetez local, soutenez les entreprises du Nouveau-Brunswick.<\/h2>\t\t\t\t<\/div>\n\t\t\t\t<\/div>\n\t\t\t\t<div class=\"elementor-element elementor-element-51c9591d elementor-widget elementor-widget-text-editor\" data-id=\"51c9591d\" data-element_type=\"widget\" data-widget_type=\"text-editor.default\">\n\t\t\t\t<div class=\"elementor-widget-container\">\n\t\t\t\t\t\t\t\t\t<p>Gr\u00e2ce \u00e0 notre r\u00e9pertoire gratuit de produits du Nouveau-Brunswick, les gens consomment des produits fabriqu\u00e9s ici.<\/p>\n\t\t\t\t\t\t\t\t<\/div>\n\t\t\t\t<\/div>\n\t\t\t\t\t<\/div>\n\t\t<\/div>\n\t\t\t\t\t<\/div>\n\t\t<\/section>\n\t\t\t\t<section class=\"elementor-section elementor-top-section elementor-element elementor-element-65ee697 elementor-section-boxed elementor-section-height-default elementor-section-height-default\" data-id=\"65ee697\" data-element_type=\"section\">\n\t\t\t\t\t\t<div class=\"elementor-container elementor-column-gap-wider\">\n\t\t\t\t\t<div class=\"elementor-column elementor-col-50 elementor-top-column elementor-element elementor-element-754526a\" data-id=\"754526a\" data-element_type=\"column\">\n\t\t\t<div class=\"elementor-widget-wrap elementor-element-populated\">\n\t\t\t\t\t\t<div class=\"elementor-element elementor-element-76fd3f0 elementor-widget elementor-widget-text-editor\" data-id=\"76fd3f0\" data-element_type=\"widget\" data-widget_type=\"text-editor.default\">\n\t\t\t\t<div class=\"elementor-widget-container\">\n\t\t\t\t\t\t\t\t\t<p>AcheterLocal NB est un projet du Conseil de conservation du Nouveau?Brunswick dont l\u2019objectif est d\u2019offrir des solutions pertinentes pour am\u00e9liorer la sant\u00e9 de la population et de l\u2019environnement et favoriser la justice sociale ainsi que le d\u00e9veloppement communautaire au Nouveau?Brunswick.<\/p>\n<p>L\u2019achat local est une strat\u00e9gie aux multiples facettes : il touche directement les agriculteurs, les consommateurs et l\u2019\u00e9conomie de nombreuses fa\u00e7ons. Le secteur agro?alimentaire, qui employait environ 46&nbsp;300 personnes en 2012, joue un r\u00f4le \u00e9conomique et social important au Nouveau-Brunswick.<\/p>\n<p>Bien que l\u2019approvisionnement local joue un grand r\u00f4le dans le renforcement de notre \u00e9conomie locale, cette pratique aide aussi \u00e0 att\u00e9nuer les r\u00e9percussions environnementales globales de la production et de la consommation alimentaires. Au sein d\u2019un syst\u00e8me d\u2019approvisionnement alimentaire local, les aliments sont g\u00e9n\u00e9ralement transport\u00e9s sur de plus courtes distances, ce qui non seulement att\u00e9nue l\u2019empreinte carbone de la production alimentaire, mais permet aussi d\u2019assurer la fra\u00eecheur et la salubrit\u00e9 des produits.<\/p>\t\t\t\t\t\t\t\t<\/div>\n\t\t\t\t<\/div>\n\t\t\t\t\t<\/div>\n\t\t<\/div>\n\t\t\t\t<div class=\"elementor-column elementor-col-50 elementor-top-column elementor-element elementor-element-0ca5ae1\" data-id=\"0ca5ae1\" data-element_type=\"column\">\n\t\t\t<div class=\"elementor-widget-wrap elementor-element-populated\">\n\t\t\t\t\t\t<div class=\"elementor-element elementor-element-0549dbf elementor-widget elementor-widget-image\" data-id=\"0549dbf\" data-element_type=\"widget\" data-settings=\"{&quot;_animation&quot;:&quot;none&quot;}\" data-widget_type=\"image.default\">\n\t\t\t\t<div class=\"elementor-widget-container\">\n\t\t\t\t\t\t\t\t\t\t\t\t\t\t\t\t<a href=\"https:\/\/buylocalnb.ca\/fr\/\" target=\"_blank\">\n\t\t\t\t\t\t\t<img fetchpriority=\"high\" decoding=\"async\" width=\"615\" height=\"480\" src=\"https:\/\/www.conservationcouncil.ca\/wp-content\/uploads\/2021\/02\/BUY-Local-615x480.png\" class=\"elementor-animation-pulse attachment-large size-large wp-image-165026\" alt=\"\" srcset=\"https:\/\/www.conservationcouncil.ca\/wp-content\/uploads\/2021\/02\/BUY-Local-615x480.png 615w, https:\/\/www.conservationcouncil.ca\/wp-content\/uploads\/2021\/02\/BUY-Local-300x234.png 300w, https:\/\/www.conservationcouncil.ca\/wp-content\/uploads\/2021\/02\/BUY-Local-768x600.png 768w, https:\/\/www.conservationcouncil.ca\/wp-content\/uploads\/2021\/02\/BUY-Local-600x469.png 600w, https:\/\/www.conservationcouncil.ca\/wp-content\/uploads\/2021\/02\/BUY-Local.png 900w\" sizes=\"(max-width: 615px) 100vw, 615px\" \/>\t\t\t\t\t\t\t\t<\/a>\n\t\t\t\t\t\t\t\t\t\t\t\t\t\t\t<\/div>\n\t\t\t\t<\/div>\n\t\t\t\t\t<\/div>\n\t\t<\/div>\n\t\t\t\t\t<\/div>\n\t\t<\/section>\n\t\t\t\t<section class=\"elementor-section elementor-top-section elementor-element elementor-element-e55e688 elementor-section-boxed elementor-section-height-default elementor-section-height-default\" data-id=\"e55e688\" data-element_type=\"section\" data-settings=\"{&quot;background_background&quot;:&quot;gradient&quot;}\">\n\t\t\t\t\t\t<div class=\"elementor-container elementor-column-gap-default\">\n\t\t\t\t\t<div class=\"elementor-column elementor-col-100 elementor-top-column elementor-element elementor-element-1a26d75\" data-id=\"1a26d75\" data-element_type=\"column\">\n\t\t\t<div class=\"elementor-widget-wrap elementor-element-populated\">\n\t\t\t\t\t\t<div class=\"elementor-element elementor-element-b3ff289 elementor-widget elementor-widget-video\" data-id=\"b3ff289\" data-element_type=\"widget\" data-settings=\"{&quot;youtube_url&quot;:&quot;https:\\\/\\\/youtu.be\\\/soL-_vpcuT0&quot;,&quot;video_type&quot;:&quot;youtube&quot;,&quot;controls&quot;:&quot;yes&quot;}\" data-widget_type=\"video.default\">\n\t\t\t\t<div class=\"elementor-widget-container\">\n\t\t\t\t\t\t\t<div class=\"elementor-wrapper elementor-open-inline\">\n\t\t\t<div class=\"elementor-video\"><\/div>\t\t<\/div>\n\t\t\t\t\t\t<\/div>\n\t\t\t\t<\/div>\n\t\t\t\t\t<\/div>\n\t\t<\/div>\n\t\t\t\t\t<\/div>\n\t\t<\/section>\n\t\t\t\t<section class=\"elementor-section elementor-top-section elementor-element elementor-element-62592f2 elementor-section-boxed elementor-section-height-default elementor-section-height-default\" data-id=\"62592f2\" data-element_type=\"section\" data-settings=\"{&quot;background_background&quot;:&quot;classic&quot;}\">\n\t\t\t\t\t\t<div class=\"elementor-container elementor-column-gap-default\">\n\t\t\t\t\t<div class=\"elementor-column elementor-col-100 elementor-top-column elementor-element elementor-element-e10e175\" data-id=\"e10e175\" data-element_type=\"column\">\n\t\t\t<div class=\"elementor-widget-wrap elementor-element-populated\">\n\t\t\t\t\t\t<div class=\"elementor-element elementor-element-1e610b8 elementor-widget-divider--view-line elementor-widget elementor-widget-divider\" data-id=\"1e610b8\" data-element_type=\"widget\" data-widget_type=\"divider.default\">\n\t\t\t\t<div class=\"elementor-widget-container\">\n\t\t\t\t\t\t\t<div class=\"elementor-divider\">\n\t\t\t<span class=\"elementor-divider-separator\">\n\t\t\t\t\t\t<\/span>\n\t\t<\/div>\n\t\t\t\t\t\t<\/div>\n\t\t\t\t<\/div>\n\t\t\t\t<section class=\"elementor-section elementor-inner-section elementor-element elementor-element-409ef25 elementor-section-content-top elementor-section-boxed elementor-section-height-default elementor-section-height-default\" data-id=\"409ef25\" data-element_type=\"section\">\n\t\t\t\t\t\t<div class=\"elementor-container elementor-column-gap-wider\">\n\t\t\t\t\t<div class=\"elementor-column elementor-col-33 elementor-inner-column elementor-element elementor-element-70e11a3\" data-id=\"70e11a3\" data-element_type=\"column\">\n\t\t\t<div class=\"elementor-widget-wrap elementor-element-populated\">\n\t\t\t\t\t\t<div class=\"elementor-element elementor-element-2dfa923 elementor-widget elementor-widget-image\" data-id=\"2dfa923\" data-element_type=\"widget\" data-widget_type=\"image.default\">\n\t\t\t\t<div class=\"elementor-widget-container\">\n\t\t\t\t\t\t\t\t\t\t\t\t\t\t\t<img decoding=\"async\" width=\"300\" height=\"300\" src=\"https:\/\/www.conservationcouncil.ca\/wp-content\/uploads\/2021\/02\/Buylocalcircle@2x-300x300.png\" class=\"attachment-medium size-medium wp-image-165047\" alt=\"\" srcset=\"https:\/\/www.conservationcouncil.ca\/wp-content\/uploads\/2021\/02\/Buylocalcircle@2x-300x300.png 300w, https:\/\/www.conservationcouncil.ca\/wp-content\/uploads\/2021\/02\/Buylocalcircle@2x-150x150.png 150w, https:\/\/www.conservationcouncil.ca\/wp-content\/uploads\/2021\/02\/Buylocalcircle@2x-100x100.png 100w, https:\/\/www.conservationcouncil.ca\/wp-content\/uploads\/2021\/02\/Buylocalcircle@2x.png 455w\" sizes=\"(max-width: 300px) 100vw, 300px\" \/>\t\t\t\t\t\t\t\t\t\t\t\t\t\t\t<\/div>\n\t\t\t\t<\/div>\n\t\t\t\t<div class=\"elementor-element elementor-element-4739500 elementor-widget elementor-widget-text-editor\" data-id=\"4739500\" data-element_type=\"widget\" data-widget_type=\"text-editor.default\">\n\t\t\t\t<div class=\"elementor-widget-container\">\n\t\t\t\t\t\t\t\t\t<p>\u00cates-vous \u00e0 la t\u00eate d\u2019une entreprise n\u00e9o-brunswickoise que vous souhaitez inscrire au r\u00e9pertoire AcheterLocalNB? Il vous suffit d\u2019aller sur <a href=\"https:\/\/buylocalnb.ca\/fr\/\"><strong>buylocalnb.ca\/fr\/<\/strong><\/a> et d\u2019inscrire votre entreprise \u00e0 notre r\u00e9pertoire. Aussi simple que \u00e7a!<\/p>\n\t\t\t\t\t\t\t\t<\/div>\n\t\t\t\t<\/div>\n\t\t\t\t\t<\/div>\n\t\t<\/div>\n\t\t\t\t<div class=\"elementor-column elementor-col-33 elementor-inner-column elementor-element elementor-element-b3d0fec\" data-id=\"b3d0fec\" data-element_type=\"column\">\n\t\t\t<div class=\"elementor-widget-wrap elementor-element-populated\">\n\t\t\t\t\t\t<div class=\"elementor-element elementor-element-1cab404 elementor-widget elementor-widget-image\" data-id=\"1cab404\" data-element_type=\"widget\" data-widget_type=\"image.default\">\n\t\t\t\t<div class=\"elementor-widget-container\">\n\t\t\t\t\t\t\t\t\t\t\t\t\t\t\t<img decoding=\"async\" width=\"600\" height=\"444\" src=\"https:\/\/www.conservationcouncil.ca\/wp-content\/uploads\/2021\/02\/buylocalmap.jpg\" class=\"attachment-large size-large wp-image-165053\" alt=\"\" srcset=\"https:\/\/www.conservationcouncil.ca\/wp-content\/uploads\/2021\/02\/buylocalmap.jpg 600w, https:\/\/www.conservationcouncil.ca\/wp-content\/uploads\/2021\/02\/buylocalmap-300x222.jpg 300w\" sizes=\"(max-width: 600px) 100vw, 600px\" \/>\t\t\t\t\t\t\t\t\t\t\t\t\t\t\t<\/div>\n\t\t\t\t<\/div>\n\t\t\t\t\t<\/div>\n\t\t<\/div>\n\t\t\t\t<div class=\"elementor-column elementor-col-33 elementor-inner-column elementor-element elementor-element-775c9e0\" data-id=\"775c9e0\" data-element_type=\"column\">\n\t\t\t<div class=\"elementor-widget-wrap\">\n\t\t\t\t\t\t\t<\/div>\n\t\t<\/div>\n\t\t\t\t\t<\/div>\n\t\t<\/section>\n\t\t\t\t<div class=\"elementor-element elementor-element-3e3c510 elementor-widget-divider--view-line elementor-widget elementor-widget-divider\" data-id=\"3e3c510\" data-element_type=\"widget\" data-widget_type=\"divider.default\">\n\t\t\t\t<div class=\"elementor-widget-container\">\n\t\t\t\t\t\t\t<div class=\"elementor-divider\">\n\t\t\t<span class=\"elementor-divider-separator\">\n\t\t\t\t\t\t<\/span>\n\t\t<\/div>\n\t\t\t\t\t\t<\/div>\n\t\t\t\t<\/div>\n\t\t\t\t\t<\/div>\n\t\t<\/div>\n\t\t\t\t\t<\/div>\n\t\t<\/section>\n\t\t\t\t<\/div>\n\t\t","protected":false},"excerpt":{"rendered":"<p>Acheter local Achetez local, soutenez les entreprises du Nouveau-Brunswick. Gr\u00e2ce \u00e0 notre r\u00e9pertoire gratuit de produits du Nouveau-Brunswick, les gens consomment des produits fabriqu\u00e9s ici. AcheterLocal NB est un projet du Conseil de conservation du Nouveau?Brunswick dont l\u2019objectif est d\u2019offrir des solutions pertinentes pour am\u00e9liorer la sant\u00e9 de la population et de l\u2019environnement et favoriser [&hellip;]<\/p>\n","protected":false},"author":42,"featured_media":0,"parent":0,"menu_order":0,"comment_status":"closed","ping_status":"closed","template":"elementor_header_footer","meta":{"site-sidebar-layout":"no-sidebar","site-content-layout":"page-builder","ast-site-content-layout":"default","site-content-style":"default","site-sidebar-style":"default","ast-global-header-display":"","ast-banner-title-visibility":"","ast-main-header-display":"","ast-hfb-above-header-display":"","ast-hfb-below-header-display":"","ast-hfb-mobile-header-display":"","site-post-title":"disabled","ast-breadcrumbs-content":"","ast-featured-img":"disabled","footer-sml-layout":"","ast-disable-related-posts":"","theme-transparent-header-meta":"default","adv-header-id-meta":"","stick-header-meta":"default","header-above-stick-meta":"","header-main-stick-meta":"","header-below-stick-meta":"","astra-migrate-meta-layouts":"default","ast-page-background-enabled":"default","ast-page-background-meta":{"desktop":{"background-color":"","background-image":"","background-repeat":"repeat","background-position":"center center","background-size":"auto","background-attachment":"scroll","background-type":"","background-media":"","overlay-type":"","overlay-color":"","overlay-opacity":"","overlay-gradient":""},"tablet":{"background-color":"","background-image":"","background-repeat":"repeat","background-position":"center center","background-size":"auto","background-attachment":"scroll","background-type":"","background-media":"","overlay-type":"","overlay-color":"","overlay-opacity":"","overlay-gradient":""},"mobile":{"background-color":"","background-image":"","background-repeat":"repeat","background-position":"center center","background-size":"auto","background-attachment":"scroll","background-type":"","background-media":"","overlay-type":"","overlay-color":"","overlay-opacity":"","overlay-gradient":""}},"ast-content-background-meta":{"desktop":{"background-color":"var(--ast-global-color-5)","background-image":"","background-repeat":"repeat","background-position":"center center","background-size":"auto","background-attachment":"scroll","background-type":"","background-media":"","overlay-type":"","overlay-color":"","overlay-opacity":"","overlay-gradient":""},"tablet":{"background-color":"var(--ast-global-color-5)","background-image":"","background-repeat":"repeat","background-position":"center center","background-size":"auto","background-attachment":"scroll","background-type":"","background-media":"","overlay-type":"","overlay-color":"","overlay-opacity":"","overlay-gradient":""},"mobile":{"background-color":"var(--ast-global-color-5)","background-image":"","background-repeat":"repeat","background-position":"center center","background-size":"auto","background-attachment":"scroll","background-type":"","background-media":"","overlay-type":"","overlay-color":"","overlay-opacity":"","overlay-gradient":""}},"footnotes":""},"class_list":["post-176137","page","type-page","status-publish","hentry"],"_links":{"self":[{"href":"https:\/\/www.conservationcouncil.ca\/fr\/wp-json\/wp\/v2\/pages\/176137","targetHints":{"allow":["GET"]}}],"collection":[{"href":"https:\/\/www.conservationcouncil.ca\/fr\/wp-json\/wp\/v2\/pages"}],"about":[{"href":"https:\/\/www.conservationcouncil.ca\/fr\/wp-json\/wp\/v2\/types\/page"}],"author":[{"embeddable":true,"href":"https:\/\/www.conservationcouncil.ca\/fr\/wp-json\/wp\/v2\/users\/42"}],"replies":[{"embeddable":true,"href":"https:\/\/www.conservationcouncil.ca\/fr\/wp-json\/wp\/v2\/comments?post=176137"}],"version-history":[{"count":0,"href":"https:\/\/www.conservationcouncil.ca\/fr\/wp-json\/wp\/v2\/pages\/176137\/revisions"}],"wp:attachment":[{"href":"https:\/\/www.conservationcouncil.ca\/fr\/wp-json\/wp\/v2\/media?parent=176137"}],"curies":[{"name":"wp","href":"https:\/\/api.w.org\/{rel}","templated":true}]}}