{"id":159530,"date":"2020-03-12T13:46:34","date_gmt":"2020-03-12T16:46:34","guid":{"rendered":"http:\/\/www.conservationcouncil.ca\/?page_id=159530"},"modified":"2021-04-07T11:30:05","modified_gmt":"2021-04-07T14:30:05","slug":"pour-lamour-du-nouveau-brunswick","status":"publish","type":"page","link":"https:\/\/www.conservationcouncil.ca\/fr\/pour-lamour-du-nouveau-brunswick\/","title":{"rendered":"Pour l\u2019amour du Nouveau-Brunswick"},"content":{"rendered":"<p>[vc_row][vc_column][vc_custom_heading text=\u00a0\u00bbLe changement climatique menace les choses que nous aimons faire ici, au Nouveau-Brunswick.\u00a0\u00bb font_container=\u00a0\u00bbtag:h2|font_size:26|text_align:left\u00a0\u00bb google_fonts=\u00a0\u00bbfont_family:Arimo%3Aregular%2Citalic%2C700%2C700italic|font_style:400%20regular%3A400%3Anormal\u00a0\u00bb][\/vc_column][\/vc_row][vc_row][vc_column][vc_column_text]<\/p>\n<div class=\"container youtubecontainer\"><iframe class=\"youtubeframe\" src=\"https:\/\/www.youtube.com\/embed\/videoseries?list=PLwy0n7WoRcUSKvOSoDN5MxcFM8P6LvB64\" width=\"100%\" height=\"384px\" frameborder=\"0\" allowfullscreen=\"allowfullscreen\"><\/iframe><\/div>\n<p>[\/vc_column_text][\/vc_column][\/vc_row][vc_row][vc_column][vc_custom_heading text=\u00a0\u00bbEnsemble, nous pouvons faire une diff\u00e9rence.\u00a0\u00bb font_container=\u00a0\u00bbtag:h2|font_size:20|text_align:left\u00a0\u00bb google_fonts=\u00a0\u00bbfont_family:Arimo%3Aregular%2Citalic%2C700%2C700italic|font_style:400%20regular%3A400%3Anormal\u00a0\u00bb][\/vc_column][\/vc_row][vc_row][vc_column][vc_column_text]<span style=\"font-weight: 400;\">C\u2019est vrai. Ensemble, nous pouvons faire une diff\u00e9rence, mais il faut que ce soit une diff\u00e9rence r\u00e9elle.<\/span><\/p>\n<p><span style=\"font-weight: 400;\">C\u2019est parce que le seul moyen d\u2019\u00e9viter la croissance atmosph\u00e9rique de la concentration totale des gaz \u00e0 effet de serre qui provoquent le changement climatique consiste \u00e0 <\/span><b>unir nos forces<\/b><span style=\"font-weight: 400;\"> pour faire chuter les \u00e9missions mondiales <\/span><b>en dessous de la moiti\u00e9 du niveau actuel <\/b><span style=\"font-weight: 400;\">au cours des 10 prochaines ann\u00e9es, puis de passer \u00e0 <\/span><b>z\u00e9ro \u00e9missions<\/b><span style=\"font-weight: 400;\"> d\u2019ici 30 ans. C\u2019est beaucoup, mais \u00e7a en vaut la peine.<\/span><\/p>\n<p><span style=\"font-weight: 400;\">Malheureusement, si nous ne mettons pas la p\u00e9dale douce sur notre utilisation de l\u2019\u00e9nergie et des terres, les syst\u00e8mes humains et naturels risquent de subir un r\u00e9chauffement suppl\u00e9mentaire de <\/span><a href=\"https:\/\/www.unenvironment.org\/resources\/emissions-gap-report-2019\"><span style=\"font-weight: 400;\">3 degr\u00e9s ou plus<\/span><\/a><span style=\"font-weight: 400;\">. Selon les <\/span><a href=\"https:\/\/www.ipcc.ch\/sr15\/\"><span style=\"font-weight: 400;\">grands climatologues du monde<\/span><\/a><span style=\"font-weight: 400;\">, m\u00eame un r\u00e9chauffement plan\u00e9taire d\u2019un demi-degr\u00e9 confronterait le monde \u00e0 un risque implacable <\/span><b>de changements m\u00e9t\u00e9orologiques encore plus extr\u00eames.<\/b><\/p>\n<p><span style=\"font-weight: 400;\">Si le Canada et le reste du monde font leur part pour atteindre ces objectifs, et nous en sommes capables, le syst\u00e8me \u00e9nerg\u00e9tique de la Terre retrouvera son \u00e9quilibre et nous \u00e9viterons un dangereux r\u00e9chauffement plan\u00e9taire. Or, pour ce faire, nous devons aller au-del\u00e0 du simple recyclage pour changer notre mani\u00e8re d\u2019utiliser l\u2019\u00e9nergie, de produire de la nourriture et de g\u00e9rer nos for\u00eats.<\/span>[\/vc_column_text][vc_custom_heading text=\u00a0\u00bbNous pouvons faire notre part.\u00a0\u00bb font_container=\u00a0\u00bbtag:h2|font_size:26|text_align:left\u00a0\u00bb google_fonts=\u00a0\u00bbfont_family:Arimo%3Aregular%2Citalic%2C700%2C700italic|font_style:400%20regular%3A400%3Anormal\u00a0\u00bb][vc_custom_heading text=\u00a0\u00bbLa bonne nouvelle : il y a des solutions. Nous pouvons r\u00e9soudre ce probl\u00e8me. Et tout le monde b\u00e9n\u00e9ficiera ainsi de collectivit\u00e9s plus s\u00e9curitaires et plus saines.\u00a0\u00bb font_container=\u00a0\u00bbtag:h2|font_size:20|text_align:left\u00a0\u00bb google_fonts=\u00a0\u00bbfont_family:Arimo%3Aregular%2Citalic%2C700%2C700italic|font_style:400%20regular%3A400%3Anormal\u00a0\u00bb][vc_custom_heading text=\u00a0\u00bbRegardez nos vid\u00e9os de solutions et explorez les sections ci-dessous pour voir ce que vous pouvez commencer \u00e0 faire d\u00e8s aujourd\u2019hui!\u00a0\u00bb font_container=\u00a0\u00bbtag:h2|font_size:20|text_align:left\u00a0\u00bb google_fonts=\u00a0\u00bbfont_family:Arimo%3Aregular%2Citalic%2C700%2C700italic|font_style:400%20regular%3A400%3Anormal\u00a0\u00bb][vc_column_text]<\/p>\n<div class=\"container youtubecontainer\"><iframe class=\"youtubeframe\" src=\"https:\/\/www.youtube.com\/embed\/videoseries?list=PLwy0n7WoRcUSKvOSoDN5MxcFM8P6LvB64\" width=\"100%\" height=\"384px\" frameborder=\"0\" allowfullscreen=\"allowfullscreen\"><\/iframe><\/div>\n<p>[\/vc_column_text][\/vc_column][\/vc_row][vc_row][vc_column][vc_custom_heading text=\u00a0\u00bbSolutions climatiques : les citoyens peuvent faire leur part\u00a0\u00bb font_container=\u00a0\u00bbtag:p|font_size:26|text_align:center|color:%23ffffff\u00a0\u00bb google_fonts=\u00a0\u00bbfont_family:Arimo%3Aregular%2Citalic%2C700%2C700italic|font_style:700%20bold%20regular%3A700%3Anormal\u00a0\u00bb css=\u00a0\u00bb.vc_custom_1606765438675{padding-top: 20px !important;padding-bottom: 20px !important;background-image: url(https:\/\/www.conservationcouncil.ca\/wp-content\/uploads\/2020\/11\/local-food-dark-tint.png?id=159547) !important;background-position: center !important;background-repeat: no-repeat !important;background-size: cover !important;}\u00a0\u00bb link=\u00a0\u00bburl:https%3A%2F%2Fwww.conservationcouncil.ca%2Ffr%2Fles-citoyens-peuvent-faire-leur-part%2F|target:_blank\u00a0\u00bb][vc_custom_heading text=\u00a0\u00bbSolutions climatiques : les gouvernements peuvent faire leur part\u00a0\u00bb font_container=\u00a0\u00bbtag:p|font_size:26|text_align:center|color:%23ffffff\u00a0\u00bb google_fonts=\u00a0\u00bbfont_family:Arimo%3Aregular%2Citalic%2C700%2C700italic|font_style:700%20bold%20regular%3A700%3Anormal\u00a0\u00bb css=\u00a0\u00bb.vc_custom_1606759651458{padding-top: 20px !important;padding-bottom: 20px !important;background-image: url(https:\/\/www.conservationcouncil.ca\/wp-content\/uploads\/2020\/11\/government-action-dark.png?id=159550) !important;background-position: center !important;background-repeat: no-repeat !important;background-size: cover !important;}\u00a0\u00bb][vc_custom_heading text=\u00a0\u00bbComment et pourquoi le changement climatique affecte le Nouveau-Brunswick\u00a0\u00bb font_container=\u00a0\u00bbtag:p|font_size:26|text_align:center|color:%23ffffff\u00a0\u00bb google_fonts=\u00a0\u00bbfont_family:Arimo%3Aregular%2Citalic%2C700%2C700italic|font_style:700%20bold%20regular%3A700%3Anormal\u00a0\u00bb css=\u00a0\u00bb.vc_custom_1606759703338{padding-top: 20px !important;padding-bottom: 20px !important;background-image: url(https:\/\/www.conservationcouncil.ca\/wp-content\/uploads\/2020\/07\/My-Post-Copy-7-3.png?id=157137) !important;background-position: center !important;background-repeat: no-repeat !important;background-size: cover !important;}\u00a0\u00bb][vc_custom_heading text=\u00a0\u00bbComment fonctionne le r\u00e9chauffement plan\u00e9taire?\u00a0\u00bb font_container=\u00a0\u00bbtag:p|font_size:26|text_align:center|color:%23ffffff\u00a0\u00bb google_fonts=\u00a0\u00bbfont_family:Arimo%3Aregular%2Citalic%2C700%2C700italic|font_style:700%20bold%20regular%3A700%3Anormal\u00a0\u00bb css=\u00a0\u00bb.vc_custom_1606760239451{padding-top: 20px !important;padding-bottom: 20px !important;background-image: url(https:\/\/www.conservationcouncil.ca\/wp-content\/uploads\/2020\/11\/My-Post-Copy-5-1.png?id=159554) !important;background-position: center !important;background-repeat: no-repeat !important;background-size: cover !important;}\u00a0\u00bb][vc_custom_heading text=\u00a0\u00bbD\u00e9couvrez nos vid\u00e9os sur la fa\u00e7on dont le changement climatique affecte les choses que nous aimons au N.-B.\u00a0\u00bb font_container=\u00a0\u00bbtag:p|font_size:26|text_align:center|color:%23ffffff\u00a0\u00bb google_fonts=\u00a0\u00bbfont_family:Arimo%3Aregular%2Citalic%2C700%2C700italic|font_style:700%20bold%20regular%3A700%3Anormal\u00a0\u00bb css=\u00a0\u00bb.vc_custom_1606760875555{padding-top: 20px !important;padding-bottom: 20px !important;background-image: url(https:\/\/www.conservationcouncil.ca\/wp-content\/uploads\/2020\/09\/My-Post-Copy-4-2.png?id=157546) !important;background-position: center !important;background-repeat: no-repeat !important;background-size: cover !important;}\u00a0\u00bb link=\u00a0\u00bburl:https%3A%2F%2Fwww.youtube.com%2Fplaylist%3Flist%3DPLwy0n7WoRcUSKvOSoDN5MxcFM8P6LvB64|target:_blank\u00a0\u00bb][vc_custom_heading text=\u00a0\u00bbAbonnez-vous \u00e0 nos mises \u00e0 jour par courriel!<br \/>\n\u00a0\u00bb font_container=\u00a0\u00bbtag:p|font_size:26|text_align:center|color:%23000000&Prime; google_fonts=\u00a0\u00bbfont_family:Arimo%3Aregular%2Citalic%2C700%2C700italic|font_style:400%20regular%3A400%3Anormal\u00a0\u00bb css=\u00a0\u00bb.vc_custom_1606761338635{padding-top: 20px !important;padding-bottom: 20px !important;background-color: #dff2fe !important;background-position: center !important;background-repeat: no-repeat !important;background-size: cover !important;}\u00a0\u00bb link=\u00a0\u00bburl:http%3A%2F%2Fconservationcouncil.nationbuilder.com%2Fjoin|target:_blank\u00a0\u00bb][\/vc_column][\/vc_row][vc_row][vc_column width=\u00a0\u00bb1\/2&Prime;][vc_single_image image=\u00a0\u00bb157501&Prime; img_size=\u00a0\u00bbmedium\u00a0\u00bb][\/vc_column][vc_column width=\u00a0\u00bb1\/2&Prime;][vc_single_image image=\u00a0\u00bb159592&Prime; img_size=\u00a0\u00bbmedium\u00a0\u00bb][\/vc_column][\/vc_row]<\/p>\n","protected":false},"excerpt":{"rendered":"<p>[vc_row][vc_column][vc_custom_heading text=\u00a0\u00bbLe changement climatique menace les choses que nous aimons faire ici, au Nouveau-Brunswick.\u00a0\u00bb font_container=\u00a0\u00bbtag:h2|font_size:26|text_align:left\u00a0\u00bb google_fonts=\u00a0\u00bbfont_family:Arimo%3Aregular%2Citalic%2C700%2C700italic|font_style:400%20regular%3A400%3Anormal\u00a0\u00bb][\/vc_column][\/vc_row][vc_row][vc_column][vc_column_text] [\/vc_column_text][\/vc_column][\/vc_row][vc_row][vc_column][vc_custom_heading text=\u00a0\u00bbEnsemble, nous pouvons faire une diff\u00e9rence.\u00a0\u00bb font_container=\u00a0\u00bbtag:h2|font_size:20|text_align:left\u00a0\u00bb google_fonts=\u00a0\u00bbfont_family:Arimo%3Aregular%2Citalic%2C700%2C700italic|font_style:400%20regular%3A400%3Anormal\u00a0\u00bb][\/vc_column][\/vc_row][vc_row][vc_column][vc_column_text]C\u2019est vrai. Ensemble, nous pouvons faire une diff\u00e9rence, mais il faut que ce soit une diff\u00e9rence r\u00e9elle. C\u2019est parce que le seul moyen d\u2019\u00e9viter la croissance atmosph\u00e9rique de la concentration totale [&hellip;]<\/p>\n","protected":false},"author":43,"featured_media":159621,"parent":0,"menu_order":0,"comment_status":"closed","ping_status":"closed","template":"","meta":{"site-sidebar-layout":"no-sidebar","site-content-layout":"plain-container","ast-site-content-layout":"default","site-content-style":"default","site-sidebar-style":"default","ast-global-header-display":"","ast-banner-title-visibility":"","ast-main-header-display":"","ast-hfb-above-header-display":"","ast-hfb-below-header-display":"","ast-hfb-mobile-header-display":"","site-post-title":"disabled","ast-breadcrumbs-content":"","ast-featured-img":"disabled","footer-sml-layout":"","ast-disable-related-posts":"","theme-transparent-header-meta":"default","adv-header-id-meta":"","stick-header-meta":"default","header-above-stick-meta":"","header-main-stick-meta":"","header-below-stick-meta":"","astra-migrate-meta-layouts":"default","ast-page-background-enabled":"default","ast-page-background-meta":{"desktop":{"background-color":"","background-image":"","background-repeat":"repeat","background-position":"center center","background-size":"auto","background-attachment":"scroll","background-type":"","background-media":"","overlay-type":"","overlay-color":"","overlay-opacity":"","overlay-gradient":""},"tablet":{"background-color":"","background-image":"","background-repeat":"repeat","background-position":"center center","background-size":"auto","background-attachment":"scroll","background-type":"","background-media":"","overlay-type":"","overlay-color":"","overlay-opacity":"","overlay-gradient":""},"mobile":{"background-color":"","background-image":"","background-repeat":"repeat","background-position":"center center","background-size":"auto","background-attachment":"scroll","background-type":"","background-media":"","overlay-type":"","overlay-color":"","overlay-opacity":"","overlay-gradient":""}},"ast-content-background-meta":{"desktop":{"background-color":"var(--ast-global-color-5)","background-image":"","background-repeat":"repeat","background-position":"center center","background-size":"auto","background-attachment":"scroll","background-type":"","background-media":"","overlay-type":"","overlay-color":"","overlay-opacity":"","overlay-gradient":""},"tablet":{"background-color":"var(--ast-global-color-5)","background-image":"","background-repeat":"repeat","background-position":"center center","background-size":"auto","background-attachment":"scroll","background-type":"","background-media":"","overlay-type":"","overlay-color":"","overlay-opacity":"","overlay-gradient":""},"mobile":{"background-color":"var(--ast-global-color-5)","background-image":"","background-repeat":"repeat","background-position":"center center","background-size":"auto","background-attachment":"scroll","background-type":"","background-media":"","overlay-type":"","overlay-color":"","overlay-opacity":"","overlay-gradient":""}},"footnotes":""},"class_list":["post-159530","page","type-page","status-publish","has-post-thumbnail","hentry"],"_links":{"self":[{"href":"https:\/\/www.conservationcouncil.ca\/fr\/wp-json\/wp\/v2\/pages\/159530","targetHints":{"allow":["GET"]}}],"collection":[{"href":"https:\/\/www.conservationcouncil.ca\/fr\/wp-json\/wp\/v2\/pages"}],"about":[{"href":"https:\/\/www.conservationcouncil.ca\/fr\/wp-json\/wp\/v2\/types\/page"}],"author":[{"embeddable":true,"href":"https:\/\/www.conservationcouncil.ca\/fr\/wp-json\/wp\/v2\/users\/43"}],"replies":[{"embeddable":true,"href":"https:\/\/www.conservationcouncil.ca\/fr\/wp-json\/wp\/v2\/comments?post=159530"}],"version-history":[{"count":0,"href":"https:\/\/www.conservationcouncil.ca\/fr\/wp-json\/wp\/v2\/pages\/159530\/revisions"}],"wp:featuredmedia":[{"embeddable":true,"href":"https:\/\/www.conservationcouncil.ca\/fr\/wp-json\/wp\/v2\/media\/159621"}],"wp:attachment":[{"href":"https:\/\/www.conservationcouncil.ca\/fr\/wp-json\/wp\/v2\/media?parent=159530"}],"curies":[{"name":"wp","href":"https:\/\/api.w.org\/{rel}","templated":true}]}}