{"id":153808,"date":"2013-09-01T22:39:57","date_gmt":"2013-09-02T01:39:57","guid":{"rendered":"http:\/\/www.conservationcouncil.ca\/?page_id=153808"},"modified":"2020-01-17T13:35:22","modified_gmt":"2020-01-17T17:35:22","slug":"emploi-et-stages","status":"publish","type":"page","link":"https:\/\/www.conservationcouncil.ca\/fr\/a-propos-de-nous\/emploi-et-stages\/","title":{"rendered":"Emploi et stages"},"content":{"rendered":"<div class=\"text_exposed_show\">\n<h4>(Jan. 15, 2020) \u2014 <a href=\"https:\/\/www.conservationcouncil.ca\/fr\/offre-demploi-directeur-executif\/\">Offre D&#8217;emploi : Directeur Ex\u00e9cutif<\/a><\/h4>\n<p><b>DIRECTEUR EX\u00c9CUTIF<\/b><b><\/b><b><\/b><\/p>\n<p>La nature et la protection de l\u2019environnement vous passionnent?\u00a0 \u00cates-vous int\u00e9ress\u00e9 \u00e0 progresser sur le plan professionnel et \u00e0 tirer parti des connaissances et de l\u2019exp\u00e9rience de l\u2019une des plus grandes militantes \u00e9cologistes du Canada, notre actuelle directrice ex\u00e9cutive, Lois Corbett?\u00a0 Avez-vous une vaste exp\u00e9rience de gestion d\u2019\u00e9quipe et de travail dans le cadre de divers projets, de pr\u00e9f\u00e9rence au sein d\u2019une organisation environnementale? Avez-vous une exp\u00e9rience av\u00e9r\u00e9e en lev\u00e9e de fonds pour des organisations environnementales ou des organismes similaires?\u00a0 \u00cates-vous connu pour vos solides comp\u00e9tences en gestion des ressources humaines? Si tel est le cas, ce poste vous int\u00e9ressera certainement.<\/p>\n<p>Comme le Conseil de conservation prend de l\u2019expansion, nous avons, lors du processus de planification de la rel\u00e8ve, r\u00e9parti les fonctions du directeur ex\u00e9cutif entre deux postes\u00a0: Lois Corbett conservera le r\u00f4le de directrice principale des politiques et continuera de tirer parti de ses incroyables comp\u00e9tences en direction politique, en strat\u00e9gie de campagne, en communications avec les m\u00e9dias ainsi qu\u2019en relations avec le gouvernement et les bailleurs de fonds.\u00a0 Notre nouveau directeur ex\u00e9cutif assurera la responsabilit\u00e9 et la responsabilisation g\u00e9n\u00e9rales des activit\u00e9s quotidiennes de l\u2019organisation, en accordant la priorit\u00e9 \u00e0 la lev\u00e9e de fonds.\u00a0 <a href=\"https:\/\/www.conservationcouncil.ca\/fr\/offre-demploi-directeur-executif\/\"><span lang=\"fr\">Cliquez ici pour en savoir plus.<\/span><\/a><\/p>\n<hr \/>\n<p><a href=\"https:\/\/www.conservationcouncil.ca\/fr\/a-propos-de-nous\/devenez-benevole\/\">Avez-vous des comp\u00e9tences, des talents ou de l\u2019exp\u00e9rience que vous aimeriez mettre \u00e0 notre service? <span lang=\"fr\">Devenez b\u00e9n\u00e9vole d\u00e8s aujourd&rsquo;hui!<\/span><\/a><\/p>\n<p><span lang=\"fr\">Rester en contact via notre page <a href=\"https:\/\/www.facebook.com\/conservationcouncil\">Facebook<\/a>, <a href=\"https:\/\/twitter.com\/cc_nb\">Twitter<\/a> et <a href=\"http:\/\/www.youtube.com\/channel\/UCM0oV3s8OInL5N7cxYDlVVg\">YouTube<\/a>.<\/span><\/p>\n<\/div>\n","protected":false},"excerpt":{"rendered":"<p>(Jan. 15, 2020) \u2014 Offre D&#8217;emploi : Directeur Ex\u00e9cutif DIRECTEUR EX\u00c9CUTIF La nature et la protection de l\u2019environnement vous passionnent?\u00a0 \u00cates-vous int\u00e9ress\u00e9 \u00e0 progresser sur le plan professionnel et \u00e0 tirer parti des connaissances et de l\u2019exp\u00e9rience de l\u2019une des plus grandes militantes \u00e9cologistes du Canada, notre actuelle directrice ex\u00e9cutive, Lois Corbett?\u00a0 Avez-vous une vaste [&hellip;]<\/p>\n","protected":false},"author":22,"featured_media":0,"parent":2196,"menu_order":0,"comment_status":"closed","ping_status":"closed","template":"","meta":{"site-sidebar-layout":"default","site-content-layout":"","ast-site-content-layout":"default","site-content-style":"default","site-sidebar-style":"default","ast-global-header-display":"","ast-banner-title-visibility":"","ast-main-header-display":"","ast-hfb-above-header-display":"","ast-hfb-below-header-display":"","ast-hfb-mobile-header-display":"","site-post-title":"","ast-breadcrumbs-content":"","ast-featured-img":"","footer-sml-layout":"","ast-disable-related-posts":"","theme-transparent-header-meta":"","adv-header-id-meta":"","stick-header-meta":"","header-above-stick-meta":"","header-main-stick-meta":"","header-below-stick-meta":"","astra-migrate-meta-layouts":"default","ast-page-background-enabled":"default","ast-page-background-meta":{"desktop":{"background-color":"","background-image":"","background-repeat":"repeat","background-position":"center center","background-size":"auto","background-attachment":"scroll","background-type":"","background-media":"","overlay-type":"","overlay-color":"","overlay-opacity":"","overlay-gradient":""},"tablet":{"background-color":"","background-image":"","background-repeat":"repeat","background-position":"center center","background-size":"auto","background-attachment":"scroll","background-type":"","background-media":"","overlay-type":"","overlay-color":"","overlay-opacity":"","overlay-gradient":""},"mobile":{"background-color":"","background-image":"","background-repeat":"repeat","background-position":"center center","background-size":"auto","background-attachment":"scroll","background-type":"","background-media":"","overlay-type":"","overlay-color":"","overlay-opacity":"","overlay-gradient":""}},"ast-content-background-meta":{"desktop":{"background-color":"var(--ast-global-color-5)","background-image":"","background-repeat":"repeat","background-position":"center center","background-size":"auto","background-attachment":"scroll","background-type":"","background-media":"","overlay-type":"","overlay-color":"","overlay-opacity":"","overlay-gradient":""},"tablet":{"background-color":"var(--ast-global-color-5)","background-image":"","background-repeat":"repeat","background-position":"center center","background-size":"auto","background-attachment":"scroll","background-type":"","background-media":"","overlay-type":"","overlay-color":"","overlay-opacity":"","overlay-gradient":""},"mobile":{"background-color":"var(--ast-global-color-5)","background-image":"","background-repeat":"repeat","background-position":"center center","background-size":"auto","background-attachment":"scroll","background-type":"","background-media":"","overlay-type":"","overlay-color":"","overlay-opacity":"","overlay-gradient":""}},"footnotes":""},"class_list":["post-153808","page","type-page","status-publish","hentry"],"_links":{"self":[{"href":"https:\/\/www.conservationcouncil.ca\/fr\/wp-json\/wp\/v2\/pages\/153808","targetHints":{"allow":["GET"]}}],"collection":[{"href":"https:\/\/www.conservationcouncil.ca\/fr\/wp-json\/wp\/v2\/pages"}],"about":[{"href":"https:\/\/www.conservationcouncil.ca\/fr\/wp-json\/wp\/v2\/types\/page"}],"author":[{"embeddable":true,"href":"https:\/\/www.conservationcouncil.ca\/fr\/wp-json\/wp\/v2\/users\/22"}],"replies":[{"embeddable":true,"href":"https:\/\/www.conservationcouncil.ca\/fr\/wp-json\/wp\/v2\/comments?post=153808"}],"version-history":[{"count":0,"href":"https:\/\/www.conservationcouncil.ca\/fr\/wp-json\/wp\/v2\/pages\/153808\/revisions"}],"up":[{"embeddable":true,"href":"https:\/\/www.conservationcouncil.ca\/fr\/wp-json\/wp\/v2\/pages\/2196"}],"wp:attachment":[{"href":"https:\/\/www.conservationcouncil.ca\/fr\/wp-json\/wp\/v2\/media?parent=153808"}],"curies":[{"name":"wp","href":"https:\/\/api.w.org\/{rel}","templated":true}]}}