{"id":143524,"date":"2019-06-19T18:30:42","date_gmt":"2019-06-19T21:30:42","guid":{"rendered":"http:\/\/www.conservationcouncil.ca\/?page_id=143524"},"modified":"2021-09-01T14:37:35","modified_gmt":"2021-09-01T17:37:35","slug":"changement-climatique-et-sante","status":"publish","type":"page","link":"https:\/\/www.conservationcouncil.ca\/fr\/changement-climatique-et-sante\/","title":{"rendered":"Les changements climatiques et la sant\u00e9"},"content":{"rendered":"\t\t<div data-elementor-type=\"wp-post\" data-elementor-id=\"143524\" class=\"elementor elementor-143524\" data-elementor-post-type=\"page\">\n\t\t\t\t\t\t<section class=\"elementor-section elementor-top-section elementor-element elementor-element-f3a2f76 elementor-section-boxed elementor-section-height-default elementor-section-height-default\" data-id=\"f3a2f76\" data-element_type=\"section\" data-settings=\"{&quot;background_background&quot;:&quot;classic&quot;}\">\n\t\t\t\t\t\t<div class=\"elementor-container elementor-column-gap-default\">\n\t\t\t\t\t<div class=\"elementor-column elementor-col-100 elementor-top-column elementor-element elementor-element-d8ddd82\" data-id=\"d8ddd82\" data-element_type=\"column\">\n\t\t\t<div class=\"elementor-widget-wrap elementor-element-populated\">\n\t\t\t\t\t\t<div class=\"elementor-element elementor-element-90c4d77 elementor-widget elementor-widget-text-editor\" data-id=\"90c4d77\" data-element_type=\"widget\" data-widget_type=\"text-editor.default\">\n\t\t\t\t<div class=\"elementor-widget-container\">\n\t\t\t\t\t\t\t\t\t<p>Dans\u00a0<a href=\"https:\/\/www.conservationcouncil.ca\/wp-content\/uploads\/2019\/06\/La-sant%C3%A9-climatique-pour-des-N%C3%A9o-Brunswickois-en-sant%C3%A9.pdf\" target=\"_blank\" rel=\"noopener\"><em><strong><span lang=\"EN-US\">La sant\u00e9 climatique pour des N\u00e9o-Brunswickois en sant\u00e9 : Une proposition pour diminuer la pollution et prot\u00e9ger la sant\u00e9 de la population du Nouveau-Brunswick<\/span><\/strong><\/em><\/a><strong>,<\/strong>\u00a0nous r\u00e9sumons d\u2019une fa\u00e7on unique les r\u00e9sultats et les conclusions de la recherche existante afin d\u2019exposer la mani\u00e8re dont le changement climatique peut influer sur la sant\u00e9 physique et mentale des personnes qui r\u00e9sident au Nouveau-Brunswick.<\/p>\n<p>Il est important de faire le lien entre le changement climatique et la sant\u00e9, car la majorit\u00e9 des gens ne se rendent pas compte que le changement climatique a des r\u00e9percussions sur les d\u00e9terminants sociaux et environnementaux de la sant\u00e9 et peut saper les strat\u00e9gies provinciales visant \u00e0 am\u00e9liorer le bien-\u00eatre de la population. Les m\u00e9faits des ph\u00e9nom\u00e8nes m\u00e9t\u00e9orologiques extr\u00eames (inondations, temp\u00eates de glace) perturbent d\u00e9j\u00e0 notre vie et nuisent \u00e0 notre sant\u00e9 physique et mentale.<span class=\"Apple-converted-space\">\u00a0<\/span><\/p>\n\t\t\t\t\t\t\t\t<\/div>\n\t\t\t\t<\/div>\n\t\t\t\t<div class=\"elementor-element elementor-element-1c43a24 elementor-align-center elementor-widget elementor-widget-button\" data-id=\"1c43a24\" data-element_type=\"widget\" data-widget_type=\"button.default\">\n\t\t\t\t<div class=\"elementor-widget-container\">\n\t\t\t\t\t\t\t\t\t<div class=\"elementor-button-wrapper\">\n\t\t\t\t\t<a class=\"elementor-button elementor-button-link elementor-size-sm\" href=\"https:\/\/www.conservationcouncil.ca\/wp-content\/uploads\/2019\/06\/La-sant%C3%A9-climatique-pour-des-N%C3%A9o-Brunswickois-en-sant%C3%A9.pdf\" target=\"_blank\">\n\t\t\t\t\t\t<span class=\"elementor-button-content-wrapper\">\n\t\t\t\t\t\t<span class=\"elementor-button-icon\">\n\t\t\t\t\t\t\t\t\t<i class=\"fa fa-download\" aria-hidden=\"true\"><\/i>\n\t\t\t\t\t\t\t<\/span>\n\t\t\t\t\t\t\t\t\t<span class=\"elementor-button-text\">T\u00e9l\u00e9charger<\/span>\n\t\t\t\t\t<\/span>\n\t\t\t\t\t<\/a>\n\t\t\t\t<\/div>\n\t\t\t\t\t\t\t\t<\/div>\n\t\t\t\t<\/div>\n\t\t\t\t<div class=\"elementor-element elementor-element-0dfe3c3 elementor-widget elementor-widget-image\" data-id=\"0dfe3c3\" data-element_type=\"widget\" data-widget_type=\"image.default\">\n\t\t\t\t<div class=\"elementor-widget-container\">\n\t\t\t\t\t\t\t\t\t\t\t\t\t\t\t\t<a href=\"https:\/\/www.conservationcouncil.ca\/wp-content\/uploads\/2019\/06\/La-sant%C3%A9-climatique-pour-des-N%C3%A9o-Brunswickois-en-sant%C3%A9.pdf\" target=\"_blank\">\n\t\t\t\t\t\t\t<img decoding=\"async\" src=\"https:\/\/www.conservationcouncil.ca\/wp-content\/uploads\/2019\/07\/Climate-and-health-report-50th-logo-ENG.jpg\" title=\"Climate and health report 50th logo-ENG\" alt=\"Climate and health report 50th logo-ENG\" loading=\"lazy\" \/>\t\t\t\t\t\t\t\t<\/a>\n\t\t\t\t\t\t\t\t\t\t\t\t\t\t\t<\/div>\n\t\t\t\t<\/div>\n\t\t\t\t\t<\/div>\n\t\t<\/div>\n\t\t\t\t\t<\/div>\n\t\t<\/section>\n\t\t\t\t<section class=\"elementor-section elementor-top-section elementor-element elementor-element-afc9d09 elementor-section-boxed elementor-section-height-default elementor-section-height-default\" data-id=\"afc9d09\" data-element_type=\"section\">\n\t\t\t\t\t\t<div class=\"elementor-container elementor-column-gap-default\">\n\t\t\t\t\t<div class=\"elementor-column elementor-col-100 elementor-top-column elementor-element elementor-element-149cad8\" data-id=\"149cad8\" data-element_type=\"column\">\n\t\t\t<div class=\"elementor-widget-wrap elementor-element-populated\">\n\t\t\t\t\t\t<div class=\"elementor-element elementor-element-117b51e elementor-widget elementor-widget-text-editor\" data-id=\"117b51e\" data-element_type=\"widget\" data-widget_type=\"text-editor.default\">\n\t\t\t\t<div class=\"elementor-widget-container\">\n\t\t\t\t\t\t\t\t\t<h3>Recommended links:<\/h3>\n<ul>\n<li><a href=\"https:\/\/www.conservationcouncil.ca\/en\/new-conservation-council-report-climate-change-floods-ice-storms-affect-our-health\/\" target=\"_blank\" rel=\"noopener\">Read an article summarizing the findings of our climate and health report\u00a0<\/a><\/li>\n<li><a href=\"https:\/\/www.conservationcouncil.ca\/fr\/renewable-energy\/\" target=\"_blank\" rel=\"noopener noreferrer\">Watch our renewable energy video series: <em>Making Informed Choices<\/em><\/a><\/li>\n<li><a href=\"https:\/\/www.conservationcouncil.ca\/en\/lovenb\/\" target=\"_blank\" rel=\"noopener\">Click here to learn more about climate change effects, and solutions, in New Brunswick<\/a><\/li>\n<li><a href=\"https:\/\/www.conservationcouncil.ca\/wp-content\/uploads\/2013\/02\/Conservation-Council-Climate-Action-Plan.Eng-CCNB-2016.pdf\" target=\"_blank\" rel=\"noopener noreferrer\">Read the Conservation Council\u2019s <em>Climate Action Plan<\/em><\/a><\/li>\n<li><a href=\"https:\/\/www.conservationcouncil.ca\/en\/tell-us-your-climate-change-stories\/\" target=\"_blank\" rel=\"noopener noreferrer\">Tell us your climate change story<\/a><\/li>\n<li><a href=\"https:\/\/www.conservationcouncil.ca\/en\/after-the-flood-deciding-to-stay\/\">After the flood: deciding to stay<\/a><\/li>\n<li><a href=\"https:\/\/www.conservationcouncil.ca\/en\/after-the-flood-putting-things-into-perspective\/\">After the flood: putting things into perspective<\/a><\/li>\n<li><a href=\"https:\/\/www.conservationcouncil.ca\/en\/after-the-flood-feeling-betrayed-twice\/\">After the flood: feeling betrayed, twice<\/a><\/li>\n<li><a href=\"https:\/\/www.conservationcouncil.ca\/en\/after-the-flood-anxiety-on-dry-ground\/\">After the flood: anxiety on dry ground<\/a><\/li>\n<\/ul>\n\t\t\t\t\t\t\t\t<\/div>\n\t\t\t\t<\/div>\n\t\t\t\t\t<\/div>\n\t\t<\/div>\n\t\t\t\t\t<\/div>\n\t\t<\/section>\n\t\t\t\t<\/div>\n\t\t","protected":false},"excerpt":{"rendered":"<p>Dans\u00a0La sant\u00e9 climatique pour des N\u00e9o-Brunswickois en sant\u00e9 : Une proposition pour diminuer la pollution et prot\u00e9ger la sant\u00e9 de la population du Nouveau-Brunswick,\u00a0nous r\u00e9sumons d\u2019une fa\u00e7on unique les r\u00e9sultats et les conclusions de la recherche existante afin d\u2019exposer la mani\u00e8re dont le changement climatique peut influer sur la sant\u00e9 physique et mentale des personnes [&hellip;]<\/p>\n","protected":false},"author":42,"featured_media":143667,"parent":0,"menu_order":0,"comment_status":"closed","ping_status":"closed","template":"","meta":{"site-sidebar-layout":"default","site-content-layout":"","ast-site-content-layout":"default","site-content-style":"default","site-sidebar-style":"default","ast-global-header-display":"","ast-banner-title-visibility":"","ast-main-header-display":"","ast-hfb-above-header-display":"","ast-hfb-below-header-display":"","ast-hfb-mobile-header-display":"","site-post-title":"","ast-breadcrumbs-content":"","ast-featured-img":"","footer-sml-layout":"","ast-disable-related-posts":"","theme-transparent-header-meta":"","adv-header-id-meta":"","stick-header-meta":"","header-above-stick-meta":"","header-main-stick-meta":"","header-below-stick-meta":"","astra-migrate-meta-layouts":"default","ast-page-background-enabled":"default","ast-page-background-meta":{"desktop":{"background-color":"","background-image":"","background-repeat":"repeat","background-position":"center center","background-size":"auto","background-attachment":"scroll","background-type":"","background-media":"","overlay-type":"","overlay-color":"","overlay-opacity":"","overlay-gradient":""},"tablet":{"background-color":"","background-image":"","background-repeat":"repeat","background-position":"center center","background-size":"auto","background-attachment":"scroll","background-type":"","background-media":"","overlay-type":"","overlay-color":"","overlay-opacity":"","overlay-gradient":""},"mobile":{"background-color":"","background-image":"","background-repeat":"repeat","background-position":"center center","background-size":"auto","background-attachment":"scroll","background-type":"","background-media":"","overlay-type":"","overlay-color":"","overlay-opacity":"","overlay-gradient":""}},"ast-content-background-meta":{"desktop":{"background-color":"var(--ast-global-color-5)","background-image":"","background-repeat":"repeat","background-position":"center center","background-size":"auto","background-attachment":"scroll","background-type":"","background-media":"","overlay-type":"","overlay-color":"","overlay-opacity":"","overlay-gradient":""},"tablet":{"background-color":"var(--ast-global-color-5)","background-image":"","background-repeat":"repeat","background-position":"center center","background-size":"auto","background-attachment":"scroll","background-type":"","background-media":"","overlay-type":"","overlay-color":"","overlay-opacity":"","overlay-gradient":""},"mobile":{"background-color":"var(--ast-global-color-5)","background-image":"","background-repeat":"repeat","background-position":"center center","background-size":"auto","background-attachment":"scroll","background-type":"","background-media":"","overlay-type":"","overlay-color":"","overlay-opacity":"","overlay-gradient":""}},"footnotes":""},"class_list":["post-143524","page","type-page","status-publish","has-post-thumbnail","hentry"],"_links":{"self":[{"href":"https:\/\/www.conservationcouncil.ca\/fr\/wp-json\/wp\/v2\/pages\/143524","targetHints":{"allow":["GET"]}}],"collection":[{"href":"https:\/\/www.conservationcouncil.ca\/fr\/wp-json\/wp\/v2\/pages"}],"about":[{"href":"https:\/\/www.conservationcouncil.ca\/fr\/wp-json\/wp\/v2\/types\/page"}],"author":[{"embeddable":true,"href":"https:\/\/www.conservationcouncil.ca\/fr\/wp-json\/wp\/v2\/users\/42"}],"replies":[{"embeddable":true,"href":"https:\/\/www.conservationcouncil.ca\/fr\/wp-json\/wp\/v2\/comments?post=143524"}],"version-history":[{"count":0,"href":"https:\/\/www.conservationcouncil.ca\/fr\/wp-json\/wp\/v2\/pages\/143524\/revisions"}],"wp:featuredmedia":[{"embeddable":true,"href":"https:\/\/www.conservationcouncil.ca\/fr\/wp-json\/wp\/v2\/media\/143667"}],"wp:attachment":[{"href":"https:\/\/www.conservationcouncil.ca\/fr\/wp-json\/wp\/v2\/media?parent=143524"}],"curies":[{"name":"wp","href":"https:\/\/api.w.org\/{rel}","templated":true}]}}