{"id":14211,"date":"2017-05-18T15:48:39","date_gmt":"2017-05-18T18:48:39","guid":{"rendered":"http:\/\/www.conservationcouncil.ca\/?page_id=14211\/"},"modified":"2017-05-26T16:31:00","modified_gmt":"2017-05-26T19:31:00","slug":"renouvelables-n-b","status":"publish","type":"page","link":"https:\/\/www.conservationcouncil.ca\/fr\/renouvelables-n-b\/","title":{"rendered":"Renouvelables N-B"},"content":{"rendered":"<p><img fetchpriority=\"high\" decoding=\"async\" class=\"alignleft size-full wp-image-13397\" src=\"http:\/\/www.conservationcouncil.ca\/wp-content\/uploads\/2017\/04\/Renewable-Energy1920x700.jpg\" alt=\"\" width=\"1920\" height=\"700\" srcset=\"https:\/\/www.conservationcouncil.ca\/wp-content\/uploads\/2017\/04\/Renewable-Energy1920x700.jpg 1024w, https:\/\/www.conservationcouncil.ca\/wp-content\/uploads\/2017\/04\/Renewable-Energy1920x700-600x219.jpg 600w, https:\/\/www.conservationcouncil.ca\/wp-content\/uploads\/2017\/04\/Renewable-Energy1920x700-300x109.jpg 300w, https:\/\/www.conservationcouncil.ca\/wp-content\/uploads\/2017\/04\/Renewable-Energy1920x700-768x280.jpg 768w, https:\/\/www.conservationcouncil.ca\/wp-content\/uploads\/2017\/04\/Renewable-Energy1920x700-1020x372.jpg 1020w\" sizes=\"(max-width: 1920px) 100vw, 1920px\" \/>Renouvelables <abbr title=\"Nouveau-Brunswick\">N-B<\/abbr> est un centre en ligne vou\u00e9 \u00e0 la promotion de l\u2019efficacit\u00e9 \u00e9nerg\u00e9tique et de la production \u00e0 partir d\u2019\u00e9nergies renouvelables \u00e0 l\u2019\u00e9chelle de la province.<\/p>\n<p>Il constitue une plate-forme centralis\u00e9e de partage d\u2019information sur les \u00e9nergies renouvelables et les mesures d\u2019encouragement provinciales, de pr\u00e9sentation de projets et de promotion d\u2019\u00e9v\u00e9nements. Il a pour objectif d\u2019\u00e9liminer les obstacles pour ceux qui entrent dans le monde des \u00e9nergies renouvelables et \u00e0 inciter les N\u00e9o-Brunswickois \u00e0 \u00eatre aussi passionn\u00e9s \u00e0 leur sujet que nous le sommes.<a href=\"https:\/\/renouvelablenb.ca\/\"><img decoding=\"async\" class=\"wp-image-14040 size-large aligncenter\" src=\"http:\/\/www.conservationcouncil.ca\/wp-content\/uploads\/2017\/05\/RenewablesNB-Button-1020x133.jpg\" alt=\"\" width=\"680\" height=\"89\" srcset=\"https:\/\/www.conservationcouncil.ca\/wp-content\/uploads\/2017\/05\/RenewablesNB-Button-1020x133.jpg 1020w, https:\/\/www.conservationcouncil.ca\/wp-content\/uploads\/2017\/05\/RenewablesNB-Button-600x78.jpg 600w, https:\/\/www.conservationcouncil.ca\/wp-content\/uploads\/2017\/05\/RenewablesNB-Button-300x39.jpg 300w, https:\/\/www.conservationcouncil.ca\/wp-content\/uploads\/2017\/05\/RenewablesNB-Button-768x100.jpg 768w, https:\/\/www.conservationcouncil.ca\/wp-content\/uploads\/2017\/05\/RenewablesNB-Button.jpg 1024w\" sizes=\"(max-width: 680px) 100vw, 680px\" \/><\/a><\/p>\n","protected":false},"excerpt":{"rendered":"<p>Renouvelables N-B est un centre en ligne vou\u00e9 \u00e0 la promotion de l\u2019efficacit\u00e9 \u00e9nerg\u00e9tique et de la production \u00e0 partir d\u2019\u00e9nergies renouvelables \u00e0 l\u2019\u00e9chelle de la province. Il constitue une plate-forme centralis\u00e9e de partage d\u2019information sur les \u00e9nergies renouvelables et les mesures d\u2019encouragement provinciales, de pr\u00e9sentation de projets et de promotion d\u2019\u00e9v\u00e9nements. Il a pour [&hellip;]<\/p>\n","protected":false},"author":22,"featured_media":13397,"parent":0,"menu_order":0,"comment_status":"closed","ping_status":"closed","template":"","meta":{"site-sidebar-layout":"default","site-content-layout":"","ast-site-content-layout":"default","site-content-style":"default","site-sidebar-style":"default","ast-global-header-display":"","ast-banner-title-visibility":"","ast-main-header-display":"","ast-hfb-above-header-display":"","ast-hfb-below-header-display":"","ast-hfb-mobile-header-display":"","site-post-title":"","ast-breadcrumbs-content":"","ast-featured-img":"","footer-sml-layout":"","ast-disable-related-posts":"","theme-transparent-header-meta":"","adv-header-id-meta":"","stick-header-meta":"","header-above-stick-meta":"","header-main-stick-meta":"","header-below-stick-meta":"","astra-migrate-meta-layouts":"default","ast-page-background-enabled":"default","ast-page-background-meta":{"desktop":{"background-color":"","background-image":"","background-repeat":"repeat","background-position":"center center","background-size":"auto","background-attachment":"scroll","background-type":"","background-media":"","overlay-type":"","overlay-color":"","overlay-opacity":"","overlay-gradient":""},"tablet":{"background-color":"","background-image":"","background-repeat":"repeat","background-position":"center center","background-size":"auto","background-attachment":"scroll","background-type":"","background-media":"","overlay-type":"","overlay-color":"","overlay-opacity":"","overlay-gradient":""},"mobile":{"background-color":"","background-image":"","background-repeat":"repeat","background-position":"center center","background-size":"auto","background-attachment":"scroll","background-type":"","background-media":"","overlay-type":"","overlay-color":"","overlay-opacity":"","overlay-gradient":""}},"ast-content-background-meta":{"desktop":{"background-color":"var(--ast-global-color-5)","background-image":"","background-repeat":"repeat","background-position":"center center","background-size":"auto","background-attachment":"scroll","background-type":"","background-media":"","overlay-type":"","overlay-color":"","overlay-opacity":"","overlay-gradient":""},"tablet":{"background-color":"var(--ast-global-color-5)","background-image":"","background-repeat":"repeat","background-position":"center center","background-size":"auto","background-attachment":"scroll","background-type":"","background-media":"","overlay-type":"","overlay-color":"","overlay-opacity":"","overlay-gradient":""},"mobile":{"background-color":"var(--ast-global-color-5)","background-image":"","background-repeat":"repeat","background-position":"center center","background-size":"auto","background-attachment":"scroll","background-type":"","background-media":"","overlay-type":"","overlay-color":"","overlay-opacity":"","overlay-gradient":""}},"footnotes":""},"class_list":["post-14211","page","type-page","status-publish","has-post-thumbnail","hentry"],"_links":{"self":[{"href":"https:\/\/www.conservationcouncil.ca\/fr\/wp-json\/wp\/v2\/pages\/14211","targetHints":{"allow":["GET"]}}],"collection":[{"href":"https:\/\/www.conservationcouncil.ca\/fr\/wp-json\/wp\/v2\/pages"}],"about":[{"href":"https:\/\/www.conservationcouncil.ca\/fr\/wp-json\/wp\/v2\/types\/page"}],"author":[{"embeddable":true,"href":"https:\/\/www.conservationcouncil.ca\/fr\/wp-json\/wp\/v2\/users\/22"}],"replies":[{"embeddable":true,"href":"https:\/\/www.conservationcouncil.ca\/fr\/wp-json\/wp\/v2\/comments?post=14211"}],"version-history":[{"count":0,"href":"https:\/\/www.conservationcouncil.ca\/fr\/wp-json\/wp\/v2\/pages\/14211\/revisions"}],"wp:featuredmedia":[{"embeddable":true,"href":"https:\/\/www.conservationcouncil.ca\/fr\/wp-json\/wp\/v2\/media\/13397"}],"wp:attachment":[{"href":"https:\/\/www.conservationcouncil.ca\/fr\/wp-json\/wp\/v2\/media?parent=14211"}],"curies":[{"name":"wp","href":"https:\/\/api.w.org\/{rel}","templated":true}]}}