{"id":136703,"date":"2017-11-07T15:15:46","date_gmt":"2017-11-07T19:15:46","guid":{"rendered":"http:\/\/www.conservationcouncil.ca\/?page_id=136703"},"modified":"2017-11-16T09:41:49","modified_gmt":"2017-11-16T13:41:49","slug":"soumettez-vos-observations-maintenant","status":"publish","type":"page","link":"https:\/\/www.conservationcouncil.ca\/fr\/soumettez-vos-observations-maintenant\/","title":{"rendered":"Soumettez vos observations maintenant"},"content":{"rendered":"<p><span style=\"font-weight: 400;\">Donnez votre avis sur la strat\u00e9gie de l\u2019eau pour le Nouveau-Brunswick!\u00a0<\/span><span style=\"font-weight: 400;\">Nous avons r\u00e9dig\u00e9 une lettre dans laquelle nous indiquons ce qui, en fonction de nos recherches, devrait figurer dans une strat\u00e9gie de protection de l\u2019eau solide. Vous pouvez y ajouter vos propres observations, ou simplement la signer et l\u2019envoyer pour soutenir la mise en place d\u2019une strat\u00e9gie de protection de l\u2019eau solide au Nouveau Brunswick. Soumettez vos observations maintenant (cela ne prend que 30 secondes)!<\/span><\/p>\n\n<div class=\"wpcf7 no-js\" id=\"wpcf7-f136696-o1\" lang=\"en-US\" dir=\"ltr\" data-wpcf7-id=\"136696\">\n<div class=\"screen-reader-response\"><p role=\"status\" aria-live=\"polite\" aria-atomic=\"true\"><\/p> <ul><\/ul><\/div>\n<form action=\"\/fr\/wp-json\/wp\/v2\/pages\/136703#wpcf7-f136696-o1\" method=\"post\" class=\"wpcf7-form init\" aria-label=\"Contact form\" novalidate=\"novalidate\" data-status=\"init\">\n<fieldset class=\"hidden-fields-container\"><input type=\"hidden\" name=\"_wpcf7\" value=\"136696\" \/><input type=\"hidden\" name=\"_wpcf7_version\" value=\"6.1.5\" \/><input type=\"hidden\" name=\"_wpcf7_locale\" value=\"en_US\" \/><input type=\"hidden\" name=\"_wpcf7_unit_tag\" value=\"wpcf7-f136696-o1\" \/><input type=\"hidden\" name=\"_wpcf7_container_post\" value=\"0\" \/><input type=\"hidden\" name=\"_wpcf7_posted_data_hash\" value=\"\" \/><input type=\"hidden\" name=\"_wpcf7_recaptcha_response\" value=\"\" \/>\n<\/fieldset>\n<div id=\"responsive-form\" class=\"clearfix\">\n\t<div class=\"form-row\">\n\t\t<div class=\"column-full\" id=\"toaddress\">\n\t\t\t<p>To (required)<br \/>\n<span class=\"wpcf7-form-control-wrap\" data-name=\"to-address\"><input size=\"75\" maxlength=\"400\" class=\"wpcf7-form-control wpcf7-email wpcf7-validates-as-required wpcf7-text wpcf7-validates-as-email\" readonly=\"readonly\" aria-required=\"true\" aria-invalid=\"false\" value=\"waterstrategy-strategiedeleau@gnb.ca\" type=\"email\" name=\"to-address\" \/><\/span>\n\t\t\t<\/p>\n\t\t<\/div>\n\t\t<div class=\"column-half\">\n\t\t\t<p>Votre pr\u00e9nom (required)<br \/>\n<span class=\"wpcf7-form-control-wrap\" data-name=\"first-name\"><input size=\"35\" maxlength=\"400\" class=\"wpcf7-form-control wpcf7-text wpcf7-validates-as-required\" aria-required=\"true\" aria-invalid=\"false\" value=\"\" type=\"text\" name=\"first-name\" \/><\/span>\n\t\t\t<\/p>\n\t\t<\/div>\n\t\t<div class=\"column-half\">\n\t\t\t<p>Votre nom de famille (required)<br \/>\n<span class=\"wpcf7-form-control-wrap\" data-name=\"last-name\"><input size=\"35\" maxlength=\"400\" class=\"wpcf7-form-control wpcf7-text wpcf7-validates-as-required\" aria-required=\"true\" aria-invalid=\"false\" value=\"\" type=\"text\" name=\"last-name\" \/><\/span>\n\t\t\t<\/p>\n\t\t<\/div>\n\t<\/div>\n\t<div class=\"form-row\">\n\t\t<div class=\"column-half\">\n\t\t\t<p>Votre adresse (required)<br \/>\n<span class=\"wpcf7-form-control-wrap\" data-name=\"Adress\"><input size=\"35\" maxlength=\"400\" class=\"wpcf7-form-control wpcf7-text wpcf7-validates-as-required\" aria-required=\"true\" aria-invalid=\"false\" value=\"\" type=\"text\" name=\"Adress\" \/><\/span>\n\t\t\t<\/p>\n\t\t<\/div>\n\t\t<div class=\"column-half\">\n\t\t\t<p>Votre code postal(required)<br \/>\n<span class=\"wpcf7-form-control-wrap\" data-name=\"PostalCode\"><input size=\"35\" maxlength=\"400\" class=\"wpcf7-form-control wpcf7-text wpcf7-validates-as-required\" aria-required=\"true\" aria-invalid=\"false\" value=\"\" type=\"text\" name=\"PostalCode\" \/><\/span>\n\t\t\t<\/p>\n\t\t<\/div>\n\t<\/div>\n\t<div class=\"column-half\">\n\t\t<p>Votre courriel (required)<br \/>\n<span class=\"wpcf7-form-control-wrap\" data-name=\"your-email\"><input size=\"35\" maxlength=\"400\" class=\"wpcf7-form-control wpcf7-email wpcf7-validates-as-required wpcf7-text wpcf7-validates-as-email\" aria-required=\"true\" aria-invalid=\"false\" value=\"\" type=\"email\" name=\"your-email\" \/><\/span>\n\t\t<\/p>\n\t<\/div>\n\t<div class=\"form-row\">\n\t\t<div class=\"column-full\">\n\t\t\t<p><span class=\"wpcf7-form-control-wrap\" data-name=\"your-subject\"><input size=\"75\" maxlength=\"400\" class=\"wpcf7-form-control wpcf7-text wpcf7-validates-as-required\" aria-required=\"true\" aria-invalid=\"false\" value=\"Une Strat\u00e9gie de l\u2019eau pour le Nouveau-Brunswick\" type=\"text\" name=\"your-subject\" \/><\/span>\n\t\t\t<\/p>\n\t\t<\/div>\n\t<\/div>\n\t<div class=\"form-row\">\n\t\t<div class=\"column-full\">\n\t\t\t<p>Votre message (n'h\u00e9sitez pas \u00e0 \u00e9diter)<br \/>\n<span class=\"wpcf7-form-control-wrap\" data-name=\"your-message\"><textarea cols=\"73\" rows=\"10\" maxlength=\"2000\" class=\"wpcf7-form-control wpcf7-textarea\" aria-invalid=\"false\" name=\"your-message\">Le d\u00e9veloppement d\u2019une strat\u00e9gie de protection de l\u2019eau est une occasion unique de veiller \u00e0 ce que notre eau soit salubre et non pollu\u00e9e. Dans certaines r\u00e9gions, nous avons besoin de plans ambitieux pour restaurer des syst\u00e8mes de traitement de l\u2019eau\nd\u00e9grad\u00e9s. Dans d\u2019autres, nous devons mettre en place des protections pour pr\u00e9server la puret\u00e9 de l\u2019eau.\n\nSi on les n\u00e9glige, les eaux du Nouveau-Brunswick seront confront\u00e9es \u00e0 des menaces constantes et croissantes pos\u00e9es par la pollution, par la disparition de terres humides, d\u2019estuaires c\u00f4tiers et du flux environnemental ad\u00e9quat n\u00e9cessaire \u00e0 la vie \u00e0 aquatique ainsi que par les effets croissants du changement climatique, tels que les inondations,les p\u00e9riodes de s\u00e9cheresse et l\u2019\u00e9l\u00e9vation des temp\u00e9ratures.\n\nUne strat\u00e9gie de l\u2019eau solide doit exposer en d\u00e9tails les \u00e9tapes, ainsi que le bienfond\u00e9, le contenu, la m\u00e9thode et l\u2019aspect temporel, des mesures que le NouveauBrunswick a l\u2019intention de prendre pour prot\u00e9ger ses eaux, dont la promulgation de lois de protection de l\u2019eau modernes.\n\nLe NouveauBrunswick a droit \u00e0 une solide strat\u00e9gie de l\u2019eau:\n\n- fond\u00e9e sur la science (dont des donn\u00e9es de r\u00e9f\u00e9rence, le suivi et la prise en consid\u00e9ration des effets cumulatifs, des flux environnementaux);\n- qui \u00e9tablisse des normes de qualit\u00e9 de l\u2019eau au sein d\u2019un cadre de travail l\u00e9gal;\n- assure la pr\u00e9servation de toutes les eaux des bassins hydrographiques, dont les eaux de surface (lacs, cours d\u2019eau, rivi\u00e8res) et les eaux souterraines, gr\u00e2ce \u00e0 de bons plans et \u00e0 de bonnes politiques et pratiques de conservation, et utilise le principe de prudence comme outil d\u2019orientation l\u00e9galement ex\u00e9cutoire;\n- qui assure la protection l\u00e9gale de nos aires marines c\u00f4ti\u00e8res;\n- qui constitue une forme de co-gouvernance constructive avec les Premi\u00e8res Nations;\n- qui comprenne la mise en \u0153uvre et l\u2019application de plans de protection des bassins hydrographiques d\u00e9velopp\u00e9s de fa\u00e7on transparente par le gouvernement, les entreprises, les organismes de protection des bassins hydrographiques, les agriculteurs, les repr\u00e9sentants municipaux et les citoyens;\n- fond\u00e9e sur la responsabilisation, c\u2019est-\u00e0- dire qu\u2019elle pr\u00e9voit l\u2019\u00e9tablissement de rapports de contr\u00f4le et de rapports annuels publics sur l\u2019\u00e9volution de l\u2019atteinte des objectifs \u00e9tablis dans la strat\u00e9gie de protection de l\u2019eau;\n- dont la force ex\u00e9cutoire repose sur un cadre juridique moderne.\n\nEn tant que citoyen(ne) engag\u00e9(e), je vous exhorte \u00e0 pr\u00e9coniser une strat\u00e9gie de protection de l\u2019eau solide appuy\u00e9e par une l\u00e9gislation moderne afin de prot\u00e9ger la salubrit\u00e9 de notre eau et la sant\u00e9 des r\u00e9sidants de notre province.\n\nEn vous remerciant d\u2019avance,<\/textarea><\/span>\n\t\t\t<\/p>\n\t\t<\/div>\n\t<\/div>\n\t<div class=\"form-row\">\n\t\t<div class=\"column-full\">\n\t\t\t<p><input class=\"wpcf7-form-control wpcf7-submit has-spinner\" type=\"submit\" value=\"Cliquez ici pour envoyer la lettre!\" \/>\n\t\t\t<\/p>\n\t\t<\/div>\n\t<\/div>\n<\/div><div class=\"wpcf7-response-output\" aria-hidden=\"true\"><\/div>\n<\/form>\n<\/div>\n\n","protected":false},"excerpt":{"rendered":"<p>Donnez votre avis sur la strat\u00e9gie de l\u2019eau pour le Nouveau-Brunswick!\u00a0Nous avons r\u00e9dig\u00e9 une lettre dans laquelle nous indiquons ce qui, en fonction de nos recherches, devrait figurer dans une strat\u00e9gie de protection de l\u2019eau solide. Vous pouvez y ajouter vos propres observations, ou simplement la signer et l\u2019envoyer pour soutenir la mise en place [&hellip;]<\/p>\n","protected":false},"author":43,"featured_media":0,"parent":0,"menu_order":0,"comment_status":"closed","ping_status":"closed","template":"","meta":{"site-sidebar-layout":"default","site-content-layout":"","ast-site-content-layout":"default","site-content-style":"default","site-sidebar-style":"default","ast-global-header-display":"","ast-banner-title-visibility":"","ast-main-header-display":"","ast-hfb-above-header-display":"","ast-hfb-below-header-display":"","ast-hfb-mobile-header-display":"","site-post-title":"","ast-breadcrumbs-content":"","ast-featured-img":"","footer-sml-layout":"","ast-disable-related-posts":"","theme-transparent-header-meta":"","adv-header-id-meta":"","stick-header-meta":"","header-above-stick-meta":"","header-main-stick-meta":"","header-below-stick-meta":"","astra-migrate-meta-layouts":"default","ast-page-background-enabled":"default","ast-page-background-meta":{"desktop":{"background-color":"","background-image":"","background-repeat":"repeat","background-position":"center center","background-size":"auto","background-attachment":"scroll","background-type":"","background-media":"","overlay-type":"","overlay-color":"","overlay-opacity":"","overlay-gradient":""},"tablet":{"background-color":"","background-image":"","background-repeat":"repeat","background-position":"center center","background-size":"auto","background-attachment":"scroll","background-type":"","background-media":"","overlay-type":"","overlay-color":"","overlay-opacity":"","overlay-gradient":""},"mobile":{"background-color":"","background-image":"","background-repeat":"repeat","background-position":"center center","background-size":"auto","background-attachment":"scroll","background-type":"","background-media":"","overlay-type":"","overlay-color":"","overlay-opacity":"","overlay-gradient":""}},"ast-content-background-meta":{"desktop":{"background-color":"var(--ast-global-color-5)","background-image":"","background-repeat":"repeat","background-position":"center center","background-size":"auto","background-attachment":"scroll","background-type":"","background-media":"","overlay-type":"","overlay-color":"","overlay-opacity":"","overlay-gradient":""},"tablet":{"background-color":"var(--ast-global-color-5)","background-image":"","background-repeat":"repeat","background-position":"center center","background-size":"auto","background-attachment":"scroll","background-type":"","background-media":"","overlay-type":"","overlay-color":"","overlay-opacity":"","overlay-gradient":""},"mobile":{"background-color":"var(--ast-global-color-5)","background-image":"","background-repeat":"repeat","background-position":"center center","background-size":"auto","background-attachment":"scroll","background-type":"","background-media":"","overlay-type":"","overlay-color":"","overlay-opacity":"","overlay-gradient":""}},"footnotes":""},"class_list":["post-136703","page","type-page","status-publish","hentry"],"_links":{"self":[{"href":"https:\/\/www.conservationcouncil.ca\/fr\/wp-json\/wp\/v2\/pages\/136703","targetHints":{"allow":["GET"]}}],"collection":[{"href":"https:\/\/www.conservationcouncil.ca\/fr\/wp-json\/wp\/v2\/pages"}],"about":[{"href":"https:\/\/www.conservationcouncil.ca\/fr\/wp-json\/wp\/v2\/types\/page"}],"author":[{"embeddable":true,"href":"https:\/\/www.conservationcouncil.ca\/fr\/wp-json\/wp\/v2\/users\/43"}],"replies":[{"embeddable":true,"href":"https:\/\/www.conservationcouncil.ca\/fr\/wp-json\/wp\/v2\/comments?post=136703"}],"version-history":[{"count":0,"href":"https:\/\/www.conservationcouncil.ca\/fr\/wp-json\/wp\/v2\/pages\/136703\/revisions"}],"wp:attachment":[{"href":"https:\/\/www.conservationcouncil.ca\/fr\/wp-json\/wp\/v2\/media?parent=136703"}],"curies":[{"name":"wp","href":"https:\/\/api.w.org\/{rel}","templated":true}]}}