{"id":135584,"date":"2017-08-03T00:00:49","date_gmt":"2017-08-03T03:00:49","guid":{"rendered":"http:\/\/www.conservationcouncil.ca\/?page_id=135584\/"},"modified":"2020-01-09T18:23:52","modified_gmt":"2020-01-09T22:23:52","slug":"write-your-mla-to-stop-the-spraying","status":"publish","type":"page","link":"https:\/\/www.conservationcouncil.ca\/fr\/write-your-mla-to-stop-the-spraying\/","title":{"rendered":"\u00c9crivez \u00e0 votre d\u00e9put\u00e9!"},"content":{"rendered":"<p style=\"text-align: left;\">\n<div class=\"wpcf7 no-js\" id=\"wpcf7-f135696-o1\" lang=\"en-US\" dir=\"ltr\" data-wpcf7-id=\"135696\">\n<div class=\"screen-reader-response\"><p role=\"status\" aria-live=\"polite\" aria-atomic=\"true\"><\/p> <ul><\/ul><\/div>\n<form action=\"\/fr\/wp-json\/wp\/v2\/pages\/135584#wpcf7-f135696-o1\" method=\"post\" class=\"wpcf7-form init\" aria-label=\"Contact form\" novalidate=\"novalidate\" data-status=\"init\">\n<fieldset class=\"hidden-fields-container\"><input type=\"hidden\" name=\"_wpcf7\" value=\"135696\" \/><input type=\"hidden\" name=\"_wpcf7_version\" value=\"6.1.5\" \/><input type=\"hidden\" name=\"_wpcf7_locale\" value=\"en_US\" \/><input type=\"hidden\" name=\"_wpcf7_unit_tag\" value=\"wpcf7-f135696-o1\" \/><input type=\"hidden\" name=\"_wpcf7_container_post\" value=\"0\" \/><input type=\"hidden\" name=\"_wpcf7_posted_data_hash\" value=\"\" \/><input type=\"hidden\" name=\"_wpcf7_recaptcha_response\" value=\"\" \/>\n<\/fieldset>\n<div id=\"responsive-form\" class=\"clearfix\">\n\t<div class=\"form-row\">\n\t\t<div class=\"column-full\" id=\"toaddress\">\n\t\t\t<p>To (required)<br \/>\n<span class=\"wpcf7-form-control-wrap\" data-name=\"to-address\"><input size=\"75\" maxlength=\"400\" class=\"wpcf7-form-control wpcf7-email wpcf7-validates-as-required wpcf7-text wpcf7-validates-as-email\" aria-required=\"true\" aria-invalid=\"false\" placeholder=\"\" value=\"\" type=\"email\" name=\"to-address\" \/><\/span>\n\t\t\t<\/p>\n\t\t<\/div>\n\t\t<div class=\"column-half\">\n\t\t\t<p>Votre pr\u00e9nom (requis)<br \/>\n<span class=\"wpcf7-form-control-wrap\" data-name=\"first-name\"><input size=\"35\" maxlength=\"400\" class=\"wpcf7-form-control wpcf7-text wpcf7-validates-as-required\" aria-required=\"true\" aria-invalid=\"false\" value=\"\" type=\"text\" name=\"first-name\" \/><\/span>\n\t\t\t<\/p>\n\t\t<\/div>\n\t\t<div class=\"column-half\">\n\t\t\t<p>Votre nom de famille (requis)<br \/>\n<span class=\"wpcf7-form-control-wrap\" data-name=\"last-name\"><input size=\"35\" maxlength=\"400\" class=\"wpcf7-form-control wpcf7-text wpcf7-validates-as-required\" aria-required=\"true\" aria-invalid=\"false\" value=\"\" type=\"text\" name=\"last-name\" \/><\/span>\n\t\t\t<\/p>\n\t\t<\/div>\n\t<\/div>\n\t<div class=\"form-row\">\n\t\t<div class=\"column-half\">\n\t\t\t<p>Votre adresse (requis)<br \/>\n<span class=\"wpcf7-form-control-wrap\" data-name=\"Adress\"><input size=\"35\" maxlength=\"400\" class=\"wpcf7-form-control wpcf7-text wpcf7-validates-as-required\" aria-required=\"true\" aria-invalid=\"false\" value=\"\" type=\"text\" name=\"Adress\" \/><\/span>\n\t\t\t<\/p>\n\t\t<\/div>\n\t\t<div class=\"column-half\">\n\t\t\t<p>Votre code postal (requis)<br \/>\n<span class=\"wpcf7-form-control-wrap\" data-name=\"PostalCode\"><input size=\"35\" maxlength=\"400\" class=\"wpcf7-form-control wpcf7-text wpcf7-validates-as-required\" aria-required=\"true\" aria-invalid=\"false\" value=\"\" type=\"text\" name=\"PostalCode\" \/><\/span>\n\t\t\t<\/p>\n\t\t<\/div>\n\t<\/div>\n\t<div class=\"column-half\">\n\t\t<p>Votre courriel (requis)<br \/>\n<span class=\"wpcf7-form-control-wrap\" data-name=\"your-email\"><input size=\"35\" maxlength=\"400\" class=\"wpcf7-form-control wpcf7-email wpcf7-validates-as-required wpcf7-text wpcf7-validates-as-email\" aria-required=\"true\" aria-invalid=\"false\" value=\"\" type=\"email\" name=\"your-email\" \/><\/span>\n\t\t<\/p>\n\t<\/div>\n\t<div class=\"form-row\">\n\t\t<div class=\"column-full\">\n\t\t\t<p>Sujet<br \/>\n<span class=\"wpcf7-form-control-wrap\" data-name=\"your-subject\"><input size=\"75\" maxlength=\"400\" class=\"wpcf7-form-control wpcf7-text wpcf7-validates-as-required\" aria-required=\"true\" aria-invalid=\"false\" value=\"S&#039;ils vous pla\u00eet supporter une interdiction sur la pulv\u00e9risation de nos for\u00eats!\" type=\"text\" name=\"your-subject\" \/><\/span>\n\t\t\t<\/p>\n\t\t<\/div>\n\t<\/div>\n\t<div class=\"form-row\">\n\t\t<div class=\"column-full\">\n\t\t\t<p>Votre message (n'h\u00e9sitez pas \u00e0 \u00e9diter)<br \/>\n<span class=\"wpcf7-form-control-wrap\" data-name=\"your-message\"><textarea cols=\"73\" rows=\"10\" maxlength=\"2000\" class=\"wpcf7-form-control wpcf7-textarea\" aria-invalid=\"false\" name=\"your-message\">Au d\u00e9but de cette nouvelle saison de pulv\u00e9risation des for\u00eats, je souhaite vous faire part de mon opposition \u00e0 l\u2019utilisation des herbicides \u00e0 base de glyphosate au Nouveau-Brunswick.\n \nPourquoi? Parce que je pense que nous n\u2019en n\u2019avons tout simplement pas besoin. Comme vous le savez tr\u00e8s certainement, ces herbicides sont con\u00e7us pour tuer des feuillus et des plantes n\u00e9cessaires \u00e0 la nourriture et \u00e0 l\u2019habitat des esp\u00e8ces sauvages.  \n \nDe plus, si nous rempla\u00e7ons l\u2019\u00e9pandage des herbicides dans les for\u00eats de la Couronne par des \u00e9quipes de d\u00e9broussailleurs, ce que fait le Qu\u00e9bec depuis 2001, nous pourrons assurer un plus grand nombre d\u2019emplois gr\u00e2ce \u00e0 nos ressources foresti\u00e8res. \n \nDans son rapport de 2015, la v\u00e9rificatrice g\u00e9n\u00e9rale du Nouveau-Brunswick a attribu\u00e9 le d\u00e9ficit annuel des activit\u00e9s d\u2019exploitation des for\u00eats domaniales (de 7 \u00e0 10 millions de dollars pour chacune des ann\u00e9es, de 2009 \u00e0 2015) au programme de sylviculture, par trop on\u00e9reux.  \n \nBon nombre de N\u00e9o-Brunswickois sont manifestement d\u2019accord avec moi : plus de 13 000 personnes ont sign\u00e9 une p\u00e9tition r\u00e9cemment d\u00e9pos\u00e9e \u00e0 l\u2019assembl\u00e9e l\u00e9gislative du N.-B., et une alliance de plus de 30 groupes \u0153uvre actuellement pour obtenir l\u2019interdiction de cette pratique.  \n \n\u00c0 titre d\u2019\u00e9lecteur, je vous demande d\u2019appuyer l\u2019interdiction des glyphosates et des autres herbicides dans les for\u00eats de la Couronne du Nouveau-Brunswick.\n \nEn vous remerciant de votre attention, je vous prie d\u2019agr\u00e9er mes plus cordiales salutations.<\/textarea><\/span>\n\t\t\t<\/p>\n\t\t<\/div>\n\t<\/div>\n\t<div class=\"form-row\">\n\t\t<div class=\"column-full\">\n\t\t\t<p><input class=\"wpcf7-form-control wpcf7-submit has-spinner\" type=\"submit\" value=\"Cliquez ici pour envoyer la lettre \u00e0 votre d\u00e9put\u00e9!\" \/>\n\t\t\t<\/p>\n\t\t<\/div>\n\t<\/div>\n<\/div><div class=\"wpcf7-response-output\" aria-hidden=\"true\"><\/div>\n<\/form>\n<\/div>\n<\/p>\n","protected":false},"excerpt":{"rendered":"","protected":false},"author":39,"featured_media":0,"parent":0,"menu_order":0,"comment_status":"closed","ping_status":"closed","template":"","meta":{"site-sidebar-layout":"default","site-content-layout":"default","ast-site-content-layout":"default","site-content-style":"default","site-sidebar-style":"default","ast-global-header-display":"","ast-banner-title-visibility":"","ast-main-header-display":"","ast-hfb-above-header-display":"","ast-hfb-below-header-display":"","ast-hfb-mobile-header-display":"","site-post-title":"","ast-breadcrumbs-content":"","ast-featured-img":"","footer-sml-layout":"","ast-disable-related-posts":"","theme-transparent-header-meta":"default","adv-header-id-meta":"","stick-header-meta":"","header-above-stick-meta":"","header-main-stick-meta":"","header-below-stick-meta":"","astra-migrate-meta-layouts":"default","ast-page-background-enabled":"default","ast-page-background-meta":{"desktop":{"background-color":"","background-image":"","background-repeat":"repeat","background-position":"center center","background-size":"auto","background-attachment":"scroll","background-type":"","background-media":"","overlay-type":"","overlay-color":"","overlay-opacity":"","overlay-gradient":""},"tablet":{"background-color":"","background-image":"","background-repeat":"repeat","background-position":"center center","background-size":"auto","background-attachment":"scroll","background-type":"","background-media":"","overlay-type":"","overlay-color":"","overlay-opacity":"","overlay-gradient":""},"mobile":{"background-color":"","background-image":"","background-repeat":"repeat","background-position":"center center","background-size":"auto","background-attachment":"scroll","background-type":"","background-media":"","overlay-type":"","overlay-color":"","overlay-opacity":"","overlay-gradient":""}},"ast-content-background-meta":{"desktop":{"background-color":"var(--ast-global-color-5)","background-image":"","background-repeat":"repeat","background-position":"center center","background-size":"auto","background-attachment":"scroll","background-type":"","background-media":"","overlay-type":"","overlay-color":"","overlay-opacity":"","overlay-gradient":""},"tablet":{"background-color":"var(--ast-global-color-5)","background-image":"","background-repeat":"repeat","background-position":"center center","background-size":"auto","background-attachment":"scroll","background-type":"","background-media":"","overlay-type":"","overlay-color":"","overlay-opacity":"","overlay-gradient":""},"mobile":{"background-color":"var(--ast-global-color-5)","background-image":"","background-repeat":"repeat","background-position":"center center","background-size":"auto","background-attachment":"scroll","background-type":"","background-media":"","overlay-type":"","overlay-color":"","overlay-opacity":"","overlay-gradient":""}},"footnotes":""},"class_list":["post-135584","page","type-page","status-publish","hentry"],"_links":{"self":[{"href":"https:\/\/www.conservationcouncil.ca\/fr\/wp-json\/wp\/v2\/pages\/135584","targetHints":{"allow":["GET"]}}],"collection":[{"href":"https:\/\/www.conservationcouncil.ca\/fr\/wp-json\/wp\/v2\/pages"}],"about":[{"href":"https:\/\/www.conservationcouncil.ca\/fr\/wp-json\/wp\/v2\/types\/page"}],"author":[{"embeddable":true,"href":"https:\/\/www.conservationcouncil.ca\/fr\/wp-json\/wp\/v2\/users\/39"}],"replies":[{"embeddable":true,"href":"https:\/\/www.conservationcouncil.ca\/fr\/wp-json\/wp\/v2\/comments?post=135584"}],"version-history":[{"count":0,"href":"https:\/\/www.conservationcouncil.ca\/fr\/wp-json\/wp\/v2\/pages\/135584\/revisions"}],"wp:attachment":[{"href":"https:\/\/www.conservationcouncil.ca\/fr\/wp-json\/wp\/v2\/media?parent=135584"}],"curies":[{"name":"wp","href":"https:\/\/api.w.org\/{rel}","templated":true}]}}