{"id":11273,"date":"2016-09-02T11:48:32","date_gmt":"2016-09-02T14:48:32","guid":{"rendered":"http:\/\/www.conservationcouncil.ca\/fr\/?page_id=11273"},"modified":"2016-11-21T13:13:33","modified_gmt":"2016-11-21T17:13:33","slug":"le-changement-climatique-et-lemploi","status":"publish","type":"page","link":"https:\/\/www.conservationcouncil.ca\/fr\/le-changement-climatique-et-lemploi\/","title":{"rendered":"Le changement climatique et l&#8217;emploi"},"content":{"rendered":"<p><img fetchpriority=\"high\" decoding=\"async\" class=\"size-full wp-image-10053 alignnone\" src=\"http:\/\/www.conservationcouncil.ca\/wp-content\/uploads\/2016\/09\/Climate-and-Jobs-Banner-e1473452658399.jpg\" alt=\"Climate and Jobs Banner\" width=\"1169\" height=\"425\" srcset=\"https:\/\/www.conservationcouncil.ca\/wp-content\/uploads\/2016\/09\/Climate-and-Jobs-Banner-e1473452658399.jpg 1024w, https:\/\/www.conservationcouncil.ca\/wp-content\/uploads\/2016\/09\/Climate-and-Jobs-Banner-e1473452658399-600x218.jpg 600w\" sizes=\"(max-width: 1169px) 100vw, 1169px\" \/><\/p>\n<p class=\"entry-title\"><strong>Iron &amp; Earth\u00a0: des travailleurs prennent la direction de la transition vers les \u00e9nergies renouvelables<\/strong><\/p>\n<p>Avez-vous d\u00e9j\u00e0 entendu parler d\u2019Iron &amp; Earth? Il s\u2019agit d\u2019un organisme dirig\u00e9 par des travailleurs des sables bitumineux qui ont uni leurs forces au printemps 2015, lorsque le prix du p\u00e9trole a commenc\u00e9 \u00e0 chuter et que les travailleurs des sables bitumineux de l\u2019Alberta \u00e9taient confront\u00e9s \u00e0 des mises \u00e0 pied massives. Ces travailleurs, dont font partie des chaudi\u00e9ristes, des \u00e9lectriciens, des tuyauteurs et des fondeurs, souhaitent lutter contre le changement climatique et le ch\u00f4mage en appuyant des investissements dans le secteur des \u00e9nergies vertes et en se recyclant pour pouvoir travailler dans ce secteur. D\u2019autres sections d\u2019Iron &amp; Earth se forment actuellement dans tout le pays.<\/p>\n<p>\u00ab\u00a0Iron &amp; Earth est un magnifique exemple d\u2019organisme vou\u00e9 \u00e0 la transition entre les combustibles fossiles et les \u00e9nergies propres. Comme nos \u00e9conomies doivent consid\u00e9rablement diminuer leurs \u00e9missions de carbone, il est n\u00e9cessaire de continuer \u00e0 investir dans l\u2019\u00e9nergie propre et d\u2019aider les travailleurs de l\u2019Am\u00e9rique du Nord \u00e0 se recycler \u00bb, explique Louise Comeau, directrice des Solutions pour le changement climatique et l\u2019\u00e9nergie du Conseil de conservation.<\/p>\n<p><strong>Iron and Earth est un organisme dirig\u00e9 par des travailleurs des sables bitumineux qui se sont engag\u00e9s \u00e0 catalyser le secteur des \u00e9nergies renouvelables du Canada.<\/strong><\/p>\n<p><iframe src=\"https:\/\/player.vimeo.com\/video\/159743560\" width=\"640\" height=\"360\" frameborder=\"0\" allowfullscreen=\"allowfullscreen\"><\/iframe><\/p>\n<p>Iron &amp; Earth East, la section du Canada atlantique de l\u2019organisme, a annonc\u00e9 au d\u00e9but du mois qu\u2019elle avait atteint son objectif de lev\u00e9e de fonds (avec une contribution correspondante de Bullfrog Power, qui est \u00e9galement un partenaire du CCNB) pour pouvoir construire une serre de d\u00e9monstration enti\u00e8rement aliment\u00e9e par des \u00e9nergies renouvelables \u00e0 St. John (Terre?Neuve).<\/p>\n<p>\u00ab\u00a0Nous sommes enchant\u00e9s de ce r\u00e9sultat et tellement reconnaissants pour tout le soutien que nous avons obtenu de Bullfrog\u00a0\u00bb, a d\u00e9clar\u00e9 Adam Cormier, un ancien travailleur des sables bitumineux d\u2019Iron &amp; Earth East. \u00ab\u00a0Cette serre nous permettra de t\u00e9moigner de la puissance de l\u2019\u00e9nergie verte et d\u2019accro\u00eetre les comp\u00e9tences en \u00e9nergies renouvelables des travailleurs de la r\u00e9gion gr\u00e2ce \u00e0 une formation sur le terrain. Notre objectif final est d\u2019attirer plus de possibilit\u00e9s de formation et de d\u00e9bouch\u00e9s professionnels ici \u00e0 Terre?Neuve-et-Labrador.\u00a0\u00bb<\/p>\n<p>La serre sera \u00e9quip\u00e9e des technologies les plus r\u00e9centes afin de mettre de l\u2019avant la puissance de l\u2019\u00e9nergie renouvelable. Les membres de l\u2019organisme sont enthousiastes \u00e0 l\u2019id\u00e9e de montrer comment il est possible d\u2019assurer la s\u00e9curit\u00e9 alimentaire \u00e0 Terre?Neuve-et-Labrador en hiver \u00e0 l\u2019aide de lampes de serre DEL.<\/p>\n<p>L\u2019\u00e9t\u00e9 dernier, Iron &amp; Earth a sign\u00e9 un protocole d\u2019entente historique avec Beothuk Energy, une entreprise d\u2019\u00e9nergie \u00e9olienne, pour mener \u00e0 bien six projets \u00e9oliens extrac\u00f4tiers totalisant 4 MW. Beothuk Energy pr\u00e9voit cr\u00e9er 10\u00a0emplois pour chaque MW produit.<\/p>\n<p>L\u2019organisme organise ce mois?ci divers ateliers de formation en \u00e9nergie solaire \u00e0 Edmonton et \u00e0 Calgary (Alberta).<\/p>\n<p>Depuis sa cr\u00e9ation, Iron &amp; Earth a re\u00e7u une r\u00e9troaction forte et incroyablement positive\u00a0: elle est r\u00e9guli\u00e8rement sollicit\u00e9e par des travailleurs des secteurs p\u00e9trolier et gazier qui esp\u00e8rent participer \u00e0 ses programmes de recyclage; des milliers de personnes ont aim\u00e9, twitt\u00e9 et partag\u00e9 ses messages sur les m\u00e9dias sociaux, et une histoire diffus\u00e9e sur le r\u00e9seau anglais de la soci\u00e9t\u00e9 Radio?Canada a \u00e9t\u00e9 partag\u00e9e plus de 7\u00a0000\u00a0fois. Vous pouvez soutenir Iron &amp; Earth en allant sur le site Web de l\u2019organisme pour offrir officiellement votre appui au recyclage des travailleurs des sables bitumineux.<\/p>\n<p><strong>Pour de plus amples informations sur les emplois li\u00e9s au changement climatique, veuillez consulter les pages et les sites suivants\u00a0:<\/strong><\/p>\n<ul>\n<li><a href=\"http:\/\/www.labor4sustainability.org\/\">The Labor Network for Sustainability<\/a><\/li>\n<li><a href=\"http:\/\/canadianlabour.ca\/issues-research\/issues\/green-jobs\">Le Congr\u00e8s du travail du Canada<\/a><\/li>\n<li><a href=\"http:\/\/greeneconomynet.ca\/wp-content\/uploads\/sites\/43\/2016\/07\/GEN-Submission-Working-Group-on-Clean-Technology-Innovation-and-Jobs-July-2016.pdf\">One Million Climate Jobs: A Plan for a Sustainable and Equitable Economy<\/a><\/li>\n<\/ul>\n","protected":false},"excerpt":{"rendered":"<p>Iron &amp; Earth\u00a0: des travailleurs prennent la direction de la transition vers les \u00e9nergies renouvelables Avez-vous d\u00e9j\u00e0 entendu parler d\u2019Iron &amp; Earth? Il s\u2019agit d\u2019un organisme dirig\u00e9 par des travailleurs des sables bitumineux qui ont uni leurs forces au printemps 2015, lorsque le prix du p\u00e9trole a commenc\u00e9 \u00e0 chuter et que les travailleurs des [&hellip;]<\/p>\n","protected":false},"author":22,"featured_media":10053,"parent":0,"menu_order":0,"comment_status":"closed","ping_status":"closed","template":"","meta":{"site-sidebar-layout":"default","site-content-layout":"","ast-site-content-layout":"default","site-content-style":"default","site-sidebar-style":"default","ast-global-header-display":"","ast-banner-title-visibility":"","ast-main-header-display":"","ast-hfb-above-header-display":"","ast-hfb-below-header-display":"","ast-hfb-mobile-header-display":"","site-post-title":"","ast-breadcrumbs-content":"","ast-featured-img":"","footer-sml-layout":"","ast-disable-related-posts":"","theme-transparent-header-meta":"","adv-header-id-meta":"","stick-header-meta":"","header-above-stick-meta":"","header-main-stick-meta":"","header-below-stick-meta":"","astra-migrate-meta-layouts":"default","ast-page-background-enabled":"default","ast-page-background-meta":{"desktop":{"background-color":"","background-image":"","background-repeat":"repeat","background-position":"center center","background-size":"auto","background-attachment":"scroll","background-type":"","background-media":"","overlay-type":"","overlay-color":"","overlay-opacity":"","overlay-gradient":""},"tablet":{"background-color":"","background-image":"","background-repeat":"repeat","background-position":"center center","background-size":"auto","background-attachment":"scroll","background-type":"","background-media":"","overlay-type":"","overlay-color":"","overlay-opacity":"","overlay-gradient":""},"mobile":{"background-color":"","background-image":"","background-repeat":"repeat","background-position":"center center","background-size":"auto","background-attachment":"scroll","background-type":"","background-media":"","overlay-type":"","overlay-color":"","overlay-opacity":"","overlay-gradient":""}},"ast-content-background-meta":{"desktop":{"background-color":"var(--ast-global-color-5)","background-image":"","background-repeat":"repeat","background-position":"center center","background-size":"auto","background-attachment":"scroll","background-type":"","background-media":"","overlay-type":"","overlay-color":"","overlay-opacity":"","overlay-gradient":""},"tablet":{"background-color":"var(--ast-global-color-5)","background-image":"","background-repeat":"repeat","background-position":"center center","background-size":"auto","background-attachment":"scroll","background-type":"","background-media":"","overlay-type":"","overlay-color":"","overlay-opacity":"","overlay-gradient":""},"mobile":{"background-color":"var(--ast-global-color-5)","background-image":"","background-repeat":"repeat","background-position":"center center","background-size":"auto","background-attachment":"scroll","background-type":"","background-media":"","overlay-type":"","overlay-color":"","overlay-opacity":"","overlay-gradient":""}},"footnotes":""},"class_list":["post-11273","page","type-page","status-publish","has-post-thumbnail","hentry"],"_links":{"self":[{"href":"https:\/\/www.conservationcouncil.ca\/fr\/wp-json\/wp\/v2\/pages\/11273","targetHints":{"allow":["GET"]}}],"collection":[{"href":"https:\/\/www.conservationcouncil.ca\/fr\/wp-json\/wp\/v2\/pages"}],"about":[{"href":"https:\/\/www.conservationcouncil.ca\/fr\/wp-json\/wp\/v2\/types\/page"}],"author":[{"embeddable":true,"href":"https:\/\/www.conservationcouncil.ca\/fr\/wp-json\/wp\/v2\/users\/22"}],"replies":[{"embeddable":true,"href":"https:\/\/www.conservationcouncil.ca\/fr\/wp-json\/wp\/v2\/comments?post=11273"}],"version-history":[{"count":0,"href":"https:\/\/www.conservationcouncil.ca\/fr\/wp-json\/wp\/v2\/pages\/11273\/revisions"}],"wp:featuredmedia":[{"embeddable":true,"href":"https:\/\/www.conservationcouncil.ca\/fr\/wp-json\/wp\/v2\/media\/10053"}],"wp:attachment":[{"href":"https:\/\/www.conservationcouncil.ca\/fr\/wp-json\/wp\/v2\/media?parent=11273"}],"curies":[{"name":"wp","href":"https:\/\/api.w.org\/{rel}","templated":true}]}}